{"id":27645,"date":"2016-09-25T22:23:39","date_gmt":"2016-09-25T22:23:39","guid":{"rendered":"https:\/\/www.reefshops.com\/product\/minifiltro-interno-de-alta-calidad-para-acuarios-nano-becken\/"},"modified":"2025-03-16T06:41:32","modified_gmt":"2025-03-16T06:41:32","slug":"minifiltro-interno-de-alta-calidad-para-acuarios-nano-becken","status":"publish","type":"product","link":"https:\/\/www.reefshops.com\/es\/producto\/minifiltro-interno-de-alta-calidad-para-acuarios-nano-becken\/","title":{"rendered":"Minifiltro interno de alta calidad para acuarios (Nano-Becken)"},"content":{"rendered":"<article class=\"article richtext richtext-detail AE:disable\" id=\"richTextContainer\">\n<div style=\"clear:both\">\n<p><span style=\"font-size: 24px\"> Minifiltro interno de alta calidad para acuarios (Nano-Becken) <\/span><\/p>\n<p style=\"padding-top: 15px;padding-bottom: 15px;font-size: 14px\"><span style=\"background-color: #cee1e1;padding: 0px\">Minifiltro interno para acuarios (Nano-Becken) 25 a 30 L<\/span><\/p>\n<p style=\"padding-top: 15px;padding-bottom: 15px;font-size: 14px;line-height: 20px;font-family: Arial, Helvetica, sans-serif\"><span style=\"font-family: 'times new roman', times;font-size: 14px\"><span style=\"line-height: 20px\">Es peque\u00f1o, ofrece un rendimiento excelente y es sencillo de fijar al tanque con ventosas. El filtro aspira el agua a trav\u00e9s de las rejillas de ventilaci\u00f3n, la transporta a trav\u00e9s de la esponja filtrante y la dirige hacia arriba, limpia, de regreso al tanque. Tambi\u00e9n puede conectar una manguera de salida para ajustar la direcci\u00f3n del flujo de salida.<\/span><\/span><\/p>\n<div style=\"margin: 0px;padding: 0px;font-family: Arial, Helvetica, sans-serif;line-height: 16px\">\n<ul>\n<li style=\"margin: 0px;padding: 0px 0px 10px 5px\"><span style=\"font-family: 'times new roman', times;font-size: 14px\">Dise\u00f1o delgado y discreto <\/span><\/li>\n<li style=\"margin: 0px;padding: 0px 0px 10px 5px\"><span style=\"font-family: 'times new roman', times;font-size: 14px\">Toma de agua frontal<\/span><\/li>\n<li style=\"margin: 0px;0px 0px 10px 5px\"><span style=\"font-family: 'times new roman', times;font-size: 14px\">Conexi\u00f3n para manguera de salida de agua<\/span><\/li>\n<li style=\"margin: 0px;padding: 0px 0px 10px 5px\"><span style=\"font-family: 'times new roman', times;14px\">Completamente equipado con <\/span><\/li>\n<li style=\"margin: 0px;padding: 0px 0px 10px 5px\"><span style=\"font-family: 'times new roman', times;font-size: 14px\"> panel de filtro, listo para usar <\/span><\/li>\n<li style=\"margin: 0px\"><span style=\"font-family: 'times new roman', tiempos;font-size: 14px\">Consumo de energ\u00eda de solo 5 vatios<\/span><\/li>\n<li style=\"margin: 0px\">\n<h3 style=\"margin-top: 0px\">miniFLAT<\/h3>\n<\/li>\n<li>\n<div>\n<table cellpadding=\"0\" style=\"border-collapse: colapso\">\n<tbody>\n<tr>\n<td>EAN<\/td>\n<td style=\"margin: 0px\">4011708224588<\/td>\n<\/tr>\n<tr>\n<td>N\u00ba de art\u00edculo<\/td>\n<td style=\"margin: 0px\">2203020<\/td>\n<\/tr>\n<tr>\n<td>UPC<\/td>\n<td>(-)<\/td>\n<\/tr>\n<tr>\n<td>Ancho<\/td>\n<td style=\"margin: 0px\">33,40 mm<\/td>\n<\/tr>\n<tr>\n<td>Altura<\/td>\n<td>127,00 mm<\/td>\n<\/tr>\n<tr>\n<td style=\"margin: 0px\">Profundidad<\/td>\n<td style=\"margin: 0px\">54,00 mm<\/td>\n<\/tr>\n<tr>\n<td style=\"padding: 5px\">\u00bfManguera? Lado de presi\u00f3n<\/td>\n<td style=\"margin: 0px\">13,00 mm<\/td>\n<\/tr>\n<tr>\n<td>voltaje<\/td>\n<td>230 <\/td>\n<\/tr>\n<tr>\n<td>Enchufe de alimentaci\u00f3n est\u00e1ndar<\/td>\n<p>&lt;td style=&quot;margi<\/p>\n","protected":false},"excerpt":{"rendered":"<p>Minifiltro interno de alta calidad para acuarios (Nano-Becken)<\/p>\n","protected":false},"featured_media":2045,"comment_status":"open","ping_status":"closed","template":"","meta":[],"product_brand":[],"product_cat":[999],"product_tag":[],"class_list":{"0":"post-27645","1":"product","2":"type-product","3":"status-publish","4":"has-post-thumbnail","6":"product_cat-filtros-de-acuario","8":"first","9":"instock","10":"shipping-taxable","11":"purchasable","12":"product-type-simple","13":"add-to-wishlist-after_add_to_cart"},"jetpack_sharing_enabled":true,"_links":{"self":[{"href":"https:\/\/www.reefshops.com\/es\/wp-json\/wp\/v2\/product\/27645","targetHints":{"allow":["GET"]}}],"collection":[{"href":"https:\/\/www.reefshops.com\/es\/wp-json\/wp\/v2\/product"}],"about":[{"href":"https:\/\/www.reefshops.com\/es\/wp-json\/wp\/v2\/types\/product"}],"replies":[{"embeddable":true,"href":"https:\/\/www.reefshops.com\/es\/wp-json\/wp\/v2\/comments?post=27645"}],"wp:featuredmedia":[{"embeddable":true,"href":"https:\/\/www.reefshops.com\/es\/wp-json\/wp\/v2\/media\/2045"}],"wp:attachment":[{"href":"https:\/\/www.reefshops.com\/es\/wp-json\/wp\/v2\/media?parent=27645"}],"wp:term":[{"taxonomy":"product_brand","embeddable":true,"href":"https:\/\/www.reefshops.com\/es\/wp-json\/wp\/v2\/product_brand?post=27645"},{"taxonomy":"product_cat","embeddable":true,"href":"https:\/\/www.reefshops.com\/es\/wp-json\/wp\/v2\/product_cat?post=27645"},{"taxonomy":"product_tag","embeddable":true,"href":"https:\/\/www.reefshops.com\/es\/wp-json\/wp\/v2\/product_tag?post=27645"}],"curies":[{"name":"wp","href":"https:\/\/api.w.org\/{rel}","templated":true}]}}