{"id":27676,"date":"2016-09-25T22:48:05","date_gmt":"2016-09-25T22:48:05","guid":{"rendered":"https:\/\/www.reefshops.com\/product\/medicina-para-acuario-propoise-de-550ml-bacterias-super-nitrificantes\/"},"modified":"2025-03-16T06:41:38","modified_gmt":"2025-03-16T06:41:38","slug":"medicina-para-acuario-propoise-de-550ml-bacterias-super-nitrificantes","status":"publish","type":"product","link":"https:\/\/www.reefshops.com\/es\/producto\/medicina-para-acuario-propoise-de-550ml-bacterias-super-nitrificantes\/","title":{"rendered":"Medicina para acuario Propoise de 550ml, bacterias s\u00faper nitrificantes"},"content":{"rendered":"<article class=\"article richtext richtext-detail AE:disable\" id=\"richTextContainer\">\n<div style=\"clear:both\">\n<p><span style=\"font-family: 'times new roman', times;font-size: 24px\"> 550 ml Propoise medicamento para acuarios bacterias s\u00faper nitrificantes<\/span><br \/><span style=\"font-family: 'times new roman', times;font-size: 24px\">1.Contiene gran cantidad de yeat.lactobacillus sp.Steptococus sp y todas las combinaciones de hongos beneficiosos.<\/span><\/p>\n<p><span style=\"font-family: 'times new roman', times;font-size: 24px\">2.Puede eliminar los materiales nocivos del agua, como: amon\u00edaco, nitrito y sulfuro de hidr\u00f3geno. tambi\u00e9n puede hidr\u00f3geno. sulfuro.<\/span><\/p>\n<p><span style=\"font-family: 'times new roman', times;font-size: 24px\">3.Tambi\u00e9n puede mejorar la digesti\u00f3n de los peces. capacidad de metabolismo y capacidad antiestr\u00e9s. Ayuda en la prevenci\u00f3n de enfermedades y la tasa de mortalidad de los peces.<\/span><\/p>\n<p><span style=\"font-family: 'times new roman', times;font-size: 24px\">4.el embalaje es de 24 botellas\/cart\u00f3n<\/span><\/p>\n<p><span style=\"font-family: 'times new roman', times;font-size: 24px\">5.Shake bien antes de usar.<\/span><\/p>\n<div style=\"clear:both\"><\/article>\n","protected":false},"excerpt":{"rendered":"<p>Medicina para acuario Propoise de 550ml, bacterias s\u00faper nitrificantes<\/p>\n","protected":false},"featured_media":2118,"comment_status":"open","ping_status":"closed","template":"","meta":[],"product_brand":[],"product_cat":[999],"product_tag":[],"class_list":{"0":"post-27676","1":"product","2":"type-product","3":"status-publish","4":"has-post-thumbnail","6":"product_cat-filtros-de-acuario","8":"first","9":"instock","10":"shipping-taxable","11":"purchasable","12":"product-type-simple","13":"add-to-wishlist-after_add_to_cart"},"jetpack_sharing_enabled":true,"_links":{"self":[{"href":"https:\/\/www.reefshops.com\/es\/wp-json\/wp\/v2\/product\/27676","targetHints":{"allow":["GET"]}}],"collection":[{"href":"https:\/\/www.reefshops.com\/es\/wp-json\/wp\/v2\/product"}],"about":[{"href":"https:\/\/www.reefshops.com\/es\/wp-json\/wp\/v2\/types\/product"}],"replies":[{"embeddable":true,"href":"https:\/\/www.reefshops.com\/es\/wp-json\/wp\/v2\/comments?post=27676"}],"wp:featuredmedia":[{"embeddable":true,"href":"https:\/\/www.reefshops.com\/es\/wp-json\/wp\/v2\/media\/2118"}],"wp:attachment":[{"href":"https:\/\/www.reefshops.com\/es\/wp-json\/wp\/v2\/media?parent=27676"}],"wp:term":[{"taxonomy":"product_brand","embeddable":true,"href":"https:\/\/www.reefshops.com\/es\/wp-json\/wp\/v2\/product_brand?post=27676"},{"taxonomy":"product_cat","embeddable":true,"href":"https:\/\/www.reefshops.com\/es\/wp-json\/wp\/v2\/product_cat?post=27676"},{"taxonomy":"product_tag","embeddable":true,"href":"https:\/\/www.reefshops.com\/es\/wp-json\/wp\/v2\/product_tag?post=27676"}],"curies":[{"name":"wp","href":"https:\/\/api.w.org\/{rel}","templated":true}]}}