{"id":27826,"date":"2016-09-25T23:27:43","date_gmt":"2016-09-25T23:27:43","guid":{"rendered":"https:\/\/www.reefshops.com\/product\/jebao-175w-8500l-h-bomba-de-agua-para-estanque-eco-super-silenciosa-de-gran-flujo-smp8500\/"},"modified":"2025-03-16T06:42:02","modified_gmt":"2025-03-16T06:42:02","slug":"jebao-175w-8500l-h-bomba-de-agua-para-estanque-eco-super-silenciosa-de-gran-flujo-smp8500","status":"publish","type":"product","link":"https:\/\/www.reefshops.com\/es\/producto\/jebao-175w-8500l-h-bomba-de-agua-para-estanque-eco-super-silenciosa-de-gran-flujo-smp8500\/","title":{"rendered":"Jebao 175W 8500L\/H bomba de agua para estanque ECO s\u00faper silenciosa de gran flujo SMP8500"},"content":{"rendered":"<article class=\"article richtext richtext-detail AE:disable\" id=\"richTextContainer\">\n<div style=\"clear:both\">\n<p><strong><span style=\"line-height: 27.25694465637207px;font-size: 18.18181800842285px;font-family: Verdana, Arial, Helvetica, sans-serif\">Bomba de agua para estanque ecol\u00f3gica s\u00faper silenciosa Jebao 175W 8500L\/H SMP8500 <br \/><\/span><\/strong><\/p>\n<\/p>\n<p><span style=\"font-size: 18px\">Beneficio:<\/span><\/p>\n<p style=\"border: 0px;font-family: Arial,Helvetica;15px;color: #333333\">1.<span style=\"color: #333333;font-size: 23.636363983154297px;line-height: 35.45454406738281px\">Motor as\u00edncrono est\u00e1ndar de alto rendimiento con nuevo dise\u00f1o y ahorro de energ\u00eda de hasta un 50% que antes<\/span>;<\/span><\/p>\n<p style=\"border: 0px;color: #333333\"><span><span style=\"font-family: Arial\"><span style=\"line-height: 24px\">2. <span style=\"color: #333333;line-height: 35.45454406738281px\">Altos cabezales de bomba y mayor flujo<\/span><\/span><\/span><span style=\"color: #333333\">;<\/span><br \/><\/span><\/p>\n<p style=\"border: 0px;color: #333333\"><span>3. <span style=\"color: #333333;line-height: 35.45454406738281px\">Puede bombear part\u00edculas de suciedad de hasta 6 mm<\/span>;<\/span><\/p>\n<p style=\"border: 0px;color: #333333\"><span>4. <span style=\"color: #333333;line-height: 35.45454406738281px\">Adopte un eje cer\u00e1mico resistente al desgaste que se puede utilizar durante m\u00e1s tiempo<\/span>;<\/span><\/p>\n<p style=\"border: 0px;color: #333333\"><span>5. M<span style=\"color: #333333;line-height: 35.45454406738281px\">el flujo del eje es 8500L\/H<\/span>;<\/span><\/p>\n<p style=\"border: 0px;color: #333333\"><span>6. <span style=\"color: #333333;line-height: 35.45454406738281px\">El chorro m\u00e1ximo es <strong>6<\/strong>m<\/span>.<\/span><\/p>\n<div style=\"clear:both\"><\/article>\n","protected":false},"excerpt":{"rendered":"<p>Jebao 175W 8500L\/H bomba de agua para estanque ECO s\u00faper silenciosa de gran flujo SMP8500<\/p>\n","protected":false},"featured_media":2406,"comment_status":"open","ping_status":"closed","template":"","meta":[],"product_brand":[],"product_cat":[999],"product_tag":[],"class_list":{"0":"post-27826","1":"product","2":"type-product","3":"status-publish","4":"has-post-thumbnail","6":"product_cat-filtros-de-acuario","8":"first","9":"instock","10":"shipping-taxable","11":"purchasable","12":"product-type-simple","13":"add-to-wishlist-after_add_to_cart"},"jetpack_sharing_enabled":true,"_links":{"self":[{"href":"https:\/\/www.reefshops.com\/es\/wp-json\/wp\/v2\/product\/27826","targetHints":{"allow":["GET"]}}],"collection":[{"href":"https:\/\/www.reefshops.com\/es\/wp-json\/wp\/v2\/product"}],"about":[{"href":"https:\/\/www.reefshops.com\/es\/wp-json\/wp\/v2\/types\/product"}],"replies":[{"embeddable":true,"href":"https:\/\/www.reefshops.com\/es\/wp-json\/wp\/v2\/comments?post=27826"}],"wp:featuredmedia":[{"embeddable":true,"href":"https:\/\/www.reefshops.com\/es\/wp-json\/wp\/v2\/media\/2406"}],"wp:attachment":[{"href":"https:\/\/www.reefshops.com\/es\/wp-json\/wp\/v2\/media?parent=27826"}],"wp:term":[{"taxonomy":"product_brand","embeddable":true,"href":"https:\/\/www.reefshops.com\/es\/wp-json\/wp\/v2\/product_brand?post=27826"},{"taxonomy":"product_cat","embeddable":true,"href":"https:\/\/www.reefshops.com\/es\/wp-json\/wp\/v2\/product_cat?post=27826"},{"taxonomy":"product_tag","embeddable":true,"href":"https:\/\/www.reefshops.com\/es\/wp-json\/wp\/v2\/product_tag?post=27826"}],"curies":[{"name":"wp","href":"https:\/\/api.w.org\/{rel}","templated":true}]}}