{"id":27920,"date":"2016-09-25T23:27:48","date_gmt":"2016-09-25T23:27:48","guid":{"rendered":"https:\/\/www.reefshops.com\/product\/potente-compresor-de-aire-25w-hailea-12v-dc-aco-003\/"},"modified":"2025-03-16T06:48:16","modified_gmt":"2025-03-16T06:48:16","slug":"potente-compresor-de-aire-25w-hailea-12v-dc-aco-003","status":"publish","type":"product","link":"https:\/\/www.reefshops.com\/es\/producto\/potente-compresor-de-aire-25w-hailea-12v-dc-aco-003\/","title":{"rendered":"Potente compresor de aire 25W HAILEA 12V DC ACO-003"},"content":{"rendered":"<article class=\"article richtext richtext-detail AE:disable\" id=\"richTextContainer\">\n<div style=\"clear:both\">\n<p align=\"left\"><span style=\"font-family: 'times new roman', times;font-size: 24px\">Potente compresor de aire HAILEA de 25 W, 12 V CC, ACO-003<\/span><\/p>\n<p><span style=\"font-family: 'times new roman', times;font-size: 24px\">1.Impulsado por un motor de CC de magenta permanente de alta calidad, el pist\u00f3n<\/span><\/p>\n<p><span style=\"font-family: 'times new roman', times;font-size: 24px\">se mueve rec\u00edprocamente en el cilindro hacia arriba y hacia abajo y produce aire<\/span><\/p>\n<p><span style=\"font-family: 'times new roman', times;font-size: 24px\">flujo de gran salida y alta presi\u00f3n.<\/span><\/p>\n<p><span style=\"font-family: 'times new roman', times;font-size: 24px\">2. Dise\u00f1o lubricante sin aceite para producir aire comprimido m\u00e1s purificado. <\/span><\/p>\n<p><span style=\"font-family: 'times new roman', times;font-size: 24px\">3. Adopte el nuevo tipo de material port\u00e1til SF3 para el cilindro y el pist\u00f3n,<\/span><\/p>\n<p><span style=\"font-family: 'times new roman', times;font-size: 24px\">4. La carcasa est\u00e1 hecha de aleaci\u00f3n de aluminio y tiene un volumen peque\u00f1o. r\u00e1pido<\/span><\/p>\n<p><span style=\"font-family: 'times new roman', times;font-size: 24px\">en disipaci\u00f3n de calor y f\u00e1cil de mover.<\/span><\/p>\n<p><span style=\"font-family: 'times new roman', times;font-size: 24px\">5.La unidad tiene doble operaci\u00f3n de compresor de aire y bomba de vac\u00edo<\/span><\/p>\n<p><span style=\"font-family: 'times new roman', times;font-size: 24px\"><img decoding=\"async\" data-alt=\"Potente compresor de aire HAILEA de 25 W y 12 V CC ACO-003\" data-src=\"http:\/\/localhost\/media\/import\/detail\/HTB1ntWTHFXXXXaIXXXXq6xXFXXXx.jpg\" src=\"\"><img decoding=\"async\" alt=\"Potente compresor de aire HAILEA de 25W y 12V CC ACO-003\" src=\"http:\/\/localhost\/media\/import\/detail\/HTB1ntWTHFXXXXaIXXXXq6xXFXXXx.jpg\"><img decoding=\"async\" data-alt=\"Potente compresor de aire HAILEA de 25W y 12V CC ACO-003 ACO-003\" data-src=\"http:\/\/localhost\/media\/import\/detail\/HTB19YqHHFXXXXXdXVXXq6xXFXXXB.jpg\" src=\"\"><img decoding=\"async\" alt=\"Potente compresor de aire HAILEA de 25 W, 12 V CC ACO-003\" src=\"http:\/\/localhost\/media\/import\/detail\/HTB19YqHHFXXXXXdXVXXq6xXFXXXB.jpg\"><\/span><\/p>\n<div style=\"clear:both\"><\/div>\n<\/div>\n<\/article>\n","protected":false},"excerpt":{"rendered":"<p>Potente compresor de aire 25W HAILEA 12V DC ACO-003<\/p>\n","protected":false},"featured_media":2589,"comment_status":"open","ping_status":"closed","template":"","meta":[],"product_brand":[],"product_cat":[999],"product_tag":[],"class_list":{"0":"post-27920","1":"product","2":"type-product","3":"status-publish","4":"has-post-thumbnail","6":"product_cat-filtros-de-acuario","8":"first","9":"instock","10":"shipping-taxable","11":"purchasable","12":"product-type-simple","13":"add-to-wishlist-after_add_to_cart"},"jetpack_sharing_enabled":true,"_links":{"self":[{"href":"https:\/\/www.reefshops.com\/es\/wp-json\/wp\/v2\/product\/27920","targetHints":{"allow":["GET"]}}],"collection":[{"href":"https:\/\/www.reefshops.com\/es\/wp-json\/wp\/v2\/product"}],"about":[{"href":"https:\/\/www.reefshops.com\/es\/wp-json\/wp\/v2\/types\/product"}],"replies":[{"embeddable":true,"href":"https:\/\/www.reefshops.com\/es\/wp-json\/wp\/v2\/comments?post=27920"}],"wp:featuredmedia":[{"embeddable":true,"href":"https:\/\/www.reefshops.com\/es\/wp-json\/wp\/v2\/media\/2589"}],"wp:attachment":[{"href":"https:\/\/www.reefshops.com\/es\/wp-json\/wp\/v2\/media?parent=27920"}],"wp:term":[{"taxonomy":"product_brand","embeddable":true,"href":"https:\/\/www.reefshops.com\/es\/wp-json\/wp\/v2\/product_brand?post=27920"},{"taxonomy":"product_cat","embeddable":true,"href":"https:\/\/www.reefshops.com\/es\/wp-json\/wp\/v2\/product_cat?post=27920"},{"taxonomy":"product_tag","embeddable":true,"href":"https:\/\/www.reefshops.com\/es\/wp-json\/wp\/v2\/product_tag?post=27920"}],"curies":[{"name":"wp","href":"https:\/\/api.w.org\/{rel}","templated":true}]}}