{"id":28030,"date":"2016-09-25T23:27:51","date_gmt":"2016-09-25T23:27:51","guid":{"rendered":"https:\/\/www.reefshops.com\/product\/bomba-de-agua-con-filtro-sumergible-interno-minjiang-de-10w-bl1001f\/"},"modified":"2025-03-16T06:48:37","modified_gmt":"2025-03-16T06:48:37","slug":"bomba-de-agua-con-filtro-sumergible-interno-minjiang-de-10w-bl1001f","status":"publish","type":"product","link":"https:\/\/www.reefshops.com\/es\/producto\/bomba-de-agua-con-filtro-sumergible-interno-minjiang-de-10w-bl1001f\/","title":{"rendered":"Bomba de agua con filtro sumergible interno minjiang de 10w BL1001F"},"content":{"rendered":"<article class=\"article richtext richtext-detail AE:disable\" id=\"richTextContainer\">\n<div style=\"clear:both\">\n<p><span style=\"font-family: 'times new roman', times;font-size: 24px\"> Bomba de agua con filtro sumergible interno minjiang de 10w BL1001F <\/span><\/p>\n<p><span style=\"font-family: 'times new roman', times;font-size: 24px\">1.Adopta cer\u00e1mica con alto contenido de aluminio para producir el eje, para uso doble con agua dulce y de mar. <\/span><br \/><span style=\"font-family: 'times new roman', tiempos;font-size: 24px\">2. Adopta part\u00edculas originales de ABS de gran calidad para dar forma a la carcasa, que nunca se desgasta. <\/span><br \/><span style=\"font-family: 'times new roman', tiempos;font-size: 24px\">3. Se aplica para drenaje de agua, suministro de ox\u00edgeno, formaci\u00f3n de olas, filtraci\u00f3n y fuente. <\/span><br \/><span style=\"font-family: 'times new roman', times;font-size: 24px\">4. Adopta una ventosa fuerte para reparar la bomba de forma intensiva, que nunca se agrieta. <\/span><\/p>\n<\/p>\n<\/p>\n<div style=\"clear:both\"><\/article>\n","protected":false},"excerpt":{"rendered":"<p>Bomba de agua con filtro sumergible interno minjiang de 10w BL1001F<\/p>\n","protected":false},"featured_media":2812,"comment_status":"open","ping_status":"closed","template":"","meta":[],"product_brand":[],"product_cat":[999],"product_tag":[],"class_list":{"0":"post-28030","1":"product","2":"type-product","3":"status-publish","4":"has-post-thumbnail","6":"product_cat-filtros-de-acuario","8":"first","9":"instock","10":"shipping-taxable","11":"purchasable","12":"product-type-simple","13":"add-to-wishlist-after_add_to_cart"},"jetpack_sharing_enabled":true,"_links":{"self":[{"href":"https:\/\/www.reefshops.com\/es\/wp-json\/wp\/v2\/product\/28030","targetHints":{"allow":["GET"]}}],"collection":[{"href":"https:\/\/www.reefshops.com\/es\/wp-json\/wp\/v2\/product"}],"about":[{"href":"https:\/\/www.reefshops.com\/es\/wp-json\/wp\/v2\/types\/product"}],"replies":[{"embeddable":true,"href":"https:\/\/www.reefshops.com\/es\/wp-json\/wp\/v2\/comments?post=28030"}],"wp:featuredmedia":[{"embeddable":true,"href":"https:\/\/www.reefshops.com\/es\/wp-json\/wp\/v2\/media\/2812"}],"wp:attachment":[{"href":"https:\/\/www.reefshops.com\/es\/wp-json\/wp\/v2\/media?parent=28030"}],"wp:term":[{"taxonomy":"product_brand","embeddable":true,"href":"https:\/\/www.reefshops.com\/es\/wp-json\/wp\/v2\/product_brand?post=28030"},{"taxonomy":"product_cat","embeddable":true,"href":"https:\/\/www.reefshops.com\/es\/wp-json\/wp\/v2\/product_cat?post=28030"},{"taxonomy":"product_tag","embeddable":true,"href":"https:\/\/www.reefshops.com\/es\/wp-json\/wp\/v2\/product_tag?post=28030"}],"curies":[{"name":"wp","href":"https:\/\/api.w.org\/{rel}","templated":true}]}}