{"id":28055,"date":"2016-09-25T23:27:52","date_gmt":"2016-09-25T23:27:52","guid":{"rendered":"https:\/\/www.reefshops.com\/product\/bomba-de-aire-para-estanque-hailea-tipo-dlaphragm-de-20w-aco-9720\/"},"modified":"2025-03-16T06:48:41","modified_gmt":"2025-03-16T06:48:41","slug":"bomba-de-aire-para-estanque-hailea-tipo-dlaphragm-de-20w-aco-9720","status":"publish","type":"product","link":"https:\/\/www.reefshops.com\/es\/producto\/bomba-de-aire-para-estanque-hailea-tipo-dlaphragm-de-20w-aco-9720\/","title":{"rendered":"Bomba de aire para estanque hailea tipo Dlaphragm de 20w ACO-9720"},"content":{"rendered":"<article class=\"article richtext richtext-detail AE:disable\" id=\"richTextContainer\">\n<div style=\"clear:both\">\n<p><span style=\"font-family: 'times new roman', times;font-size: 24px\"> Bomba de aire para estanque Hailea tipo Dlaphragm de 20 W ACO-9720 <\/span><\/p>\n<p><span style=\"font-family: 'times new roman', times;font-size: 24px\">1 Sistema de doble amortiguaci\u00f3n y funci\u00f3n de absorci\u00f3n de ruido, alto rendimiento y bajo nivel de ruido.<\/span><\/p>\n<p><span style=\"font-family: 'times new roman', times;font-size: 24px\">2 Barras de doble flujo para producir una gran cantidad de aire y la presi\u00f3n del aire es muy fuerte.<\/span><\/p>\n<p><span style=\"font-family: 'times new roman', times;font-size: 24px\">3 Dise\u00f1o respetuoso con el medio ambiente para producir aire comprimido puro.<\/span><\/p>\n<p><span style=\"font-family: 'times new roman', times;font-size: 24px\">4 Construcci\u00f3n completamente impermeable, sin fugas de agua.<\/span><\/p>\n<\/p>\n<div style=\"clear:both\"><\/article>\n","protected":false},"excerpt":{"rendered":"<p>Bomba de aire para estanque hailea tipo Dlaphragm de 20w ACO-9720<\/p>\n","protected":false},"featured_media":2862,"comment_status":"open","ping_status":"closed","template":"","meta":[],"product_brand":[],"product_cat":[999],"product_tag":[],"class_list":{"0":"post-28055","1":"product","2":"type-product","3":"status-publish","4":"has-post-thumbnail","6":"product_cat-filtros-de-acuario","8":"first","9":"instock","10":"shipping-taxable","11":"purchasable","12":"product-type-simple","13":"add-to-wishlist-after_add_to_cart"},"jetpack_sharing_enabled":true,"_links":{"self":[{"href":"https:\/\/www.reefshops.com\/es\/wp-json\/wp\/v2\/product\/28055","targetHints":{"allow":["GET"]}}],"collection":[{"href":"https:\/\/www.reefshops.com\/es\/wp-json\/wp\/v2\/product"}],"about":[{"href":"https:\/\/www.reefshops.com\/es\/wp-json\/wp\/v2\/types\/product"}],"replies":[{"embeddable":true,"href":"https:\/\/www.reefshops.com\/es\/wp-json\/wp\/v2\/comments?post=28055"}],"wp:featuredmedia":[{"embeddable":true,"href":"https:\/\/www.reefshops.com\/es\/wp-json\/wp\/v2\/media\/2862"}],"wp:attachment":[{"href":"https:\/\/www.reefshops.com\/es\/wp-json\/wp\/v2\/media?parent=28055"}],"wp:term":[{"taxonomy":"product_brand","embeddable":true,"href":"https:\/\/www.reefshops.com\/es\/wp-json\/wp\/v2\/product_brand?post=28055"},{"taxonomy":"product_cat","embeddable":true,"href":"https:\/\/www.reefshops.com\/es\/wp-json\/wp\/v2\/product_cat?post=28055"},{"taxonomy":"product_tag","embeddable":true,"href":"https:\/\/www.reefshops.com\/es\/wp-json\/wp\/v2\/product_tag?post=28055"}],"curies":[{"name":"wp","href":"https:\/\/api.w.org\/{rel}","templated":true}]}}