{"id":28060,"date":"2016-09-25T23:27:52","date_gmt":"2016-09-25T23:27:52","guid":{"rendered":"https:\/\/www.reefshops.com\/product\/bomba-aip-tipo-dlafragm-hap120\/"},"modified":"2025-03-16T06:48:42","modified_gmt":"2025-03-16T06:48:42","slug":"bomba-aip-tipo-dlafragm-hap120","status":"publish","type":"product","link":"https:\/\/www.reefshops.com\/es\/producto\/bomba-aip-tipo-dlafragm-hap120\/","title":{"rendered":"BOMBA AIP TIPO DLAFRAGM HAP120"},"content":{"rendered":"<article class=\"article richtext richtext-detail AE:disable\" id=\"richTextContainer\">\n<h2 class=\"article-title\">Especificaciones<\/h2>\n<div style=\"clear:both\"> BOMBA AIP TIPO DLAPHRAGM HAP120 <br \/>1 Caucho artificial especial para mantener una salida de aire y presi\u00f3n constantes <br \/>2 extremadamente bajo en ruido <\/p>\n<div style=\"clear:both\">\n<p>BOMBA DLAPHRAGM TIPO AIP HAP120<\/p>\n<p>1 Caucho artificial especial para mantener una salida y presi\u00f3n de aire constantes.<\/p>\n<p>2 Sistema avanzado de compresi\u00f3n de aire, sistema de amortiguaci\u00f3n y silenciador multinivel que es extremadamente bajo en ruido.<\/p>\n<p>3 La estructura es razonable y compacta, tiene una larga vida \u00fatil y adquiere el mejor efecto con el menor consumo de energ\u00eda.<\/p>\n<p>4 Aluminio Caja de aleaci\u00f3n, r\u00e1pida disipaci\u00f3n del calor y f\u00e1cil de mover.<\/p>\n<\/p>\n<div style=\"clear:both\"><\/article>\n","protected":false},"excerpt":{"rendered":"<p>BOMBA AIP TIPO DLAFRAGM HAP120<\/p>\n","protected":false},"featured_media":2872,"comment_status":"open","ping_status":"closed","template":"","meta":[],"product_brand":[],"product_cat":[999],"product_tag":[],"class_list":{"0":"post-28060","1":"product","2":"type-product","3":"status-publish","4":"has-post-thumbnail","6":"product_cat-filtros-de-acuario","8":"first","9":"instock","10":"shipping-taxable","11":"purchasable","12":"product-type-simple","13":"add-to-wishlist-after_add_to_cart"},"jetpack_sharing_enabled":true,"_links":{"self":[{"href":"https:\/\/www.reefshops.com\/es\/wp-json\/wp\/v2\/product\/28060","targetHints":{"allow":["GET"]}}],"collection":[{"href":"https:\/\/www.reefshops.com\/es\/wp-json\/wp\/v2\/product"}],"about":[{"href":"https:\/\/www.reefshops.com\/es\/wp-json\/wp\/v2\/types\/product"}],"replies":[{"embeddable":true,"href":"https:\/\/www.reefshops.com\/es\/wp-json\/wp\/v2\/comments?post=28060"}],"wp:featuredmedia":[{"embeddable":true,"href":"https:\/\/www.reefshops.com\/es\/wp-json\/wp\/v2\/media\/2872"}],"wp:attachment":[{"href":"https:\/\/www.reefshops.com\/es\/wp-json\/wp\/v2\/media?parent=28060"}],"wp:term":[{"taxonomy":"product_brand","embeddable":true,"href":"https:\/\/www.reefshops.com\/es\/wp-json\/wp\/v2\/product_brand?post=28060"},{"taxonomy":"product_cat","embeddable":true,"href":"https:\/\/www.reefshops.com\/es\/wp-json\/wp\/v2\/product_cat?post=28060"},{"taxonomy":"product_tag","embeddable":true,"href":"https:\/\/www.reefshops.com\/es\/wp-json\/wp\/v2\/product_tag?post=28060"}],"curies":[{"name":"wp","href":"https:\/\/api.w.org\/{rel}","templated":true}]}}