{"id":28220,"date":"2016-09-25T23:27:57","date_gmt":"2016-09-25T23:27:57","guid":{"rendered":"https:\/\/www.reefshops.com\/product\/amazona-cria-espiritu-de-tortuga\/"},"modified":"2025-03-16T06:49:12","modified_gmt":"2025-03-16T06:49:12","slug":"amazona-cria-espiritu-de-tortuga","status":"publish","type":"product","link":"https:\/\/www.reefshops.com\/es\/producto\/amazona-cria-espiritu-de-tortuga\/","title":{"rendered":"Amazona cr\u00eda esp\u00edritu de tortuga"},"content":{"rendered":"<article class=\"article richtext richtext-detail AE:disable\" id=\"richTextContainer\">\n<h2 class=\"article-title\">Especificaciones<\/h2>\n<div style=\"clear:both\"> Amazon levanta el esp\u00edritu de la tortuga <br \/>1. especialmente para tortuga brasile\u00f1a <br \/>2. tratamiento muy obvio y el papel de la protecci\u00f3n de la salud <\/p>\n<div style=\"clear:both\">\n<div><span style=\"font-size: small\">Amazon Raise Tortoise Spirit<br \/>1 Raise tortise Spirit es un tipo de medicamento l\u00edquido desarrollado especialmente para la tortuga brasile\u00f1a. Etc. Enfermedad del sistema digestivo, tiene un tratamiento muy obvio y el papel de protecci\u00f3n de la salud. <\/span><\/div>\n<p><span><span><span style=\"font-size: small\">2 si la tortuga tiene una condici\u00f3n de malla de cuero, puede usar un medicamento con etiqueta de algod\u00f3n, lavar directamente para solucionar el problema, colocarlo cada tres d\u00edas, usar 2-3 d\u00edas de medicamento continuamente. Si le da asco comer, meng el ojo, etc. puede gotear directamente en agua, 15 minutos cambie agua nueva. unido, aumenta de 3 a 5 mililitros r\u00e1pidos de tortuga.<\/span><\/span><\/span><\/p>\n<dl>\n<dt><span><span><span style=\"font-size: small\"> <\/span><\/span><\/span><\/dt>\n<\/dl>\n<div style=\"clear:both\"><\/article>\n","protected":false},"excerpt":{"rendered":"<p>Amazona cr\u00eda esp\u00edritu de tortuga<\/p>\n","protected":false},"featured_media":3192,"comment_status":"open","ping_status":"closed","template":"","meta":[],"product_brand":[],"product_cat":[999],"product_tag":[],"class_list":{"0":"post-28220","1":"product","2":"type-product","3":"status-publish","4":"has-post-thumbnail","6":"product_cat-filtros-de-acuario","8":"first","9":"instock","10":"shipping-taxable","11":"purchasable","12":"product-type-simple","13":"add-to-wishlist-after_add_to_cart"},"jetpack_sharing_enabled":true,"_links":{"self":[{"href":"https:\/\/www.reefshops.com\/es\/wp-json\/wp\/v2\/product\/28220","targetHints":{"allow":["GET"]}}],"collection":[{"href":"https:\/\/www.reefshops.com\/es\/wp-json\/wp\/v2\/product"}],"about":[{"href":"https:\/\/www.reefshops.com\/es\/wp-json\/wp\/v2\/types\/product"}],"replies":[{"embeddable":true,"href":"https:\/\/www.reefshops.com\/es\/wp-json\/wp\/v2\/comments?post=28220"}],"wp:featuredmedia":[{"embeddable":true,"href":"https:\/\/www.reefshops.com\/es\/wp-json\/wp\/v2\/media\/3192"}],"wp:attachment":[{"href":"https:\/\/www.reefshops.com\/es\/wp-json\/wp\/v2\/media?parent=28220"}],"wp:term":[{"taxonomy":"product_brand","embeddable":true,"href":"https:\/\/www.reefshops.com\/es\/wp-json\/wp\/v2\/product_brand?post=28220"},{"taxonomy":"product_cat","embeddable":true,"href":"https:\/\/www.reefshops.com\/es\/wp-json\/wp\/v2\/product_cat?post=28220"},{"taxonomy":"product_tag","embeddable":true,"href":"https:\/\/www.reefshops.com\/es\/wp-json\/wp\/v2\/product_tag?post=28220"}],"curies":[{"name":"wp","href":"https:\/\/api.w.org\/{rel}","templated":true}]}}