{"id":28517,"date":"2016-09-25T23:28:05","date_gmt":"2016-09-25T23:28:05","guid":{"rendered":"https:\/\/www.reefshops.com\/product\/venta-al-por-mayor-tanques-de-acuario-nuevo-y-potente-generador-de-olas-wm-2\/"},"modified":"2025-03-16T06:56:15","modified_gmt":"2025-03-16T06:56:15","slug":"venta-al-por-mayor-tanques-de-acuario-nuevo-y-potente-generador-de-olas-wm-2","status":"publish","type":"product","link":"https:\/\/www.reefshops.com\/es\/producto\/venta-al-por-mayor-tanques-de-acuario-nuevo-y-potente-generador-de-olas-wm-2\/","title":{"rendered":"Venta al por mayor tanques de acuario nuevo y potente generador de olas WM-2"},"content":{"rendered":"<article class=\"article richtext richtext-detail AE:disable\" id=\"richTextContainer\">\n<div style=\"clear:both\">\n<p><span style=\"font-family: 'times new roman', times;font-size: 24px\"> tanques de acuario al por mayor nuevo y potente generador de olas WM-2 <\/span><\/p>\n<p><span style=\"font-family: 'times new roman', times;font-size: 24px\">1.La estructura del impulsor adopta tecnolog\u00eda patentada; puede formar una corriente lenta con un gran n\u00famero de corrientes confusas. Y puede resolver el defecto del m\u00e9todo de formaci\u00f3n de corriente \u00fanica y la r\u00e1pida velocidad de la corriente creada por las bombas comunes. Puede crear un entorno ecol\u00f3gico natural para tus halobios.<\/span><br \/><span style=\"font-family: 'times new roman', times;font-size: 24px\">2.El \u00e1ngulo se puede ajustar en cualquier direcci\u00f3n. Y es adecuado para formar corrientes en cualquier direcci\u00f3n.<\/span><br \/><span style=\"font-family: 'times new roman', times;font-size: 24px\">3. Aspecto hermoso, bajo consumo de energ\u00eda y gran flujo. Y hay varios m\u00e9todos de instalaci\u00f3n disponibles para que los clientes los utilicen c\u00f3modamente.<\/span><\/p>\n<p><span style=\"font-family: 'times new roman', times;font-size: 24px\">4. Par\u00e1metros (110V~120V 60Hz\/220-240v 50Hz)<\/span><\/p>\n<p><span style=\"font-family: 'times new roman', times;font-size: 24px\">5.embalaje: 12 piezas\/caja<\/span><\/p>\n<p><span style=\"font-family: 'times new roman', times;font-size: 24px\">6.fecha de entrega:7 d\u00edas<\/span><\/p>\n<\/p>\n<div style=\"clear:both\"><\/article>\n","protected":false},"excerpt":{"rendered":"<p>Venta al por mayor tanques de acuario nuevo y potente generador de olas WM-2<\/p>\n","protected":false},"featured_media":3764,"comment_status":"open","ping_status":"closed","template":"","meta":[],"product_brand":[],"product_cat":[999],"product_tag":[],"class_list":{"0":"post-28517","1":"product","2":"type-product","3":"status-publish","4":"has-post-thumbnail","6":"product_cat-filtros-de-acuario","8":"first","9":"instock","10":"shipping-taxable","11":"purchasable","12":"product-type-simple","13":"add-to-wishlist-after_add_to_cart"},"jetpack_sharing_enabled":true,"_links":{"self":[{"href":"https:\/\/www.reefshops.com\/es\/wp-json\/wp\/v2\/product\/28517","targetHints":{"allow":["GET"]}}],"collection":[{"href":"https:\/\/www.reefshops.com\/es\/wp-json\/wp\/v2\/product"}],"about":[{"href":"https:\/\/www.reefshops.com\/es\/wp-json\/wp\/v2\/types\/product"}],"replies":[{"embeddable":true,"href":"https:\/\/www.reefshops.com\/es\/wp-json\/wp\/v2\/comments?post=28517"}],"wp:featuredmedia":[{"embeddable":true,"href":"https:\/\/www.reefshops.com\/es\/wp-json\/wp\/v2\/media\/3764"}],"wp:attachment":[{"href":"https:\/\/www.reefshops.com\/es\/wp-json\/wp\/v2\/media?parent=28517"}],"wp:term":[{"taxonomy":"product_brand","embeddable":true,"href":"https:\/\/www.reefshops.com\/es\/wp-json\/wp\/v2\/product_brand?post=28517"},{"taxonomy":"product_cat","embeddable":true,"href":"https:\/\/www.reefshops.com\/es\/wp-json\/wp\/v2\/product_cat?post=28517"},{"taxonomy":"product_tag","embeddable":true,"href":"https:\/\/www.reefshops.com\/es\/wp-json\/wp\/v2\/product_tag?post=28517"}],"curies":[{"name":"wp","href":"https:\/\/api.w.org\/{rel}","templated":true}]}}