{"id":28566,"date":"2016-09-25T23:28:05","date_gmt":"2016-09-25T23:28:05","guid":{"rendered":"https:\/\/www.reefshops.com\/product\/luz-solar-boyu-acuario-rojo-20w\/"},"modified":"2025-03-16T06:56:25","modified_gmt":"2025-03-16T06:56:25","slug":"luz-solar-boyu-acuario-rojo-20w","status":"publish","type":"product","link":"https:\/\/www.reefshops.com\/es\/producto\/luz-solar-boyu-acuario-rojo-20w\/","title":{"rendered":"Luz solar BOYU acuario rojo 20W"},"content":{"rendered":"<article class=\"article richtext richtext-detail AE:disable\" id=\"richTextContainer\">\n<h2 class=\"article-title\">Especificaciones<\/h2>\n<div style=\"clear:both\"> Luz solar de 20 W para acuario rojo BOYU <br \/>1.Fortalecer la exportaci\u00f3n del espectro \u00f3ptico de rojo y azul <br \/>2.Apto para peces tropicales y frasco de vidrio <\/p>\n<div style=\"clear:both\">\n<p>Luz solar BOYU para acuario rojo de 20 W<\/p>\n<p>1. Fortalecer la exportaci\u00f3n del espectro \u00f3ptico de rojo y azul, para crear su cresta de onda equivalente al rojo y azul de la luz solar, dar\u00e1 el mejor resultado para la fotos\u00edntesis, mejorar\u00e1 el brillo del vidrio soluble, mejorar\u00e1 la fluorescencia de los peces tropicales, pondr\u00e1 \u00e9nfasis en el color natural de los peces que se ven y construir\u00e1 una atm\u00f3sfera c\u00e1lida para su caja de animales acu\u00e1ticos. \/&gt;<span style=\"color: #000066\">2.Gama adecuada:<\/span> frasco de vidrio para agua y peces tropicales<\/p>\n<p>3.Embalaje: 25 piezas\/caja <\/p>\n<\/p>\n<div style=\"clear:both\"><\/article>\n","protected":false},"excerpt":{"rendered":"<p>Luz solar BOYU acuario rojo 20W<\/p>\n","protected":false},"featured_media":3861,"comment_status":"open","ping_status":"closed","template":"","meta":[],"product_brand":[],"product_cat":[999],"product_tag":[],"class_list":{"0":"post-28566","1":"product","2":"type-product","3":"status-publish","4":"has-post-thumbnail","6":"product_cat-filtros-de-acuario","8":"first","9":"instock","10":"shipping-taxable","11":"purchasable","12":"product-type-simple","13":"add-to-wishlist-after_add_to_cart"},"jetpack_sharing_enabled":true,"_links":{"self":[{"href":"https:\/\/www.reefshops.com\/es\/wp-json\/wp\/v2\/product\/28566","targetHints":{"allow":["GET"]}}],"collection":[{"href":"https:\/\/www.reefshops.com\/es\/wp-json\/wp\/v2\/product"}],"about":[{"href":"https:\/\/www.reefshops.com\/es\/wp-json\/wp\/v2\/types\/product"}],"replies":[{"embeddable":true,"href":"https:\/\/www.reefshops.com\/es\/wp-json\/wp\/v2\/comments?post=28566"}],"wp:featuredmedia":[{"embeddable":true,"href":"https:\/\/www.reefshops.com\/es\/wp-json\/wp\/v2\/media\/3861"}],"wp:attachment":[{"href":"https:\/\/www.reefshops.com\/es\/wp-json\/wp\/v2\/media?parent=28566"}],"wp:term":[{"taxonomy":"product_brand","embeddable":true,"href":"https:\/\/www.reefshops.com\/es\/wp-json\/wp\/v2\/product_brand?post=28566"},{"taxonomy":"product_cat","embeddable":true,"href":"https:\/\/www.reefshops.com\/es\/wp-json\/wp\/v2\/product_cat?post=28566"},{"taxonomy":"product_tag","embeddable":true,"href":"https:\/\/www.reefshops.com\/es\/wp-json\/wp\/v2\/product_tag?post=28566"}],"curies":[{"name":"wp","href":"https:\/\/api.w.org\/{rel}","templated":true}]}}