{"id":28732,"date":"2016-09-25T23:28:10","date_gmt":"2016-09-25T23:28:10","guid":{"rendered":"https:\/\/www.reefshops.com\/product\/bomba-de-agua-para-estanque-super-ecologica-jebao-de-125w-jsp-8000\/"},"modified":"2025-03-16T06:57:01","modified_gmt":"2025-03-16T06:57:01","slug":"bomba-de-agua-para-estanque-super-ecologica-jebao-de-125w-jsp-8000","status":"publish","type":"product","link":"https:\/\/www.reefshops.com\/es\/producto\/bomba-de-agua-para-estanque-super-ecologica-jebao-de-125w-jsp-8000\/","title":{"rendered":"Bomba de agua para estanque s\u00faper ecol\u00f3gica Jebao de 125w JSP-8000"},"content":{"rendered":"<article class=\"article richtext richtext-detail AE:disable\" id=\"richTextContainer\">\n<div style=\"clear:both\">\n<p><span style=\"font-family: 'times new roman', times;font-size: 24px\"> Bomba de agua para estanque Jebao super eco de 125 w JSP-8000 <\/span><\/p>\n<p><span style=\"font-family: 'times new roman', times;font-size: 24px\">1.Motor as\u00edncrono est\u00e1ndar de alto rendimiento con nuevo dise\u00f1o y ahorro de energ\u00eda de hasta un 50% que antes.<\/span><br \/><span style=\"font-family: 'times new roman', times;24px\">3.Puede bombear part\u00edculas de suciedad de hasta 6 mm<\/span><br \/><span style=\"font-family: 'times new roman', times;font-size: 24px\">4. Adopte un eje de cer\u00e1mica resistente al desgaste que se puede utilizar durante m\u00e1s tiempo.<\/span><\/p>\n<p><span style=\"font-family: 'times new roman', times font-size: 24px\">5.packing; son 4 piezas por caja<\/span><\/p>\n<\/p>\n<div style=\"clear:both\"><\/article>\n","protected":false},"excerpt":{"rendered":"<p>Bomba de agua para estanque s\u00faper ecol\u00f3gica Jebao de 125w JSP-8000<\/p>\n","protected":false},"featured_media":4186,"comment_status":"open","ping_status":"closed","template":"","meta":[],"product_brand":[],"product_cat":[999],"product_tag":[],"class_list":{"0":"post-28732","1":"product","2":"type-product","3":"status-publish","4":"has-post-thumbnail","6":"product_cat-filtros-de-acuario","8":"first","9":"instock","10":"shipping-taxable","11":"purchasable","12":"product-type-simple","13":"add-to-wishlist-after_add_to_cart"},"jetpack_sharing_enabled":true,"_links":{"self":[{"href":"https:\/\/www.reefshops.com\/es\/wp-json\/wp\/v2\/product\/28732","targetHints":{"allow":["GET"]}}],"collection":[{"href":"https:\/\/www.reefshops.com\/es\/wp-json\/wp\/v2\/product"}],"about":[{"href":"https:\/\/www.reefshops.com\/es\/wp-json\/wp\/v2\/types\/product"}],"replies":[{"embeddable":true,"href":"https:\/\/www.reefshops.com\/es\/wp-json\/wp\/v2\/comments?post=28732"}],"wp:featuredmedia":[{"embeddable":true,"href":"https:\/\/www.reefshops.com\/es\/wp-json\/wp\/v2\/media\/4186"}],"wp:attachment":[{"href":"https:\/\/www.reefshops.com\/es\/wp-json\/wp\/v2\/media?parent=28732"}],"wp:term":[{"taxonomy":"product_brand","embeddable":true,"href":"https:\/\/www.reefshops.com\/es\/wp-json\/wp\/v2\/product_brand?post=28732"},{"taxonomy":"product_cat","embeddable":true,"href":"https:\/\/www.reefshops.com\/es\/wp-json\/wp\/v2\/product_cat?post=28732"},{"taxonomy":"product_tag","embeddable":true,"href":"https:\/\/www.reefshops.com\/es\/wp-json\/wp\/v2\/product_tag?post=28732"}],"curies":[{"name":"wp","href":"https:\/\/api.w.org\/{rel}","templated":true}]}}