{"id":28875,"date":"2016-09-25T23:28:12","date_gmt":"2016-09-25T23:28:12","guid":{"rendered":"https:\/\/www.reefshops.com\/product\/skimmer-de-proteinas-para-acuario-weipro-sonpar-sa2017\/"},"modified":"2025-03-16T06:57:28","modified_gmt":"2025-03-16T06:57:28","slug":"skimmer-de-proteinas-para-acuario-weipro-sonpar-sa2017","status":"publish","type":"product","link":"https:\/\/www.reefshops.com\/es\/producto\/skimmer-de-proteinas-para-acuario-weipro-sonpar-sa2017\/","title":{"rendered":"Skimmer de prote\u00ednas para acuario WEIPRO SONPAR SA2017"},"content":{"rendered":"<article class=\"art\u00edculo richtext richtext-detail AE:disable\" id=\"richTextContainer\">\n<div style=\"clear:both\">\n<p><span style=\"font-family: 'times new roman', times;font-size: 24px\">Desnatador de prote\u00ednas para acuario WEIPRO SONPAR SA2017<\/span><\/p>\n<p><span style=\"font-family: 'times new roman', times\">1. Skimmer colgante de dise\u00f1o especial para dep\u00f3sito de agua salada. <\/span><br \/><span style=\"font-family: 'times new roman', tiempos;font-size: 24px\">2. Dise\u00f1o del separador de v\u00f3rtice de inyecci\u00f3n de presi\u00f3n de agua, altamente dividido<\/span><br \/><span style=\"font-family: 'times new roman', times;font-size: 24px\">materiales da\u00f1inos del agua<\/span><br \/><span style=\"font-family: 'times new roman', times;font-size: 24px\">3. Combo de dise\u00f1o de doble aislamiento, separaci\u00f3n y filtraci\u00f3n<\/span><br \/><span style=\"font-family: 'times new roman', times;font-size: 24px\">4. Ajuste de control del nivel de agua<\/span><br \/><span style=\"font-family: 'times new roman', times;font-size: 24px\">5. Adecuado para todo tipo de tanques marinos de 220-1100 litros<\/span><br \/><span style=\"font-family: 'times new roman', times;font-size: 24px\">6. El skimmer m\u00e1s vendido y elegido en el mercado reciente de China<\/span><\/p>\n<div style=\"clear:both\"><\/article>\n","protected":false},"excerpt":{"rendered":"<p>Skimmer de prote\u00ednas para acuario WEIPRO SONPAR SA2017<\/p>\n","protected":false},"featured_media":4463,"comment_status":"open","ping_status":"closed","template":"","meta":[],"product_brand":[],"product_cat":[999],"product_tag":[],"class_list":{"0":"post-28875","1":"product","2":"type-product","3":"status-publish","4":"has-post-thumbnail","6":"product_cat-filtros-de-acuario","8":"first","9":"instock","10":"shipping-taxable","11":"purchasable","12":"product-type-simple","13":"add-to-wishlist-after_add_to_cart"},"jetpack_sharing_enabled":true,"_links":{"self":[{"href":"https:\/\/www.reefshops.com\/es\/wp-json\/wp\/v2\/product\/28875","targetHints":{"allow":["GET"]}}],"collection":[{"href":"https:\/\/www.reefshops.com\/es\/wp-json\/wp\/v2\/product"}],"about":[{"href":"https:\/\/www.reefshops.com\/es\/wp-json\/wp\/v2\/types\/product"}],"replies":[{"embeddable":true,"href":"https:\/\/www.reefshops.com\/es\/wp-json\/wp\/v2\/comments?post=28875"}],"wp:featuredmedia":[{"embeddable":true,"href":"https:\/\/www.reefshops.com\/es\/wp-json\/wp\/v2\/media\/4463"}],"wp:attachment":[{"href":"https:\/\/www.reefshops.com\/es\/wp-json\/wp\/v2\/media?parent=28875"}],"wp:term":[{"taxonomy":"product_brand","embeddable":true,"href":"https:\/\/www.reefshops.com\/es\/wp-json\/wp\/v2\/product_brand?post=28875"},{"taxonomy":"product_cat","embeddable":true,"href":"https:\/\/www.reefshops.com\/es\/wp-json\/wp\/v2\/product_cat?post=28875"},{"taxonomy":"product_tag","embeddable":true,"href":"https:\/\/www.reefshops.com\/es\/wp-json\/wp\/v2\/product_tag?post=28875"}],"curies":[{"name":"wp","href":"https:\/\/api.w.org\/{rel}","templated":true}]}}