{"id":28884,"date":"2016-09-25T23:28:13","date_gmt":"2016-09-25T23:28:13","guid":{"rendered":"https:\/\/www.reefshops.com\/product\/potente-lampara-de-radiacion-ultravioleta-jebao-de-18w\/"},"modified":"2025-03-16T06:57:30","modified_gmt":"2025-03-16T06:57:30","slug":"potente-lampara-de-radiacion-ultravioleta-jebao-de-18w","status":"publish","type":"product","link":"https:\/\/www.reefshops.com\/es\/producto\/potente-lampara-de-radiacion-ultravioleta-jebao-de-18w\/","title":{"rendered":"Potente l\u00e1mpara de radiaci\u00f3n ultravioleta Jebao de 18W"},"content":{"rendered":"<article class=\"article richtext richtext-detail AE:disable\" id=\"richTextContainer\">\n<h2 class=\"article-title\">Especificaciones<\/h2>\n<div style=\"clear:both\"> Potente l\u00e1mpara de radiaci\u00f3n ultravioleta Jebao de 18 W <br \/>1. Adopte vidrio de cuarzo, evitando los rayos ultravioleta <br \/>2. Instale un juego de protecci\u00f3n, seguro <br \/>3.eficiente <\/p>\n<div style=\"clear:both\">\n<p> Potente l\u00e1mpara de radiaci\u00f3n ultravioleta Jebao de 18 W<br \/> 1. Adopte vidrio de cuarzo, evitando los rayos ultravioleta <br \/>2. Instale un conjunto de protecci\u00f3n, operaci\u00f3n segura<\/p>\n<p>3. La cola puede girar 360 grados, f\u00e1cil instalaci\u00f3n, el extremo de peque\u00f1os orificios est\u00e1 cubierto con rayos UV transparentes para verificar las condiciones de trabajo.<\/p>\n<p>4. Dise\u00f1o de alta eficiencia<\/p>\n<p>5.Embalaje: 6 piezas\/caja<\/p>\n<\/p>\n<div style=\"clear:both\"><\/article>\n","protected":false},"excerpt":{"rendered":"<p>Potente l\u00e1mpara de radiaci\u00f3n ultravioleta Jebao de 18W<\/p>\n","protected":false},"featured_media":4481,"comment_status":"open","ping_status":"closed","template":"","meta":[],"product_brand":[],"product_cat":[999],"product_tag":[],"class_list":{"0":"post-28884","1":"product","2":"type-product","3":"status-publish","4":"has-post-thumbnail","6":"product_cat-filtros-de-acuario","8":"first","9":"instock","10":"shipping-taxable","11":"purchasable","12":"product-type-simple","13":"add-to-wishlist-after_add_to_cart"},"jetpack_sharing_enabled":true,"_links":{"self":[{"href":"https:\/\/www.reefshops.com\/es\/wp-json\/wp\/v2\/product\/28884","targetHints":{"allow":["GET"]}}],"collection":[{"href":"https:\/\/www.reefshops.com\/es\/wp-json\/wp\/v2\/product"}],"about":[{"href":"https:\/\/www.reefshops.com\/es\/wp-json\/wp\/v2\/types\/product"}],"replies":[{"embeddable":true,"href":"https:\/\/www.reefshops.com\/es\/wp-json\/wp\/v2\/comments?post=28884"}],"wp:featuredmedia":[{"embeddable":true,"href":"https:\/\/www.reefshops.com\/es\/wp-json\/wp\/v2\/media\/4481"}],"wp:attachment":[{"href":"https:\/\/www.reefshops.com\/es\/wp-json\/wp\/v2\/media?parent=28884"}],"wp:term":[{"taxonomy":"product_brand","embeddable":true,"href":"https:\/\/www.reefshops.com\/es\/wp-json\/wp\/v2\/product_brand?post=28884"},{"taxonomy":"product_cat","embeddable":true,"href":"https:\/\/www.reefshops.com\/es\/wp-json\/wp\/v2\/product_cat?post=28884"},{"taxonomy":"product_tag","embeddable":true,"href":"https:\/\/www.reefshops.com\/es\/wp-json\/wp\/v2\/product_tag?post=28884"}],"curies":[{"name":"wp","href":"https:\/\/api.w.org\/{rel}","templated":true}]}}