{"id":28962,"date":"2016-09-25T23:28:15","date_gmt":"2016-09-25T23:28:15","guid":{"rendered":"https:\/\/www.reefshops.com\/product\/potente-luz-uv-para-acuarios-rs-uv-10\/"},"modified":"2025-03-16T06:57:47","modified_gmt":"2025-03-16T06:57:47","slug":"potente-luz-uv-para-acuarios-rs-uv-10","status":"publish","type":"product","link":"https:\/\/www.reefshops.com\/es\/producto\/potente-luz-uv-para-acuarios-rs-uv-10\/","title":{"rendered":"Potente luz UV para acuarios RS UV-10"},"content":{"rendered":"<article class=\"article richtext richtext-detail AE:disable\" id=\"richTextContainer\">\n<h2 class=\"article-title\">Especificaciones<\/h2>\n<div style=\"clear:both\"> Potente luz UV para acuario RS UV-10 <br \/>1. Adopta un tubo de vidrio de cuarzo de alta calidad, esterilizaci\u00f3n segura y efectiva <br \/>2. Servicio prolongado <\/p>\n<div style=\"clear:both\">\n<p>RS potente luz UV para acuario UV-10<\/p>\n<ol>\n<li>Adopci\u00f3n de un tubo de vidrio de cuarzo de alta calidad separado del agua para mejorar la efectividad del tratamiento UV y tener una buena permeaci\u00f3n de los rayos.<\/li>\n<li>Adoptaci\u00f3n de radiaci\u00f3n ultravioleta UVC de alta calidad, buena esterilizaci\u00f3n<\/li>\n<li>embalaje: 8 piezas\/caja<\/li>\n<li> larga vida \u00fatil.<\/li>\n<\/ol>\n<div style=\"clear:both\"><\/article>\n","protected":false},"excerpt":{"rendered":"<p>Potente luz UV para acuarios RS UV-10<\/p>\n","protected":false},"featured_media":4637,"comment_status":"open","ping_status":"closed","template":"","meta":[],"product_brand":[],"product_cat":[999],"product_tag":[],"class_list":{"0":"post-28962","1":"product","2":"type-product","3":"status-publish","4":"has-post-thumbnail","6":"product_cat-filtros-de-acuario","8":"first","9":"instock","10":"shipping-taxable","11":"purchasable","12":"product-type-simple","13":"add-to-wishlist-after_add_to_cart"},"jetpack_sharing_enabled":true,"_links":{"self":[{"href":"https:\/\/www.reefshops.com\/es\/wp-json\/wp\/v2\/product\/28962","targetHints":{"allow":["GET"]}}],"collection":[{"href":"https:\/\/www.reefshops.com\/es\/wp-json\/wp\/v2\/product"}],"about":[{"href":"https:\/\/www.reefshops.com\/es\/wp-json\/wp\/v2\/types\/product"}],"replies":[{"embeddable":true,"href":"https:\/\/www.reefshops.com\/es\/wp-json\/wp\/v2\/comments?post=28962"}],"wp:featuredmedia":[{"embeddable":true,"href":"https:\/\/www.reefshops.com\/es\/wp-json\/wp\/v2\/media\/4637"}],"wp:attachment":[{"href":"https:\/\/www.reefshops.com\/es\/wp-json\/wp\/v2\/media?parent=28962"}],"wp:term":[{"taxonomy":"product_brand","embeddable":true,"href":"https:\/\/www.reefshops.com\/es\/wp-json\/wp\/v2\/product_brand?post=28962"},{"taxonomy":"product_cat","embeddable":true,"href":"https:\/\/www.reefshops.com\/es\/wp-json\/wp\/v2\/product_cat?post=28962"},{"taxonomy":"product_tag","embeddable":true,"href":"https:\/\/www.reefshops.com\/es\/wp-json\/wp\/v2\/product_tag?post=28962"}],"curies":[{"name":"wp","href":"https:\/\/api.w.org\/{rel}","templated":true}]}}