{"id":28964,"date":"2016-09-25T23:28:15","date_gmt":"2016-09-25T23:28:15","guid":{"rendered":"https:\/\/www.reefshops.com\/product\/luces-uv-electricas-para-acuario-risheng-uv-100\/"},"modified":"2025-03-16T06:57:48","modified_gmt":"2025-03-16T06:57:48","slug":"luces-uv-electricas-para-acuario-risheng-uv-100","status":"publish","type":"product","link":"https:\/\/www.reefshops.com\/es\/producto\/luces-uv-electricas-para-acuario-risheng-uv-100\/","title":{"rendered":"Luces UV el\u00e9ctricas para acuario Risheng UV-100"},"content":{"rendered":"<article class=\"article richtext richtext-detail AE:disable\" id=\"richTextContainer\">\n<div style=\"clear:both\">\n<p><span style=\"font-family: 'times new roman', times;font-size: 24px\"> acuario el\u00e9ctrico risheng luces UV UV-100 <\/span><\/p>\n<ol>\n<li><span style=\"font-family: 'times new roman', times;font-size: 24px\">Varios modelos y tama\u00f1os disponibles para adaptarse al tratamiento de agua de libras, estanques, natatorios, etc.<\/span><\/li>\n<li><span style=\"font-family: 'times new roman', times;font-size: 24px\">Adopci\u00f3n de un tubo de vidrio de cuarzo de alta calidad separado del agua para mejorar la eficacia del tratamiento UV y tener una buena permeabilidad de los rayos.<\/span><\/li>\n<li><span style=\"font-family: 'times new roman', times;font-size: 24px\">Adoptando radiaci\u00f3n ultravioleta UVC de alta calidad, buena esterilizaci\u00f3n y larga vida \u00fatil.<\/span><\/li>\n<\/ol>\n<div style=\"clear:both\"><\/article>\n","protected":false},"excerpt":{"rendered":"<p>Luces UV el\u00e9ctricas para acuario Risheng UV-100<\/p>\n","protected":false},"featured_media":4641,"comment_status":"open","ping_status":"closed","template":"","meta":[],"product_brand":[],"product_cat":[999],"product_tag":[],"class_list":{"0":"post-28964","1":"product","2":"type-product","3":"status-publish","4":"has-post-thumbnail","6":"product_cat-filtros-de-acuario","8":"first","9":"instock","10":"shipping-taxable","11":"purchasable","12":"product-type-simple","13":"add-to-wishlist-after_add_to_cart"},"jetpack_sharing_enabled":true,"_links":{"self":[{"href":"https:\/\/www.reefshops.com\/es\/wp-json\/wp\/v2\/product\/28964","targetHints":{"allow":["GET"]}}],"collection":[{"href":"https:\/\/www.reefshops.com\/es\/wp-json\/wp\/v2\/product"}],"about":[{"href":"https:\/\/www.reefshops.com\/es\/wp-json\/wp\/v2\/types\/product"}],"replies":[{"embeddable":true,"href":"https:\/\/www.reefshops.com\/es\/wp-json\/wp\/v2\/comments?post=28964"}],"wp:featuredmedia":[{"embeddable":true,"href":"https:\/\/www.reefshops.com\/es\/wp-json\/wp\/v2\/media\/4641"}],"wp:attachment":[{"href":"https:\/\/www.reefshops.com\/es\/wp-json\/wp\/v2\/media?parent=28964"}],"wp:term":[{"taxonomy":"product_brand","embeddable":true,"href":"https:\/\/www.reefshops.com\/es\/wp-json\/wp\/v2\/product_brand?post=28964"},{"taxonomy":"product_cat","embeddable":true,"href":"https:\/\/www.reefshops.com\/es\/wp-json\/wp\/v2\/product_cat?post=28964"},{"taxonomy":"product_tag","embeddable":true,"href":"https:\/\/www.reefshops.com\/es\/wp-json\/wp\/v2\/product_tag?post=28964"}],"curies":[{"name":"wp","href":"https:\/\/api.w.org\/{rel}","templated":true}]}}