{"id":29050,"date":"2016-09-25T23:28:16","date_gmt":"2016-09-25T23:28:16","guid":{"rendered":"https:\/\/www.reefshops.com\/product\/bomba-de-agua-multifuncional-boyu-6w-sp600\/"},"modified":"2025-03-16T07:04:07","modified_gmt":"2025-03-16T07:04:07","slug":"bomba-de-agua-multifuncional-boyu-6w-sp600","status":"publish","type":"product","link":"https:\/\/www.reefshops.com\/es\/producto\/bomba-de-agua-multifuncional-boyu-6w-sp600\/","title":{"rendered":"Bomba de agua multifuncional BOYU 6W SP600"},"content":{"rendered":"<article class=\"article richtext richtext-detail AE:disable\" id=\"richTextContainer\">\n<h2 class=\"article-title\">Especificaciones<\/h2>\n<div style=\"clear:both\"> Bomba de agua multifuncional BOYU de 6 W SP600 <br \/>1.F\u00e1cil instalaci\u00f3n y mantenimiento <br \/>2.bastante, seguro <br \/>3.eficiencia energ\u00e9tica <br \/>4.tama\u00f1o mini <\/p>\n<div style=\"clear:both\">\n<p>Bomba de agua multifuncional BOYU SP600 de 6 W<\/p>\n<p>1. El motor y la bomba est\u00e1n mejor dise\u00f1ados para un buen rendimiento y alta eficiencia<\/p>\n<p>2. La h\u00e9lice en espiral permite un tama\u00f1o de part\u00edcula de suciedad de hasta 6 mm.<\/p>\n<p>3.Se utilizan rodamientos cer\u00e1micos para un funcionamiento seguro y menor ruido.<\/p>\n<p>4.F\u00e1cil instalaci\u00f3n y mantenimiento.<\/p>\n<p>5.Par\u00e1metros (220V~240V 50Hz)<\/p>\n<p>6. Su cubierta frontal puede actuar como filtro y es f\u00e1cil de desconectar.<\/p>\n<p>7.embalaje: 100 piezas por caja<\/p>\n<div style=\"clear:both\"><\/article>\n","protected":false},"excerpt":{"rendered":"<p>Bomba de agua multifuncional BOYU 6W SP600<\/p>\n","protected":false},"featured_media":4813,"comment_status":"open","ping_status":"closed","template":"","meta":[],"product_brand":[],"product_cat":[999],"product_tag":[],"class_list":{"0":"post-29050","1":"product","2":"type-product","3":"status-publish","4":"has-post-thumbnail","6":"product_cat-filtros-de-acuario","8":"first","9":"instock","10":"shipping-taxable","11":"purchasable","12":"product-type-simple","13":"add-to-wishlist-after_add_to_cart"},"jetpack_sharing_enabled":true,"_links":{"self":[{"href":"https:\/\/www.reefshops.com\/es\/wp-json\/wp\/v2\/product\/29050","targetHints":{"allow":["GET"]}}],"collection":[{"href":"https:\/\/www.reefshops.com\/es\/wp-json\/wp\/v2\/product"}],"about":[{"href":"https:\/\/www.reefshops.com\/es\/wp-json\/wp\/v2\/types\/product"}],"replies":[{"embeddable":true,"href":"https:\/\/www.reefshops.com\/es\/wp-json\/wp\/v2\/comments?post=29050"}],"wp:featuredmedia":[{"embeddable":true,"href":"https:\/\/www.reefshops.com\/es\/wp-json\/wp\/v2\/media\/4813"}],"wp:attachment":[{"href":"https:\/\/www.reefshops.com\/es\/wp-json\/wp\/v2\/media?parent=29050"}],"wp:term":[{"taxonomy":"product_brand","embeddable":true,"href":"https:\/\/www.reefshops.com\/es\/wp-json\/wp\/v2\/product_brand?post=29050"},{"taxonomy":"product_cat","embeddable":true,"href":"https:\/\/www.reefshops.com\/es\/wp-json\/wp\/v2\/product_cat?post=29050"},{"taxonomy":"product_tag","embeddable":true,"href":"https:\/\/www.reefshops.com\/es\/wp-json\/wp\/v2\/product_tag?post=29050"}],"curies":[{"name":"wp","href":"https:\/\/api.w.org\/{rel}","templated":true}]}}