{"id":29161,"date":"2016-09-25T23:28:19","date_gmt":"2016-09-25T23:28:19","guid":{"rendered":"https:\/\/www.reefshops.com\/product\/filtro-externo-para-acuario-atman-de-28w-at3337-con-funcion-neumatica-de-succion-de-agua-para-un-funcionamiento-rapido-y-sencillo\/"},"modified":"2025-03-16T07:04:32","modified_gmt":"2025-03-16T07:04:32","slug":"filtro-externo-para-acuario-atman-de-28w-at3337-con-funcion-neumatica-de-succion-de-agua-para-un-funcionamiento-rapido-y-sencillo","status":"publish","type":"product","link":"https:\/\/www.reefshops.com\/es\/producto\/filtro-externo-para-acuario-atman-de-28w-at3337-con-funcion-neumatica-de-succion-de-agua-para-un-funcionamiento-rapido-y-sencillo\/","title":{"rendered":"Filtro externo para acuario Atman de 28W AT3337 Con funci\u00f3n neum\u00e1tica de succi\u00f3n de agua para un funcionamiento r\u00e1pido y sencillo"},"content":{"rendered":"<article class=\"article richtext richtext-detail AE:disable\" id=\"richTextContainer\">\n<div style=\"clear:both\">\n<p><span style=\"font-family: 'times new roman', times;font-size: 24px\">Filtro externo para acuario Atman de 28 W AT3337<\/span><br \/><span style=\"font-family: 'times new roman', times;font-size: 24px\">1 Silencioso, energ\u00e9ticamente eficiente y potente<\/span><br \/><span style=\"font-family: 'times new roman', times;font-size: 24px\">2 Con funci\u00f3n neum\u00e1tica de succi\u00f3n de agua para un funcionamiento r\u00e1pido y sencillo.<\/span><\/p>\n<p>&lt;span style=&quot;font-family: &#039;times new roman&#039;, times; instalaci\u00f3n<\/span><\/p>\n<p><span style=\"font-family: 'times new roman', times;font-size: 24px\">4 Un sistema de filtrado claramente superior<\/span><\/p>\n<p><span style=\"font-family: 'times new roman', times;font-size: 24px\">5 Par\u00e1metros (220V~240V 50Hz)<\/span><\/p>\n<p><span style=\"font-family: 'times new roman', times;font-size: 24px\">6 Adecuado para sistemas de circulaci\u00f3n fuera del tanque, que no compartir\u00edan espacio dentro del tanque.<\/span><\/p>\n<\/p>\n<div style=\"clear:both\"><\/article>\n","protected":false},"excerpt":{"rendered":"<p>Filtro externo para acuario Atman de 28W AT3337 Con funci\u00f3n neum\u00e1tica de succi\u00f3n de agua para un funcionamiento r\u00e1pido y sencillo<\/p>\n","protected":false},"featured_media":5033,"comment_status":"open","ping_status":"closed","template":"","meta":[],"product_brand":[],"product_cat":[999],"product_tag":[],"class_list":{"0":"post-29161","1":"product","2":"type-product","3":"status-publish","4":"has-post-thumbnail","6":"product_cat-filtros-de-acuario","8":"first","9":"instock","10":"shipping-taxable","11":"purchasable","12":"product-type-simple","13":"add-to-wishlist-after_add_to_cart"},"jetpack_sharing_enabled":true,"_links":{"self":[{"href":"https:\/\/www.reefshops.com\/es\/wp-json\/wp\/v2\/product\/29161","targetHints":{"allow":["GET"]}}],"collection":[{"href":"https:\/\/www.reefshops.com\/es\/wp-json\/wp\/v2\/product"}],"about":[{"href":"https:\/\/www.reefshops.com\/es\/wp-json\/wp\/v2\/types\/product"}],"replies":[{"embeddable":true,"href":"https:\/\/www.reefshops.com\/es\/wp-json\/wp\/v2\/comments?post=29161"}],"wp:featuredmedia":[{"embeddable":true,"href":"https:\/\/www.reefshops.com\/es\/wp-json\/wp\/v2\/media\/5033"}],"wp:attachment":[{"href":"https:\/\/www.reefshops.com\/es\/wp-json\/wp\/v2\/media?parent=29161"}],"wp:term":[{"taxonomy":"product_brand","embeddable":true,"href":"https:\/\/www.reefshops.com\/es\/wp-json\/wp\/v2\/product_brand?post=29161"},{"taxonomy":"product_cat","embeddable":true,"href":"https:\/\/www.reefshops.com\/es\/wp-json\/wp\/v2\/product_cat?post=29161"},{"taxonomy":"product_tag","embeddable":true,"href":"https:\/\/www.reefshops.com\/es\/wp-json\/wp\/v2\/product_tag?post=29161"}],"curies":[{"name":"wp","href":"https:\/\/api.w.org\/{rel}","templated":true}]}}