{"id":29183,"date":"2016-09-25T23:28:19","date_gmt":"2016-09-25T23:28:19","guid":{"rendered":"https:\/\/www.reefshops.com\/product\/bombas-de-agua-para-acuario-atman-9500l-h-rodamientos-ceramicos-md10000-utilizados-para-un-funcionamiento-seguro-y-menor-ruido\/"},"modified":"2025-03-16T07:04:36","modified_gmt":"2025-03-16T07:04:36","slug":"bombas-de-agua-para-acuario-atman-9500l-h-rodamientos-ceramicos-md10000-utilizados-para-un-funcionamiento-seguro-y-menor-ruido","status":"publish","type":"product","link":"https:\/\/www.reefshops.com\/es\/producto\/bombas-de-agua-para-acuario-atman-9500l-h-rodamientos-ceramicos-md10000-utilizados-para-un-funcionamiento-seguro-y-menor-ruido\/","title":{"rendered":"Bombas de agua para acuario Atman 9500L\/H, rodamientos cer\u00e1micos md10000 utilizados para un funcionamiento seguro y menor ruido"},"content":{"rendered":"<article class=\"article richtext richtext-detail AE:disable\" id=\"richTextContainer\">\n<div style=\"clear:both\">\n<p><span style=\"font-family: 'times new roman', times;font-size: 24px\"> Bombas de agua para acuario Atman 9500L\/H md10000 <\/span><\/p>\n<p><span style=\"font-family: 'times new roman', times;font-size: 24px\">1. El motor y la bomba est\u00e1n mejor dise\u00f1ados para un buen rendimiento y alta eficiencia<\/span><\/p>\n<p><span style=\"font-family: 'times new roman', times;font-size: 24px\">2. La h\u00e9lice en espiral permite un tama\u00f1o de part\u00edcula de suciedad de hasta 6 mm.<\/span><\/p>\n<p><span style=\"font-family: 'times new roman', veces\">3. Rodamientos cer\u00e1micos utilizados para un funcionamiento seguro y con menor ruido. <\/span><\/p>\n<p><span style=\"font-family: 'times new roman', times;font-size: 24px\">4.F\u00e1cil configuraci\u00f3n y mantenimiento.<\/span><\/p>\n<p><span style=\"font-family: 'times new roman', times;font-size: 24px\">5.Par\u00e1metros (220V~240V 50 Hz)<\/span><\/p>\n<p><span style=\"font-family: 'times new roman', times;font-size: 24px\">6. Su cubierta frontal puede actuar como filtro y es f\u00e1cil de desconectar.<\/span><\/p>\n<div style=\"clear:both\"><\/article>\n","protected":false},"excerpt":{"rendered":"<p>Bombas de agua para acuario Atman 9500L\/H, rodamientos cer\u00e1micos md10000 utilizados para un funcionamiento seguro y menor ruido<\/p>\n","protected":false},"featured_media":5077,"comment_status":"open","ping_status":"closed","template":"","meta":[],"product_brand":[],"product_cat":[1146],"product_tag":[],"class_list":{"0":"post-29183","1":"product","2":"type-product","3":"status-publish","4":"has-post-thumbnail","6":"product_cat-bombas-de-agua-y-cabezales-de-potencia","8":"first","9":"instock","10":"shipping-taxable","11":"purchasable","12":"product-type-simple","13":"add-to-wishlist-after_add_to_cart"},"jetpack_sharing_enabled":true,"_links":{"self":[{"href":"https:\/\/www.reefshops.com\/es\/wp-json\/wp\/v2\/product\/29183","targetHints":{"allow":["GET"]}}],"collection":[{"href":"https:\/\/www.reefshops.com\/es\/wp-json\/wp\/v2\/product"}],"about":[{"href":"https:\/\/www.reefshops.com\/es\/wp-json\/wp\/v2\/types\/product"}],"replies":[{"embeddable":true,"href":"https:\/\/www.reefshops.com\/es\/wp-json\/wp\/v2\/comments?post=29183"}],"wp:featuredmedia":[{"embeddable":true,"href":"https:\/\/www.reefshops.com\/es\/wp-json\/wp\/v2\/media\/5077"}],"wp:attachment":[{"href":"https:\/\/www.reefshops.com\/es\/wp-json\/wp\/v2\/media?parent=29183"}],"wp:term":[{"taxonomy":"product_brand","embeddable":true,"href":"https:\/\/www.reefshops.com\/es\/wp-json\/wp\/v2\/product_brand?post=29183"},{"taxonomy":"product_cat","embeddable":true,"href":"https:\/\/www.reefshops.com\/es\/wp-json\/wp\/v2\/product_cat?post=29183"},{"taxonomy":"product_tag","embeddable":true,"href":"https:\/\/www.reefshops.com\/es\/wp-json\/wp\/v2\/product_tag?post=29183"}],"curies":[{"name":"wp","href":"https:\/\/api.w.org\/{rel}","templated":true}]}}