{"id":29226,"date":"2016-09-25T23:28:21","date_gmt":"2016-09-25T23:28:21","guid":{"rendered":"https:\/\/www.reefshops.com\/product\/sunsun-cpf-180-con-filtro-de-estanque-para-granja-de-peces-bio-koi-con-esponja-uv-c-20l-38l\/"},"modified":"2025-03-16T07:04:46","modified_gmt":"2025-03-16T07:04:46","slug":"sunsun-cpf-180-con-filtro-de-estanque-para-granja-de-peces-bio-koi-con-esponja-uv-c-20l-38l","status":"publish","type":"product","link":"https:\/\/www.reefshops.com\/es\/producto\/sunsun-cpf-180-con-filtro-de-estanque-para-granja-de-peces-bio-koi-con-esponja-uv-c-20l-38l\/","title":{"rendered":"SUNSUN CPF-180 con filtro de estanque para granja de peces Bio koi con esponja UV-C 20L-38L"},"content":{"rendered":"<div style=\"clear:both\"><\/div>\n<div style=\"font-size:13px;font-family:Arial, Helvetica, sans-serif;color:#000000;width:726px\">\n<table class=\"ke-zeroborder\" style=\"width:750px\" cellpadding=\"0\" border=\"0\">\n<tbody>\n<tr>\n<td><a href=\"http:\/\/preview.alibaba.com\/product\/60068154872-215139670\/SUNSUN_CBF_550_CE_GS_CCC_proved_pool_filter_bag.html\" target=\"_blank\"><img loading=\"lazy\" decoding=\"async\" border=\"0\" alt=\"SUNSUN CPF-180 con filtro de estanque para piscifactor\u00eda Bio koi con esponja UV-C\" src=\"http:\/\/localhost\/media\/import\/detail\/HTB1eB.jGpXXXXXtXVXXq6xXFXXX9.jpg\" width=\"190\" height=\"300\"><\/a><\/td>\n<td><img loading=\"lazy\" decoding=\"async\" alt=\"SUNSUN CPF-180 con filtro para estanque de piscifactor\u00eda Bio koi con esponja UV-C\" src=\"http:\/\/localhost\/media\/import\/detail\/HTB1UfMyGpXXXXaXXFXXq6xXFXXX1.jpg\" width=\"185\" height=\"300\"><\/td>\n<td><a href=\"http:\/\/preview.alibaba.com\/product\/2022711106-215139670\/SUNSUN_CPF_10000_10000L_h_with_UV_lamp_Pond_and_swimming_Pool_Filter.html\" target=\"_blank\"><img loading=\"lazy\" decoding=\"async\" border=\"0\" alt=\"SUNSUN CPF-180 con esponja UV-C Bio pez koi filtro de estanque de granja\" src=\"http:\/\/localhost\/media\/import\/detail\/HTB1UuImGpXXXXXRXVXXq6xXFXXX1.jpg\" width=\"189\" height=\"300\"><\/a><\/td>\n<td> <\/td>\n<\/tr>\n<\/tbody>\n<\/table>\n<p style=\"text-align:left\"><strong><span style=\"font-size:18pt\">SUNSUN CPF-180 con filtro de estanque para piscifactor\u00eda Bio koi con esponja UV-C<\/span><\/strong><\/p>\n<p style=\"text-align:left\">\n<p style=\"text-align:left\"><span style=\"font-size:16px;font-family:arial,helvetica,sans-serif;color:#000000\">Estos filtros de presi\u00f3n externos se pueden enterrar por encima o por debajo del nivel del estanque y cuentan con 3 tipos diferentes de Filtraci\u00f3n para mantener el agua de su estanque s\u00faper limpia y saludable. El agua primero fluye mediante una l\u00e1mpara UV de 24 vatios para agrupar las algas, y es empujada a trav\u00e9s de almohadillas de esponja especialmente desarrolladas para atrapar las part\u00edculas, y finalmente pasa a trav\u00e9s del medio filtrante biol\u00f3gico <\/span><\/p>\n<p style=\"text-align:left\"><span style=\"font-size:16px;font-family:arial,helvetica,sans-serif;color:#000000\">para reducir el amon\u00edaco y los nitritos. Para realizar el mantenimiento, simplemente gire la perilla a la posici\u00f3n \u00abLIMPIAR\u00bb, <\/span><\/p>\n<p style=\"text-align:left\"><span style=\"font-size:16px;font-family:arial,helvetica,sans-serif;color:#000000\">y hasta 1000 libras de presi\u00f3n expulsan el lodo: \u00a1fertilizante instant\u00e1neo para el jard\u00edn!<\/span><\/p>\n<p><span style=\"font-family:arial,helvetica,sans-serif;color:#000000\"> <\/span><\/p>\n<p><span style=\"font-size:18px;font-family:arial,helvetica,sans-serif\"><strong>C\u00f3mo funciona<\/strong><\/span><\/p>\n<p><span style=\"font-family:arial,helvetica,sans-serif\"> <\/span><\/p>\n<p><span style=\"font-size:14px;font-family:arial,helvetica,sans-serif;color:#000000\"><strong>Filtraci\u00f3n mec\u00e1nica Etapa 1 ?C<\/strong><\/span><\/p>\n<p><span style=\"font-size:12pt;font-family:arial,helvetica,sans-serif\">Se bombea agua al filtro creando la presi\u00f3n necesaria para iniciar la etapa de filtraci\u00f3n mec\u00e1nica. Hay <\/span><\/p>\n<p><span style=\"font-size:12pt;font-family:arial,helvetica,sans-serif\">dos fases en la etapa de filtraci\u00f3n mec\u00e1nica, filtraci\u00f3n gruesa y fina. Cada fase utiliza una <\/span><\/p>\n<p><span style=\"font-family:arial,helvetica,sans-serif\"><span style=\"font-size:12pt\">esponja de espuma especialmente dise\u00f1ada para <\/span><span style=\"font-size:12pt\"> eliminar eficazmente todos los tama\u00f1os de residuos no deseados.<\/span><\/span><\/p>\n<p><span style=\"font-size:14px;font-family:arial,helvetica,sans-serif\"> <\/span><\/p>\n<p><span style=\"font-size:14px;font-family:arial,helvetica,sans-serif;color:#000000\"><strong>Filtraci\u00f3n biol\u00f3gica Etapa 2 ?C<\/strong><\/span><\/p>\n<p><span style=\"font-size:12pt;font-family:arial,helvetica,sans-serif\">La etapa de filtraci\u00f3n biol\u00f3gica comienza cuando el agua llega al fondo del filtro. Esta etapa utiliza biobolas que proporcionan<span style=\"font-size:12pt\"> un <\/span><span style=\"font-size:12pt\"> h\u00e1bitat para que crezcan bacterias beneficiosas. Estas bacterias convierten naturalmente el <\/span><span style=\"font-size:12pt\"> amon\u00edaco <\/span><span style=\"font-size:12pt\"> y otros desechos<\/span><span style=\"font-size:12pt\"> da\u00f1inos en<\/span> nitratos saludables que fertilizan las plantas acu\u00e1ticas y apoyan un ambiente saludable en el estanque.<\/span><\/p>\n<p><span style=\"font-family:arial,helvetica,sans-serif\"> <\/span><\/p>\n<p><span style=\"font-size:14px;font-family:arial,helvetica,sans-serif\"><strong><span style=\"color:#000000\">Filtraci\u00f3n UV Etapa 3 ?C<\/span><\/strong><\/span><\/p>\n<p><span style=\"font-size:12pt;font-family:arial,helvetica,sans-serif\">La etapa de filtrado final utiliza una luz ultravioleta (VU) de bajo voltaje ubicada en el medio del filtro. <\/span><\/p>\n<p><span style=\"font-size:12pt;font-family:arial,helvetica,sans-serif\">La exposici\u00f3n a la luz ultravioleta mata las algas a medida que el agua pasa hacia arriba a trav\u00e9s del filtro en su camino de regreso al estanque.<\/span><\/p>\n<\/div>\n<div id=\"ali-anchor-AliPostDhMb-judh3\" style=\"padding-top:8px\" data-section=\"AliPostDhMb-judh3\" data-section-title=\"Descripci\u00f3n del producto\">\n<div id=\"ali-title-AliPostDhMb-judh3\" style=\"border-bottom:#ddd 1px solid;padding-bottom:8px;padding-top:8px;padding-left:0px;padding-right:0px\"><span style=\"font-weight:bold;color:#333;padding-bottom:8px;padding-top:8px;padding-left:10px;line-height:12px;padding-right:10px;background-color:#ddd\">Descripci\u00f3n del producto<\/span><\/div>\n<div style=\"padding-bottom:10px;padding-top:10px;padding-left:0px;padding-right:0px\">\n<div style=\"height:42px;width:750px\">\n<div style=\"height:42px;float:left;width:25px;background-color:#00ccff\"> <\/div>\n<div style=\"height:30px;float:right;color:#ffffff;padding-bottom:5px;padding-top:5px;padding-left:0px;padding-right:0px;width:720px;background-color:#0099ff\">\n<div style=\"font-size:24px;border-top:#ffffff 1px solid;height:30px;font-family:Arial;border-bottom:#ffffff 1px solid;font-weight:bold;font-style:italic;padding-left:10px;line-height:30px;width:720px\">Visualizaci\u00f3n del producto<\/div>\n<\/div>\n<\/div>\n<\/div>\n<\/div>\n<p data-section-blank=\"AliPostDhMb-judh3\">\n<p><img decoding=\"async\" alt=\"cpf-250_01.jpg\" src=\"http:\/\/localhost\/media\/import\/detail\/HTB1R5jpGpXXXXcbXXXXq6xXFXXXZ.jpg\"><img decoding=\"async\" alt=\"cpf-250_02.jpg\" src=\"http:\/\/localhost\/media\/import\/detail\/HTB1kM_rGpXXXXadXXXXq6xXFXXXz.jpg\"><img decoding=\"async\" alt=\"cpf-250_03.jpg\" src=\"http:\/\/localhost\/media\/import\/detail\/HTB1IaeYGpXXXXaMXVXXq6xXFXXXn.jpg\"><img decoding=\"async\" alt=\"cpf-250_04.jpg\" src=\"http:\/\/localhost\/media\/import\/detail\/HTB1.EveGpXXXXXCXFXXq6xXFXXXo.jpg\"><img decoding=\"async\" alt=\"CPF-180-500.jpg\" src=\"http:\/\/localhost\/media\/import\/detail\/HTB1kJ5yFVXXXXbXXFXXq6xXFXXXS.jpg\"><\/p>\n<table class=\"aliDataTable\" border=\"1\">\n<tbody>\n<tr>\n<td style=\"text-align:center\"><strong>Modelo<\/strong><\/td>\n<td style=\"text-align:center\">CPF-180<\/td>\n<td style=\"text-align:center\">CPF-250<\/td>\n<td style=\"text-align:center\">CPF-280<\/td>\n<td style=\"text-align:center\">CPF-380<\/td>\n<td style=\"text-align:center\">CPF-500<\/td>\n<\/tr>\n<tr>\n<td style=\"text-align:center\"><strong>L*W*H(mm)<\/strong><\/td>\n<td style=\"text-align:center\">380*380*400<\/td>\n<td style=\"text-align:center\">380*380*510<\/td>\n<td style=\"text-align:center\">380*380*420<\/td>\n<td style=\"text-align:center\">380*380*530<\/td>\n<td style=\"text-align:center\">380*380*740<\/td>\n<\/tr>\n<tr>\n<td style=\"text-align:center\"><strong>Flujo m\u00e1ximo (L\/h)<\/strong><\/td>\n<td style=\"text-align:center\">9000<\/td>\n<td style=\"text-align:center\">10000<\/td>\n<td style=\"text-align:center\">9000<\/td>\n<td style=\"text-align:center\">10000<\/td>\n<td style=\"text-align:center\">10000<\/td>\n<\/tr>\n<tr>\n<td style=\"text-align:center\"><strong>Superficie del filtro<\/strong><\/td>\n<td style=\"text-align:center\">8m?<\/td>\n<td style=\"text-align:center\">12m?<\/td>\n<td style=\"text-align:center\">12m?<\/td>\n<td style=\"text-align:center\">20m?<\/td>\n<td style=\"text-align:center\">40m?<\/td>\n<\/tr>\n<tr>\n<td style=\"text-align:center\"><strong>Adecuado para estanques con peces<\/strong><\/td>\n<td style=\"text-align:center\">3m?<\/td>\n<td style=\"text-align:center\">5m?<\/td>\n<td style=\"text-align:center\">4m?<\/td>\n<td style=\"text-align:center\">6m?<\/td>\n<td style=\"text-align:center\">10m?<\/td>\n<\/tr>\n<tr>\n<td style=\"text-align:center\"><strong>Energ\u00eda para estanques decorativos<\/strong><\/td>\n<td style=\"text-align:center\">6m?<\/td>\n<td style=\"text-align:center\">10m?<\/td>\n<td style=\"text-align:center\">8m?<\/td>\n<td style=\"text-align:center\">12m?<\/td>\n<td style=\"text-align:center\">30m?<\/td>\n<\/tr>\n<tr>\n<td style=\"text-align:center\"><strong>Poder de los rayos UV-C<\/strong><\/td>\n<td style=\"text-align:center\">11w<\/td>\n<td style=\"text-align:center\">11w<\/td>\n<td style=\"text-align:center\">11w<\/td>\n<td style=\"text-align:center\">11w<\/td>\n<td style=\"text-align:center\">18w<\/td>\n<\/tr>\n<tr>\n<td style=\"text-align:center\"><strong>Real volumen<\/strong><\/td>\n<td style=\"text-align:center\">20L<\/td>\n<td style=\"text-align:center\">25L<\/td>\n<td style=\"text-align:center\">20L<\/td>\n<td style=\"text-align:center\">25L<\/td>\n<td style=\"text-align:center\">39L<\/td>\n<\/tr>\n<\/tbody>\n<\/table>\n<p><img decoding=\"async\" alt=\"00 (2).jpg\" src=\"http:\/\/localhost\/media\/import\/detail\/HT10_j8FFheXXagOFbXG.jpg\"><\/p>\n<p><img decoding=\"async\" alt=\"00 (1).jpg\" src=\"http:\/\/localhost\/media\/import\/detail\/HTB1cCpkFVXXXXcfXXXXq6xXFXXXT.jpg\"><\/p>\n<p data-section-blank=\"AliPostDhMb-1iulv\">\n<div id=\"ali-anchor-AliPostDhMb-1iulv\" style=\"padding-top:8px\" data-section=\"AliPostDhMb-1iulv\" data-section-title=\"Informaci\u00f3n de la empresa\">\n<div id=\"ali-title-AliPostDhMb-1iulv\" style=\"border-bottom:#ddd 1px solid;padding-bottom:8px;padding-top:8px;padding-left:0px;padding-right:0px\"> <\/div>\n<\/div>\n<div style=\"clear:both\"><\/div>\n<p><strong><span style=\"color:#ff6600;font-family:Georgia\"><\/span><\/strong><\/p>\n","protected":false},"excerpt":{"rendered":"<p>SUNSUN CPF-180 con filtro de estanque para granja de peces Bio koi con esponja UV-C 20L-38L<\/p>\n","protected":false},"featured_media":5164,"comment_status":"open","ping_status":"closed","template":"","meta":[],"product_brand":[],"product_cat":[1146],"product_tag":[],"class_list":{"0":"post-29226","1":"product","2":"type-product","3":"status-publish","4":"has-post-thumbnail","6":"product_cat-bombas-de-agua-y-cabezales-de-potencia","8":"first","9":"instock","10":"shipping-taxable","11":"purchasable","12":"product-type-simple","13":"add-to-wishlist-after_add_to_cart"},"jetpack_sharing_enabled":true,"_links":{"self":[{"href":"https:\/\/www.reefshops.com\/es\/wp-json\/wp\/v2\/product\/29226","targetHints":{"allow":["GET"]}}],"collection":[{"href":"https:\/\/www.reefshops.com\/es\/wp-json\/wp\/v2\/product"}],"about":[{"href":"https:\/\/www.reefshops.com\/es\/wp-json\/wp\/v2\/types\/product"}],"replies":[{"embeddable":true,"href":"https:\/\/www.reefshops.com\/es\/wp-json\/wp\/v2\/comments?post=29226"}],"wp:featuredmedia":[{"embeddable":true,"href":"https:\/\/www.reefshops.com\/es\/wp-json\/wp\/v2\/media\/5164"}],"wp:attachment":[{"href":"https:\/\/www.reefshops.com\/es\/wp-json\/wp\/v2\/media?parent=29226"}],"wp:term":[{"taxonomy":"product_brand","embeddable":true,"href":"https:\/\/www.reefshops.com\/es\/wp-json\/wp\/v2\/product_brand?post=29226"},{"taxonomy":"product_cat","embeddable":true,"href":"https:\/\/www.reefshops.com\/es\/wp-json\/wp\/v2\/product_cat?post=29226"},{"taxonomy":"product_tag","embeddable":true,"href":"https:\/\/www.reefshops.com\/es\/wp-json\/wp\/v2\/product_tag?post=29226"}],"curies":[{"name":"wp","href":"https:\/\/api.w.org\/{rel}","templated":true}]}}