{"id":29276,"date":"2016-09-25T23:28:23","date_gmt":"2016-09-25T23:28:23","guid":{"rendered":"https:\/\/www.reefshops.com\/product\/esterilizador-uvc-para-acuario-sunsun-5000l-h-58w-cegs-cuv-155\/"},"modified":"2025-03-16T07:04:57","modified_gmt":"2025-03-16T07:04:57","slug":"esterilizador-uvc-para-acuario-sunsun-5000l-h-58w-cegs-cuv-155","status":"publish","type":"product","link":"https:\/\/www.reefshops.com\/es\/producto\/esterilizador-uvc-para-acuario-sunsun-5000l-h-58w-cegs-cuv-155\/","title":{"rendered":"Esterilizador UVC para acuario SUNSUN 5000L\/h 58W (CE,GS) CUV-155"},"content":{"rendered":"<div style=\"clear:both\"><\/div>\n<div id=\"ali-anchor-AliPostDhMb-kiky5\" style=\"padding-top:8px\" data-section-title=\"nombre\" data-section=\"AliPostDhMb-kiky5\">\n<div id=\"ali-title-AliPostDhMb-kiky5\" style=\"border-bottom:#ddd 1px solid;padding-bottom:8px;padding-top:8px;padding-left:0px;padding-right:0px\"><span style=\"font-weight:bold;color:#333;padding-bottom:8px;padding-top:8px;padding-left:10px;line-height:12px;padding-right:10px;background-color:#ddd\">nombre<\/span><\/div>\n<div style=\"padding-bottom:10px;padding-top:10px;padding-left:0px;padding-right:0px\">\n<p><img decoding=\"async\" alt=\"Esterilizador UVC para acuario de estanque SUNSUN 5000L\/h 58W (CE,GS)\" src=\"http:\/\/localhost\/media\/import\/detail\/HTB11qiMJVXXXXXWXVXXq6xXFXXXQ.jpg\"><span> <\/span><\/p>\n<\/div>\n<\/div>\n<p style=\"text-align:center\"><strong><span style=\"font-size:24px\">Esterilizador UVC para acuario de estanque SUNSUN 5000L\/h 58W (CE,GS)<\/span><\/strong><\/p>\n<div id=\"ali-anchor-AliPostDhMb-c5z2w\" style=\"padding-top:8px\" data-section-title=\"Descripci\u00f3n del producto\" data-section=\"AliPostDhMb-c5z2w\">\n<div id=\"ali-title-AliPostDhMb-c5z2w\" style=\"border-bottom:#ddd 1px solid;padding-bottom:8px;padding-top:8px;padding-left:0px;padding-right:0px\"><span style=\"font-weight:bold;color:#333;padding-bottom:8px;padding-top:8px;padding-left:10px;line-height:12px;padding-right:10px;background-color:#ddd\">Descripci\u00f3n del producto<\/span><\/div>\n<div style=\"padding-bottom:10px;padding-top:10px;padding-left:0px;padding-right:0px\">\n<p><span style=\"font-family:arial, helvetica, sans-serif\"><strong>1.Caracter\u00edsticas:<\/strong><\/span><\/p>\n<\/div>\n<\/div>\n<p style=\"text-align:left\"><span style=\"font-size:18px;font-family:arial, helvetica, sans-serif;color:#000000\">1. Estos dispositivos UV-C mantienen su estanque limpio y sus peces sanos.<\/span><\/p>\n<p style=\"text-align:left\"><span style=\"font-size:18px;font-family:arial, helvetica, sans-serif\"><span style=\"color:#000000\">2. El interior de acero inoxidable refleja la radiaci\u00f3n UV-C, lo que aumenta la eficiencia <\/span><\/span><\/p>\n<p style=\"text-align:left\"><span style=\"font-size:18px;font-family:arial, helvetica, sans-serif\"><span style=\"color:#000000\"> <\/span><span style=\"color:#000000\">hasta en un 30 %. Adem\u00e1s, este interior de acero inoxidable protege <\/span><span style=\"color:#000000\">el cuerpo de pl\u00e1stico <\/span><\/span><\/p>\n<p style=\"text-align:left\"><span style=\"font-size:18px;font-family:arial, helvetica, sans-serif\"><span style=\"color:#000000\"> contra los rayos UV-C. radiaci\u00f3n.<\/span><\/span><\/p>\n<p style=\"text-align:left\"><span style=\"font-size:18px;font-family:arial, helvetica, sans-serif;color:#000000\">3. Estos dispositivos UV-C (incluido el estuche) tienen conexi\u00f3n a tierra, lo cual es m\u00e1s<\/span><\/p>\n<p style=\"text-align:left\"><span style=\"font-size:18px;font-family:arial, helvetica, sans-serif;color:#000000\"> seguro.<\/span><\/p>\n<p style=\"text-align:left\"><span style=\"font-size:18px;font-family:arial, helvetica, sans-serif\"><span style=\"color:#000000\">4. Si desea un dise\u00f1o de conexi\u00f3n especial, estos dispositivos UV-C pueden funcionar a un m\u00e1ximo de <\/span><span style=\"color:#000000\">10 <\/span><\/span><\/p>\n<p style=\"text-align:left\"><span style=\"font-size:18px;font-family:arial, helvetica, sans-serif\"><span style=\"color:#000000\"> metros bajo el agua presi\u00f3n.<\/span><\/span><\/p>\n<p style=\"text-align:left\">\n<p style=\"text-align:left\"><img decoding=\"async\" alt=\"Esterilizador UVC para acuario de estanque SUNSUN 5000L\/h 58W (CE,GS)\" src=\"http:\/\/localhost\/media\/import\/detail\/758036556_314.jpg\"> <\/p>\n<\/p>\n<p><span style=\"font-family:arial, helvetica, sans-serif;color:#000000\"><strong><span style=\"font-size:24px\">2.Las especificaciones:<\/span><\/strong><\/span><\/p>\n<\/p>\n<table class=\"aliDataTable\" cellpadding=\"0\" border=\"1\">\n<tbody>\n<tr style=\"height:15.6pt\" align=\"izquierda\">\n<td valign=\"top\">\n<p><span style=\"font-size:18px;font-family:arial, helvetica, sans-serif\">1.Item<\/span><\/p>\n<\/td>\n<td style=\"width:197.05pt\" valign=\"top\">\n<p><span style=\"font-size:18px;font-family:arial, helvetica, sans-serif\">CUV-155<\/span><\/p>\n<\/td>\n<\/tr>\n<tr style=\"height:16.35pt\" align=\"left\">\n<td valign=\"top\">\n<p><span style=\"font-size:18px;font-family:arial, helvetica, sans-serif\">2.Consumo de energ\u00eda (W)<\/span><\/p>\n<\/td>\n<td valign=\"top\"><span style=\"font-size:18px;font-family:arial, helvetica, sans-serif\">58<\/span><\/td>\n<\/tr>\n<tr style=\"height:16.35pt\" align=\"left\">\n<td valign=\"top\">\n<p><span style=\"font-size:18px;font-family:arial, helvetica, sans-serif\">3.UV-C(W)<\/span><\/p>\n<\/td>\n<td valign=\"top\">\n<p><span style=\"font-size:18px;font-family:arial, helvetica, sans-serif\">55<\/span><\/p>\n<\/td>\n<\/tr>\n<tr style=\"height:15.6pt\" align=\"left\">\n<td valign=\"top\">\n<p><span style=\"font-size:18px;font-family:arial, helvetica, sans-serif\">4.UV-C(%)horas<\/span><\/p>\n<\/td>\n<td valign=\"top\">\n<p><span style=\"font-size:18px;font-family:arial, helvetica, sans-serif\">85<\/span><\/p>\n<\/td>\n<\/tr>\n<tr style=\"height:16.35pt\" align=\"left\">\n<td valign=\"top\">\n<p><span style=\"font-size:18px;font-family:arial, helvetica, sans-serif\">5.Capacidad(L)<\/span><\/p>\n<\/td>\n<td valign=\"top\"><span style=\"font-size:18px;font-family:arial, helvetica, sans-serif\">50000<\/span><\/td>\n<\/tr>\n<tr style=\"height:15.6pt\" align=\"left\">\n<td valign=\"top\">\n<p><span style=\"font-size:18px;font-family:arial, helvetica, sans-serif\">6.Presi\u00f3n m\u00e1xima (bar)<\/span><\/p>\n<\/td>\n<td valign=\"top\">\n<p><span style=\"font-size:18px;font-family:arial, helvetica, sans-serif\">0.3<\/span><\/p>\n<\/td>\n<\/tr>\n<tr style=\"height:16.35pt\" align=\"left\">\n<td valign=\"top\">\n<p><span style=\"font-size:18px;font-family:arial, helvetica, sans-serif\">7.Flujo pasante (L\/h)<\/span><\/p>\n<\/td>\n<td valign=\"top\">\n<p><span style=\"font-size:18px;font-family:arial, helvetica, sans-serif\">5000<\/span><\/p>\n<\/td>\n<\/tr>\n<tr style=\"height:15.6pt\" align=\"left\">\n<td valign=\"top\">\n<p><span style=\"font-size:18px;font-family:arial, helvetica, sans-serif\">8.Longitud del cable<\/span><\/p>\n<\/td>\n<td valign=\"top\">\n<p><span style=\"font-size:18px;font-family:arial, helvetica, sans-serif\">1m\/4m<\/span><\/p>\n<\/td>\n<\/tr>\n<tr style=\"height:17.25pt\" align=\"left\">\n<td valign=\"top\">\n<p><span style=\"font-size:18px;font-family:arial, helvetica, sans-serif\">9. Longitud<\/span><\/p>\n<\/td>\n<td valign=\"top\">\n<p><span style=\"font-size:18px;font-family:arial, helvetica, sans-serif\">672<\/span><\/p>\n<\/td>\n<\/tr>\n<tr style=\"height:15pt\" align=\"left\">\n<td valign=\"top\">\n<p><span style=\"font-size:18px;font-family:arial, helvetica, sans-serif\">10.Calidad<\/span><\/p>\n<\/td>\n<td valign=\"top\">\n<p align=\"left\"><span style=\"font-family:arial, helvetica, sans-serif\"> <\/span><\/p>\n<p align=\"left\"><span style=\"font-size:18px;font-family:arial, helvetica, sans-serif\">la empresa de productos acu\u00e1ticos m\u00e1s grande de China.<\/span><\/p>\n<\/td>\n<\/tr>\n<tr style=\"height:4.6pt\" align=\"left\">\n<td valign=\"top\">\n<p><span style=\"font-size:18px;font-family:arial, helvetica, sans-serif\">11.Punto de venta <\/span><\/p>\n<\/td>\n<td valign=\"top\">\n<p><span style=\"font-size:18px;font-family:arial, helvetica, sans-serif\">China conocida marca registrada, aprobada por GS,CE<\/span><\/p>\n<\/td>\n<\/tr>\n<\/tbody>\n<\/table>\n<\/p>\n<p><span style=\"font-family:arial, helvetica, sans-serif\"><strong><span style=\"font-size:24px\">3. detalles:<\/span><\/strong><\/span><\/p>\n<\/p>\n<\/p>\n<table class=\"aliDataTable\">\n<tbody>\n<tr align=\"left\">\n<td style=\"width:47.3pt\" valign=\"top\">\n<p><span style=\"font-size:10.5pt\">Modelo<\/span><\/p>\n<\/td>\n<td style=\"width:47.35pt\" valign=\"top\">\n<p><span style=\"font-size:10.5pt\">Potencia<\/span><\/p>\n<\/td>\n<td style=\"width:47.35pt\" valign=\"top\">\n<p><span style=\"font-size:10.5pt\">Potencia UV<\/span><\/p>\n<\/td>\n<td style=\"width:47.35pt\" valign=\"top\">\n<p><span style=\"font-size:10.5pt\">Vida UV<\/span><\/p>\n<\/td>\n<td style=\"width:47.35pt\" valign=\"top\">\n<p><span style=\"font-size:10.5pt\">Capacidad<\/span><\/p>\n<\/td>\n<td style=\"width:47.35pt\" valign=\"top\">\n<p><span style=\"font-size:10.5pt\">Presi\u00f3n m\u00e1xima<\/span><\/p>\n<\/td>\n<td style=\"width:47.35pt\" valign=\"top\">\n<p><span style=\"font-size:10.5pt\">Flujo continuo<\/span><\/p>\n<\/td>\n<td style=\"width:47.35pt\" valign=\"top\">\n<p><span style=\"font-size:10.5pt\">Longitud del cable<\/span><\/p>\n<\/td>\n<td style=\"width:47.35pt\" valign=\"top\">\n<p><span style=\"font-size:10.5pt\">Longitud<\/span><\/p>\n<\/td>\n<\/tr>\n<tr align=\"left\">\n<td valign=\"top\">\n<p><span style=\"font-size:10.5pt\">CUV-107<\/span><\/p>\n<\/td>\n<td valign=\"top\">\n<p><span style=\"font-size:10.5pt\">11W<\/span><\/p>\n<\/td>\n<td valign=\"top\">\n<p><span style=\"font-size:10.5pt\">7W<\/span><\/p>\n<\/td>\n<td valign=\"top\">\n<p><span style=\"font-size:10.5pt\">8000 horas<\/span><\/p>\n<\/td>\n<td valign=\"top\">\n<p><span style=\"font-size:10.5pt\">6000L<\/span><\/p>\n<\/td>\n<td valign=\"top\">\n<p><span style=\"font-size:10.5pt\">0,3 bar<\/span><\/p>\n<\/td>\n<td valign=\"top\">\n<p><span style=\"font-size:10.5pt\">1200L\/h<\/span><\/p>\n<\/td>\n<td valign=\"top\">\n<p><span style=\"font-size:10.5pt\">1m\/2m<\/span><\/p>\n<\/td>\n<td valign=\"top\">\n<p><span style=\"font-size:10.5pt\">236mm<\/span><\/p>\n<\/td>\n<\/tr>\n<tr align=\"left\">\n<td valign=\"top\">\n<p><span style=\"font-size:10.5pt\">CUV-109A<\/span><\/p>\n<\/td>\n<td valign=\"top\">\n<p><span style=\"font-size:10.5pt\">12W<\/span><\/p>\n<\/td>\n<td valign=\"top\">\n<p><span style=\"font-size:10.5pt\">9W<\/span><\/p>\n<\/td>\n<td valign=\"top\">\n<p><span style=\"font-size:10.5pt\">800<\/span><\/p>\n<p><span style=\"font-size:10.5pt\">horas<\/span><\/p>\n<\/td>\n<td valign=\"top\">\n<p><span style=\"font-size:10.5pt\">8000L<\/span><\/p>\n<\/td>\n<td valign=\"top\">\n<p><span style=\"font-size:10.5pt\">0,3 bar<\/span><\/p>\n<\/td>\n<td valign=\"top\">\n<p><span style=\"font-size:10.5pt\">1500L\/h<\/span><\/p>\n<\/td>\n<td valign=\"top\">\n<p><span style=\"font-size:10.5pt\">1m\/2m<\/span><\/p>\n<\/td>\n<td valign=\"top\">\n<p><span style=\"font-size:10.5pt\">270mm<\/span><\/p>\n<\/td>\n<\/tr>\n<tr align=\"left\">\n<td valign=\"top\">\n<p><span style=\"font-size:10.5pt;color:#000000\">CUV-111<\/span><\/p>\n<\/td>\n<td valign=\"top\">\n<p><span style=\"font-size:10.5pt;color:#000000\">15W<\/span><\/p>\n<\/td>\n<td valign=\"top\">\n<p><span style=\"font-size:10.5pt;color:#000000\">11W<\/span><\/p>\n<\/td>\n<td valign=\"top\">\n<p><span style=\"font-size:10.5pt;color:#000000\">8000 horas<\/span><\/p>\n<\/td>\n<td valign=\"top\">\n<p><span style=\"font-size:10.5pt;color:#000000\">10000L<\/span><\/p>\n<\/td>\n<td valign=\"top\">\n<p><span style=\"font-size:10.5pt;color:#000000\">0,3 bar<\/span><\/p>\n<\/td>\n<td valign=\"top\">\n<p><span style=\"font-size:10.5pt;color:#000000\">1700L\/h<\/span><\/p>\n<\/td>\n<td valign=\"top\">\n<p><span style=\"font-size:10.5pt;color:#000000\">1m\/4m<\/span><\/p>\n<\/td>\n<td valign=\"top\">\n<p><span style=\"font-size:10.5pt;color:#000000\">314mm<\/span><\/p>\n<\/td>\n<\/tr>\n<tr align=\"left\">\n<td valign=\"top\">\n<p><span style=\"font-size:10.5pt\">CUV-111A<\/span><\/p>\n<\/td>\n<td valign=\"top\">\n<p><span style=\"font-size:10.5pt\">15W<\/span><\/p>\n<\/td>\n<td valign=\"top\">\n<p><span style=\"font-size:10.5pt\">11W<\/span><\/p>\n<\/td>\n<td valign=\"top\">\n<p><span style=\"font-size:10.5pt\">8000 horas<\/span><\/p>\n<\/td>\n<td valign=\"top\">\n<p><span style=\"font-size:10.5pt\">10000L<\/span><\/p>\n<\/td>\n<td valign=\"top\">\n<p><span style=\"font-size:10.5pt\">0.3 bar<\/span><\/p>\n<\/td>\n<td valign=\"top\">\n<p><span style=\"font-size:10.5pt\">1700L\/h<\/span><\/p>\n<\/td>\n<td valign=\"top\">\n<p><span style=\"font-size:10.5pt\">1m\/2m<\/span><\/p>\n<\/td>\n<td valign=\"top\">\n<p><span style=\"font-size:10.5pt\">340 mm<\/span><\/p>\n<\/td>\n<\/tr>\n<tr align=\"left\">\n<td valign=\"top\">\n<p><span style=\"font-size:10.5pt\">CUV-118<\/span><\/p>\n<\/td>\n<td valign=\"top\">\n<p><span style=\"font-size:10.5pt\">20W<\/span><\/p>\n<\/td>\n<td valign=\"top\">\n<p><span style=\"font-size:10.5pt\">18W<\/span><\/p>\n<\/td>\n<td valign=\"top\">\n<p><span style=\"font-size:10.5pt\">8000 horas<\/span><\/p>\n<\/td>\n<td valign=\"top\">\n<p><span style=\"font-size:10.5pt\">20000L<\/span><\/p>\n<\/td>\n<td valign=\"top\">\n<p><span style=\"font-size:10.5pt\">0,3 bar<\/span><\/p>\n<\/td>\n<td valign=\"top\">\n<p><span style=\"font-size:10.5pt\">2500L\/h<\/span><\/p>\n<\/td>\n<td valign=\"top\">\n<p><span style=\"font-size:10.5pt\">1m\/4m<\/span><\/p>\n<\/td>\n<td valign=\"top\">\n<p><span style=\"font-size:10.5pt\">314mm<\/span><\/p>\n<\/td>\n<\/tr>\n<tr align=\"left\">\n<td valign=\"top\">\n<p><span style=\"font-size:10.5pt\">CUV-136<\/span><\/p>\n<\/td>\n<td valign=\"top\">\n<p><span style=\"font-size:10.5pt\">40W<\/span><\/p>\n<\/td>\n<td valign=\"top\">\n<p><span style=\"font-size:10.5pt\">36W<\/span><\/p>\n<\/td>\n<td valign=\"top\">\n<p><span style=\"font-size:10.5pt\">8000 horas<\/span><\/p>\n<\/td>\n<td valign=\"top\">\n<p><span style=\"font-size:10.5pt\">35000L<\/span><\/p>\n<\/td>\n<td valign=\"top\">\n<p><span style=\"font-size:10.5pt\">0,3 bar<\/span><\/p>\n<\/td>\n<td valign=\"top\">\n<p><span style=\"font-size:10.5pt\">4500L\/h<\/span><\/p>\n<\/td>\n<td valign=\"top\">\n<p><span style=\"font-size:10.5pt\">1m\/4m<\/span><\/p>\n<\/td>\n<td valign=\"top\">\n<p><span style=\"font-size:10.5pt\">490mm<\/span><\/p>\n<\/td>\n<\/tr>\n<tr align=\"left\">\n<td valign=\"top\">\n<p><span style=\"font-size:10.5pt;color:#0000ff\">CUV-155<\/span><\/p>\n<\/td>\n<td valign=\"top\">\n<p><span style=\"font-size:10.5pt;color:#0000ff\">58W<\/span><\/p>\n<\/td>\n<td valign=\"top\">\n<p><span style=\"font-size:10.5pt;color:#0000ff\">55W<\/span><\/p>\n<\/td>\n<td valign=\"top\">\n<p><span style=\"font-size:10.5pt;color:#0000ff\">8000 horas<\/span><\/p>\n<\/td>\n<td valign=\"top\">\n<p><span style=\"font-size:10.5pt;color:#0000ff\">50000L<\/span><\/p>\n<\/td>\n<td valign=\"top\">\n<p><span style=\"font-size:10.5pt;color:#0000ff\">0,3 bar<\/span><\/p>\n<\/td>\n<td valign=\"top\">\n<p><span style=\"font-size:10.5pt;color:#0000ff\">5000L\/h<\/span><\/p>\n<\/td>\n<td valign=\"top\">\n<p><span style=\"font-size:10.5pt;color:#0000ff\">1m\/4m<\/span><\/p>\n<\/td>\n<td valign=\"top\">\n<p><span style=\"font-size:10.5pt;color:#0000ff\">672mm<\/span><\/p>\n<\/td>\n<\/tr>\n<tr align=\"left\">\n<td valign=\"top\">\n<p><span style=\"font-size:10.5pt\">CUV-172<\/span><\/p>\n<\/td>\n<td valign=\"top\">\n<p><span style=\"font-size:10.5pt\">80W<\/span><\/p>\n<\/td>\n<td valign=\"top\">\n<p><span style=\"font-size:10.5pt\">72W<\/span><\/p>\n<\/td>\n<td valign=\"top\">\n<p><span style=\"font-size:10.5pt\">8000 horas<\/span><\/p>\n<\/td>\n<td valign=\"top\">\n<p><span style=\"font-size:10.5pt\">60000L<\/span><\/p>\n<\/td>\n<td valign=\"top\">\n<p><span style=\"font-size:10.5pt\">0.3 barra<\/span><\/p>\n<\/td>\n<td valign=\"top\">\n<p><span style=\"font-size:10.5pt\">6000L\/h<\/span><\/p>\n<\/td>\n<td valign=\"top\">\n<p><span style=\"font-size:10.5pt\">2m\/4m<\/span><\/p>\n<\/td>\n<td valign=\"top\">\n<p><span style=\"font-size:10.5pt\">980mm<\/span><\/p>\n<\/td>\n<\/tr>\n<\/tbody>\n<\/table>\n<\/p>\n<p><span style=\"font-family:arial, helvetica, sans-serif\"><strong><span style=\"font-size:24px\">4.Los usos:<\/span><\/strong><\/span><\/p>\n<p style=\"background:#ffffff\"><strong><span style=\"font-size:24px;font-family:comic sans ms,sans-serif;background-color:#ff0000\"><img loading=\"lazy\" decoding=\"async\" alt=\"SUNSUN 5000L\/h 58W Pond Aquarium UVC Esterilizador (CE, GS)\" src=\"http:\/\/localhost\/media\/import\/detail\/565604259_619.JPG\" width=\"600\" height=\"448\"><\/span><\/strong><\/p>\n<p style=\"background:#ffffff\"><strong><\/strong> <\/p>\n<p style=\"background:#ffffff\"><strong><span style=\"font-size:24px;font-family:comic sans ms,sans-serif;background-color:#ff0000\"><img loading=\"lazy\" decoding=\"async\" alt=\"Esterilizador UVC para acuario de estanque SUNSUN 5000L\/h 58W (CE,GS)\" src=\"http:\/\/localhost\/media\/import\/detail\/710140420_360.jpg\" width=\"601\" height=\"381\"><\/span><\/strong><\/p>\n<\/p>\n<div><\/div>\n","protected":false},"excerpt":{"rendered":"<p>Esterilizador UVC para acuario SUNSUN 5000L\/h 58W (CE,GS) CUV-155<\/p>\n","protected":false},"featured_media":5264,"comment_status":"open","ping_status":"closed","template":"","meta":[],"product_brand":[],"product_cat":[999],"product_tag":[],"class_list":{"0":"post-29276","1":"product","2":"type-product","3":"status-publish","4":"has-post-thumbnail","6":"product_cat-filtros-de-acuario","8":"first","9":"instock","10":"shipping-taxable","11":"purchasable","12":"product-type-simple","13":"add-to-wishlist-after_add_to_cart"},"jetpack_sharing_enabled":true,"_links":{"self":[{"href":"https:\/\/www.reefshops.com\/es\/wp-json\/wp\/v2\/product\/29276","targetHints":{"allow":["GET"]}}],"collection":[{"href":"https:\/\/www.reefshops.com\/es\/wp-json\/wp\/v2\/product"}],"about":[{"href":"https:\/\/www.reefshops.com\/es\/wp-json\/wp\/v2\/types\/product"}],"replies":[{"embeddable":true,"href":"https:\/\/www.reefshops.com\/es\/wp-json\/wp\/v2\/comments?post=29276"}],"wp:featuredmedia":[{"embeddable":true,"href":"https:\/\/www.reefshops.com\/es\/wp-json\/wp\/v2\/media\/5264"}],"wp:attachment":[{"href":"https:\/\/www.reefshops.com\/es\/wp-json\/wp\/v2\/media?parent=29276"}],"wp:term":[{"taxonomy":"product_brand","embeddable":true,"href":"https:\/\/www.reefshops.com\/es\/wp-json\/wp\/v2\/product_brand?post=29276"},{"taxonomy":"product_cat","embeddable":true,"href":"https:\/\/www.reefshops.com\/es\/wp-json\/wp\/v2\/product_cat?post=29276"},{"taxonomy":"product_tag","embeddable":true,"href":"https:\/\/www.reefshops.com\/es\/wp-json\/wp\/v2\/product_tag?post=29276"}],"curies":[{"name":"wp","href":"https:\/\/api.w.org\/{rel}","templated":true}]}}