{"id":29315,"date":"2016-09-25T23:28:25","date_gmt":"2016-09-25T23:28:25","guid":{"rendered":"https:\/\/www.reefshops.com\/product\/foco-sumergible-led-subacuatico-para-acuario-de-agua-312-w-cld-302\/"},"modified":"2025-03-16T07:05:06","modified_gmt":"2025-03-16T07:05:06","slug":"foco-sumergible-led-subacuatico-para-acuario-de-agua-312-w-cld-302","status":"publish","type":"product","link":"https:\/\/www.reefshops.com\/es\/producto\/foco-sumergible-led-subacuatico-para-acuario-de-agua-312-w-cld-302\/","title":{"rendered":"Foco sumergible LED subacu\u00e1tico para acuario de agua 3*1,2 W CLD-302"},"content":{"rendered":"<div style=\"clear:both\"><\/div>\n<p style=\"text-align:center\"><strong><span style=\"font-size:24px\"> Foco LED sumergible subacu\u00e1tico para acuario acu\u00e1tico 3*1,2 W CLD-302 <\/span><\/strong><\/p>\n<p style=\"text-align:center\">\n<div id=\"ali-anchor-AliPostDhMb-stham\" data-section-title=\"Descripci\u00f3n del producto\" data-section=\"AliPostDhMb-stham\">\n<div id=\"ali-title-AliPostDhMb-stham\" style=\"border-bottom:#ddd 1px solid;padding-bottom:8px;padding-top:8px;padding-left:0px;padding-right:0px\"><span style=\"font-weight:bold;color:#333;padding-bottom:8px;padding-top:8px;padding-left:10px;line-height:12px;padding-right:10px;background-color:#ddd\">Descripci\u00f3n del producto<\/span><\/div>\n<div style=\"padding-bottom:10px;padding-top:10px;padding-left:0px;padding-right:0px\">\n<\/div>\n<\/div>\n<p style=\"text-align:center\">\n<p><span style=\"font-size:14px\"><strong>Par\u00e1metros de las l\u00e1mparas LED terrestres y acu\u00e1ticas para acuarios<\/strong><\/span><\/p>\n<table class=\"aliDataTable\" border=\"5\">\n<tbody>\n<tr>\n<td>Modelo<\/td>\n<td>CLD-301<\/td>\n<td>CLD-302<\/td>\n<\/tr>\n<tr>\n<td>Voltaje<\/td>\n<td>220-24 0V\/50Hz<\/td>\n<td>220-240V\/50Hz<\/td>\n<\/tr>\n<tr>\n<td>Potencia<\/td>\n<td>3*1W<\/td>\n<td>3*1.2W<\/td>\n<\/tr>\n<tr>\n<td>\u00c1ngulo de haz<\/td>\n<td>30<sup>0<\/sup><\/td>\n<td>30<sup>0<\/sup><\/td>\n<\/tr>\n<tr>\n<td>Longitud del cable<\/td>\n<td>1,5 m\/3 m<\/td>\n<td>1,5 m\/3 m<\/td>\n<\/tr>\n<tr>\n<td>Potencia del transformador<\/td>\n<td>12 V CC 3.6VA<\/td>\n<td>12V DC 3.6VA<\/td>\n<\/tr>\n<tr>\n<td>Estaca de tierra<\/td>\n<td>3PCS<\/td>\n<td>3PCS<\/td>\n<\/tr>\n<tr>\n<td>Soporte con pies de goma<\/td>\n<td>3PCS<\/td>\n<td>3PCS<\/td>\n<\/tr>\n<tr>\n<td>Coloridos fundas<\/td>\n<td>8PCS<\/td>\n<td>8PCS<\/td>\n<\/tr>\n<tr>\n<td>Dimensiones<\/td>\n<td>?55*68mm<\/td>\n<td>?76*98mm<\/td>\n<\/tr>\n<\/tbody>\n<\/table>\n<p><span style=\"font-size:14px\"><strong>Se muestran todo tipo de tierra de acuario o l\u00e1mparas sumergibles<\/strong><\/span><\/p>\n<\/p>\n<p><img decoding=\"async\" alt=\"Foco LED sumergible subacu\u00e1tico para acuario acu\u00e1tico 3*1,2 W CLD-302\" src=\"http:\/\/localhost\/media\/import\/detail\/545969997_193.jpg\"><img decoding=\"async\" alt=\"Foco LED sumergible subacu\u00e1tico para acuario acu\u00e1tico 3*1.2W CLD-302\" src=\"http:\/\/localhost\/media\/import\/detail\/545969998_125.jpg\"><img decoding=\"async\" alt=\"Foco LED sumergible subacu\u00e1tico para acuario acu\u00e1tico 3*1.2W CLD-302\" src=\"http:\/\/localhost\/media\/import\/detail\/545969999_329.jpg\"><img decoding=\"async\" alt=\"Foco LED sumergible subacu\u00e1tico para acuario acu\u00e1tico 3*1,2 W CLD-302\" src=\"http:\/\/localhost\/media\/import\/detail\/545970000_102.jpg\"><img decoding=\"async\" alt=\"Foco LED sumergible subacu\u00e1tico para acuario acu\u00e1tico 3*1,2W CLD-302\" src=\"http:\/\/localhost\/media\/import\/detail\/545970001_220.jpg\"><img decoding=\"async\" alt=\"Foco LED sumergible subacu\u00e1tico para acuario acu\u00e1tico 3*1,2 W CLD-302\" src=\"http:\/\/localhost\/media\/import\/detail\/545970002_977.jpg\"><\/p>\n<p><img decoding=\"async\" alt=\"Foco LED sumergible subacu\u00e1tico para acuario acu\u00e1tico 3*1,2W CLD-302\" src=\"http:\/\/localhost\/media\/import\/detail\/545970316_675.jpg\"><\/p>\n<p><img decoding=\"async\" alt=\"Foco LED sumergible subacu\u00e1tico para acuario acu\u00e1tico 3*1,2W CLD-302\" src=\"http:\/\/localhost\/media\/import\/detail\/545970496_020.jpg\"><img decoding=\"async\" alt=\"Foco LED sumergible subacu\u00e1tico para acuario acu\u00e1tico 3*1,2 W CLD-302\" src=\"http:\/\/localhost\/media\/import\/detail\/545970497_146.jpg\"><\/p>\n<div id=\"ali-anchor-AliPostDhMb-bw4en\" style=\"padding-top:8px\" data-section-title=\"Informaci\u00f3n de la empresa\" data-section=\"AliPostDhMb-bw4en\"> <\/div>\n","protected":false},"excerpt":{"rendered":"<p>Foco sumergible LED subacu\u00e1tico para acuario de agua 3*1,2 W CLD-302<\/p>\n","protected":false},"featured_media":5342,"comment_status":"open","ping_status":"closed","template":"","meta":[],"product_brand":[],"product_cat":[1211],"product_tag":[],"class_list":{"0":"post-29315","1":"product","2":"type-product","3":"status-publish","4":"has-post-thumbnail","6":"product_cat-iluminacion-y-amp-suministros","8":"first","9":"instock","10":"shipping-taxable","11":"purchasable","12":"product-type-simple","13":"add-to-wishlist-after_add_to_cart"},"jetpack_sharing_enabled":true,"_links":{"self":[{"href":"https:\/\/www.reefshops.com\/es\/wp-json\/wp\/v2\/product\/29315","targetHints":{"allow":["GET"]}}],"collection":[{"href":"https:\/\/www.reefshops.com\/es\/wp-json\/wp\/v2\/product"}],"about":[{"href":"https:\/\/www.reefshops.com\/es\/wp-json\/wp\/v2\/types\/product"}],"replies":[{"embeddable":true,"href":"https:\/\/www.reefshops.com\/es\/wp-json\/wp\/v2\/comments?post=29315"}],"wp:featuredmedia":[{"embeddable":true,"href":"https:\/\/www.reefshops.com\/es\/wp-json\/wp\/v2\/media\/5342"}],"wp:attachment":[{"href":"https:\/\/www.reefshops.com\/es\/wp-json\/wp\/v2\/media?parent=29315"}],"wp:term":[{"taxonomy":"product_brand","embeddable":true,"href":"https:\/\/www.reefshops.com\/es\/wp-json\/wp\/v2\/product_brand?post=29315"},{"taxonomy":"product_cat","embeddable":true,"href":"https:\/\/www.reefshops.com\/es\/wp-json\/wp\/v2\/product_cat?post=29315"},{"taxonomy":"product_tag","embeddable":true,"href":"https:\/\/www.reefshops.com\/es\/wp-json\/wp\/v2\/product_tag?post=29315"}],"curies":[{"name":"wp","href":"https:\/\/api.w.org\/{rel}","templated":true}]}}