{"id":29325,"date":"2016-09-25T23:28:26","date_gmt":"2016-09-25T23:28:26","guid":{"rendered":"https:\/\/www.reefshops.com\/product\/nuevo-bomba-de-filtro-clarificador-uv-para-acuario-flujo-ajustable-jtp-5000\/"},"modified":"2025-03-16T07:05:08","modified_gmt":"2025-03-16T07:05:08","slug":"nuevo-bomba-de-filtro-clarificador-uv-para-acuario-flujo-ajustable-jtp-5000","status":"publish","type":"product","link":"https:\/\/www.reefshops.com\/es\/producto\/nuevo-bomba-de-filtro-clarificador-uv-para-acuario-flujo-ajustable-jtp-5000\/","title":{"rendered":"Nuevo Bomba de filtro clarificador UV para acuario, flujo ajustable, JTP-5000 +"},"content":{"rendered":"<div><\/div>\n<p style=\"text-align: center\"><span style=\"font-size: 18px\"><strong><span style=\"color: #ff0000;font-size: 24px\"> Nueva bomba de filtro clarificador UV para acuario de flujo ajustable<\/span> <\/strong><\/span><\/p>\n<p style=\"text-align: center\">\n<p style=\"text-align: center\"><span style=\"color: #000000\"><strong><span style=\"font-size: 14px\">1. Alta eficiencia y ahorro de energ\u00eda de la bomba de frecuencia variable y fuerte efecto de esterilizaci\u00f3n<\/span><\/strong><\/span><\/p>\n<p style=\"text-align: center\"><span style=\"color: #000000;font-family: book antiqua,palatino\"><strong><span style=\"font-size: 14px\">L\u00e1mpara UV de la combinaci\u00f3n perfecta.<\/span><\/strong><\/span><\/p>\n<p style=\"text-align: centro\"><span style=\"color: #000000;font-family: book antiqua,palatino\"><strong><span style=\"font-size: 14px\">2. Dise\u00f1o de estructura compacta.<\/span><\/strong><\/span><\/p>\n<p style=\"text-align: center\"><span style=\"color: #000000;font-family: book antiqua,palatino\"><strong><span style=\"font-size: 14px\">3. Tanto agua dulce como de mar, operaci\u00f3n m\u00e1s f\u00e1cil, m\u00e1s conveniente de usar.<\/span><\/strong><\/span><\/p>\n<p style=\"text-align: center\"><span style=\"color: #000000;font-family: book antiqua,palatino\"><strong><span style=\"font-size: 14px\">4. Puede regular el flujo para maximizar la esterilizaci\u00f3n por filtraci\u00f3n.<\/span><\/strong><\/span><\/p>\n<p style=\"text-align: center\"><span style=\"color: #000000;font-family: book antiqua,palatino\"><strong><span style=\"font-size: 14px\">5. Adecuado para peceras de drag\u00f3n de alta calidad y compatible con el uso del estanque.<\/span><\/strong><\/span><\/p>\n<p style=\"text-align: center\">\n<p style=\"text-align: center\"><span style=\"font-size: 14px;color: #000080\"><strong>Hay tantas bombas de filtraci\u00f3n UV para acuarios aqu\u00ed, lo que garantiza que pueda encontrar <\/strong><\/span><\/p>\n<p style=\"text-align: center\"><span style=\"font-size: 14px;color: #000080\"><strong>el derecho<\/strong><\/span><span style=\"color: #000080\"><span style=\"font-size: 14px\"><strong> uno que <\/strong><\/span><span style=\"font-size: 14px\"><strong>realmente \u00a1quiero!<\/strong><\/span><\/span><\/p>\n<p style=\"text-align: center\"><span style=\"color: #000080\"> <\/span><\/p>\n<table class=\"aliDataTable\" border=\"4\">\n<tbody>\n<tr>\n<td>Modelo<\/td>\n<td>Voltaje<\/td>\n<td>Frecuencia<\/td>\n<td>Potencia<\/td>\n<td>H-max<\/td>\n<td>Salida<\/td>\n<td>Potencia UV<\/td>\n<td>Entrada Alto<\/td>\n<td>Dimensiones<\/td>\n<\/tr>\n<tr>\n<td>JTP-4000+UV<\/td>\n<td>110V\/220V\/240V<\/td>\n<td>50Hz\/60Hz<\/td>\n<p>25W<\/td>\n<td>3,2m<\/td>\n<td>4000L\/h<\/td>\n<td>9W<\/td>\n<td>65mm<\/td>\n<td>276*180*137mm<\/td>\n<\/tr>\n<tr>\n<td>JTP- 5000+UV<\/td>\n<td>110V\/220V\/240V<\/td>\n<td>50Hz\/60Hz<\/td>\n<td>30W<\/td>\n<td>3,6m<\/td>\n<td>5000L\/h<\/td>\n<td>9W<\/ td><\/p>\n<td>65mm<\/td>\n<td>276*180*137mm<\/td>\n<\/tr>\n<tr>\n<td>JTP-6000+UV<\/td>\n<td>110V\/220V\/240V<\/td>\n<td>50Hz\/60H z<\/td>\n<td>40W<\/td>\n<td>4,0m<\/td>\n<td>6000L\/h<\/td>\n<td>9W<\/td>\n<td>65mm<\/td>\n<td>276*180*137mm<\/td>\n<\/tr>\n<tr>\n<td>JTP-7000+UV<\/td>\n<td>110V\/220V\/240V<\/td>\n<td>50Hz\/60Hz<\/td>\n<td>50W<\/td>\n<td>4,4m<\/td>\n<td>7000L\/h<\/td>\n<td>9W<\/td>\n<td>65mm<\/td>\n<td>276*180*137mm<\/td>\n<\/tr>\n<tr>\n<td>JTP-8000+UV<\/td>\n<td>110V\/220V\/240V<\/td>\n<td> 50Hz\/60Hz<\/td>\n<td>60W<\/td>\n<td>4.8m<\/td>\n<td>8000L\/h<\/td>\n<td>9W<\/td>\n<td>65mm<\/td>\n<td>276*180*137mm<\/td>\n<p><\/ tr><\/p>\n<tr>\n<td>JTP-9000+UV<\/td>\n<td>110V\/220V\/240V<\/td>\n<td>50Hz\/60Hz<\/td>\n<td>70W<\/td>\n<td>5,2m<\/td>\n<td>9000L \/h<\/td>\n<td>9W<\/td>\n<td>65mm<\/td>\n<td>276*180*137mm<\/td>\n<\/tr>\n<tr>\n<td>JTP-10000+UV<\/td>\n<td>110V\/220V\/240V<\/td>\n<td>50Hz\/60Hz<\/td>\n<td>85W<\/td>\n<td>5.8m<\/td>\n<td>10000L\/h<\/td>\n<td>9W<\/td>\n<td>72mm<\/td>\n<td>276*200*14 4 mm<\/td>\n<\/tr>\n<tr>\n<td>JTP-12000+UV<\/td>\n<td>110V\/220V\/240V<\/td>\n<td>50Hz\/60Hz<\/td>\n<td>100W<\/td>\n<td>6,2m<\/ td><\/p>\n<td>12000L\/h<\/td>\n<td>9W<\/td>\n<td>72mm<\/td>\n<td>276*200*144mm<\/td>\n<\/tr>\n<tr>\n<td>JTP-15000+UV<\/td>\n<td>11 0V\/220V\/240V<\/td>\n<td>50Hz\/60Hz<\/td>\n<td>120W<\/td>\n<td>6,6m<\/td>\n<td>15000L\/h<\/td>\n<td>9W<\/td>\n<td>72mm<\/td>\n<td>276*200*144mm<\/td>\n<\/tr>\n<tr>\n<td>JTP-18000+UV<\/td>\n<td>110V\/220V\/240V<\/td>\n<td>50Hz\/60Hz<\/td>\n<td>150W<\/td>\n<td>7,0m<\/td>\n<td>18000L\/h<\/td>\n<td>9W<\/td>\n<td>72mm<\/td>\n<td>276*200*144mm<\/td>\n<\/tr>\n<\/tbody>\n<\/table>\n<p style=\"text-align: center\">\n<\/p>\n<p style=\"text-align: center\">\n<table class=\"aliDataTable\" style=\"margin-left: auto;height: 220px\" border=\"4\">\n<tbody>\n<tr>\n<td>Modelo<\/td>\n<td>Voltaje<\/td>\n<td>Frecuencia<\/td>\n<td>Potencia<\/td>\n<td>Potencia UV<\/td>\n<td>H-max<\/td>\n<td>Salida<\/td>\n<td>Adaptador de manguera<\/td>\n<td>Cable Longitud<\/td>\n<td>Dimensiones<\/td>\n<td>N.W.<\/td>\n<\/tr>\n<tr>\n<td>CUP-2000<\/td>\n<td>110V\/220V\/240V<\/td>\n<td>50Hz\/60Hz<\/td>\n<td>35W<\/td>\n<td>9W<\/td>\n<td>2.0m<\/td>\n<td>2300L\/h<\/td>\n<td>3\/4~1<\/td>\n<td>2*1,0 m<\/td>\n<td>280*180*119 mm<\/td>\n<td>2. 2kg<\/td>\n<\/tr>\n<tr>\n<td>CUP-3000<\/td>\n<td>110V\/220V\/240V<\/td>\n<td>50Hz\/60Hz<\/p>\n<td>45W<\/td>\n<td>9W<\/td>\n<td>2,5 m<\/td>\n<td>2700L\/h<\/td>\n<td>3\/4~1<\/td>\n<td>2 *1,0m<\/td>\n<td>280*180*119mm<\/td>\n<td>2,2kg<\/td>\n<\/tr>\n<tr>\n<td>CUP-4000<\/td>\n<td>110V\/220V\/240V<\/td>\n<td>50Hz\/60Hz<\/td>\n<td>55W<\/td>\n<td>9W<\/td>\n<td>2,8m<\/ td><\/p>\n<td>3800L\/h<\/td>\n<td>3\/4~1<\/td>\n<td>2*1,0 m<\/td>\n<td>280*180*119 mm<\/td>\n<td> 3,0 kg<\/td>\n<\/tr>\n<tr>\n<td>CUP-5000<\/td>\n<td>110V\/220V\/240V<\/td>\n<td>50Hz\/60Hz<\/td>\n<td>70W<\/td>\n<td>9W<\/td>\n<td>3,5 m<\/td>\n<td>4600L\/h<\/td>\n<td>3\/4~1<\/td>\n<td>2*1,0m<\/td>\n<td>280*180*119mm<\/td>\n<td>3,0kg<\/td>\n<\/tr>\n<tr>\n<td>CUP-6000<\/td>\n<td>110V\/220V\/240V<\/td>\n<td>50Hz\/60Hz<\/td>\n<td>95W<\/td>\n<td>9W<\/td>\n<td>4.0m<\/td>\n<td>5800L\/h<\/td>\n<td>3\/4~1<\/td>\n<td>2*1,0m<\/td>\n<td>280*180*119mm<\/td>\n<p>3,0 kg<\/td>\n<\/tr>\n<tr>\n<td>CUP-8000<\/td>\n<td>110V\/220V\/240V<\/td>\n<td>50Hz\/60H z<\/td>\n<td>140W<\/td>\n<td>9W<\/td>\n<td>5,0m<\/td>\n<td>6500L\/h<\/td>\n<td>3\/4~1<\/td>\n<td>2*1,0m<\/td>\n<td>280*180*119mm<\/td>\n<td>3,2kg<\/td>\n<\/tr>\n<\/tbody>\n<\/table>\n<p style=\"text-align: center\"><span style=\"font-size: 14px;color: #ff6600\"><strong><img decoding=\"async\" src=\"http:\/\/localhost\/media\/import\/detail\/537714014_165.jpg\" alt=\"Nueva bomba de filtro clarificador UV para acuario de flujo ajustable\"><\/strong><\/span><\/p>\n<p style=\"text-align: center\"><span style=\"font-size: 14px;color: #ff6600\"><strong><img loading=\"lazy\" decoding=\"async\" src=\"http:\/\/localhost\/media\/import\/detail\/537714017_851.jpg\" alt=\"Nueva bomba de filtro clarificador UV para acuario con flujo ajustable\" width=\"601\" height=\"418\"><\/strong><\/span><\/p>\n<p style=\"text-align: center\"><img loading=\"lazy\" decoding=\"async\" src=\"http:\/\/localhost\/media\/import\/detail\/537715344_981.jpg\" alt=\"Nueva bomba de filtro clarificador UV para acuario de flujo ajustable\" width=\"597\" height=\"453\"><\/p>\n<p style=\"text-align: center\"><span style=\"font-size: 14px;color: #ff6600\"><strong>Otros tipos de bombas de filtro para acuarios:<span style=\"color: #008000\">serie CUP<\/span><\/strong><\/span><\/p>\n<p style=\"text-align: center\"><span style=\"color: #ff6600;font-family: book antiqua,palatino\"><strong><span style=\"font-size: 14px\">1. Hace que la luz ultravioleta y la bomba de agua est\u00e9n bien conectadas y sean f\u00e1ciles de montar.<\/span><\/strong><\/span><\/p>\n<p style=\"text-align: center\"><span style=\"color: #ff6600;font-family: book antiqua,palatino\"><strong><span style=\"font-size: 14px\">2. Ahorro de energ\u00eda y muy bajo nivel de ruido, bomba de agua y luz ultravioleta sumergible.<\/span><\/strong><\/span><\/p>\n<p style=\"text-align: center\"><span style=\"color: #ff6600;font-family: book antiqua,palatino\"><strong><span style=\"font-size: 14px\">3. Este producto es principalmente adecuado para la circulaci\u00f3n de agua de tanques arowana de filtraci\u00f3n inferior.<\/span><\/strong><\/span><\/p>\n<p style=\"text-align: center\">\n<p style=\"text-align: center\"><span style=\"color: #ff6600;font-family: book antiqua,palatino\"><strong><span style=\"font-size: 14px\">4. Para no afectar la salida de la bomba, la luz ultravioleta se colocar\u00e1 en la entrada.<\/span><\/strong><\/span><\/p>\n<p style=\"text-align: center\"><span style=\"color: #ff6600;font-family: book antiqua,palatino\"><strong><span style=\"font-size: 14px\">5. Ajustador de dise\u00f1o especial, que puede ajustar f\u00e1cilmente la salida de luz UV para garantizar un buen resultado de la clarificaci\u00f3n UV.<\/span><\/strong><\/span><\/p>\n<p style=\"text-align: center\"><img decoding=\"async\" src=\"http:\/\/localhost\/media\/import\/detail\/537709279_628.jpg\" alt=\"Nueva bomba de filtro clarificador UV para acuario de flujo ajustable\"><\/p>\n<p style=\"text-align: center\"><span style=\"color: #ff6600\"><strong><span style=\"font-size: 14px\">Bomba de filtro de acuario: Filtraci\u00f3n+Esterilizaci\u00f3n<\/span><\/strong><\/span><\/p>\n<p style=\"text-align: center\"><img loading=\"lazy\" decoding=\"async\" src=\"http:\/\/localhost\/media\/import\/detail\/537712096_402.jpg\" alt=\"Nueva bomba de filtro clarificador UV de flujo ajustable para acuario\" width=\"599\" height=\"463\"><\/p>\n<p style=\"text-align: center\"><img decoding=\"async\" src=\"http:\/\/localhost\/media\/import\/detail\/537712099_694.jpg\" alt=\"Nueva bomba de filtro clarificador UV para acuario con flujo ajustable\"><\/p>\n<p style=\"text-align: center\">\n<\/p>\n<div id=\"ali-anchor-AliPostDhMb-5kam0\" style=\"padding-top: 8px\" data-section-title=\"Informaci\u00f3n de la empresa\" data-section=\"AliPostDhMb-5kam0\">\n<div id=\"ali-title-AliPostDhMb-5kam0\" style=\"padding: 8px 0\"><span style=\"color: #333;line-height: 12px\">Informaci\u00f3n de la empresa<\/span><\/div>\n<div style=\"padding: 10px 0\">\n<p><img decoding=\"async\" src=\"http:\/\/localhost\/media\/import\/detail\/HTB1K8C3JVXXXXcVXXXXq6xXFXXXq.jpg\" alt=\"Nueva bomba de filtro clarificador UV para acuario de flujo ajustable\"><\/p>\n<p><span style=\"font-size: 14px\"><strong><span style=\"color: #ff0000\">SUNSUN<\/span><\/strong> se centra en la fabricaci\u00f3n de equipos y productos acu\u00e1ticos para estanques durante m\u00e1s de 30 a\u00f1os. Nos hemos convertido en el l\u00edder y el mayor fabricante de productos acu\u00e1ticos y para estanques en China. Somos famosos en las siguientes industrias: instalaciones para acuarios, maquinaria para acuicultura, equipos industriales, etc. Aqu\u00ed esperamos establecer una asociaci\u00f3n mutuamente beneficiosa con usted para un ma\u00f1ana brillante.<\/span><\/p>\n<p><span style=\"font-size: 14px\"><img decoding=\"async\" src=\"http:\/\/localhost\/media\/import\/detail\/HTB14crLJVXXXXXIXpXXq6xXFXXXE.jpg\" alt=\"Nueva bomba de filtro clarificador UV para acuario de flujo ajustable\"><img decoding=\"async\" src=\"http:\/\/localhost\/media\/import\/detail\/HTB1n2qJJVXXXXa6XVXXq6xXFXXXq.jpg\" alt=\"Nueva bomba de filtro clarificador UV para acuario de flujo ajustable\"><img decoding=\"async\" src=\"http:\/\/localhost\/media\/import\/detail\/HTB1Q7i0JVXXXXX.XpXXq6xXFXXX7.jpg\" alt=\"Nueva bomba de filtro clarificador UV para acuario de flujo ajustable\"><img decoding=\"async\" src=\"http:\/\/localhost\/media\/import\/detail\/HTB1oLO.JVXXXXX6XXXXq6xXFXXXP.jpg\" alt=\"Nueva bomba de filtro clarificador UV para acuario de flujo ajustable\"><span> <\/span><\/span><\/p>\n<\/div>\n<\/div>\n<div id=\"ali-anchor-AliPostDhMb-t9vze\" style=\"padding-top: 8px\" data-section-title=\"Certificaciones\" data-section=\"AliPostDhMb-t9vze\">\n<div id=\"ali-title-AliPostDhMb-t9vze\" style=\"padding: 8px 0\"><span style=\"color: #333;line-height: 12px\">Certificaciones<\/span><\/div>\n<div style=\"padding: 10px 0\">\n<p><img decoding=\"async\" src=\"http:\/\/localhost\/media\/import\/detail\/HTB1PWyYJVXXXXbVXpXXq6xXFXXX4.jpg\" alt=\"Nueva bomba de filtro clarificador UV para acuario de flujo ajustable\"><span> <\/span><\/p>\n<\/div>\n<\/div>\n<div id=\"ali-anchor-AliPostDhMb-k667f\" style=\"padding-top: 8px\" data-section-title=\"Pago y env\u00edo\" data-section=\"AliPostDhMb-k667f\">\n<div id=\"ali-title-AliPostDhMb-k667f\"><span style=\"color: #333;line-height: 12px\">Pago y env\u00edo<\/span><\/div>\n<div style=\"padding: 10px 0\">\n<p><img decoding=\"async\" src=\"http:\/\/localhost\/media\/import\/detail\/HTB18NbTJVXXXXanXXXXq6xXFXXX4.jpg\" alt=\"Nueva bomba de filtro clarificador UV para acuario de flujo ajustable\"><span> <\/span><\/p>\n<\/div>\n<\/div>\n<p><span style=\"font-size: 14px\"><strong><br \/><\/strong><\/span><\/p>\n<div id=\"ali-anchor-AliPostDhMb-1z45q\" style=\"padding-top: 8px\" data-section-title=\"Nuestros servicios\">\n<div id=\"ali-title-AliPostDhMb-1z45q\"><span style=\"color: #333;line-height: 12px\">Nuestros servicios<\/span><\/div>\n<div style=\"padding: 10px 0\">\n<p><span style=\"font-size: 14px\">Prometemos<\/span><\/p>\n<p><span style=\"font-size: 14px\">1) Estamos muy contentos de que el cliente nos d\u00e9 alguna sugerencia sobre precios y productos.<\/span><br \/><span style=\"font-size: 14px\">2) Si tiene alguna pregunta, h\u00e1ganoslo saber primero por correo electr\u00f3nico o por tel\u00e9fono. Podemos resolverlo a tiempo.<\/span><br \/><span style=\"font-size: 14px\">3) Enviaremos muchos estilos nuevos cada semana a nuestros antiguos clientes.<\/span><br \/><span style=\"font-size: 14px\">4) Ofrecer a nuestros clientes los precios m\u00e1s bajos. Agilizar la compra y el pago procesos.<\/span><br \/><span style=\"font-size: 14px\">5) Entregar productos a nuestros clientes en todo el mundo con rapidez y precisi\u00f3n.<\/span><br \/><span style=\"font-size: 14px\">6) Garantizar la excelente calidad de nuestros productos <\/span><\/p>\n<\/div>\n<\/div>\n<div id=\"ali-anchor-AliPostDhMb-hvzld\" style=\"padding-top: 8px\" data-section-title=\"Preguntas frecuentes\" data-section=\"AliPostDhMb-hvzld\">\n<div id=\"ali-title-AliPostDhMb-hvzld\" style=\"padding: 8px 0\"><span style=\"color: #333;line-height: 12px\">Preguntas frecuentes<\/span><\/div>\n<div style=\"padding: 10px 0\">\n<p><span style=\"font-size: 14px\"> Compradores dudosos<\/span><br \/><span style=\"font-size: 14px\"> <\/span><br \/><span style=\"font-size: 14px\">R: \u00bfEs usted un fabricante o un comerciante? \u00bfempresa?<\/span><br \/><span style=\"font-size: 14px\">B: Somos un fabricante especializado en la producci\u00f3n de equipos para acuarios. Producto SUNSUN La \u00fanica <\/span><br \/><span style=\"font-size: 14px\"> plataforma de punto de venta de alibaba<\/span><\/p>\n<p><span style=\"font-size: 14px\">R: \u00bfTiene una garant\u00eda extendida?<\/span><br \/><span style=\"font-size: 14px\">B: S\u00ed, todos los productos ofrecen un servicio postventa de calidad con garant\u00eda de un a\u00f1o.<\/span><br \/><span style=\"font-size: 14px\"> <\/span><br \/><span style=\"font-size: 14px\">R: \u00bfAceptan pedidos OEM?<\/span><br \/><span style=\"font-size: 14px\">B: S\u00ed, tambi\u00e9n aceptamos OEM pedidos.<\/span><br \/><span style=\"font-size: 14px\"> <\/span><br \/><span style=\"font-size: 14px\"> R: \u00bfC\u00f3mo puedo obtener algunas muestras? <\/span><br \/><span style=\"font-size: 14px\">B: Es un honor para nosotros ofrecerle muestras. <\/span><\/p>\n<p><span style=\"font-size: 14px\">R: \u00bfC\u00f3mo le va a su f\u00e1brica con respecto al control de calidad? <\/span><br \/><span style=\"font-size: 14px\">B:\u00bbLa calidad es prioridad. Siempre damos gran importancia al control de calidad desde el principio hasta el final. Nuestra f\u00e1brica ha obtenido la autenticaci\u00f3n CE, GS, CCC.<\/span><br \/><span style=\"font-size: 14px\"> <\/span><br \/><span style=\"font-size: 14px;color: #0000ff\">\u00a1El pedido de muestra est\u00e1 disponible por primera vez! <\/span><br \/><span style=\"font-size: 14px;color: #0000ff\">\u00a1Esperamos su consulta!<\/span><\/p>\n<\/div>\n<\/div>\n<div id=\"ali-anchor-AliPostDhMb-mxyvg\" style=\"padding-top: 8px\" data-section-title=\"Inicio\" data-section=\"AliPostDhMb-mxyvg\">\n<div id=\"ali-title-AliPostDhMb-mxyvg\"><span style=\"color: #333\">Inicio<\/span><\/div>\n<div style=\"padding: 10px 0\">\n<p><a title=\"http:\/\/gzweierma.en.alibaba.com\/\" href=\"http:\/\/gzweierma.en.alibaba.com\/\"><img decoding=\"async\" src=\"http:\/\/localhost\/media\/import\/detail\/HTB1LAcGJFXXXXbzXpXXq6xXFXXXb.jpg\" alt=\"Nueva bomba de filtro clarificador UV para acuario de flujo ajustable\"><\/a><\/p>\n<\/div>\n<\/div>\n<div style=\"clear:both\"><\/div>\n","protected":false},"excerpt":{"rendered":"<p>Nuevo Bomba de filtro clarificador UV para acuario, flujo ajustable, JTP-5000 +<\/p>\n","protected":false},"featured_media":5362,"comment_status":"open","ping_status":"closed","template":"","meta":[],"product_brand":[],"product_cat":[999],"product_tag":[],"class_list":{"0":"post-29325","1":"product","2":"type-product","3":"status-publish","4":"has-post-thumbnail","6":"product_cat-filtros-de-acuario","8":"first","9":"instock","10":"shipping-taxable","11":"purchasable","12":"product-type-simple","13":"add-to-wishlist-after_add_to_cart"},"jetpack_sharing_enabled":true,"_links":{"self":[{"href":"https:\/\/www.reefshops.com\/es\/wp-json\/wp\/v2\/product\/29325","targetHints":{"allow":["GET"]}}],"collection":[{"href":"https:\/\/www.reefshops.com\/es\/wp-json\/wp\/v2\/product"}],"about":[{"href":"https:\/\/www.reefshops.com\/es\/wp-json\/wp\/v2\/types\/product"}],"replies":[{"embeddable":true,"href":"https:\/\/www.reefshops.com\/es\/wp-json\/wp\/v2\/comments?post=29325"}],"wp:featuredmedia":[{"embeddable":true,"href":"https:\/\/www.reefshops.com\/es\/wp-json\/wp\/v2\/media\/5362"}],"wp:attachment":[{"href":"https:\/\/www.reefshops.com\/es\/wp-json\/wp\/v2\/media?parent=29325"}],"wp:term":[{"taxonomy":"product_brand","embeddable":true,"href":"https:\/\/www.reefshops.com\/es\/wp-json\/wp\/v2\/product_brand?post=29325"},{"taxonomy":"product_cat","embeddable":true,"href":"https:\/\/www.reefshops.com\/es\/wp-json\/wp\/v2\/product_cat?post=29325"},{"taxonomy":"product_tag","embeddable":true,"href":"https:\/\/www.reefshops.com\/es\/wp-json\/wp\/v2\/product_tag?post=29325"}],"curies":[{"name":"wp","href":"https:\/\/api.w.org\/{rel}","templated":true}]}}