{"id":29354,"date":"2016-09-25T23:28:27","date_gmt":"2016-09-25T23:28:27","guid":{"rendered":"https:\/\/www.reefshops.com\/product\/bomba-de-agua-para-pecera-sunsun-hqb-hqb-5500\/"},"modified":"2025-03-16T07:05:15","modified_gmt":"2025-03-16T07:05:15","slug":"bomba-de-agua-para-pecera-sunsun-hqb-hqb-5500","status":"publish","type":"product","link":"https:\/\/www.reefshops.com\/es\/producto\/bomba-de-agua-para-pecera-sunsun-hqb-hqb-5500\/","title":{"rendered":"Bomba de agua para pecera SUNSUN HQB HQB-5500"},"content":{"rendered":"<div style=\"clear:both\"><\/div>\n<p><span style=\"font-size:18px\"><strong><span style=\"font-family:'Times New Roman'\">Par\u00e1metro<\/span><\/strong><\/span><\/p>\n<p><span style=\"font-size:10.5pt;font-family:'Times New Roman'\">&#8211; Voltaje (V): 110\/220\/240<\/span><span style=\"font-size:10.5pt;font-family:'Times New Roman'\"><br \/><\/span><span style=\"font-size:10.5pt;font-family:'Times New Roman'\">&#8211; Frecuencia (Hz): 50\/60<\/span><span style=\"font-size:10.5pt;font-family:'Times New Roman'\"><br \/><\/span><span style=\"font-size:10.5pt;font-family:'Times New Roman'\">&#8211; Potencia (W): 200<\/span><\/p>\n<p><span style=\"font-size:10.5pt;font-family:'Times New Roman'\">&#8211; H-Max (m): 5,5<\/span><\/p>\n<p><span style=\"font-size:10.5pt;font-family:'Times New Roman'\">&#8211; Salida (L\/H): 6800<\/span><\/p>\n<p><span style=\"font-size:10.5pt;font-family:'Times New Roman'\">&#8211; Peso (kg): 4,0<\/span><\/p>\n<p><span style=\"font-size:10.5pt;font-family:'Times New Roman'\">&#8211; Dimensiones (L*B*H): 200*140*160mm<\/span><\/p>\n<\/p>\n<p style=\"background:#ffffff\"><span style=\"font-size:18px\"><strong><span style=\"font-family:'Times New Roman';color:#2f2f2f\">Caracter\u00edsticas<\/span><\/strong><\/span><\/p>\n<\/p>\n<p><span style=\"font-family:times new roman,times\"><span style=\"font-size:11pt\">1.<\/span><span style=\"font-size:11pt\">I<\/span><span style=\"font-size:11pt\">Utiliza un n\u00facleo de eje resistente al desgaste de alta resistencia,<\/span><span style=\"font-size:11pt\"> <\/span><span style=\"font-size:11pt\">tiene un ahorro de energ\u00eda altamente eficiente y una larga vida \u00fatil<\/span><span style=\"font-size:11pt\">.<\/span><\/span><\/p>\n<\/p>\n<p><span style=\"font-family:times new roman,times\"><span style=\"font-size:11pt\">2.<\/span><span style=\"font-size:11pt\">I<\/span><span style=\"font-size:11pt\">t tiene buena<\/span><span style=\"font-size:11pt\">d<\/span><span style=\"font-size:11pt\"> resistente al agua,<\/span><span style=\"font-size:11pt\"> <\/span><span style=\"font-size:11pt\">alta resistencia diel\u00e9ctrica,<\/span><span style=\"font-size:11pt\"> <\/span><span style=\"font-size:11pt\">es seguro y confiable<\/span><span style=\"font-size:11pt\">.<\/span><\/span><\/p>\n<\/p>\n<p><span style=\"font-family:times new roman,times\"><span style=\"font-size:11pt\">3.<\/span><span style=\"font-size:11pt\">No<\/span><span style=\"font-size:11pt\">t he dise\u00f1ado con centr\u00edfuga impulsor, tiene alto flujo y alta presi\u00f3n<\/span><\/span><\/p>\n<\/p>\n<p><span style=\"font-family:times new roman,times\"><span style=\"font-size:11pt\">4.<\/span><span style=\"font-size:11pt\">I<\/span><span style=\"font-size:11pt\">t tiene varias funciones<\/span><span style=\"font-size:11pt\"> tales<\/span><span style=\"font-size:11pt\"> como bombeo, filtro y ox\u00edgeno<\/span><span style=\"font-size:11pt\">.<\/span><\/span><\/p>\n<\/p>\n<p><span style=\"font-family:times new roman,times\"><span style=\"font-size:11pt\">5.<\/span><span style=\"font-size:11pt\">A<\/span><span style=\"font-size:11pt\">aplicar a acuarios, estanques con rocallas <\/span><span style=\"font-size:11pt\">,<\/span><span style=\"font-size:11pt\">circulaci\u00f3n de agua <\/span><span style=\"font-size:11pt\">y<\/span><span style=\"font-size:11pt\"> coincidencia de dispositivos.<\/span><\/span><\/p>\n<\/p>\n<p><span style=\"font-size:11pt;font-family:'Times New Roman'\">Estupenda bomba de uso general con caudal de salida de agua que te sorprender\u00e1. Definir<\/span><span style=\"font-size:11pt\">i<\/span><span style=\"font-size:11pt;font-family:'Times New Roman'\">un pozo bien construido para ser utilizado y no un tipo de bomba <\/span><\/p>\n<p><span style=\"font-size:11pt;font-family:'Times New Roman'\">barata y \u00abdesechable\u00bb. Tambi\u00e9n se puede utilizar en aplicaciones de acuarios a gran escala, as\u00ed como en estanques de jardines y jardines.<\/span><\/p>\n<p><span style=\"font-size:10.5pt;font-family:'Times New Roman'\"><img decoding=\"async\" alt=\"Bomba de agua para peceras SUNSUN HQB\" src=\"http:\/\/localhost\/media\/import\/detail\/521338862_389.jpg\"><img decoding=\"async\" alt=\"Bomba de agua para pecera SUNSUN HQB\" src=\"http:\/\/localhost\/media\/import\/detail\/521338865_215.jpg\"><img decoding=\"async\" alt=\"Bomba de agua para pecera SUNSUN HQB\" src=\"http:\/\/localhost\/media\/import\/detail\/521338866_231.jpg\"><img decoding=\"async\" alt=\"Bomba de agua para pecera SUNSUN HQB\" src=\"http:\/\/localhost\/media\/import\/detail\/521339213_612.jpg\"><img decoding=\"async\" alt=\"Bomba de agua para pecera SUNSUN HQB\" src=\"http:\/\/localhost\/media\/import\/detail\/521339897_880.jpg\"><\/span><\/p>\n<p><p><span style=\"font-size:10.5pt;font-family:'Times New Romano';color:#ff0000\"><\/span><\/p>\n<\/p>\n<div style=\"clear:both\"><\/div>\n<p><strong><span style=\"color:#333333\"><\/span><\/strong><\/p>\n","protected":false},"excerpt":{"rendered":"<p>Bomba de agua para pecera SUNSUN HQB HQB-5500<\/p>\n","protected":false},"featured_media":5419,"comment_status":"open","ping_status":"closed","template":"","meta":[],"product_brand":[],"product_cat":[1146],"product_tag":[],"class_list":{"0":"post-29354","1":"product","2":"type-product","3":"status-publish","4":"has-post-thumbnail","6":"product_cat-bombas-de-agua-y-cabezales-de-potencia","8":"first","9":"instock","10":"shipping-taxable","11":"purchasable","12":"product-type-simple","13":"add-to-wishlist-after_add_to_cart"},"jetpack_sharing_enabled":true,"_links":{"self":[{"href":"https:\/\/www.reefshops.com\/es\/wp-json\/wp\/v2\/product\/29354","targetHints":{"allow":["GET"]}}],"collection":[{"href":"https:\/\/www.reefshops.com\/es\/wp-json\/wp\/v2\/product"}],"about":[{"href":"https:\/\/www.reefshops.com\/es\/wp-json\/wp\/v2\/types\/product"}],"replies":[{"embeddable":true,"href":"https:\/\/www.reefshops.com\/es\/wp-json\/wp\/v2\/comments?post=29354"}],"wp:featuredmedia":[{"embeddable":true,"href":"https:\/\/www.reefshops.com\/es\/wp-json\/wp\/v2\/media\/5419"}],"wp:attachment":[{"href":"https:\/\/www.reefshops.com\/es\/wp-json\/wp\/v2\/media?parent=29354"}],"wp:term":[{"taxonomy":"product_brand","embeddable":true,"href":"https:\/\/www.reefshops.com\/es\/wp-json\/wp\/v2\/product_brand?post=29354"},{"taxonomy":"product_cat","embeddable":true,"href":"https:\/\/www.reefshops.com\/es\/wp-json\/wp\/v2\/product_cat?post=29354"},{"taxonomy":"product_tag","embeddable":true,"href":"https:\/\/www.reefshops.com\/es\/wp-json\/wp\/v2\/product_tag?post=29354"}],"curies":[{"name":"wp","href":"https:\/\/api.w.org\/{rel}","templated":true}]}}