{"id":29355,"date":"2016-09-25T23:28:27","date_gmt":"2016-09-25T23:28:27","guid":{"rendered":"https:\/\/www.reefshops.com\/product\/bomba-de-agua-de-descarga-para-piscina-280w-ylb-7500a\/"},"modified":"2025-03-16T07:05:15","modified_gmt":"2025-03-16T07:05:15","slug":"bomba-de-agua-de-descarga-para-piscina-280w-ylb-7500a","status":"publish","type":"product","link":"https:\/\/www.reefshops.com\/es\/producto\/bomba-de-agua-de-descarga-para-piscina-280w-ylb-7500a\/","title":{"rendered":"Bomba de agua de descarga para piscina 280W YLB-7500A"},"content":{"rendered":"<div style=\"clear:both\"><\/div>\n<p><span style=\"color:#000080\"><strong><span style=\"font-size:18px\"><span style=\"font-size:16px\">Bomba de descarga de agua para piscina 280W YLB-7500A <\/span><\/span><em><span style=\"font-size:18px\"> <\/span><\/em><\/strong><\/span><strong><em><span style=\"font-size:18px\"><span style=\"color:#ff0000\"> <\/span><span style=\"color:#ff0000\"> <\/span><\/span><\/em><\/strong><\/p>\n<p><em><\/em> <\/p>\n<p><span style=\"color:#ff0000\"><em><strong><\/strong><\/em><span style=\"font-size:12px;color:#000000\">1. El rotor est\u00e1 fabricado en <strong>material especial, de f\u00e1cil arranque y bajo consumo energ\u00e9tico<\/strong>. <\/span><\/span><\/p>\n<p><span style=\"font-size:12px;color:#ff0000\"><span style=\"color:#000000\">2. Eje cer\u00e1mico de alta calidad y localizador de eje, <strong>duradero y silencioso<\/strong>.<\/span><\/span><\/p>\n<p><span style=\"font-size:12px;color:#ff0000\"><span style=\"color:#000000\">3. Motor completamente sellado y resistente al agua, <strong>seguro y confiable<\/strong><\/span><\/span><span style=\"font-size:12px\"><span style=\"color:#ff0000\"><span style=\"color:#000000\">.<\/span><\/span><\/span><\/p>\n<p><span style=\"font-size:12px;color:#ff0000\"><span>4. Motor as\u00edncrono est\u00e1ndar de alto rendimiento con nuevo dise\u00f1o y ahorro de energ\u00eda <\/strong><\/span><\/span><\/p>\n<p><span style=\"font-size:12px;color:#ff0000\"><span style=\"color:#000000\"><strong>hasta un 50% <\/strong><\/span><\/span><strong>que antes<\/strong><span style=\"font-family:Verdana, Arial, Helv\u00e9tica, sans-serif\">.<\/span><\/p>\n<p>5. Protecci\u00f3n de interruptor flotante, <strong>uso m\u00e1s seguro<\/strong>.<\/p>\n<p>6.<strong>Jard\u00edn acu\u00e1tico<\/strong><strong>, circulaci\u00f3n de agua en rocalla, suministro y descarga de agua en piscina<\/strong>.<\/p>\n<\/p>\n<p><span style=\"font-size:12px\"><strong><span style=\"color:#ff0000\"><span style=\"color:#000000\">Serie YLB par\u00e1metros<\/span><\/span><\/strong> <\/span><\/p>\n<table class=\"aliDataTable\">\n<tbody>\n<tr align=\"left\">\n<td style=\"background:#ffffff;width:67.85pt\" valign=\"middle\">\n<p><span style=\"font-size:9pt;font-family:'Verdana';background:#ffffff;color:#000000\">Modelo<\/span><\/p>\n<\/td>\n<td style=\"width:63pt\" valign=\"middle\">\n<p><span style=\"font-size:9pt;font-family:'Verdana';background:#ffffff;color:#000000\">Voltaje<\/span><\/p>\n<\/td>\n<td style=\"width:62.25pt\" valign=\"middle\">\n<p><span style=\"font-size:9pt;font-family:'Verdana';background:#ffffff;color:#000000\">Frecuencia<\/span><\/p>\n<\/td>\n<td style=\"width:39.75pt\" valign=\"middle\">\n<p style=\"background:#ffffff\"><span style=\"font-size:9pt;font-family:'Verdana';background:#ffffff;color:#000000\">Potencia<\/span><\/p>\n<\/td>\n<td style=\"background:#ffffff;width:42.65pt\" valign=\"middle\">\n<p><span style=\"font-size:9pt;font-family:'Verdana';background:#ffffff;color:#000000\">H-max<\/span><\/p>\n<\/td>\n<td style=\"width:55.7pt\" valign=\"middle\">\n<p><span style=\"font-size:9pt;font-family:'Verdana';background:#ffffff;color:#000000\">Salida<\/span><\/p>\n<\/td>\n<td style=\"width:99.05pt\" valign=\"middle\">\n<p style=\"background:#ffffff\"><span style=\"font-size:9pt;font-family:'Verdana';background:#ffffff;color:#000000\">Dimensiones<\/span><\/p>\n<\/td>\n<\/tr>\n<tr align=\"left\">\n<td style=\"background:#ffffff\" valign=\"middle\">\n<p><span style=\"font-size:9pt;font-family:'Verdana';color:#000000\">YLB-5000A<\/span><\/p>\n<\/td>\n<td valign=\"middle\">\n<p><span style=\"font-size:9pt;font-family:'Verdana';color:#000000\">110V\/240V<\/span><\/p>\n<\/td>\n<td valign=\"middle\">\n<p><span style=\"font-size:9pt;font-family:'Verdana';color:#000000\">50Hz\/60Hz<\/span><\/p>\n<\/td>\n<td valign=\"middle\">\n<p><span style=\"font-size:9pt;font-family:'Verdana';color:#000000\">95W<\/span><\/p>\n<\/td>\n<td valign=\"middle\">\n<p><span style=\"font-size:9pt;font-family:'Verdana';color:#000000\">4,2 m<\/span><\/p>\n<\/td>\n<td valign=\"middle\">\n<p><span style=\"font-size:9pt;font-family:'Verdana';color:#000000\">8000L\/h<\/span><\/p>\n<\/td>\n<td valign=\"middle\">\n<p><span style=\"font-size:9pt;font-family:'Verdana';color:#000000\">200*110*139mm<\/span><\/p>\n<\/td>\n<\/tr>\n<tr align=\"left\">\n<td valign=\"middle\">\n<p><span style=\"font-size:9pt;font-family:'Verdana';color:#000000\">YLB-5500A<\/span><\/p>\n<\/td>\n<td valign=\"middle\">\n<p><span style=\"font-size:9pt;font-family:'Verdana';color:#000000\">110V\/240V<\/span><\/p>\n<\/td>\n<td valign=\"middle\">\n<p><span style=\"font-size:9pt;font-family:'Verdana';color:#000000\">50Hz\/60Hz<\/span><\/p>\n<\/td>\n<td valign=\"middle\">\n<p><span style=\"font-size:9pt;font-family:'Verdana';color:#000000\">95W<\/span><\/p>\n<\/td>\n<td valign=\"middle\">\n<p><span style=\"font-size:9pt;font-family:'Verdana';color:#000000\">5,5 m<\/span><\/p>\n<\/td>\n<td valign=\"middle\">\n<p><span style=\"font-size:9pt;font-family:'Verdana';color:#000000\">6500L\/h<\/span><\/p>\n<\/td>\n<td valign=\"middle\">\n<p><span style=\"font-size:9pt;font-family:'Verdana';color:#000000\">200*110*139mm<\/span><\/p>\n<\/td>\n<\/tr>\n<tr align=\"left\">\n<td valign=\"middle\">\n<p><span style=\"font-size:9pt;font-family:'Verdana';color:#000000\">YLB-6000A<\/span><\/p>\n<\/td>\n<td valign=\"middle\">\n<p><span style=\"font-size:9pt;font-family:'Verdana';color:#000000\">110V\/240V<\/span><\/p>\n<\/td>\n<td valign=\"middle\">\n<p><span style=\"font-size:9pt;font-family:'Verdana';color:#000000\">50Hz\/60Hz<\/span><\/p>\n<\/td>\n<td valign=\"middle\">\n<p><span style=\"font-size:9pt;font-family:'Verdana';color:#000000\">155W<\/span><\/p>\n<\/td>\n<td valign=\"middle\">\n<p><span style=\"font-size:9pt;font-family:'Verdana';color:#000000\">5,2 m<\/span><\/p>\n<\/td>\n<td valign=\"middle\">\n<p><span style=\"font-size:9pt;font-family:'Verdana';color:#000000\">10000L\/h<\/span><\/p>\n<\/td>\n<td valign=\"middle\">\n<p><span style=\"font-size:9pt;font-family:'Verdana';color:#000000\">287*128*157mm<\/span><\/p>\n<\/td>\n<\/tr>\n<tr align=\"left\">\n<td valign=\"middle\">\n<p><span style=\"font-size:9pt;font-family:'Verdana';color:#000000\">YLB-6500A<\/span><\/p>\n<\/td>\n<td valign=\"middle\">\n<p><span style=\"font-size:9pt;font-family:'Verdana';color:#000000\">110V\/240V<\/span><\/p>\n<\/td>\n<td valign=\"middle\">\n<p><span style=\"font-size:9pt;font-family:'Verdana';color:#000000\">50Hz\/60Hz<\/span><\/p>\n<\/td>\n<td valign=\"middle\">\n<p><span style=\"font-size:9pt;font-family:'Verdana';color:#000000\">155W<\/span><\/p>\n<\/td>\n<td valign=\"middle\">\n<p><span style=\"font-size:9pt;font-family:'Verdana';color:#000000\">6,5 m<\/span><\/p>\n<\/td>\n<td valign=\"middle\">\n<p><span style=\"font-size:9pt;font-family:'Verdana';color:#000000\">7500L\/h<\/span><\/p>\n<\/td>\n<td valign=\"middle\">\n<p><span style=\"font-size:9pt;font-family:'Verdana';color:#000000\">287*128*157mm<\/span><\/p>\n<\/td>\n<\/tr>\n<tr align=\"left\">\n<td valign=\"middle\">\n<p><span style=\"font-size:9pt;font-family:'Verdana';color:#000000\">YLB-7500A<\/span><\/p>\n<\/td>\n<td valign=\"middle\">\n<p><span style=\"font-size:9pt;font-family:'Verdana';color:#000000\">110V\/240V<\/span><\/p>\n<\/td>\n<td valign=\"middle\">\n<p><span style=\"font-size:9pt;font-family:'Verdana';color:#000000\">50Hz\/60Hz<\/span><\/p>\n<\/td>\n<td valign=\"middle\">\n<p><span style=\"font-size:9pt;font-family:'Verdana';color:#000000\">280W<\/span><\/p>\n<\/td>\n<td valign=\"middle\">\n<p><span style=\"font-size:9pt;font-family:'Verdana';color:#000000\">7,5 m<\/span><\/p>\n<\/td>\n<td valign=\"middle\">\n<p><span style=\"font-size:9pt;font-family:'Verdana';color:#000000\">14000L\/h<\/span><\/p>\n<\/td>\n<td valign=\"middle\">\n<p><span style=\"font-size:9pt;font-family:'Verdana';color:#000000\">310*150*180mm <\/span><\/p>\n<\/td>\n<\/tr>\n<tr align=\"left\">\n<td valign=\"middle\">\n<p><span style=\"font-size:9pt;font-family:'Verdana';color:#000000\">YLB-8500A<\/span><\/p>\n<\/td>\n<td valign=\"middle\">\n<p><span style=\"font-size:9pt;font-family:'Verdana';color:#000000\">110V\/240V<\/span><\/p>\n<\/td>\n<td valign=\"middle\">\n<p><span style=\"font-size:9pt;font-family:'Verdana';color:#000000\">50Hz\/60Hz<\/span><\/p>\n<\/td>\n<td valign=\"middle\">\n<p><span style=\"font-size:9pt;font-family:'Verdana';color:#000000\">260W<\/span><\/p>\n<\/td>\n<td valign=\"middle\">\n<p><span style=\"font-size:9pt;font-family:'Verdana';color:#000000\">8,5 m<\/span><\/p>\n<\/td>\n<td valign=\"middle\">\n<p><span style=\"font-size:9pt;font-family:'Verdana';color:#000000\">10000L\/h<\/span><\/p>\n<\/td>\n<td valign=\"middle\">\n<p><span style=\"font-size:9pt;font-family:'Verdana';color:#000000\">310*150*180mm <\/span><\/p>\n<\/td>\n<\/tr>\n<tr align=\"left\">\n<td valign=\"middle\">\n<p><span style=\"font-size:9pt;font-family:'Verdana';color:#000000\">YLB-9500A<\/span><\/p>\n<\/td>\n<td valign=\"middle\">\n<p><span style=\"font-size:9pt;font-family:'Verdana';color:#000000\">110V\/240V<\/span><\/p>\n<\/td>\n<td valign=\"middle\">\n<p><span style=\"font-size:9pt;font-family:'Verdana';color:#000000\">50Hz\/60Hz<\/span><\/p>\n<\/td>\n<td valign=\"middle\">\n<p><span style=\"font-size:9pt;font-family:'Verdana';color:#000000\">320W<\/span><\/p>\n<\/td>\n<td valign=\"middle\">\n<p><span style=\"font-size:9pt;font-family:'Verdana';color:#000000\">9,5 m<\/span><\/p>\n<\/td>\n<td valign=\"middle\">\n<p><span style=\"font-size:9pt;font-family:'Verdana';color:#000000\">10000L\/h<\/span><\/p>\n<\/td>\n<td valign=\"middle\">\n<p><span style=\"font-size:9pt;font-family:'Verdana';color:#000000\">310*150*180mm <\/span><\/p>\n<\/td>\n<\/tr>\n<tr align=\"left\">\n<td valign=\"middle\">\n<p><span style=\"font-size:9pt;font-family:'Verdana';color:#000000\">YLB-10000A<\/span><\/p>\n<\/td>\n<td valign=\"middle\">\n<p><span style=\"font-size:9pt;font-family:'Verdana';color:#000000\">110V\/240V<\/span><\/p>\n<\/td>\n<td valign=\"middle\">\n<p><span style=\"font-size:9pt;font-family:'Verdana';color:#000000\">50Hz\/60Hz<\/span><\/p>\n<\/td>\n<td valign=\"middle\">\n<p><span style=\"font-size:9pt;font-family:'Verdana';color:#000000\">320W<\/span><\/p>\n<\/td>\n<td valign=\"middle\">\n<p><span style=\"font-size:9pt;font-family:'Verdana';color:#000000\">6,5 m<\/span><\/p>\n<\/td>\n<td valign=\"middle\">\n<p><span style=\"font-size:9pt;font-family:'Verdana';color:#000000\">18000L\/h<\/span><\/p>\n<\/td>\n<td valign=\"middle\">\n<p style=\"background:#ffffff\"><span style=\"font-size:9pt;font-family:'Verdana';background:#ffffff;color:#000000\"><span style=\"font-family:Verdana\">310*150*180 mm <\/span><\/span><\/p>\n<\/td>\n<\/tr>\n<\/tbody>\n<\/table>\n<p><span style=\"font-size:12px;color:#000000\"><strong>Espect\u00e1culo de bombas de agua de descarga de la serie YLB<\/strong><\/span><\/p>\n<p><img decoding=\"async\" alt=\"Bomba de descarga de agua para piscina 280W YLB-7500A\" src=\"http:\/\/localhost\/media\/import\/detail\/631085999_451.jpg\"><\/p>\n<\/p>\n<div style=\"clear:both\"><\/div>\n","protected":false},"excerpt":{"rendered":"<p>Bomba de agua de descarga para piscina 280W YLB-7500A<\/p>\n","protected":false},"featured_media":5421,"comment_status":"open","ping_status":"closed","template":"","meta":[],"product_brand":[],"product_cat":[1146],"product_tag":[],"class_list":{"0":"post-29355","1":"product","2":"type-product","3":"status-publish","4":"has-post-thumbnail","6":"product_cat-bombas-de-agua-y-cabezales-de-potencia","8":"first","9":"instock","10":"shipping-taxable","11":"purchasable","12":"product-type-simple","13":"add-to-wishlist-after_add_to_cart"},"jetpack_sharing_enabled":true,"_links":{"self":[{"href":"https:\/\/www.reefshops.com\/es\/wp-json\/wp\/v2\/product\/29355","targetHints":{"allow":["GET"]}}],"collection":[{"href":"https:\/\/www.reefshops.com\/es\/wp-json\/wp\/v2\/product"}],"about":[{"href":"https:\/\/www.reefshops.com\/es\/wp-json\/wp\/v2\/types\/product"}],"replies":[{"embeddable":true,"href":"https:\/\/www.reefshops.com\/es\/wp-json\/wp\/v2\/comments?post=29355"}],"wp:featuredmedia":[{"embeddable":true,"href":"https:\/\/www.reefshops.com\/es\/wp-json\/wp\/v2\/media\/5421"}],"wp:attachment":[{"href":"https:\/\/www.reefshops.com\/es\/wp-json\/wp\/v2\/media?parent=29355"}],"wp:term":[{"taxonomy":"product_brand","embeddable":true,"href":"https:\/\/www.reefshops.com\/es\/wp-json\/wp\/v2\/product_brand?post=29355"},{"taxonomy":"product_cat","embeddable":true,"href":"https:\/\/www.reefshops.com\/es\/wp-json\/wp\/v2\/product_cat?post=29355"},{"taxonomy":"product_tag","embeddable":true,"href":"https:\/\/www.reefshops.com\/es\/wp-json\/wp\/v2\/product_tag?post=29355"}],"curies":[{"name":"wp","href":"https:\/\/api.w.org\/{rel}","templated":true}]}}