{"id":29373,"date":"2016-09-25T23:28:28","date_gmt":"2016-09-25T23:28:28","guid":{"rendered":"https:\/\/www.reefshops.com\/product\/bombas-de-agua-para-estanque-koi-de-jardin-7500l-h-150w-hyl-7500\/"},"modified":"2025-03-16T07:05:20","modified_gmt":"2025-03-16T07:05:20","slug":"bombas-de-agua-para-estanque-koi-de-jardin-7500l-h-150w-hyl-7500","status":"publish","type":"product","link":"https:\/\/www.reefshops.com\/es\/producto\/bombas-de-agua-para-estanque-koi-de-jardin-7500l-h-150w-hyl-7500\/","title":{"rendered":"Bombas de agua para estanque Koi de jard\u00edn 7500L\/h 150W HYL-7500"},"content":{"rendered":"<div style=\"clear:both\"><\/div>\n<p><span style=\"font-size:16px\"><strong><span style=\"color:#0000ff\">Bombas de agua para estanque Koi de jard\u00edn, 7500L\/h, 150W, HYL-7500<\/span> <\/strong><\/span> <\/p>\n<\/p>\n<p style=\"font-size:14px\">especificaciones:<\/p>\n<p style=\"font-size:14px\">1. el rotor est\u00e1 fabricado de un material especial,<em><strong>de f\u00e1cil arranque y de bajo consumo energ\u00e9tico<\/strong><\/em>;<\/p>\n<p style=\"font-size:14px\">2. Eje cer\u00e1mico de alta calidad y localizador de eje,<em><strong>duradero y silencioso<\/strong><\/em>;<\/p>\n<p style=\"font-size:14px\">3. Motor completamente sellado y resistente al agua,<em><strong>seguro y confiable<\/strong><\/em>;<\/p>\n<p style=\"font-size:14px\">4. Motor as\u00edncrono est\u00e1ndar de alto rendimiento con<strong><em> nuevo dise\u00f1o y ahorro de energ\u00eda <\/em><\/strong><\/p>\n<p style=\"font-size:14px\"><strong><em>hasta <\/em><\/strong><strong><em>hasta un 50% que antes<\/em><\/strong>;<\/p>\n<p style=\"font-size:14px\">5. <em><strong>protecci\u00f3n del interruptor de flotador, uso m\u00e1s seguro<\/strong><\/em>;<\/p>\n<p style=\"font-size:14px\">6. <em><strong>jard\u00edn acu\u00e1tico, hacer circular agua en rocalla, suministrar y descargar agua en piscina<\/strong><\/em>.<\/p>\n<p style=\"font-size:14px\"><span style=\"color:#ff6600\"><strong>Par\u00e1metros de bombas de fuente de agua para estanque de jard\u00edn<\/strong><\/span><\/p>\n<table class=\"aliDataTable\" style=\"width:80%\" border=\"5\">\n<tbody>\n<tr>\n<td> Modelo <\/td>\n<td>Voltaje<\/td>\n<td>Frecuencia<\/td>\n<td>Potencia<\/td>\n<td>H-max <\/td>\n<td>Salida<\/td>\n<td>Peso<\/td>\n<td> Dimensiones<\/td>\n<\/tr>\n<tr>\n<td style=\"text-align:center\">HYL-4500\/A<\/td>\n<td>110V\/240V<\/td>\n<td>50Hz\/60Hz<\/td>\n<td>95W<\/ td><\/p>\n<td>6,0 m<\/td>\n<td>4500 l\/h<\/td>\n<td>2,61 kg\/2,81 kg<\/td>\n<td>180*180*260 mm<\/td>\n<\/tr>\n<tr>\n<td style=\"text-align:center\">HYL-5500\/A<\/td>\n<td>110V\/240V<\/td>\n<td>50Hz\/60Hz<\/td>\n<td>150W<\/ td><\/p>\n<td>7,0m<\/td>\n<td>5500L\/h<\/td>\n<td>2,92kg\/3,12kg<\/td>\n<td>180*180*260mm<\/td>\n<\/tr>\n<tr>\n<td style=\"text-align:center\">HYL-6500\/A<\/td>\n<td>110V\/240V<\/td>\n<td>50Hz\/60Hz<\/td>\n<td>95W<\/ td><\/p>\n<td>4,5m<\/td>\n<td>6500L\/h<\/td>\n<td>2,61kg\/2,81kg<\/td>\n<td>180*180*260mm<\/td>\n<\/tr>\n<tr>\n<td style=\"text-align:center\">HYL-7500\/A<\/td>\n<td>110V\/240V<\/td>\n<td>50Hz\/60Hz<\/td>\n<td>150W<\/td>\n<td>5,5m<\/td>\n<td>7500L\/h<\/td>\n<td>2,92kg\/3,12kg<\/td>\n<td>180*180*260mm<\/td>\n<\/tr>\n<\/tbody>\n<\/table>\n<table class=\"aliDataTable\" border=\"5\">\n<tbody>\n<tr>\n<td> Modelo <\/td>\n<td>Voltaje<\/td>\n<td>Frecuencia<\/td>\n<td>Potencia<\/td>\n<td>H-max <\/td>\n<td>Salida<\/td>\n<td>Peso<\/td>\n<td> Dimensiones<\/td>\n<\/tr>\n<tr>\n<td style=\"text-align:center\">HQS-5000<\/td>\n<td>220V<\/td>\n<td>50Hz<\/td>\n<td>250W<\/td>\n<td>6m<\/td>\n<td>6000L\/h<\/td>\n<td>3,6kg<\/td>\n<td>200*200*350mm<\/td>\n<\/tr>\n<tr>\n<td style=\"text-align:center\">HQS-6000\/I<\/td>\n<td>220V<\/td>\n<td>50Hz<\/td>\n<td>300W<\/td>\n<td>8m<\/td>\n<td>8000L\/h<\/td>\n<td>5,5kg<\/td>\n<td>200*200*350mm<\/td>\n<\/tr>\n<tr>\n<td style=\"text-align:center\">HQS-7000\/I<\/td>\n<td>220V<\/td>\n<td>50Hz<\/td>\n<td>320W<\/td>\n<td>10m<\/td>\n<td>10000L\/h<\/td>\n<td>6,2kg<\/td>\n<td>200*200*350mm<\/td>\n<\/tr>\n<tr>\n<td style=\"text-align:center\">HQS-8000\/I<\/td>\n<td>220V<\/td>\n<td>50Hz<\/td>\n<td>350W<\/td>\n<td>11m<\/td>\n<td>13000L\/h<\/td>\n<td>5,7kg<\/td>\n<td>250*250*350mm<\/td>\n<\/tr>\n<tr>\n<td style=\"text-align:center\">HQS-9000<\/td>\n<td>220V<\/td>\n<td>50Hz<\/td>\n<td>380W<\/td>\n<td>12m<\/td>\n<td>14000L\/h<\/td>\n<td>6,0kg<\/td>\n<td>250*250*350mm<\/td>\n<\/tr>\n<tr>\n<td style=\"text-align:center\">HQS-10000<\/td>\n<td>220V<\/td>\n<td>50Hz<\/td>\n<td>420W<\/td>\n<td>13m<\/td>\n<td>15000L\/h<\/td>\n<td>6,5kg<\/td>\n<td>250*250*350mm<\/td>\n<\/tr>\n<tr>\n<td style=\"text-align:center\">HQS-1800<\/td>\n<td>110V\/220V\/240V<\/td>\n<td>50Hz\/60Hz<\/td>\n<td> 180W<\/td>\n<td>7,0m<\/td>\n<td>8500L\/h<\/td>\n<td>5,5kg<\/td>\n<td>182*137*279mm<\/td>\n<\/tr>\n<tr>\n<td style=\"text-align:center\">HQS-4000<\/td>\n<td>220V\/240V<\/td>\n<td>50Hz<\/td>\n<td>100W<\/td>\n<td>4,0m<\/td>\n<td>4500L\/h<\/td>\n<td>2,8kg<\/td>\n<td>145*145*240mm<\/td>\n<\/tr>\n<tr>\n<td style=\"text-align:center\">HQS-4200<\/td>\n<td>220V\/240V<\/td>\n<td>50Hz<\/td>\n<td>100W<\/td>\n<p>4,2m<\/td>\n<td>4500L\/h<\/td>\n<td>3,2kg<\/td>\n<td>145*145*240mm<\/td>\n<\/tr>\n<\/tbody>\n<\/table>\n<table class=\"aliDataTable\" border=\"5\">\n<tbody>\n<tr>\n<td> Modelo <\/td>\n<td> Voltaje<\/td>\n<td>Frecuencia<\/td>\n<td>Potencia<\/td>\n<td>H-max <\/td>\n<td>Salida<\/td>\n<td>Peso<\/td>\n<td> Dimensiones<\/td>\n<\/tr>\n<tr>\n<td style=\"text-align:center\">HQB-2000<\/td>\n<td>110V\/220V\/240V<\/td>\n<td>50Hz\/60Hz<\/td>\n<td>24W<\/td>\n<td>1,8m<\/td>\n<td>1400L\/h<\/td>\n<td>0,8kg<\/td>\n<td>138*65*145mm<\/td>\n<\/tr>\n<tr>\n<td style=\"text-align:center\">HQB-2200<\/td>\n<td>110V\/220V\/240V<\/td>\n<td>50Hz\/60Hz<\/td>\n<td> 40W<\/td>\n<td>2,3m<\/td>\n<td>1900L\/h<\/td>\n<td>1,2kg<\/td>\n<td>135*105*115mm<\/td>\n<\/tr>\n<tr>\n<td style=\"text-align:center\">HQB-2500<\/td>\n<td>110V\/220V\/240V<\/td>\n<td>50Hz\/60Hz<\/td>\n<td> 55W<\/td>\n<td>2,5m<\/td>\n<td>2000L\/h<\/td>\n<td>1,2kg<\/td>\n<td>153*105*135mm<\/td>\n<\/tr>\n<tr>\n<td style=\"text-align:center\">HQB-3000<\/td>\n<td>110V\/220V\/240V<\/td>\n<td>50Hz\/60Hz<\/td>\n<td> 60W<\/td>\n<td>3,0m<\/td>\n<td>2500L\/h<\/td>\n<td>1,6kg<\/td>\n<td>153*105*135mm<\/td>\n<\/tr>\n<tr>\n<td style=\"text-align:center\">HQB-3500<\/td>\n<td>110V\/220V\/240V<\/td>\n<td>50Hz\/60Hz<\/td>\n<td> 85W<\/td>\n<td>3,5m<\/td>\n<td>3000L\/h<\/td>\n<td>1,25kg<\/td>\n<td>153*105*135mm<\/td>\n<\/tr>\n<tr>\n<td style=\"text-align:center\">HQB-4500<\/td>\n<td>110V\/220V\/240V<\/td>\n<td>50Hz\/60Hz<\/td>\n<td> 100W<\/td>\n<td>4,5m<\/td>\n<td>4500L\/h<\/td>\n<td>2,7kg<\/td>\n<td>175*112*133mm<\/td>\n<\/tr>\n<tr>\n<td style=\"text-align:center\">HQB-5000<\/td>\n<td>110V\/220V\/240V<\/td>\n<td>50Hz\/60Hz<\/td>\n<td> 150W<\/td>\n<td>5,0m<\/td>\n<td>5500L\/h<\/td>\n<td>2,8kg<\/td>\n<td>175*112*133mm<\/td>\n<\/tr>\n<tr>\n<td style=\"text-align:center\">HQB-5500<\/td>\n<td>110V\/220V\/240V<\/td>\n<td>50Hz\/60Hz<\/td>\n<td>200W<\/td>\n<td>5,5 m<\/td>\n<td>6800 l\/h<\/td>\n<td>4,0 kg<\/td>\n<td>200*140*160 mm<\/td>\n<\/tr>\n<\/tbody>\n<\/table>\n<p><span style=\"font-size:14px\"><strong><span style=\"color:#ff6600\"> Espect\u00e1culo de bombas de agua de jard\u00edn multiusos<\/span><\/strong><\/span><\/p>\n<p><span style=\"font-size:14px\"><strong><span style=\"color:#ff6600\">Serie HYL<\/span><\/strong><\/span><\/p>\n<p><span style=\"font-size:14px\"><strong><span style=\"color:#ff6600\"><img decoding=\"async\" alt=\"Bombas de agua para estanque Koi de jard\u00edn, 7500L\/h, 150W, HYL-7500\" src=\"http:\/\/localhost\/media\/import\/detail\/549331638_633.jpg\"><img decoding=\"async\" alt=\"Bombas de agua para estanque Koi de jard\u00edn, 7500L\/h, 150W, HYL-7500\" src=\"http:\/\/localhost\/media\/import\/detail\/549331640_101.jpg\"><img decoding=\"async\" alt=\"7500L\/h, 150W, jard\u00edn Bombas para elementos acu\u00e1ticos de estanque Koi HYL-7500\" src=\"http:\/\/localhost\/media\/import\/detail\/549331643_817.jpg\"><img decoding=\"async\" alt=\"Bombas para elementos acu\u00e1ticos de jard\u00edn Koi Pond 7500L\/h 150W HYL-7500\" src=\"http:\/\/localhost\/media\/import\/detail\/549331646_508.jpg\"><\/span><\/strong><\/span><\/p>\n<p><p style=\"text-align:center\"><span style=\"font-size:14px;font-family:book antiqua, palatino\"><strong><span style=\"color:#800080;font-style:italic\"><\/span><\/strong><\/span><\/p><\/p>\n","protected":false},"excerpt":{"rendered":"<p>Bombas de agua para estanque Koi de jard\u00edn 7500L\/h 150W HYL-7500<\/p>\n","protected":false},"featured_media":5457,"comment_status":"open","ping_status":"closed","template":"","meta":[],"product_brand":[],"product_cat":[1146],"product_tag":[],"class_list":{"0":"post-29373","1":"product","2":"type-product","3":"status-publish","4":"has-post-thumbnail","6":"product_cat-bombas-de-agua-y-cabezales-de-potencia","8":"first","9":"instock","10":"shipping-taxable","11":"purchasable","12":"product-type-simple","13":"add-to-wishlist-after_add_to_cart"},"jetpack_sharing_enabled":true,"_links":{"self":[{"href":"https:\/\/www.reefshops.com\/es\/wp-json\/wp\/v2\/product\/29373","targetHints":{"allow":["GET"]}}],"collection":[{"href":"https:\/\/www.reefshops.com\/es\/wp-json\/wp\/v2\/product"}],"about":[{"href":"https:\/\/www.reefshops.com\/es\/wp-json\/wp\/v2\/types\/product"}],"replies":[{"embeddable":true,"href":"https:\/\/www.reefshops.com\/es\/wp-json\/wp\/v2\/comments?post=29373"}],"wp:featuredmedia":[{"embeddable":true,"href":"https:\/\/www.reefshops.com\/es\/wp-json\/wp\/v2\/media\/5457"}],"wp:attachment":[{"href":"https:\/\/www.reefshops.com\/es\/wp-json\/wp\/v2\/media?parent=29373"}],"wp:term":[{"taxonomy":"product_brand","embeddable":true,"href":"https:\/\/www.reefshops.com\/es\/wp-json\/wp\/v2\/product_brand?post=29373"},{"taxonomy":"product_cat","embeddable":true,"href":"https:\/\/www.reefshops.com\/es\/wp-json\/wp\/v2\/product_cat?post=29373"},{"taxonomy":"product_tag","embeddable":true,"href":"https:\/\/www.reefshops.com\/es\/wp-json\/wp\/v2\/product_tag?post=29373"}],"curies":[{"name":"wp","href":"https:\/\/api.w.org\/{rel}","templated":true}]}}