{"id":29399,"date":"2016-09-25T23:28:30","date_gmt":"2016-09-25T23:28:30","guid":{"rendered":"https:\/\/www.reefshops.com\/product\/bomba-sumergible-para-acuario-sunsun-600l-h-para-tanques-mas-pequenos-jp-033\/"},"modified":"2025-03-16T07:05:26","modified_gmt":"2025-03-16T07:05:26","slug":"bomba-sumergible-para-acuario-sunsun-600l-h-para-tanques-mas-pequenos-jp-033","status":"publish","type":"product","link":"https:\/\/www.reefshops.com\/es\/producto\/bomba-sumergible-para-acuario-sunsun-600l-h-para-tanques-mas-pequenos-jp-033\/","title":{"rendered":"Bomba sumergible para acuario SUNSUN 600L\/H para tanques m\u00e1s peque\u00f1os JP-033"},"content":{"rendered":"<div style=\"clear:both\"><\/div>\n<div id=\"ali-anchor-AliPostDhMb-4slr0\" style=\"padding-top:8px\" data-section-title=\"banners\" data-section=\"AliPostDhMb-4slr0\">\n<div id=\"ali-title-AliPostDhMb-4slr0\" style=\"border-bottom:#ddd 1px solid;padding-bottom:8px;padding-top:8px;padding-left:0px;padding-right:0px\"> <\/div>\n<p><span><\/span><\/p>\n<\/div>\n<p><span style=\"background-color:#ffff00\"><strong><span style=\"font-size:24px\"><strong><span style=\"text-decoration:underline\"><span style=\"font-size:x-large\"> 1. Nos comprometemos a: <\/span><\/span><\/strong><\/span><\/strong><\/span><\/p>\n<\/p>\n<p><span style=\"font-family:verdana,geneva\"><span style=\"font-size:16px\"> 1.<\/span><span style=\"font-size:16px\">Ofrecer a nuestros clientes <span style=\"color:#ff0000\">lo mejor precios<\/span>. <\/span><\/span><\/p>\n<\/p>\n<p><span style=\"font-size:16px;font-family:verdana,geneva\"> 2.Agilizar los procesos de compra y pago. <\/span><\/p>\n<\/p>\n<p><span style=\"font-size:16px;font-family:verdana,geneva\"> 3. Entregar productos a nuestros clientes en todo el mundo con rapidez y precisi\u00f3n. <\/span><\/p>\n<\/p>\n<p><span style=\"font-size:16px;font-family:verdana,geneva\"> 4. Garantizar la excelente calidad de nuestros productos.<\/span><\/p>\n<\/p>\n<p><span style=\"text-decoration:underline\"><span style=\"background-color:#ffff00\"><strong><span style=\"font-size:24px\"> 2. Bomba sumergible multifunci\u00f3n:<\/span> <\/strong><\/span><\/span><\/p>\n<\/p>\n<p style=\"background:#ffffff\"><span style=\"font-size:18px;font-family:'Arial';background:#ffffff;color:#0000ff\">Este 600L\/H La bomba sumergible es perfecta para tanques m\u00e1s peque\u00f1os ya que se oculta f\u00e1cilmente. <\/span><\/p>\n<p style=\"background:#ffffff\"><span style=\"color:#0000ff\"><span style=\"font-size:18px;font-family:'Arial';background:#ffffff\">Est\u00e1 hecho de part\u00edculas ABS <\/span><span style=\"font-size:18px;font-family:'Arial';background:#ffffff\">est\u00e1ndar y es adecuado para uso en agua salada <\/span><\/span><\/p>\n<p style=\"background:#ffffff\"><span style=\"font-size:18px;font-family:'Arial';background:#ffffff;color:#0000ff\">tanques de acuario.<\/span><\/p>\n<\/p>\n<div id=\"ali-anchor-AliPostDhMb-jrpo4\" data-section-title=\"Descripci\u00f3n del producto\" data-section=\"AliPostDhMb-jrpo4\">\n<div id=\"ali-title-AliPostDhMb-jrpo4\" style=\"border-bottom:#ddd 1px solid;padding-bottom:8px;padding-top:8px;padding-left:0px;padding-right:0px\"><span style=\"font-weight:bold;color:#333;padding-bottom:8px;padding-top:8px;padding-left:10px;line-height:12px;padding-right:10px;background-color:#ddd\">Descripci\u00f3n del producto<\/span><\/div>\n<div style=\"padding-bottom:10px;padding-top:10px;padding-left:0px;padding-right:0px\">\n<\/div>\n<\/div>\n<table class=\"aliDataTable\" style=\"width:80%\" border=\"1\">\n<tbody>\n<tr>\n<td><img decoding=\"async\" alt=\"Bomba de acuario sumergible SUNSUN 600L\/H para tanques m\u00e1s peque\u00f1os\" src=\"http:\/\/localhost\/media\/import\/detail\/764632901_834.jpg\"><\/td>\n<\/tr>\n<tr>\n<td>\n<p style=\"background:#ffffff\">\n<p><span style=\"text-decoration:underline\"><span style=\"font-size:24px\"><span style=\"background-color:#ffff00\"><strong>3. Caracter\u00edsticas:<\/strong><\/span><\/span><\/span><\/p>\n<p style=\"background:#ffffff\">\n<p><span style=\"font-size:16px;font-family:'Verdana'\">1. Utiliza un n\u00facleo de eje resistente al desgaste de alta resistencia, tiene un <\/span><\/p>\n<p><span style=\"font-size:16px;font-family:'Verdana'\"> ahorro de energ\u00eda altamente eficiente. ,<\/span><span style=\"font-size:16px;font-family:'Verdana'\">y larga vida \u00fatil<\/span><\/p>\n<\/p>\n<p><span style=\"font-size:16px;font-family:'Verdana'\">2. tiene buena resistencia al agua, alta resistencia diel\u00e9ctrica, es seguro y confiable<\/span><\/p>\n<\/p>\n<p><span style=\"font-size:16px;font-family:'Verdana'\">3. Est\u00e1 dise\u00f1ado con impulsor centr\u00edfugo, tiene alto flujo y alta presi\u00f3n<\/span><\/p>\n<\/p>\n<p><span style=\"font-size:16px;font-family:'Verdana'\">4. tiene varias funciones como bombeo, filtro y ox\u00edgeno, pertenece al sumergible multifunci\u00f3n <\/span><\/p>\n<\/p>\n<p><span style=\"font-size:16px\"><span style=\"font-family:'Verdana'\">5.se aplica a acuarios, circulaci\u00f3n de agua de estanques rocosos <\/span>y <span style=\"font-family:'Verdana'\">dispositivo coincidente.<\/span><\/span><\/p>\n<\/p>\n<\/td>\n<\/tr>\n<\/tbody>\n<\/table>\n<p style=\"background:#ffffff\"><span style=\"font-size:24px\"><img loading=\"lazy\" decoding=\"async\" src=\"http:\/\/localhost\/media\/import\/detail\/550730474_406.jpg\" width=\"608\" height=\"702\"><\/span><\/p>\n<\/p>\n<div id=\"ali-anchor-AliPostDhMb-tgz88\" style=\"padding-top:8px\" data-section-title=\"Informaci\u00f3n de la empresa\" data-section=\"AliPostDhMb-tgz88\">\n<div id=\"ali-title-AliPostDhMb-tgz88\" style=\"border-bottom:#ddd 1px solid;padding-bottom:8px;padding-top:8px;padding-left:0px;padding-right:0px\"><span style=\"font-weight:bold;color:#333;padding-bottom:8px;padding-top:8px;padding-left:10px;line-height:12px;padding-right:10px;background-color:#ddd\">Informaci\u00f3n de la empresa<\/span><\/div>\n<div style=\"padding-bottom:10px;padding-top:10px;padding-left:0px;padding-right:0px\">\n<p><img decoding=\"async\" alt=\"Bomba de acuario sumergible SUNSUN 600L\/H para tanques m\u00e1s peque\u00f1os\" src=\"http:\/\/localhost\/media\/import\/detail\/HTB1ubIcJVXXXXbjXpXXq6xXFXXXX.jpg\"> <strong><span style=\"font-size:14px\"><span style=\"font-size:18px\">sunsun<\/span> se centra en la fabricaci\u00f3n de productos y equipos para estanques acu\u00e1ticos durante m\u00e1s de 30 a\u00f1os. Nos hemos convertido en el l\u00edder y el mayor fabricante de productos y equipos para estanques acu\u00e1ticos en China. Somos famosos en las siguientes industrias: instalaciones para acuarios, maquinaria para acuicultura, equipos industriales, etc.Aqu\u00ed miramos Esperamos establecer una asociaci\u00f3n mutuamente beneficiosa con usted para un ma\u00f1ana brillante.<\/span><\/strong><\/p>\n<p><strong><span style=\"font-size:14px\"><img decoding=\"async\" alt=\"Bomba de acuario sumergible SUNSUN 600L\/H para tanques m\u00e1s peque\u00f1os\" src=\"http:\/\/localhost\/media\/import\/detail\/HTB1ujUmJVXXXXa0XXXXq6xXFXXXC.jpg\"><img decoding=\"async\" alt=\"Bomba de acuario sumergible SUNSUN 600L\/H para tanques m\u00e1s peque\u00f1os\" src=\"http:\/\/localhost\/media\/import\/detail\/HTB1By_JJVXXXXbFXVXXq6xXFXXX3.jpg\"><img decoding=\"async\" alt=\"Bomba de acuario sumergible SUNSUN 600L\/H para tanques m\u00e1s peque\u00f1os\" src=\"http:\/\/localhost\/media\/import\/detail\/HTB16EUlJVXXXXbfXXXXq6xXFXXXP.jpg\"><span> <\/span><\/span><\/strong><\/p>\n<\/div>\n<\/div>\n<div id=\"ali-anchor-AliPostDhMb-hhl8o\" style=\"padding-top:8px\" data-section-title=\"Certificaciones\" data-section=\"AliPostDhMb-hhl8o\">\n<div id=\"ali-title-AliPostDhMb-hhl8o\" style=\"border-bottom:#ddd 1px solid;padding-bottom:8px;padding-top:8px;padding-left:0px;padding-right:0px\"><span style=\"font-weight:bold;color:#333;padding-bottom:8px;padding-top:8px;padding-left:10px;line-height:12px;padding-right:10px;background-color:#ddd\">Certificaciones<\/span><\/div>\n<div style=\"padding-bottom:10px;padding-top:10px;padding-left:0px;padding-right:0px\">\n<p><img decoding=\"async\" alt=\"Bomba de acuario sumergible SUNSUN 600L\/H para tanques m\u00e1s peque\u00f1os\" src=\"http:\/\/localhost\/media\/import\/detail\/HTB17bR8KXXXXXcUXFXXq6xXFXXX3.jpg\"><span> <\/span><\/p>\n<\/div>\n<\/div>\n<div id=\"ali-anchor-AliPostDhMb-f8hji\" style=\"padding-top:8px\" data-section-title=\"Pago y env\u00edo\" data-section=\"AliPostDhMb-f8hji\">\n<div id=\"ali-title-AliPostDhMb-f8hji\" style=\"border-bottom:#ddd 1px solid;padding-bottom:8px;padding-top:8px;padding-left:0px;padding-right:0px\"><span style=\"font-weight:bold;color:#333;padding-bottom:8px;padding-top:8px;padding-left:10px;line-height:12px;padding-right:10px;background-color:#ddd\">Pago y env\u00edo<\/span><\/div>\n<div style=\"padding-bottom:10px;padding-top:10px;padding-left:0px;padding-right:0px\">\n<p><img decoding=\"async\" alt=\"Bomba de acuario sumergible SUNSUN 600L\/H para tanques m\u00e1s peque\u00f1os\" src=\"http:\/\/localhost\/media\/import\/detail\/HTB18NbTJVXXXXanXXXXq6xXFXXX4.jpg\"><span> <\/span><\/p>\n<\/div>\n<\/div>\n<div id=\"ali-anchor-AliPostDhMb-4jx0b\" style=\"padding-top:8px\" data-section-title=\"Nuestros servicios\" data-section=\"AliPostDhMb-4jx0b\">\n<div id=\"ali-title-AliPostDhMb-4jx0b\" style=\"border-bottom:#ddd 1px solid;padding-bottom:8px;padding-top:8px;padding-left:0px;padding-right:0px\"><span style=\"font-weight:bold;color:#333;padding-bottom:8px;padding-top:8px;padding-left:10px;line-height:12px;padding-right:10px;background-color:#ddd\">Nuestros servicios<\/span><\/div>\n<div style=\"padding-bottom:10px;padding-top:10px;padding-left:0px;padding-right:0px\">\n<p><span style=\"font-size:16px;line-height:24px;background-color:#f5f5f5\"><span style=\"line-height:24px;background-color:#ffffff\"><em><strong>1)<\/strong><\/em> <\/span> Estamos muy contentos de que el cliente nos d\u00e9 alguna sugerencia sobre precios y productos.<\/span><br \/><span style=\"font-size:16px;line-height:24px;background-color:#f5f5f5\"><em><span style=\"line-height:24px;background-color:#ffffff\"><strong>2)<\/strong><\/span> <\/em> Cualquier pregunta, h\u00e1ganoslo saber primero por correo electr\u00f3nico o por tel\u00e9fono. Podemos ocuparnos de ellos a tiempo.<\/span><br \/><span style=\"font-size:16px;line-height:24px;background-color:#f5f5f5\"><em><span style=\"line-height:24px;background-color:#ffffff\"><strong>3)<\/strong><\/span><\/em> Enviaremos muchos estilos nuevos cada semana a nuestros antiguos clientes.<\/span><br \/><span style=\"font-size:16px;line-height:24px;background-color:#f5f5f5\"><span style=\"line-height:24px;background-color:#ffffff\"><em><strong>4)<\/strong><\/em><\/span>Ofrecer a nuestros clientes los precios m\u00e1s bajos. Agilice los procesos de compra y pago.<\/span><br \/><span style=\"font-size:16px;line-height:24px;background-color:#f5f5f5\"><span style=\"line-height:24px;background-color:#ffffff\"><em><strong>5)<\/strong> <\/em><\/span> Entregar productos a nuestros clientes en todo el mundo con rapidez y precisi\u00f3n.<\/span><br \/><span style=\"font-size:16px;line-height:24px;background-color:#f5f5f5\"><span style=\"line-height:24px;background-color:#ffffff\"><em><strong>6) <\/strong><\/em><\/span> Garantizar la excelente calidad de nuestros productos.<\/span><br \/><span style=\"font-size:16px;line-height:24px;background-color:#f5f5f5\"><span style=\"line-height:24px;background-color:#ffffff\"><em><strong>7) <\/strong><\/em><\/span> 12 meses de garant\u00eda GRATIS.<\/span><br \/><span style=\"font-size:16px;line-height:24px;background-color:#f5f5f5\"><span style=\"line-height:24px;background-color:#ffffff\"><em><strong>8) <\/strong><\/em><\/span><span style=\"color:#ffffff;line-height:24px;background-color:#ff6600\"><em><span style=\"line-height:24px\">Aceptar OEM<\/span><\/em><\/span><\/span><\/p>\n<\/div>\n<\/div>\n<div id=\"ali-anchor-AliPostDhMb-36ywf\" style=\"padding-top:8px\" data-section-title=\"Inicio\" data-section=\"AliPostDhMb-36ywf\">\n<div id=\"ali-title-AliPostDhMb-36ywf\" style=\"border-bottom:#ddd 1px solid;padding-bottom:8px;padding-top:8px;padding-left:0px;padding-right:0px\"><span style=\"font-weight:bold;color:#333;padding-bottom:8px;padding-top:8px;padding-left:10px;line-height:12px;padding-right:10px;background-color:#ddd\">Inicio<\/span><\/div>\n<div style=\"padding-bottom:10px;padding-top:10px;padding-left:0px;padding-right:0px\">\n<p><a title=\"http:\/\/gzweierma.en.alibaba.com\/?spm=a2700.7756200.1998619056.6.MEy9gs\" href=\"http:\/\/gzweierma.en.alibaba.com\/?spm=a2700.7756200.1998619056.6.MEy9gs\" target=\"_blank\"><img decoding=\"async\" alt=\"Bomba de acuario sumergible SUNSUN 600L\/H para tanques m\u00e1s peque\u00f1os\" src=\"http:\/\/localhost\/media\/import\/detail\/HTB1yMpAIVXXXXXYaVXXq6xXFXXXq.jpg\"><span> <\/span><\/a><\/p>\n<\/div>\n<\/div>\n<div style=\"clear:both\"><\/div>\n","protected":false},"excerpt":{"rendered":"<p>Bomba sumergible para acuario SUNSUN 600L\/H para tanques m\u00e1s peque\u00f1os JP-033<\/p>\n","protected":false},"featured_media":5509,"comment_status":"open","ping_status":"closed","template":"","meta":[],"product_brand":[],"product_cat":[1146],"product_tag":[],"class_list":{"0":"post-29399","1":"product","2":"type-product","3":"status-publish","4":"has-post-thumbnail","6":"product_cat-bombas-de-agua-y-cabezales-de-potencia","8":"first","9":"instock","10":"shipping-taxable","11":"purchasable","12":"product-type-simple","13":"add-to-wishlist-after_add_to_cart"},"jetpack_sharing_enabled":true,"_links":{"self":[{"href":"https:\/\/www.reefshops.com\/es\/wp-json\/wp\/v2\/product\/29399","targetHints":{"allow":["GET"]}}],"collection":[{"href":"https:\/\/www.reefshops.com\/es\/wp-json\/wp\/v2\/product"}],"about":[{"href":"https:\/\/www.reefshops.com\/es\/wp-json\/wp\/v2\/types\/product"}],"replies":[{"embeddable":true,"href":"https:\/\/www.reefshops.com\/es\/wp-json\/wp\/v2\/comments?post=29399"}],"wp:featuredmedia":[{"embeddable":true,"href":"https:\/\/www.reefshops.com\/es\/wp-json\/wp\/v2\/media\/5509"}],"wp:attachment":[{"href":"https:\/\/www.reefshops.com\/es\/wp-json\/wp\/v2\/media?parent=29399"}],"wp:term":[{"taxonomy":"product_brand","embeddable":true,"href":"https:\/\/www.reefshops.com\/es\/wp-json\/wp\/v2\/product_brand?post=29399"},{"taxonomy":"product_cat","embeddable":true,"href":"https:\/\/www.reefshops.com\/es\/wp-json\/wp\/v2\/product_cat?post=29399"},{"taxonomy":"product_tag","embeddable":true,"href":"https:\/\/www.reefshops.com\/es\/wp-json\/wp\/v2\/product_tag?post=29399"}],"curies":[{"name":"wp","href":"https:\/\/api.w.org\/{rel}","templated":true}]}}