{"id":29404,"date":"2016-09-25T23:28:30","date_gmt":"2016-09-25T23:28:30","guid":{"rendered":"https:\/\/www.reefshops.com\/product\/sistemas-de-filtracion-de-acuarios-ce-gs-a-la-venta-hj-1151\/"},"modified":"2025-03-16T07:05:27","modified_gmt":"2025-03-16T07:05:27","slug":"sistemas-de-filtracion-de-acuarios-ce-gs-a-la-venta-hj-1151","status":"publish","type":"product","link":"https:\/\/www.reefshops.com\/es\/producto\/sistemas-de-filtracion-de-acuarios-ce-gs-a-la-venta-hj-1151\/","title":{"rendered":"Sistemas de filtraci\u00f3n de acuarios CE\/GS a la venta HJ-1151"},"content":{"rendered":"<div style=\"clear:both\"><\/div>\n<p><span style=\"font-size:24px;color:#ff0000\"><strong>Sistemas de filtraci\u00f3n para acuarios CE\/GS a la venta<em> <\/em><\/strong><\/span><\/p>\n<\/p>\n<p><span style=\"font-size:18px\"><strong><span style=\"font-size:14px\">Filtraci\u00f3n para acuarios par\u00e1metros<\/span><\/strong><\/span><\/p>\n<table class=\"aliDataTable\">\n<tbody>\n<tr align=\"left\">\n<td style=\"background:#ffffff;width:47.25pt\" valign=\"middle\">\n<p><span style=\"font-size:9pt;font-family:'Verdana';background:#ffffff;color:#000000\">Modelo<\/span><\/p>\n<\/td>\n<td style=\"width:85.2pt\" valign=\"middle\">\n<p><span style=\"font-size:9pt;font-family:'Verdana';background:#ffffff;color:#000000\">Voltaje<\/span><\/p>\n<\/td>\n<td style=\"width:58.65pt\" valign=\"middle\">\n<p><span style=\"font-size:9pt;font-family:'Verdana';background:#ffffff;color:#000000\">Frecuencia<\/span><\/p>\n<\/td>\n<td style=\"width:34.25pt\" valign=\"middle\">\n<p style=\"background:#ffffff\"><span style=\"font-size:9pt;font-family:'Verdana';background:#ffffff;color:#000000\">Potencia<\/span><\/p>\n<\/td>\n<td style=\"background:#ffffff;width:36.75pt\" valign=\"middle\">\n<p><span style=\"font-size:9pt;font-family:'Verdana';background:#ffffff;color:#000000\">H-max<\/span><\/p>\n<\/td>\n<td style=\"width:47.1pt\" valign=\"middle\">\n<p><span style=\"font-size:9pt;font-family:'Verdana';background:#ffffff;color:#000000\">Salida<\/span><\/p>\n<\/td>\n<td style=\"width:41.1pt\" valign=\"middle\">\n<p><span style=\"font-size:9pt;font-family:'Verdana';background:#ffffff;color:#000000\">Peso<\/span><\/p>\n<\/td>\n<td style=\"width:81.95pt\" valign=\"middle\">\n<p style=\"background:#ffffff\"><span style=\"font-size:9pt;font-family:'Verdana';background:#ffffff;color:#000000\">Dimensiones<\/span><\/p>\n<\/td>\n<\/tr>\n<tr align=\"left\">\n<td style=\"background:#ffffff\" valign=\"middle\">\n<p><span style=\"font-size:9pt;font-family:'Verdana';color:#000000\">HJ-751<\/span><\/p>\n<\/td>\n<td valign=\"middle\">\n<p><span style=\"font-size:9pt;font-family:'Verdana';color:#000000\">110V\/220V\/240V<\/span><\/p>\n<\/td>\n<td valign=\"middle\">\n<p><span style=\"font-size:9pt;font-family:'Verdana';color:#000000\">50Hz\/60Hz<\/span><\/p>\n<\/td>\n<td valign=\"middle\">\n<p><span style=\"font-size:9pt;font-family:'Verdana';color:#000000\">10W<\/span><\/p>\n<\/td>\n<td valign=\"middle\">\n<p><span style=\"font-size:9pt;font-family:'Verdana';color:#000000\">1,1 m<\/span><\/p>\n<\/td>\n<td valign=\"middle\">\n<p><span style=\"font-size:9pt;font-family:'Verdana';color:#000000\">600L\/h<\/span><\/p>\n<\/td>\n<td valign=\"middle\">\n<p><span style=\"font-size:9pt;font-family:'Verdana';color:#000000\">0,38 kg<\/span><\/p>\n<\/td>\n<td valign=\"middle\">\n<p><span style=\"font-size:9pt;font-family:'Verdana';color:#000000\">105*50*76mm<\/span><\/p>\n<\/td>\n<\/tr>\n<tr align=\"left\">\n<td valign=\"middle\">\n<p><span style=\"font-size:9pt;font-family:'Verdana';color:#000000\">HJ-951<\/span><\/p>\n<\/td>\n<td valign=\"middle\">\n<p><span style=\"font-size:9pt;font-family:'Verdana';color:#000000\">110V\/220V\/240V<\/span><\/p>\n<\/td>\n<td valign=\"middle\">\n<p><span style=\"font-size:9pt;font-family:'Verdana';color:#000000\">50Hz\/60Hz<\/span><\/p>\n<\/td>\n<td valign=\"middle\">\n<p><span style=\"font-size:9pt;font-family:'Verdana';color:#000000\">16W<\/span><\/p>\n<\/td>\n<td valign=\"middle\">\n<p><span style=\"font-size:9pt;font-family:'Verdana';color:#000000\">1,4 m<\/span><\/p>\n<\/td>\n<td valign=\"middle\">\n<p><span style=\"font-size:9pt;font-family:'Verdana';color:#000000\">800L\/h<\/span><\/p>\n<\/td>\n<td valign=\"middle\">\n<p><span style=\"font-size:9pt;font-family:'Verdana';color:#000000\">0,45 kg<\/span><\/p>\n<\/td>\n<td valign=\"middle\">\n<p><span style=\"font-size:9pt;font-family:'Verdana';color:#000000\">110*62*95mm<\/span><\/p>\n<\/td>\n<\/tr>\n<tr align=\"left\">\n<td valign=\"middle\">\n<p><span style=\"font-size:9pt;font-family:'Verdana';color:#000000\">HJ-1151<\/span><\/p>\n<\/td>\n<td valign=\"middle\">\n<p><span style=\"font-size:9pt;font-family:'Verdana';color:#000000\">110V\/220V\/240V<\/span><\/p>\n<\/td>\n<td valign=\"middle\">\n<p><span style=\"font-size:9pt;font-family:'Verdana';color:#000000\">50Hz\/60Hz<\/span><\/p>\n<\/td>\n<td valign=\"middle\">\n<p><span style=\"font-size:9pt;font-family:'Verdana';color:#000000\">22W<\/span><\/p>\n<\/td>\n<td valign=\"middle\">\n<p><span style=\"font-size:9pt;font-family:'Verdana';color:#000000\">2,0 m<\/span><\/p>\n<\/td>\n<td valign=\"middle\">\n<p><span style=\"font-size:9pt;font-family:'Verdana';color:#000000\">1200L\/h<\/span><\/p>\n<\/td>\n<td valign=\"middle\">\n<p><span style=\"font-size:9pt;font-family:'Verdana';color:#000000\">0,75 kg<\/span><\/p>\n<\/td>\n<td valign=\"middle\">\n<p style=\"background:#ffffff\"><span style=\"font-size:9pt;font-family:'Verdana';background:#ffffff;color:#000000\">120*72*110mm<\/span><\/p>\n<\/td>\n<\/tr>\n<\/tbody>\n<\/table>\n<table class=\"aliDataTable\" style=\"height:53px;width:603px\">\n<tbody>\n<tr align=\"left\">\n<td valign=\"middle\">\n<p><span style=\"font-size:9pt;font-family:'Verdana';color:#000000\">HJ-721<\/span><\/p>\n<\/td>\n<td valign=\"middle\">\n<p><span style=\"font-size:9pt;font-family:'Verdana';color:#000000\">110V\/220V\/240V<\/span><\/p>\n<\/td>\n<td valign=\"middle\">\n<p><span style=\"font-size:9pt;font-family:'Verdana';color:#000000\">50Hz\/60Hz<\/span><\/p>\n<\/td>\n<td valign=\"middle\">\n<p><span style=\"font-size:9pt;font-family:'Verdana';color:#000000\">8W<\/span><\/p>\n<\/td>\n<td valign=\"middle\">\n<p><span style=\"font-size:9pt;font-family:'Verdana';color:#000000\">0,8 m<\/span><\/p>\n<\/td>\n<td valign=\"middle\">\n<p><span style=\"font-size:9pt;font-family:'Verdana';color:#000000\">600L\/h<\/span><\/p>\n<\/td>\n<td valign=\"middle\">\n<p><span style=\"font-size:9pt;font-family:'Verdana';color:#000000\">0,32 kg<\/span><\/p>\n<\/td>\n<td valign=\"middle\">\n<p><span style=\"font-size:9pt;font-family:'Verdana';color:#000000\">115*60*128mm<\/span><\/p>\n<\/td>\n<\/tr>\n<tr align=\"left\">\n<td valign=\"middle\">\n<p><span style=\"font-size:9pt;font-family:'Verdana';color:#000000\">HJ-921<\/span><\/p>\n<\/td>\n<td valign=\"middle\">\n<p><span style=\"font-size:9pt;font-family:'Verdana';color:#000000\">110V\/220V\/240V<\/span><\/p>\n<\/td>\n<td valign=\"middle\">\n<p><span style=\"font-size:9pt;font-family:'Verdana';color:#000000\">50Hz\/60Hz<\/span><\/p>\n<\/td>\n<td valign=\"middle\">\n<p><span style=\"font-size:9pt;font-family:'Verdana';color:#000000\">12W<\/span><\/p>\n<\/td>\n<td valign=\"middle\">\n<p><span style=\"font-size:9pt;font-family:'Verdana';color:#000000\">0,95 m<\/span><\/p>\n<\/td>\n<td valign=\"middle\">\n<p><span style=\"font-size:9pt;font-family:'Verdana';color:#000000\">950L\/h<\/span><\/p>\n<\/td>\n<td valign=\"middle\">\n<p><span style=\"font-size:9pt;font-family:'Verdana';color:#000000\">0,4 kg<\/span><\/p>\n<\/td>\n<td valign=\"middle\">\n<p><span style=\"font-size:9pt;font-family:'Verdana';color:#000000\">120*64*135mm<\/span><\/p>\n<\/td>\n<\/tr>\n<tr align=\"left\">\n<td valign=\"middle\">\n<p><span style=\"font-size:9pt;font-family:'Verdana';color:#000000\">HJ-1121<\/span><\/p>\n<\/td>\n<td valign=\"middle\">\n<p><span style=\"font-size:9pt;font-family:'Verdana';color:#000000\">110V\/220V\/240V<\/span><\/p>\n<\/td>\n<td valign=\"middle\">\n<p><span style=\"font-size:9pt;font-family:'Verdana';color:#000000\">50Hz\/60Hz<\/span><\/p>\n<\/td>\n<td valign=\"middle\">\n<p><span style=\"font-size:9pt;font-family:'Verdana';color:#000000\">18W<\/span><\/p>\n<\/td>\n<td valign=\"middle\">\n<p><span style=\"font-size:9pt;font-family:'Verdana';color:#000000\">1,7 m<\/span><\/p>\n<\/td>\n<td valign=\"middle\">\n<p><span style=\"font-size:9pt;font-family:'Verdana';color:#000000\">1400L\/h<\/span><\/p>\n<\/td>\n<td valign=\"middle\">\n<p><span style=\"font-size:9pt;font-family:'Verdana';color:#000000\">0,61 kg<\/span><\/p>\n<\/td>\n<td valign=\"middle\">\n<p style=\"background:#ffffff\"><span style=\"font-size:9pt;font-family:'Verdana';background:#ffffff;color:#000000\">125*68*140mm<\/span><\/p>\n<\/td>\n<\/tr>\n<\/tbody>\n<\/table>\n<table class=\"aliDataTable\">\n<tbody>\n<tr align=\"izquierda\">\n<td valign=\"middle\">\n<p><span style=\"font-size:9pt;font-family:'Verdana';background:#ffffff;color:#000000\">Modelo<\/span><\/p>\n<\/td>\n<td style=\"width:85.2pt\" valign=\"middle\">\n<p><span style=\"font-size:9pt;font-family:'Verdana';background:#ffffff;color:#000000\">Voltaje<\/span><\/p>\n<\/td>\n<td style=\"width:58.65pt\" valign=\"middle\">\n<p><span style=\"font-size:9pt;font-family:'Verdana';background:#ffffff;color:#000000\">Frecuencia<\/span><\/p>\n<\/td>\n<td style=\"width:34.25pt\" valign=\"middle\">\n<p style=\"background:#ffffff\"><span style=\"font-size:9pt;font-family:'Verdana';background:#ffffff;color:#000000\">Potencia<\/span><\/p>\n<\/td>\n<td style=\"background:#ffffff;width:36.75pt\" valign=\"middle\">\n<p><span style=\"font-size:9pt;font-family:'Verdana';background:#ffffff;color:#000000\">H-max<\/span><\/p>\n<\/td>\n<td style=\"width:47.1pt\" valign=\"middle\">\n<p><span style=\"font-size:9pt;font-family:'Verdana';background:#ffffff;color:#000000\">Salida<\/span><\/p>\n<\/td>\n<td style=\"width:41.1pt\" valign=\"middle\">\n<p><span style=\"font-size:9pt;font-family:'Verdana';background:#ffffff;color:#000000\">Peso<\/span><\/p>\n<\/td>\n<td style=\"width:81.95pt\" valign=\"middle\">\n<p style=\"background:#ffffff\"><span style=\"font-size:9pt;font-family:'Verdana';background:#ffffff;color:#000000\">Dimensiones<\/span><\/p>\n<\/td>\n<\/tr>\n<tr align=\"left\">\n<td style=\"background:#ffffff\" valign=\"middle\">\n<p><span style=\"font-size:9pt;font-family:'Verdana';color:#000000\">JP-022<\/span><\/p>\n<\/td>\n<td valign=\"middle\">\n<p><span style=\"font-size:9pt;font-family:'Verdana';color:#000000\">110V\/220V\/240V<\/span><\/p>\n<\/td>\n<td valign=\"middle\">\n<p><span style=\"font-size:9pt;font-family:'Verdana';color:#000000\">50Hz\/60Hz<\/span><\/p>\n<\/td>\n<td valign=\"middle\">\n<p><span style=\"font-size:9pt;font-family:'Verdana';color:#000000\">8W<\/span><\/p>\n<\/td>\n<td valign=\"middle\">\n<p><span style=\"font-size:9pt;font-family:'Verdana';color:#000000\">1,0 m<\/span><\/p>\n<\/td>\n<td valign=\"middle\">\n<p><span style=\"font-size:9pt;font-family:'Verdana';color:#000000\">600L\/h<\/span><\/p>\n<\/td>\n<td valign=\"middle\">\n<p><span style=\"font-size:9pt;font-family:'Verdana';color:#000000\">0,3 kg<\/span><\/p>\n<\/td>\n<td valign=\"middle\">\n<p><span style=\"font-size:9pt;font-family:'Verdana';color:#000000\">90*48*130mm<\/span><\/p>\n<\/td>\n<\/tr>\n<tr align=\"left\">\n<td valign=\"middle\">\n<p><span style=\"font-size:9pt;font-family:'Verdana';color:#000000\">JP-023<\/span><\/p>\n<\/td>\n<td valign=\"middle\">\n<p><span style=\"font-size:9pt;font-family:'Verdana';color:#000000\">110V\/220V\/240V<\/span><\/p>\n<\/td>\n<td valign=\"middle\">\n<p><span style=\"font-size:9pt;font-family:'Verdana';color:#000000\">50Hz\/60Hz<\/span><\/p>\n<\/td>\n<td valign=\"middle\">\n<p><span style=\"font-size:9pt;font-family:'Verdana';color:#000000\">16W<\/span><\/p>\n<\/td>\n<td valign=\"middle\">\n<p><span style=\"font-size:9pt;font-family:'Verdana';color:#000000\">1,3 m<\/span><\/p>\n<\/td>\n<td valign=\"middle\">\n<p><span style=\"font-size:9pt;font-family:'Verdana';color:#000000\">1000L\/h<\/span><\/p>\n<\/td>\n<td valign=\"middle\">\n<p><span style=\"font-size:9pt;font-family:'Verdana';color:#000000\">0,45 kg<\/span><\/p>\n<\/td>\n<td valign=\"middle\">\n<p><span style=\"font-size:9pt;font-family:'Verdana';color:#000000\">107*53*135mm<\/span><\/p>\n<\/td>\n<\/tr>\n<tr align=\"left\">\n<td valign=\"middle\">\n<p><span style=\"font-size:9pt;font-family:'Verdana';color:#000000\">JP-024<\/span><\/p>\n<\/td>\n<td valign=\"middle\">\n<p><span style=\"font-size:9pt;font-family:'Verdana';color:#000000\">110V\/220V\/240V<\/span><\/p>\n<\/td>\n<td valign=\"middle\">\n<p><span style=\"font-size:9pt;font-family:'Verdana';color:#000000\">50Hz\/60Hz<\/span><\/p>\n<\/td>\n<td valign=\"middle\">\n<p><span style=\"font-size:9pt;font-family:'Verdana';color:#000000\">22W<\/span><\/p>\n<\/td>\n<td valign=\"middle\">\n<p><span style=\"font-size:9pt;font-family:'Verdana';color:#000000\">1,6 m<\/span><\/p>\n<\/td>\n<td valign=\"middle\">\n<p><span style=\"font-size:9pt;font-family:'Verdana';color:#000000\">1200L\/h<\/span><\/p>\n<\/td>\n<td valign=\"middle\">\n<p><span style=\"font-size:9pt;font-family:'Verdana';color:#000000\">0,65 kg<\/span><\/p>\n<\/td>\n<td valign=\"middle\">\n<p><span style=\"font-size:9pt;font-family:'Verdana';color:#000000\">114*58*140mm<\/span><\/p>\n<\/td>\n<\/tr>\n<tr align=\"left\">\n<td valign=\"middle\">\n<p><span style=\"font-size:9pt;font-family:'Verdana';color:#000000\">JP-025<\/span><\/p>\n<\/td>\n<td valign=\"middle\">\n<p><span style=\"font-size:9pt;font-family:'Verdana';color:#000000\">110V\/220V\/240V<\/span><\/p>\n<\/td>\n<td valign=\"middle\">\n<p><span style=\"font-size:9pt;font-family:'Verdana';color:#000000\">50Hz\/60Hz<\/span><\/p>\n<\/td>\n<td valign=\"middle\">\n<p><span style=\"font-size:9pt;font-family:'Verdana';color:#000000\">35W<\/span><\/p>\n<\/td>\n<td valign=\"middle\">\n<p><span style=\"font-size:9pt;font-family:'Verdana';color:#000000\">2,5 m<\/span><\/p>\n<\/td>\n<td valign=\"middle\">\n<p><span style=\"font-size:9pt;font-family:'Verdana';color:#000000\">1600L\/h<\/span><\/p>\n<\/td>\n<td valign=\"middle\">\n<p><span style=\"font-size:9pt;font-family:'Verdana';color:#000000\">1,0 kg<\/span><\/p>\n<\/td>\n<td valign=\"middle\">\n<p style=\"background:#ffffff\"><span style=\"font-size:9pt;font-family:'Verdana';background:#ffffff;color:#000000\">131*68*160mm<\/span><\/p>\n<\/td>\n<\/tr>\n<\/tbody>\n<\/table>\n<p><span style=\"font-size:14px\"><strong>Sistemas de filtraci\u00f3n para acuarios muestran<\/strong><\/span><\/p>\n<p><span style=\"font-size:14px\"><strong><img decoding=\"async\" alt=\"Sistemas de filtraci\u00f3n para acuarios CE\/GS a la venta\" src=\"http:\/\/localhost\/media\/import\/detail\/832448256_158.jpg\"><img decoding=\"async\" alt=\"Sistemas de filtraci\u00f3n para acuarios CE\/GS a la venta\" src=\"http:\/\/localhost\/media\/import\/detail\/832448260_409.jpg\"><\/strong><\/span><\/p>\n<p><span style=\"font-size:14px;color:#ff6600\"><strong>Aqu\u00ed hay muchas bombas de agua con filtro para acuarios para que elijas, puedes usarlas como bomba<\/strong><\/span><\/p>\n<p><span style=\"font-size:14px;color:#ff6600\"><strong>para bombear agua, poseen ox\u00edgeno <\/strong><\/span><span style=\"font-size:14px;color:#ff6600\"><strong>funci\u00f3n tambi\u00e9n. <\/strong><\/span><\/p>\n<p><span style=\"font-size:14px;color:#ff6600\"><strong>Aun as\u00ed tienen usos de filtro, pueden filtrar <\/strong><\/span><span style=\"font-size:14px;color:#ff6600\"><strong>agua al mismo tiempo. Por fin, haz un buen uso de <\/strong><\/span><\/p>\n<p><span style=\"font-size:14px;color:#ff6600\"><strong>ellos, luego <\/strong><\/span><span style=\"font-size:14px;color:#ff6600\"><strong>tambi\u00e9n puedes crear algunos <\/strong><\/span><span style=\"font-size:14px;color:#ff6600\"><strong>hermosos elementos acu\u00e1ticos o rocosos para <\/strong><\/span><\/p>\n<p><span style=\"font-size:14px;color:#ff6600\"><strong>\u00a1\u00a1\u00a1tu hermoso jard\u00edn!!!<\/strong><\/span><\/p>\n<\/p>\n<p><span style=\"font-size:14px\"><strong>Usos pr\u00e1cticos del cabezal el\u00e9ctrico de filtraci\u00f3n para acuarios <\/strong><\/span><\/p>\n<p><span style=\"font-size:14px;background-color:#ffff00\"><strong><img loading=\"lazy\" decoding=\"async\" alt=\"Sistemas de filtraci\u00f3n para acuarios CE\/GS a la venta\" src=\"http:\/\/localhost\/media\/import\/detail\/539679147_701.jpg\" width=\"603\" height=\"701\"><\/strong><\/span><\/p>\n<\/p>\n<div id=\"ali-anchor-AliPostDhMb-tpg3k\" style=\"padding-top:8px\" data-section-title=\"Informaci\u00f3n de la empresa\" data-section=\"AliPostDhMb-tpg3k\">\n<div id=\"ali-title-AliPostDhMb-tpg3k\" style=\"border-bottom:#ddd 1px solid;padding-bottom:8px;padding-top:8px;padding-left:0px;padding-right:0px\"> <\/div>\n<\/div>\n","protected":false},"excerpt":{"rendered":"<p>Sistemas de filtraci\u00f3n de acuarios CE\/GS a la venta HJ-1151<\/p>\n","protected":false},"featured_media":5519,"comment_status":"open","ping_status":"closed","template":"","meta":[],"product_brand":[],"product_cat":[1146],"product_tag":[],"class_list":{"0":"post-29404","1":"product","2":"type-product","3":"status-publish","4":"has-post-thumbnail","6":"product_cat-bombas-de-agua-y-cabezales-de-potencia","8":"first","9":"instock","10":"shipping-taxable","11":"purchasable","12":"product-type-simple","13":"add-to-wishlist-after_add_to_cart"},"jetpack_sharing_enabled":true,"_links":{"self":[{"href":"https:\/\/www.reefshops.com\/es\/wp-json\/wp\/v2\/product\/29404","targetHints":{"allow":["GET"]}}],"collection":[{"href":"https:\/\/www.reefshops.com\/es\/wp-json\/wp\/v2\/product"}],"about":[{"href":"https:\/\/www.reefshops.com\/es\/wp-json\/wp\/v2\/types\/product"}],"replies":[{"embeddable":true,"href":"https:\/\/www.reefshops.com\/es\/wp-json\/wp\/v2\/comments?post=29404"}],"wp:featuredmedia":[{"embeddable":true,"href":"https:\/\/www.reefshops.com\/es\/wp-json\/wp\/v2\/media\/5519"}],"wp:attachment":[{"href":"https:\/\/www.reefshops.com\/es\/wp-json\/wp\/v2\/media?parent=29404"}],"wp:term":[{"taxonomy":"product_brand","embeddable":true,"href":"https:\/\/www.reefshops.com\/es\/wp-json\/wp\/v2\/product_brand?post=29404"},{"taxonomy":"product_cat","embeddable":true,"href":"https:\/\/www.reefshops.com\/es\/wp-json\/wp\/v2\/product_cat?post=29404"},{"taxonomy":"product_tag","embeddable":true,"href":"https:\/\/www.reefshops.com\/es\/wp-json\/wp\/v2\/product_tag?post=29404"}],"curies":[{"name":"wp","href":"https:\/\/api.w.org\/{rel}","templated":true}]}}