{"id":29421,"date":"2016-09-25T23:28:30","date_gmt":"2016-09-25T23:28:30","guid":{"rendered":"https:\/\/www.reefshops.com\/product\/cabezal-electrico-para-acuario-serie-sunsun-hj-hj-721\/"},"modified":"2025-03-16T07:05:31","modified_gmt":"2025-03-16T07:05:31","slug":"cabezal-electrico-para-acuario-serie-sunsun-hj-hj-721","status":"publish","type":"product","link":"https:\/\/www.reefshops.com\/es\/producto\/cabezal-electrico-para-acuario-serie-sunsun-hj-hj-721\/","title":{"rendered":"Cabezal el\u00e9ctrico para acuario serie SUNSUN HJ HJ-721"},"content":{"rendered":"<div style=\"clear:both\"><\/div>\n<p><span style=\"font-size:10.5pt;font-family:'Times New Roman'\"><span style=\"font-size:18px\"><strong>Bomba sumergible multifunci\u00f3n con cabezal el\u00e9ctrico y filtro juntos.<\/strong><\/span><\/span><\/p>\n<p><span style=\"font-size:10.5pt;font-family:'Times New Romano'\">?? Motor totalmente sumergible y libre de aceite para evitar la contaminaci\u00f3n de las condiciones de vida.<\/span><\/p>\n<p><span style=\"font-size:10.5pt;font-family:'Times New Roman'\">?? Modelo variado para su elecci\u00f3n<\/span><\/p>\n<p><span style=\"font-size:10.5pt;font-family:'Times New Roman'\">?? Ventosas para direcciones vers\u00e1tiles<\/span><\/p>\n<p><span style=\"font-size:10.5pt;font-family:'Times New Roman'\">?? F\u00e1cil de instalar: simplemente aspire la c\u00fapula a cualquier lugar de la pared interior, ench\u00fafela y funcionar\u00e1<\/span><\/p>\n<p><span style=\"font-size:10.5pt;font-family:'Times New Roman'\">?? Consumo de energ\u00eda extremadamente bajo<\/span><\/p>\n<p><span style=\"font-size:10.5pt;font-family:'Times New Roman'\">?? Alimentaci\u00f3n: 110 V-120 V\/60 Hz 220 V-240 V\/50 Hz con todos los enchufes est\u00e1ndar<\/span><\/p>\n<p><span style=\"font-size:10.5pt;font-family:'Times New Roman'\">?? Paquete individual m\u00e1s seguridad para env\u00edos de exportaci\u00f3n.<\/span><\/p>\n<\/p>\n<p><span style=\"font-size:10.5pt;font-family:'Times New Roman'\"><img decoding=\"async\" alt=\"SUNSUN HJ Series Aquarium Power Head HJ-721\" src=\"http:\/\/localhost\/media\/import\/detail\/519645690_313.jpg\"><\/span><\/p>\n<p><span style=\"font-size:10.5pt;font-family:'Times New Roman'\"><img decoding=\"async\" alt=\"Cabezal el\u00e9ctrico para acuario serie SUNSUN HJ HJ-721\" src=\"http:\/\/localhost\/media\/import\/detail\/519665110_509.jpg\"><img decoding=\"async\" alt=\"Cabezal el\u00e9ctrico para acuario serie SUNSUN HJ HJ-721\" src=\"http:\/\/localhost\/media\/import\/detail\/519665111_593.jpg\"><img decoding=\"async\" alt=\"Cabezal el\u00e9ctrico para acuario serie SUNSUN HJ HJ-721\" src=\"http:\/\/localhost\/media\/import\/detail\/519665113_966.jpg\"><\/span><\/p><\/p>\n","protected":false},"excerpt":{"rendered":"<p>Cabezal el\u00e9ctrico para acuario serie SUNSUN HJ HJ-721<\/p>\n","protected":false},"featured_media":5552,"comment_status":"open","ping_status":"closed","template":"","meta":[],"product_brand":[],"product_cat":[1146],"product_tag":[],"class_list":{"0":"post-29421","1":"product","2":"type-product","3":"status-publish","4":"has-post-thumbnail","6":"product_cat-bombas-de-agua-y-cabezales-de-potencia","8":"first","9":"instock","10":"shipping-taxable","11":"purchasable","12":"product-type-simple","13":"add-to-wishlist-after_add_to_cart"},"jetpack_sharing_enabled":true,"_links":{"self":[{"href":"https:\/\/www.reefshops.com\/es\/wp-json\/wp\/v2\/product\/29421","targetHints":{"allow":["GET"]}}],"collection":[{"href":"https:\/\/www.reefshops.com\/es\/wp-json\/wp\/v2\/product"}],"about":[{"href":"https:\/\/www.reefshops.com\/es\/wp-json\/wp\/v2\/types\/product"}],"replies":[{"embeddable":true,"href":"https:\/\/www.reefshops.com\/es\/wp-json\/wp\/v2\/comments?post=29421"}],"wp:featuredmedia":[{"embeddable":true,"href":"https:\/\/www.reefshops.com\/es\/wp-json\/wp\/v2\/media\/5552"}],"wp:attachment":[{"href":"https:\/\/www.reefshops.com\/es\/wp-json\/wp\/v2\/media?parent=29421"}],"wp:term":[{"taxonomy":"product_brand","embeddable":true,"href":"https:\/\/www.reefshops.com\/es\/wp-json\/wp\/v2\/product_brand?post=29421"},{"taxonomy":"product_cat","embeddable":true,"href":"https:\/\/www.reefshops.com\/es\/wp-json\/wp\/v2\/product_cat?post=29421"},{"taxonomy":"product_tag","embeddable":true,"href":"https:\/\/www.reefshops.com\/es\/wp-json\/wp\/v2\/product_tag?post=29421"}],"curies":[{"name":"wp","href":"https:\/\/api.w.org\/{rel}","templated":true}]}}