{"id":29431,"date":"2016-09-25T23:28:31","date_gmt":"2016-09-25T23:28:31","guid":{"rendered":"https:\/\/www.reefshops.com\/product\/sunsun-nuevo-diseno-1000l-h-micro-bomba-de-agua-para-acuario-jp-900g\/"},"modified":"2025-03-16T07:05:34","modified_gmt":"2025-03-16T07:05:34","slug":"sunsun-nuevo-diseno-1000l-h-micro-bomba-de-agua-para-acuario-jp-900g","status":"publish","type":"product","link":"https:\/\/www.reefshops.com\/es\/producto\/sunsun-nuevo-diseno-1000l-h-micro-bomba-de-agua-para-acuario-jp-900g\/","title":{"rendered":"SUNSUN Nuevo Dise\u00f1o 1000L\/h Micro bomba de agua para acuario JP-900G"},"content":{"rendered":"<div style=\"clear:both\"><\/div>\n<p style=\"text-align:center\"><span style=\"font-size:24px\"><strong>Microbomba de agua para acuario SUNSUN, nuevo dise\u00f1o, 1000L\/h<\/strong><\/span><\/p>\n<div id=\"ali-anchor-AliPostDhMb-yt625\" style=\"padding-top:8px\" data-section-title=\"Descripci\u00f3n del producto\" data-section=\"AliPostDhMb-yt625\">\n<div id=\"ali-title-AliPostDhMb-yt625\" style=\"border-bottom:#ddd 1px solid;padding-bottom:8px;padding-top:8px;padding-left:0px;padding-right:0px\"><span style=\"font-weight:bold;color:#333;padding-bottom:8px;padding-top:8px;padding-left:10px;line-height:12px;padding-right:10px;background-color:#ddd\">Descripci\u00f3n del producto<\/span><\/div>\n<div style=\"padding-bottom:10px;padding-top:10px;padding-left:0px;padding-right:0px\">\n<p><strong><span style=\"font-size:16px\">Caracter\u00edsticas:<\/span><\/strong><\/p>\n<\/div>\n<\/div>\n<p><span style=\"font-size:14px\">Esta bomba de agua con filtro para acuario est\u00e1 hecha de part\u00edculas de ABS est\u00e1ndar superior y es adecuada para su uso en acuarios de agua salada. y tanques de agua dulce. <\/span><\/p>\n<\/p>\n<p><span style=\"font-size:14px\">1. Utiliza un n\u00facleo de eje resistente al desgaste de alta resistencia, tiene un ahorro de energ\u00eda altamente eficiente y una larga vida \u00fatil<\/span><\/p>\n<p><span style=\"font-size:14px\">2. Tiene buena resistencia al agua, alta resistencia diel\u00e9ctrica, es seguro y confiable<\/span><\/p>\n<p><span style=\"font-size:14px\">3.Est\u00e1 dise\u00f1ado con impulsor centr\u00edfugo, tiene alto flujo y alta presi\u00f3n<\/span><\/p>\n<p><span style=\"font-size:14px\">4. tiene varias funciones como bombeo, filtro y ox\u00edgeno, pertenece al sumergible multifunci\u00f3n<\/span><\/p>\n<p><span style=\"font-size:14px\">5. Se aplica a acuarios, circulaci\u00f3n de agua de estanques rocosos y combinaci\u00f3n de dispositivos.<\/span><\/p>\n<\/p>\n<p><span style=\"font-size:16px\"><strong>Par\u00e1metro:<\/strong><\/span><\/p>\n<\/p>\n<table class=\"aliDataTable\" border=\"1\">\n<tbody>\n<tr>\n<td style=\"text-align:center\"><strong>Modelo<\/strong><\/td>\n<td style=\"text-align:center\"><strong>Voltaje<\/strong><\/td>\n<td style=\"text-align:center\"><strong>Frecuencia<\/strong><\/td>\n<td style=\"text-align:center\"><strong>Potencia<\/strong><\/td>\n<td style=\"text-align:center\"><strong>H-max<\/strong><\/td>\n<td style=\"text-align:center\"><strong>Salida<\/strong><\/td>\n<td style=\"text-align:center\"><strong>Adaptador de casa<\/strong><\/td>\n<td style=\"text-align:center\"><strong>Longitud del cable<\/strong><\/td>\n<td style=\"text-align:center\"><strong>Peso<\/strong><\/td>\n<td style=\"text-align:center\"><strong>L*W*H(mm)<\/strong><\/td>\n<\/tr>\n<tr>\n<td style=\"text-align:center\">JP-500G<\/td>\n<td style=\"text-align:center\">110V\/220V\/240V<\/td>\n<td style=\"text-align:center\">50Hz\/60Hz<\/td>\n<td style=\"text-align:center\">6W<\/td>\n<td style=\"text-align:center\">0,8m<\/td>\n<td style=\"text-align:center\">350L\/h<\/td>\n<td style=\"text-align:center\">16mm<\/td>\n<td style=\"text-align:center\">1,5m<\/td>\n<td style=\"text-align:center\">0,26kg<\/td>\n<td style=\"text-align:center\">80*42*78<\/td>\n<\/tr>\n<tr>\n<td style=\"text-align:center\">JP-700G<\/td>\n<td style=\"text-align:center\">110V\/220V\/240V<\/td>\n<td style=\"text-align:center\">50Hz\/60Hz<\/td>\n<td style=\"text-align:center\">12W<\/td>\n<td style=\"text-align:center\">1,2m<\/td>\n<td style=\"text-align:center\">650L\/h<\/td>\n<td style=\"text-align:center\">16mm<\/td>\n<td style=\"text-align:center\">1,5m<\/td>\n<td style=\"text-align:center\">0,40kg<\/td>\n<td style=\"text-align:center\">90*51*100<\/td>\n<\/tr>\n<tr>\n<td style=\"text-align:center\">JP-900G<\/td>\n<td style=\"text-align:center\">110V\/220V\/240V<\/td>\n<td style=\"text-align:center\">50Hz\/60Hz<\/td>\n<td style=\"text-align:center\">20W<\/td>\n<td style=\"text-align:center\">1,5m<\/td>\n<td style=\"text-align:center\">1000L\/h<\/td>\n<td style=\"text-align:center\">16mm<\/td>\n<td style=\"text-align:center\">1,5m<\/td>\n<td style=\"text-align:center\">0,60kg<\/td>\n<td style=\"text-align:center\">95*58*110<\/td>\n<\/tr>\n<tr>\n<td style=\"text-align:center\">JP-1000G<\/td>\n<td style=\"text-align:center\">110V\/220V\/240V<\/td>\n<td style=\"text-align:center\">50Hz\/60Hz<\/td>\n<td style=\"text-align:center\">25W<\/td>\n<td style=\"text-align:center\">1,7m<\/td>\n<td style=\"text-align:center\">1200L\/h<\/td>\n<td style=\"text-align:center\">16mm<\/td>\n<td style=\"text-align:center\">1,5m<\/td>\n<td style=\"text-align:center\">0,65kg<\/td>\n<td style=\"text-align:center\">100*65*115<\/td>\n<\/tr>\n<tr>\n<td style=\"text-align:center\">JP-1500G<\/td>\n<td style=\"text-align:center\">110V\/220V\/240V<\/td>\n<td style=\"text-align:center\">50Hz\/60Hz<\/td>\n<td style=\"text-align:center\">45W<\/td>\n<td style=\"text-align:center\">2,4m<\/td>\n<td style=\"text-align:center\">1800L\/h<\/td>\n<td style=\"text-align:center\">16mm<\/td>\n<td style=\"text-align:center\">1,5m<\/td>\n<td style=\"text-align:center\">0,80kg<\/td>\n<td style=\"text-align:center\">105*65*120<\/td>\n<\/tr>\n<\/tbody>\n<\/table>\n<\/p>\n<p><img decoding=\"async\" alt=\"SUNSUN Nuevo dise\u00f1o Microbomba de agua para acuario de 1000L\/h\" src=\"http:\/\/localhost\/media\/import\/detail\/HTB1HaEdGpXXXXbHXFXXq6xXFXXX1.jpg\"><img decoding=\"async\" alt=\"Microbomba de agua para acuario de 1000L\/h de nuevo dise\u00f1o SUNSUN\" src=\"http:\/\/localhost\/media\/import\/detail\/HTB10hTUGpXXXXXpaXXXq6xXFXXXX.jpg\"><img decoding=\"async\" alt=\"Microbomba de agua para acuario SUNSUN, nuevo dise\u00f1o, 1000L\/h\" src=\"http:\/\/localhost\/media\/import\/detail\/HTB1Pj7rGpXXXXacXpXXq6xXFXXXH.jpg\"><img decoding=\"async\" alt=\"Microbomba de agua para acuario de 1000L\/h de nuevo dise\u00f1o SUNSUN\" src=\"http:\/\/localhost\/media\/import\/detail\/HTB1DFL9GpXXXXc0XFXXq6xXFXXXv.jpg\"><img decoding=\"async\" alt=\"Microbomba de agua para acuario de 1000L\/h de nuevo dise\u00f1o SUNSUN\" src=\"http:\/\/localhost\/media\/import\/detail\/HTB1vjH5GpXXXXX_XVXXq6xXFXXXX.jpg\"><img decoding=\"async\" alt=\"Microbomba de agua para acuario de 1000L\/h de nuevo dise\u00f1o SUNSUN\" src=\"http:\/\/localhost\/media\/import\/detail\/HTB1xyn9GpXXXXc1XFXXq6xXFXXXB.jpg\"><img decoding=\"async\" alt=\"Micro bomba de agua para acuario de 1000L\/h de nuevo dise\u00f1o SUNSUN\" src=\"http:\/\/localhost\/media\/import\/detail\/HTB1AJspGpXXXXaWXpXXq6xXFXXXk.jpg\"><\/p>\n<div id=\"ali-anchor-AliPostDhMb-a8bnz\" style=\"padding-top:8px\" data-section-title=\"Informaci\u00f3n de la empresa\" data-section=\"AliPostDhMb-a8bnz\">\n<div id=\"ali-title-AliPostDhMb-a8bnz\" style=\"border-bottom:#ddd 1px solid;padding-bottom:8px;padding-top:8px;padding-left:0px;padding-right:0px\"> <\/div>\n<\/div>\n<div><\/div>\n","protected":false},"excerpt":{"rendered":"<p>SUNSUN Nuevo Dise\u00f1o 1000L\/h Micro bomba de agua para acuario JP-900G<\/p>\n","protected":false},"featured_media":5572,"comment_status":"open","ping_status":"closed","template":"","meta":[],"product_brand":[],"product_cat":[1146],"product_tag":[],"class_list":{"0":"post-29431","1":"product","2":"type-product","3":"status-publish","4":"has-post-thumbnail","6":"product_cat-bombas-de-agua-y-cabezales-de-potencia","8":"first","9":"instock","10":"shipping-taxable","11":"purchasable","12":"product-type-simple","13":"add-to-wishlist-after_add_to_cart"},"jetpack_sharing_enabled":true,"_links":{"self":[{"href":"https:\/\/www.reefshops.com\/es\/wp-json\/wp\/v2\/product\/29431","targetHints":{"allow":["GET"]}}],"collection":[{"href":"https:\/\/www.reefshops.com\/es\/wp-json\/wp\/v2\/product"}],"about":[{"href":"https:\/\/www.reefshops.com\/es\/wp-json\/wp\/v2\/types\/product"}],"replies":[{"embeddable":true,"href":"https:\/\/www.reefshops.com\/es\/wp-json\/wp\/v2\/comments?post=29431"}],"wp:featuredmedia":[{"embeddable":true,"href":"https:\/\/www.reefshops.com\/es\/wp-json\/wp\/v2\/media\/5572"}],"wp:attachment":[{"href":"https:\/\/www.reefshops.com\/es\/wp-json\/wp\/v2\/media?parent=29431"}],"wp:term":[{"taxonomy":"product_brand","embeddable":true,"href":"https:\/\/www.reefshops.com\/es\/wp-json\/wp\/v2\/product_brand?post=29431"},{"taxonomy":"product_cat","embeddable":true,"href":"https:\/\/www.reefshops.com\/es\/wp-json\/wp\/v2\/product_cat?post=29431"},{"taxonomy":"product_tag","embeddable":true,"href":"https:\/\/www.reefshops.com\/es\/wp-json\/wp\/v2\/product_tag?post=29431"}],"curies":[{"name":"wp","href":"https:\/\/api.w.org\/{rel}","templated":true}]}}