{"id":29435,"date":"2016-09-25T23:28:31","date_gmt":"2016-09-25T23:28:31","guid":{"rendered":"https:\/\/www.reefshops.com\/product\/sunsun-gsce-5w-350l-h-buen-precio-acuario-mini-bomba-de-agua-hj-531\/"},"modified":"2025-03-16T07:05:35","modified_gmt":"2025-03-16T07:05:35","slug":"sunsun-gsce-5w-350l-h-buen-precio-acuario-mini-bomba-de-agua-hj-531","status":"publish","type":"product","link":"https:\/\/www.reefshops.com\/es\/producto\/sunsun-gsce-5w-350l-h-buen-precio-acuario-mini-bomba-de-agua-hj-531\/","title":{"rendered":"SUNSUN GS,CE 5W 350L\/h Buen Precio Acuario Mini Bomba de Agua HJ-531"},"content":{"rendered":"<div style=\"clear:both\"><\/div>\n<p><span style=\"font-size:24px;color:#ff0000\">SUNSUN GS,CE 5W 350L\/h Mini bomba de agua para acuario a buen precio <\/span><\/p>\n<table class=\"aliDataTable\" style=\"height:300px;width:598px\" cellpadding=\"0\" border=\"1\">\n<tbody>\n<tr style=\"height:15.6pt\" align=\"izquierda\">\n<td valign=\"top\">\n<p><span style=\"font-size:14px\">1.Item<\/span><\/p>\n<\/td>\n<td style=\"width:197.05pt\" valign=\"top\">\n<p><span style=\"font-size:14px\">Mini bomba de agua para acuario SUNSUN <\/span><\/p>\n<\/td>\n<\/tr>\n<tr style=\"height:15.6pt\" align=\"izquierda\">\n<td valign=\"top\">\n<p><span style=\"font-size:14px\">2.Modelo<\/span><\/p>\n<\/td>\n<td style=\"width:197.05pt\" valign=\"top\">\n<p><span style=\"font-size:14px\">HJ-531<\/span><\/p>\n<\/td>\n<\/tr>\n<tr style=\"height:15.6pt\" align=\"izquierda\">\n<td valign=\"top\">\n<p><span style=\"font-size:14px\">3.Voltaje<\/span><\/p>\n<\/td>\n<td style=\"width:197.05pt\" valign=\"top\">\n<p><span style=\"font-size:14px\">110V\/220V\/240V<\/span><\/p>\n<\/td>\n<\/tr>\n<tr style=\"height:16.35pt\" align=\"left\">\n<td valign=\"top\">\n<p><span style=\"font-size:14px\">4.Frecuencia<\/span><\/p>\n<\/td>\n<td valign=\"top\">\n<p><span style=\"font-size:14px\">50Hz\/60Hz<\/span><\/p>\n<\/td>\n<\/tr>\n<tr style=\"height:15.6pt\" align=\"left\">\n<td valign=\"top\">\n<p><span style=\"font-size:14px\">5.Potencia<\/span><\/p>\n<\/td>\n<td valign=\"top\">\n<p><span style=\"font-size:14px\">5W<\/span><\/p>\n<\/td>\n<\/tr>\n<tr style=\"height:16.35pt\" align=\"left\">\n<td valign=\"top\">\n<p><span style=\"font-size:14px\">6.Salida<\/span><\/p>\n<\/td>\n<td valign=\"top\">\n<p><span style=\"font-size:14px\">350L\/h<\/span><\/p>\n<\/td>\n<\/tr>\n<tr style=\"height:15.6pt\" align=\"left\">\n<td valign=\"top\">\n<p><span style=\"font-size:14px\">7.Peso<\/span><\/p>\n<\/td>\n<td valign=\"top\">\n<p><span style=\"font-size:14px\">0,18 kg<\/span><\/p>\n<\/td>\n<\/tr>\n<tr style=\"height:16.35pt\" align=\"left\">\n<td valign=\"top\">\n<p><span style=\"font-size:14px\">8.Dimensiones<\/span><\/p>\n<\/td>\n<td valign=\"top\">\n<p><span style=\"font-size:14px\">60*42*60mm<\/span><\/p>\n<\/td>\n<\/tr>\n<tr style=\"height:16.35pt\" align=\"left\">\n<td valign=\"top\">\n<p><span style=\"font-size:14px\">9.H-max<\/span><\/p>\n<\/td>\n<td valign=\"top\">\n<p><span style=\"font-size:14px\">0,6 m<\/span><\/p>\n<\/td>\n<\/tr>\n<tr style=\"height:17.25pt\" align=\"left\">\n<td valign=\"top\">\n<p><span style=\"font-size:14px\">10.Brand<\/span><\/p>\n<\/td>\n<td valign=\"top\">\n<p><span style=\"font-size:14px\">SUNSUN<\/span><\/p>\n<\/td>\n<\/tr>\n<tr style=\"height:15pt\" align=\"left\">\n<td valign=\"top\">\n<p><span style=\"font-size:14px\">11.Calidad<\/span><\/p>\n<\/td>\n<td valign=\"top\">\n<p><span style=\"font-size:14px\">Mejor calidad; <br \/><\/span><\/p>\n<p align=\"left\"><span style=\"font-size:14px\">la empresa de productos acu\u00e1ticos m\u00e1s grande de China.<\/span><\/p>\n<\/td>\n<\/tr>\n<tr style=\"height:4.6pt\" align=\"left\">\n<td valign=\"top\">\n<p><span style=\"font-size:14px\">12.Punto de venta <\/span><\/p>\n<\/td>\n<td valign=\"top\">\n<p><span style=\"font-size:14px\">Marca reconocida en China; seguro y confiable; aprobado por GS,CE<\/span><\/p>\n<\/td>\n<\/tr>\n<\/tbody>\n<\/table>\n<p><img decoding=\"async\" alt=\"SUNSUN GS,CE 5W 350L\/h Mini bomba de agua para acuario a buen precio\" src=\"http:\/\/localhost\/media\/import\/detail\/800492336_163.jpg\"><\/p>\n<p><span style=\"font-size:18px;color:#000000;text-decoration:underline;background-color:#ffff00\"><span style=\"font-family:'Verdana';text-decoration:underline\"> Dise\u00f1ado para <\/span><span style=\"font-family:'Verdana';text-decoration:underline\">sumergido<\/span><span style=\"font-family:'Verdana';text-decoration:underline\"> usar solo<\/span><\/span><\/p>\n<p style=\"text-align:center\"><span style=\"font-size:18px;color:#000000;background-color:#ffff00\"> <\/span><\/p>\n<p style=\"text-align:center\"><span style=\"font-size:18px;background-color:#ffff00\"><strong><em><span style=\"font-family:arial, helvetica, sans-serif\">El motor de la bomba es muy eficiente, ahorra energ\u00eda y produce poco ruido, <span style=\"font-family:Arial\">C\u00f3modo de usar<\/span> <\/span><\/em><\/strong><\/span><\/p>\n<\/p>\n<p><span style=\"font-size:24px;color:#ff0000;background-color:#c0c0c0\">1. Caracter\u00edstica de la bomba de agua m\u00ednima para acuario:<\/span><\/p>\n<p><span style=\"font-size:14px\">1) Las bombas de agua m\u00ednimas para acuario utilizan un eje resistente al desgaste de alta resistencia n\u00facleo, tiene un ahorro de energ\u00eda altamente eficiente y una larga vida \u00fatil<\/span><\/p>\n<p><span style=\"font-size:14px\">2) Tiene buena resistencia al agua, alta rigidez diel\u00e9ctrica, es seguro y confiable<\/span><\/p>\n<p><span style=\"font-size:14px\">3) Est\u00e1 dise\u00f1ado con impulsor centr\u00edfugo, tiene alto flujo y alta presi\u00f3n<\/span><\/p>\n<p><span style=\"font-size:14px\">4) Tiene varias funciones como bombeo, filtro y ox\u00edgeno<\/span><\/p>\n<p><span style=\"font-size:16px\">5)<span style=\"font-size:14px\">Aplicar a<\/span> <span style=\"font-size:24px;color:#ff0000\">acuarios, rocallas, estanques, enfriadores de aire <\/span><span style=\"font-size:14px\">dispositivo de circulaci\u00f3n de agua coincidente<\/span>.<\/span><\/p>\n<\/p>\n<p> <span style=\"background-color:#c0c0c0\"><span style=\"font-size:24px;color:#ff0000\">2.Otras bombas de agua peque\u00f1as multifunci\u00f3n para su referencia<\/span> <\/span><\/p>\n<\/p>\n<p><img loading=\"lazy\" decoding=\"async\" alt=\"SUNSUN GS,CE 5W 350L\/h Mini bomba de agua para acuario a buen precio\" src=\"http:\/\/localhost\/media\/import\/detail\/547099996_368.jpg\" width=\"600\" height=\"600\"><\/p>\n<p><img decoding=\"async\" alt=\"SUNSUN GS,CE Mini bomba de agua para acuario a buen precio, 5W, 350L\/h\" src=\"http:\/\/localhost\/media\/import\/detail\/532796249_092.jpg\"><img decoding=\"async\" alt=\"Mini bomba de agua para acuario SUNSUN GS,CE, 5W, 350L\/h, a buen precio\" src=\"http:\/\/localhost\/media\/import\/detail\/532796250_550.jpg\"><img decoding=\"async\" alt=\"SUNSUN GS,CE 5W 350L\/h Mini bomba de agua para acuario a buen precio\" src=\"http:\/\/localhost\/media\/import\/detail\/532796253_103.jpg\"><img decoding=\"async\" alt=\"SUNSUN GS,CE 5W 350L\/h Mini bomba de agua para acuario a buen precio\" src=\"http:\/\/localhost\/media\/import\/detail\/532796254_281.jpg\"><\/p>\n<\/p>\n<p><span style=\"background-color:#c0c0c0\"><span style=\"font-size:x-large;color:#ff0000\">3. Bomba m\u00ednima para acuario p<span style=\"font-size:24px;color:#ff0000\">arametro<\/span> <\/span> <\/span><\/p>\n<\/p>\n<table class=\"aliDataTable ke-zeroborder\" cellpadding=\"0\" border=\"0\">\n<tbody>\n<tr align=\"left\">\n<td width=\"69\">MODELO<\/td>\n<td width=\"126\">TENSI\u00d3N<\/td>\n<td width=\"92\">FRECUENCIA<\/td>\n<td width=\"49\">POTENCIA<\/td>\n<td width=\"60\">H-MAX<\/td>\n<td>SALIDA<\/td>\n<td width=\"65\">PESO<\/td>\n<td width=\"107\">DIMENSIONES<\/td>\n<\/tr>\n<tr align=\"left\">\n<td>HJ-531<\/td>\n<td>110V\/220V\/240V<\/td>\n<td>50Hz\/60Hz<\/td>\n<td>5W <\/td>\n<td>0,6m<\/td>\n<td>350L\/h<\/td>\n<td>0,18kg<\/td>\n<td>60x42x60mm<\/td>\n<\/tr>\n<tr align=\"left\">\n<td>HJ-731<\/td>\n<td>110V\/220V\/240V<\/td>\n<td>50Hz\/60Hz<\/td>\n<td>8W <\/td>\n<td>0,9m<\/td>\n<td>550L\/h<\/td>\n<td>0,32kg<\/td>\n<td>70x52x67mm<\/td>\n<\/tr>\n<tr align=\"left\">\n<td>HJ-931<\/td>\n<td>110V\/220V\/240V<\/td>\n<td>50Hz\/60Hz<\/td>\n<td>16 An<\/td>\n<td>1,3m<\/td>\n<td>800L\/h<\/td>\n<td>0,42kg<\/td>\n<td>86x56x72mm<\/td>\n<\/tr>\n<tr align=\"left\">\n<td>JP-500G<\/td>\n<td>110V\/220V\/240V<\/td>\n<td>50Hz\/60Hz<\/td>\n<td>6 Ancho<\/td>\n<td>0,8m<\/td>\n<td>350L\/h<\/td>\n<td>0,26kg<\/td>\n<td>80x42x78mm<\/td>\n<\/tr>\n<tr align=\"left\">\n<td>JP-700G<\/td>\n<td>110V\/220V\/240V<\/td>\n<td>50Hz\/60Hz<\/td>\n<td>12 An<\/td>\n<td>1,2m<\/td>\n<td>650L\/h<\/td>\n<td>0,40kg<\/td>\n<td>90x51x100mm<\/td>\n<\/tr>\n<tr align=\"left\">\n<td>JP-900G<\/td>\n<td>110V\/220V\/240V<\/td>\n<td>50Hz\/60Hz<\/td>\n<td>20W <\/td>\n<td>1,5m<\/td>\n<td>1000L\/h<\/td>\n<td>0,60kg<\/td>\n<td>95x58x110mm<\/td>\n<\/tr>\n<tr align=\"left\">\n<td>JP-1100G<\/td>\n<td>110V\/220V\/240V<\/td>\n<td>50Hz\/60Hz<\/td>\n<td>25W <\/td>\n<td>1,7m<\/td>\n<td>1200L\/h<\/td>\n<td>0,65kg<\/td>\n<td>100x65x115mm<\/td>\n<\/tr>\n<tr align=\"left\">\n<td>JP-1500G<\/td>\n<td>110V\/220V\/240V<\/td>\n<td>50Hz\/60Hz<\/td>\n<td>45W<\/td>\n<td>2,4m<\/td>\n<td>1800L\/h<\/td>\n<td>0,80kg<\/td>\n<td>105x65x120mm<\/td>\n<\/tr>\n<\/tbody>\n<\/table><\/p>\n","protected":false},"excerpt":{"rendered":"<p>SUNSUN GS,CE 5W 350L\/h Buen Precio Acuario Mini Bomba de Agua HJ-531<\/p>\n","protected":false},"featured_media":5580,"comment_status":"open","ping_status":"closed","template":"","meta":[],"product_brand":[],"product_cat":[1146],"product_tag":[],"class_list":{"0":"post-29435","1":"product","2":"type-product","3":"status-publish","4":"has-post-thumbnail","6":"product_cat-bombas-de-agua-y-cabezales-de-potencia","8":"first","9":"instock","10":"shipping-taxable","11":"purchasable","12":"product-type-simple","13":"add-to-wishlist-after_add_to_cart"},"jetpack_sharing_enabled":true,"_links":{"self":[{"href":"https:\/\/www.reefshops.com\/es\/wp-json\/wp\/v2\/product\/29435","targetHints":{"allow":["GET"]}}],"collection":[{"href":"https:\/\/www.reefshops.com\/es\/wp-json\/wp\/v2\/product"}],"about":[{"href":"https:\/\/www.reefshops.com\/es\/wp-json\/wp\/v2\/types\/product"}],"replies":[{"embeddable":true,"href":"https:\/\/www.reefshops.com\/es\/wp-json\/wp\/v2\/comments?post=29435"}],"wp:featuredmedia":[{"embeddable":true,"href":"https:\/\/www.reefshops.com\/es\/wp-json\/wp\/v2\/media\/5580"}],"wp:attachment":[{"href":"https:\/\/www.reefshops.com\/es\/wp-json\/wp\/v2\/media?parent=29435"}],"wp:term":[{"taxonomy":"product_brand","embeddable":true,"href":"https:\/\/www.reefshops.com\/es\/wp-json\/wp\/v2\/product_brand?post=29435"},{"taxonomy":"product_cat","embeddable":true,"href":"https:\/\/www.reefshops.com\/es\/wp-json\/wp\/v2\/product_cat?post=29435"},{"taxonomy":"product_tag","embeddable":true,"href":"https:\/\/www.reefshops.com\/es\/wp-json\/wp\/v2\/product_tag?post=29435"}],"curies":[{"name":"wp","href":"https:\/\/api.w.org\/{rel}","templated":true}]}}