{"id":29457,"date":"2016-09-25T23:28:32","date_gmt":"2016-09-25T23:28:32","guid":{"rendered":"https:\/\/www.reefshops.com\/product\/bomba-de-agua-sumergible-para-estanque-sunsun-60w-8000l-h-bomba-de-agua-y-fuente-bomba-de-agua-para-jardin-jtp-8000\/"},"modified":"2025-03-16T07:05:40","modified_gmt":"2025-03-16T07:05:40","slug":"bomba-de-agua-sumergible-para-estanque-sunsun-60w-8000l-h-bomba-de-agua-y-fuente-bomba-de-agua-para-jardin-jtp-8000","status":"publish","type":"product","link":"https:\/\/www.reefshops.com\/es\/producto\/bomba-de-agua-sumergible-para-estanque-sunsun-60w-8000l-h-bomba-de-agua-y-fuente-bomba-de-agua-para-jardin-jtp-8000\/","title":{"rendered":"Bomba de agua sumergible para estanque SUNSUN, 60w, 8000L\/h, bomba de agua y fuente, bomba de agua para jard\u00edn, JTP-8000"},"content":{"rendered":"<div style=\"clear:both\"><\/div>\n<p><span style=\"color:#ff0000\"><strong><em><span style=\"font-size:24px\">60w 8000L\/h SUNSUN Bomba de agua para estanque Bomba sumergible de agua y fuente Bomba de agua para jard\u00edn<\/span><\/em><\/strong><\/span><\/p>\n<\/p>\n<p><span style=\"color:#000000;background-color:#ffffff\"><strong><span style=\"font-size:24px\">1.<strong><span style=\"font-size:24px\">Caracter\u00edsticas de la bomba de agua para jard\u00edn <\/span><\/strong><\/span><\/strong><\/span><\/p>\n<p><span style=\"font-size:18px\">Dise\u00f1o de apariencia aerodin\u00e1mica, estructura razonable y alta eficiencia;<\/span><\/p>\n<p><span style=\"font-size:large\">Utiliza un n\u00facleo de eje resistente al desgaste de alta resistencia, tiene un ahorro de energ\u00eda altamente eficiente y una larga vida \u00fatil;<\/span><\/p>\n<p><span style=\"font-size:large\">Puedes usarlo como bombeo y fuente.<\/span><\/p>\n<\/p>\n<p><span style=\"color:#000000;background-color:#ffffff\"><strong><span style=\"font-size:24px\">2. Descripci\u00f3n del producto<\/span><\/strong><span style=\"font-size:18px\"> <\/span><\/span><\/p>\n<p><span style=\"font-size:18px\">Esta bomba de agua para jard\u00edn se suministra con una amplia selecci\u00f3n de fuentes alternativas y le dar\u00e1 a cualquier estanque ese toque profesional. Esta bomba se puede usar para bombear agua directamente a su sistema de filtraci\u00f3n o, alternativamente, a una fuente de agua, as\u00ed como al sistema de fuente incluido para que pueda usar la bomba para mover agua a ambos al mismo tiempo si es necesario.<\/span><\/p>\n<\/p>\n<p><span style=\"font-size:24px;color:#000000;background-color:#ffffff\"><strong>3.La bomba de agua para jard\u00edn show<\/strong><\/span><\/p>\n<p> <img loading=\"lazy\" decoding=\"async\" alt=\"60w 8000L\/h SUNSUN Bomba de agua para estanque Bomba sumergible de agua y fuente Bomba de agua para jard\u00edn\" src=\"http:\/\/localhost\/media\/import\/detail\/754957034_499.jpg\" width=\"600\" height=\"600\"><img loading=\"lazy\" decoding=\"async\" alt=\"60w 8000L\/h SUNSUN Bomba de agua para estanque Bomba sumergible de agua y fuente Bomba de agua para jard\u00edn\" src=\"http:\/\/localhost\/media\/import\/detail\/754947649_426.jpg\" width=\"600\" height=\"600\"><\/p>\n<p><img loading=\"lazy\" decoding=\"async\" alt=\"60w Bomba de agua para estanque SUNSUN de 8000L\/h, bomba sumergible para agua y fuente, bomba de agua para jard\u00edn\" src=\"http:\/\/localhost\/media\/import\/detail\/747985555_930.jpg\" width=\"600\" height=\"600\"><img decoding=\"async\" alt=\"Bomba de agua sumergible para estanque SUNSUN de 60w 8000L\/h y bomba para fuente Bomba de agua para jard\u00edn\" src=\"http:\/\/localhost\/media\/import\/detail\/561501565_957.jpg\"><\/p>\n<\/p>\n<p><span style=\"color:#000000;background-color:#ffffff\"><strong><span style=\"font-size:24px\">4.Otra bomba de agua para jard\u00edn <\/span><\/strong><\/span><\/p>\n<\/p>\n<\/p>\n<p> <img loading=\"lazy\" decoding=\"async\" alt=\"60w 8000L\/h SUNSUN Bomba de agua para estanque Bomba sumergible de agua y fuente Bomba de agua para jard\u00edn\" src=\"http:\/\/localhost\/media\/import\/detail\/755015397_968.jpg\" width=\"600\" height=\"600\"><img loading=\"lazy\" decoding=\"async\" alt=\"60w 8000L\/h SUNSUN Bomba de agua para estanque Bomba sumergible de agua y fuente Bomba de agua para jard\u00edn\" src=\"http:\/\/localhost\/media\/import\/detail\/754992679_960.jpg\" width=\"600\" height=\"600\"><img decoding=\"async\" alt=\"60w 8000L\/h SUNSUN Bomba de agua para estanque Bomba sumergible de agua y fuente Bomba de agua para jard\u00edn\" src=\"http:\/\/localhost\/media\/import\/detail\/755022132_174.jpg\"><img decoding=\"async\" alt=\"60w 8000L\/h SUNSUN Bomba de agua para estanque Bomba sumergible de agua y fuente Bomba de agua para jard\u00edn\" src=\"http:\/\/localhost\/media\/import\/detail\/755022144_614.jpg\"><\/p>\n<p><span style=\"color:#000000;background-color:#ffffff\"><strong><span style=\"font-size:24px\">5.La bomba de agua del jard\u00edn paremeter<\/span><\/strong><\/span><\/p>\n<p> <img loading=\"lazy\" decoding=\"async\" alt=\"60w 8000L\/h SUNSUN Bomba de agua para estanque Bomba sumergible de agua y fuente Bomba de agua para jard\u00edn\" src=\"http:\/\/localhost\/media\/import\/detail\/750049600_258.jpg\" width=\"702\" height=\"295\"><\/p>\n<p align=\"left\">\n<div id=\"ali-anchor-AliPostDhMb-10r46\" style=\"padding-top:8px\" data-section-title=\"Informaci\u00f3n de la empresa\" data-section=\"AliPostDhMb-10r46\"><strong><span style=\"background-color:#dddddd;color:#333333\"><\/span><\/strong> <\/div>\n","protected":false},"excerpt":{"rendered":"<p>Bomba de agua sumergible para estanque SUNSUN, 60w, 8000L\/h, bomba de agua y fuente, bomba de agua para jard\u00edn, JTP-8000<\/p>\n","protected":false},"featured_media":5623,"comment_status":"open","ping_status":"closed","template":"","meta":[],"product_brand":[],"product_cat":[1146],"product_tag":[],"class_list":{"0":"post-29457","1":"product","2":"type-product","3":"status-publish","4":"has-post-thumbnail","6":"product_cat-bombas-de-agua-y-cabezales-de-potencia","8":"first","9":"instock","10":"shipping-taxable","11":"purchasable","12":"product-type-simple","13":"add-to-wishlist-after_add_to_cart"},"jetpack_sharing_enabled":true,"_links":{"self":[{"href":"https:\/\/www.reefshops.com\/es\/wp-json\/wp\/v2\/product\/29457","targetHints":{"allow":["GET"]}}],"collection":[{"href":"https:\/\/www.reefshops.com\/es\/wp-json\/wp\/v2\/product"}],"about":[{"href":"https:\/\/www.reefshops.com\/es\/wp-json\/wp\/v2\/types\/product"}],"replies":[{"embeddable":true,"href":"https:\/\/www.reefshops.com\/es\/wp-json\/wp\/v2\/comments?post=29457"}],"wp:featuredmedia":[{"embeddable":true,"href":"https:\/\/www.reefshops.com\/es\/wp-json\/wp\/v2\/media\/5623"}],"wp:attachment":[{"href":"https:\/\/www.reefshops.com\/es\/wp-json\/wp\/v2\/media?parent=29457"}],"wp:term":[{"taxonomy":"product_brand","embeddable":true,"href":"https:\/\/www.reefshops.com\/es\/wp-json\/wp\/v2\/product_brand?post=29457"},{"taxonomy":"product_cat","embeddable":true,"href":"https:\/\/www.reefshops.com\/es\/wp-json\/wp\/v2\/product_cat?post=29457"},{"taxonomy":"product_tag","embeddable":true,"href":"https:\/\/www.reefshops.com\/es\/wp-json\/wp\/v2\/product_tag?post=29457"}],"curies":[{"name":"wp","href":"https:\/\/api.w.org\/{rel}","templated":true}]}}