{"id":29523,"date":"2016-09-25T23:28:35","date_gmt":"2016-09-25T23:28:35","guid":{"rendered":"https:\/\/www.reefshops.com\/product\/bomba-sumergible-para-estanque-de-jardin-sunsun-gs-ce-145w-6500l-h-clb-6500\/"},"modified":"2025-03-16T07:05:56","modified_gmt":"2025-03-16T07:05:56","slug":"bomba-sumergible-para-estanque-de-jardin-sunsun-gs-ce-145w-6500l-h-clb-6500","status":"publish","type":"product","link":"https:\/\/www.reefshops.com\/es\/producto\/bomba-sumergible-para-estanque-de-jardin-sunsun-gs-ce-145w-6500l-h-clb-6500\/","title":{"rendered":"Bomba sumergible para estanque de jard\u00edn SUNSUN GS\/CE 145W 6500L\/h CLB-6500"},"content":{"rendered":"<div style=\"clear:both\"><\/div>\n<div style=\"padding-bottom:10px;padding-top:10px;padding-left:0px;padding-right:0px\">\n<p><span><\/span><\/p>\n<\/div>\n<p><span style=\"color:#000000\"><strong><span style=\"font-size:24px\">SUNSUN GS\/CE Bomba sumergible para estanque de jard\u00edn 145W 6500L\/h<\/span><\/strong><\/span><\/p>\n<div id=\"ali-anchor-AliPostDhMb-7sxfz\" style=\"padding-top:8px\" data-section=\"AliPostDhMb-7sxfz\" data-section-title=\"Descripci\u00f3n del producto\">\n<div id=\"ali-title-AliPostDhMb-7sxfz\" style=\"border-bottom:#ddd 1px solid;padding-bottom:8px;padding-top:8px;padding-left:0px;padding-right:0px\"><span style=\"font-weight:bold;color:#333;padding-bottom:8px;padding-top:8px;padding-left:10px;line-height:12px;padding-right:10px;background-color:#ddd\">Descripci\u00f3n del producto<\/span><\/div>\n<div style=\"padding-bottom:10px;padding-top:10px;padding-left:0px;padding-right:0px\">\n<\/div>\n<\/div>\n<table class=\"aliDataTable\" style=\"height:300px;width:598px\" cellpadding=\"0\" border=\"1\">\n<tbody>\n<tr style=\"height:15.6pt\" align=\"izquierda\">\n<td valign=\"top\">\n<p><span style=\"font-size:12pt\">1.Item<\/span><\/p>\n<\/td>\n<td style=\"width:197.05pt\" valign=\"top\">\n<p><span style=\"font-size:12pt\">Bomba para estanque SUNSUN<\/span><\/p>\n<\/td>\n<\/tr>\n<tr style=\"height:15.6pt\" align=\"izquierda\">\n<td valign=\"top\">\n<p><span style=\"font-size:12pt\">2.Modelo<\/span><\/p>\n<\/td>\n<td style=\"width:197.05pt\" valign=\"top\">\n<p><span style=\"font-size:12pt\">CLB-6500<\/span><\/p>\n<\/td>\n<\/tr>\n<tr style=\"height:15.6pt\" align=\"left\">\n<td valign=\"top\">\n<p><span style=\"font-size:12pt\">3.Voltaje<\/span><\/p>\n<\/td>\n<td valign=\"top\">\n<p><span style=\"font-size:12pt\">110V\/220V\/240V<\/span><\/p>\n<\/td>\n<\/tr>\n<tr style=\"height:16.35pt\" align=\"left\">\n<td valign=\"top\">\n<p><span style=\"font-size:12pt\">4.Frecuencia<\/span><\/p>\n<\/td>\n<td valign=\"top\">\n<p><span style=\"font-size:12pt\">50Hz\/60Hz<\/span><\/p>\n<\/td>\n<\/tr>\n<tr style=\"height:15.6pt\" align=\"left\">\n<td valign=\"top\">\n<p><span style=\"font-size:12pt\">5.Potencia<\/span><\/p>\n<\/td>\n<td valign=\"top\">\n<p><span style=\"font-size:12pt\">145W<\/span><\/p>\n<\/td>\n<\/tr>\n<tr style=\"height:16.35pt\" align=\"left\">\n<td valign=\"top\">\n<p><span style=\"font-size:12pt\">6.H-max<\/span><\/p>\n<\/td>\n<td valign=\"top\">\n<p><span style=\"font-size:12pt\">5,0m<\/span><\/p>\n<\/td>\n<\/tr>\n<tr style=\"height:16.35pt\" align=\"left\">\n<td valign=\"top\">\n<p><span style=\"font-size:12pt\">7.Salida<\/span><\/p>\n<\/td>\n<td valign=\"top\">\n<p><span style=\"font-size:12pt\">6500L\/h<\/span><\/p>\n<\/td>\n<\/tr>\n<tr style=\"height:16.35pt\" align=\"left\">\n<td valign=\"top\">\n<p><span style=\"font-size:12pt\">8.Longitud del cable<\/span><\/p>\n<\/td>\n<td valign=\"top\">\n<p><span style=\"font-size:12pt\">5m<\/span><\/p>\n<\/td>\n<\/tr>\n<tr style=\"height:16.35pt\" align=\"left\">\n<td valign=\"top\">\n<p><span style=\"font-size:12pt\">9.Dimensi\u00f3n en mm<\/span><\/p>\n<\/td>\n<td valign=\"top\">\n<p><span style=\"font-size:12pt\">H:232;W:185<\/span><\/p>\n<\/td>\n<\/tr>\n<tr style=\"height:17.25pt\" align=\"left\">\n<td valign=\"top\">\n<p><span style=\"font-size:12pt\">10.Brand<\/span><\/p>\n<\/td>\n<td valign=\"top\">\n<p><span style=\"font-size:12pt\">SUNSUN<\/span><\/p>\n<\/td>\n<\/tr>\n<tr style=\"height:15pt\" align=\"left\">\n<td valign=\"top\">\n<p><span style=\"font-size:16px\">11.Quality<\/span><\/p>\n<\/td>\n<td valign=\"top\">\n<p><span style=\"font-size:16px\">La mejor calidad;<br \/><\/span><\/p>\n<p align=\"left\"><span style=\"font-size:16px\">la empresa de productos acu\u00e1ticos m\u00e1s grande de China.<\/span><\/p>\n<\/td>\n<\/tr>\n<tr style=\"height:4.6pt\" align=\"left\">\n<td valign=\"top\">\n<p><span style=\"font-size:16px\">12.Punto de venta<\/span><\/p>\n<\/td>\n<td valign=\"top\">\n<p><span style=\"font-size:16px\">Marca reconocida en China; seguro y confiable; Aprobado por CE,GS<\/span><\/p>\n<\/td>\n<\/tr>\n<\/tbody>\n<\/table>\n<p><img decoding=\"async\" alt=\"Bomba sumergible para estanque de jard\u00edn SUNSUN GS\/CE 145W 6500L\/h\" src=\"http:\/\/localhost\/media\/import\/detail\/564018593_248.jpg\"> <\/p>\n<\/p>\n<p><span style=\"color:#000000;background-color:#ffff00\"><span style=\"font-size:24px\">1.Estanque de jard\u00edn<\/span><span style=\"font-size:24px\">Detalles de la bomba:<\/span><\/span><\/p>\n<\/p>\n<p><img loading=\"lazy\" decoding=\"async\" alt=\"Bomba sumergible para estanque de jard\u00edn SUNSUN GS\/CE 145W 6500L\/h\" src=\"http:\/\/localhost\/media\/import\/detail\/564018742_141.jpg\" width=\"615\" height=\"528\"><\/p>\n<p><img loading=\"lazy\" decoding=\"async\" alt=\"SUNSUN GS\/CE 145W Bomba sumergible para estanque de jard\u00edn 6500L\/h\" src=\"http:\/\/localhost\/media\/import\/detail\/564019126_044.jpg\" width=\"615\" height=\"409\"><\/p>\n<\/p>\n<p><span style=\"color:#000000;background-color:#ffff00\"><span style=\"font-size:24px\">2. Par\u00e1metros t\u00e9cnicos de la bomba para estanque de jard\u00edn Detalles:<\/span> <\/span><\/p>\n<p><img loading=\"lazy\" decoding=\"async\" alt=\"Bomba sumergible para estanque de jard\u00edn SUNSUN GS\/CE 145W 6500L\/h\" src=\"http:\/\/localhost\/media\/import\/detail\/564019209_663.jpg\" width=\"614\" height=\"218\"><\/p>\n<p><img decoding=\"async\" alt=\"Bomba sumergible para estanque de jard\u00edn SUNSUN GS\/CE 145W 6500L\/h\" src=\"http:\/\/localhost\/media\/import\/detail\/564019487_825.jpg\"><\/p>\n<\/p>\n<p><span style=\"color:#000000;background-color:#ffff00\"><span style=\"font-size:24px\"><span style=\"font-family:'Times New Roman'\"><strong>3.Garden<\/strong><\/span><\/span><span style=\"font-size:24px\"><span style=\"font-family:'Times New Roman'\"><strong>caracter\u00edsticas de la bomba para estanque:<\/strong><\/span> <\/span> <\/span><\/p>\n<\/p>\n<p><span style=\"font-size:18px\"><span style=\"font-size:14px\">1<\/span><\/span><span style=\"font-size:18px\"><span style=\"font-size:14px\">)<\/span><\/span><span style=\"font-size:18px\"><span style=\"font-size:14px\"><span style=\"color:#000000\">El rotor est\u00e1 hecho de un material especial, f\u00e1cil de iniciar y bajo consumo de energ\u00eda;<\/span><\/span><\/span><\/p>\n<p><span style=\"font-size:18px;color:#000000\"><span style=\"font-size:14px\">2) Eje cer\u00e1mico de alta calidad y localizador de eje, duradero y silencioso;<\/span><\/span><\/p>\n<p><span style=\"font-size:18px;color:#000000\"><span style=\"font-size:14px\">3)Motor completamente sellado e impermeable, seguro y confiable;<\/span><\/span><\/p>\n<p><span style=\"font-size:18px;color:#000000\"><span style=\"font-size:14px\">4)Motor as\u00edncrono est\u00e1ndar de alto rendimiento con nuevo dise\u00f1o y ahorro de energ\u00eda hasta<\/span><\/span><\/p>\n<p><span style=\"font-size:18px;color:#000000\"><span style=\"font-size:14px\">hasta un 50% que antes.<\/span><\/span><\/p>\n<p><span style=\"font-size:18px;color:#000000\"><span style=\"font-size:14px\">5) Riegue el jard\u00edn, haga circular agua en rocalla, suministre y descargue agua en la piscina;<\/span><\/span><\/p>\n<p><span style=\"font-size:18px;color:#000000\"><span style=\"font-size:14px\">6) Despu\u00e9s de extraer agua, solo deja 5 mm de profundidad, lo que hace que drene por completo.<\/span><\/span><\/p>\n<p style=\"font-size:16px\"><span style=\"font-size:16px;font-family:arial,helvetica,sans-serif\"> <\/span><\/p>\n<p><span style=\"font-size:24px;color:#000000;background-color:#ffff00\">4.Otra bomba para estanque de jard\u00edn<\/span><\/p>\n<p><img loading=\"lazy\" decoding=\"async\" alt=\"SUNSUN GS\/CE Bomba Sumergible para Estanque de Jard\u00edn 145W 6500L\/h\" src=\"http:\/\/localhost\/media\/import\/detail\/537674924_045.jpg\" width=\"609\" height=\"322\"><\/p>\n<p> <img decoding=\"async\" alt=\"SUNSUN GS\/CE 145W 6500L\/h Jard\u00edn Bomba sumergible para estanque\" src=\"http:\/\/localhost\/media\/import\/detail\/537633735_544.jpg\"><\/p>\n<p><img loading=\"lazy\" decoding=\"async\" alt=\"Bomba sumergible para estanque de jard\u00edn SUNSUN GS\/CE 145W 6500L\/h\" src=\"http:\/\/localhost\/media\/import\/detail\/537636499_010.jpg\" width=\"610\" height=\"478\"><\/p>\n<\/p>\n<div id=\"ali-anchor-AliPostDhMb-hlll2\" style=\"padding-top:8px\" data-section=\"AliPostDhMb-hlll2\" data-section-title=\"Informaci\u00f3n de la empresa\">\n<div id=\"ali-title-AliPostDhMb-hlll2\" style=\"border-bottom:#ddd 1px solid;padding-bottom:8px;padding-top:8px;padding-left:0px;padding-right:0px\"> <\/div>\n<\/div>\n<div><\/div>\n","protected":false},"excerpt":{"rendered":"<p>Bomba sumergible para estanque de jard\u00edn SUNSUN GS\/CE 145W 6500L\/h CLB-6500<\/p>\n","protected":false},"featured_media":5755,"comment_status":"open","ping_status":"closed","template":"","meta":[],"product_brand":[],"product_cat":[1146],"product_tag":[],"class_list":{"0":"post-29523","1":"product","2":"type-product","3":"status-publish","4":"has-post-thumbnail","6":"product_cat-bombas-de-agua-y-cabezales-de-potencia","8":"first","9":"instock","10":"shipping-taxable","11":"purchasable","12":"product-type-simple","13":"add-to-wishlist-after_add_to_cart"},"jetpack_sharing_enabled":true,"_links":{"self":[{"href":"https:\/\/www.reefshops.com\/es\/wp-json\/wp\/v2\/product\/29523","targetHints":{"allow":["GET"]}}],"collection":[{"href":"https:\/\/www.reefshops.com\/es\/wp-json\/wp\/v2\/product"}],"about":[{"href":"https:\/\/www.reefshops.com\/es\/wp-json\/wp\/v2\/types\/product"}],"replies":[{"embeddable":true,"href":"https:\/\/www.reefshops.com\/es\/wp-json\/wp\/v2\/comments?post=29523"}],"wp:featuredmedia":[{"embeddable":true,"href":"https:\/\/www.reefshops.com\/es\/wp-json\/wp\/v2\/media\/5755"}],"wp:attachment":[{"href":"https:\/\/www.reefshops.com\/es\/wp-json\/wp\/v2\/media?parent=29523"}],"wp:term":[{"taxonomy":"product_brand","embeddable":true,"href":"https:\/\/www.reefshops.com\/es\/wp-json\/wp\/v2\/product_brand?post=29523"},{"taxonomy":"product_cat","embeddable":true,"href":"https:\/\/www.reefshops.com\/es\/wp-json\/wp\/v2\/product_cat?post=29523"},{"taxonomy":"product_tag","embeddable":true,"href":"https:\/\/www.reefshops.com\/es\/wp-json\/wp\/v2\/product_tag?post=29523"}],"curies":[{"name":"wp","href":"https:\/\/api.w.org\/{rel}","templated":true}]}}