{"id":30055,"date":"2016-09-25T23:28:37","date_gmt":"2016-09-25T23:28:37","guid":{"rendered":"https:\/\/www.reefshops.com\/product\/bombas-de-oxigeno-uv-para-acuario-multifuncion-de-alta-calidad-sunsun-jup-02\/"},"modified":"2025-03-16T07:12:09","modified_gmt":"2025-03-16T07:12:09","slug":"bombas-de-oxigeno-uv-para-acuario-multifuncion-de-alta-calidad-sunsun-jup-02","status":"publish","type":"product","link":"https:\/\/www.reefshops.com\/es\/producto\/bombas-de-oxigeno-uv-para-acuario-multifuncion-de-alta-calidad-sunsun-jup-02\/","title":{"rendered":"Bombas de ox\u00edgeno UV para acuario multifunci\u00f3n de alta calidad SUNSUN JUP-02"},"content":{"rendered":"<div style=\"clear:both\"><\/div>\n<p><span style=\"font-size:24px;color:#ff0000\"><\/span><\/p>\n<p><span style=\"font-size:24px;color:#ff0000\">Bombas de ox\u00edgeno UV para acuario multifunci\u00f3n de alta calidad SUNSUN <\/span><\/p>\n<table class=\"aliDataTable\" cellpadding=\"0\" border=\"1\">\n<tbody>\n<tr style=\"height:15.6pt\" align=\"izquierda\">\n<td valign=\"top\">\n<p><span style=\"font-size:12pt\">1.Item<\/span><\/p>\n<\/td>\n<td style=\"width:197.05pt\" valign=\"top\">\n<p><span style=\"font-size:12pt\">Bomba de ox\u00edgeno para acuario SUNSUN <\/span><\/p>\n<\/td>\n<\/tr>\n<tr style=\"height:15.6pt\" align=\"izquierda\">\n<td valign=\"top\">\n<p><span style=\"font-size:12pt\">2.Modelo<\/span><\/p>\n<\/td>\n<td style=\"width:197.05pt\" valign=\"top\">\n<p><span style=\"font-size:12pt\">JUP-02<\/span><\/p>\n<\/td>\n<\/tr>\n<tr style=\"height:15.6pt\" align=\"izquierda\">\n<td valign=\"top\">\n<p><span style=\"font-size:12pt\">3.Voltaje<\/span><\/p>\n<\/td>\n<td style=\"width:197.05pt\" valign=\"top\">\n<p><span style=\"font-size:12pt\">110V\/220V\/240V<\/span><\/p>\n<\/td>\n<\/tr>\n<tr style=\"height:16.35pt\" align=\"left\">\n<td valign=\"top\">\n<p><span style=\"font-size:12pt\">4.Frecuencia<\/span><\/p>\n<\/td>\n<td valign=\"top\">\n<p><span style=\"font-size:12pt\">50Hz\/60Hz<\/span><\/p>\n<\/td>\n<\/tr>\n<tr style=\"height:15.6pt\" align=\"left\">\n<td valign=\"top\">\n<p><span style=\"font-size:12pt\">5.Potencia<\/span><\/p>\n<\/td>\n<td valign=\"top\">\n<p><span style=\"font-size:12pt\">4W<\/span><\/p>\n<\/td>\n<\/tr>\n<tr style=\"height:15.6pt\" align=\"left\">\n<td valign=\"top\">\n<p><span style=\"font-size:12pt\">6.Potencia UV<\/span><\/p>\n<\/td>\n<td valign=\"top\">\n<p><span style=\"font-size:12pt\">5W\/7W\/9W<\/span><\/p>\n<\/td>\n<\/tr>\n<tr style=\"height:16.35pt\" align=\"left\">\n<td valign=\"top\">\n<p><span style=\"font-size:12pt\">6.Salida<\/span><\/p>\n<\/td>\n<td valign=\"top\">\n<p><span style=\"font-size:12pt\">500L<\/span><span style=\"font-size:12pt\">\/h<\/span><\/p>\n<\/td>\n<\/tr>\n<tr align=\"left\">\n<td valign=\"top\">\n<p><span style=\"font-size:12pt\">7.Peso<\/span><\/p>\n<\/td>\n<td valign=\"top\">\n<p><span style=\"font-size:12pt\">0,6 kg<\/span><\/p>\n<\/td>\n<\/tr>\n<tr style=\"height:16.35pt\" align=\"left\">\n<td valign=\"top\">\n<p><span style=\"font-size:12pt\">8.Dimensiones<\/span><\/p>\n<\/td>\n<td valign=\"top\">\n<p><span style=\"font-size:12pt\">95* 80*265mm<\/span><\/p>\n<\/td>\n<\/tr>\n<tr style=\"height:16.35pt\" align=\"left\">\n<td valign=\"top\">\n<p><span style=\"font-size:12pt\">9.H-max<\/span><\/p>\n<\/td>\n<td valign=\"top\">\n<p><span style=\"font-size:12pt\">0,4<\/span><span style=\"font-size:12pt\">m<\/span><\/p>\n<\/td>\n<\/tr>\n<tr align=\"left\">\n<td valign=\"top\">\n<p><span style=\"font-size:12pt\">10.Brand<\/span><\/p>\n<\/td>\n<td valign=\"top\">\n<p><span style=\"font-size:12pt\">SUNSUN<\/span><\/p>\n<\/td>\n<\/tr>\n<tr style=\"height:15pt\" align=\"left\">\n<td valign=\"top\">\n<p><span style=\"font-size:16px\">11.Calidad<\/span><\/p>\n<\/td>\n<td valign=\"top\">\n<p><span style=\"font-size:16px\">Mejor calidad; <br \/><\/span><\/p>\n<p align=\"left\"><span style=\"font-size:16px\">la empresa de productos acu\u00e1ticos m\u00e1s grande de China.<\/span><\/p>\n<\/td>\n<\/tr>\n<tr style=\"height:4.6pt\" align=\"left\">\n<td valign=\"top\">\n<p><span style=\"font-size:16px\">12.Punto de venta <\/span><\/p>\n<\/td>\n<td valign=\"top\">\n<p><span style=\"font-size:16px\">Marca reconocida en China; seguro y confiable: bomba de filtraci\u00f3n UV.<\/span><\/p>\n<\/td>\n<\/tr>\n<\/tbody>\n<\/table>\n<p><span style=\"font-size:24px;color:#ff0000;background-color:#ffffff\">Detalles de los par\u00e1metros t\u00e9cnicos de la bomba de ox\u00edgeno para acuario:<\/span><\/p>\n<table class=\"aliDataTable ke-zeroborder\" style=\"height:115px;width:604px\" cellpadding=\"0\" border=\"0\">\n<tbody>\n<tr align=\"left\">\n<td width=\"55\">MODELO<\/td>\n<td width=\"121\">TENSI\u00d3N<\/td>\n<td width=\"77\">FRECUENCIA<\/td>\n<td width=\"44\">POTENCIA<\/td>\n<td width=\"69\">H-MAX<\/td>\n<td>H-MAX<\/td>\n<td width=\"56\">SALIDA<\/td>\n<td width=\"53\">PESO<\/td>\n<td width=\"93\">DIMENSIONES<\/td>\n<\/tr>\n<tr align=\"left\">\n<td>JUP-21<\/td>\n<td>110V\/220V\/240V<\/td>\n<td>50Hz\/60Hz<\/td>\n<td>8W<\/td>\n<td>7W<\/td>\n<td>0,6m<\/td>\n<td>800L\/h<\/td>\n<td>1,0kg<\/td>\n<td>98x90x305mm<\/td>\n<\/tr>\n<tr align=\"left\">\n<td>JUP-22<\/td>\n<td>110V\/220V\/240V<\/td>\n<td>50Hz\/60Hz<\/td>\n<td>8W<\/td>\n<td>9W<\/td>\n<td>0,6m<\/td>\n<td>800L\/h<\/td>\n<td>1,0kg<\/td>\n<td>95x80x265mm<\/td>\n<\/tr>\n<tr align=\"left\">\n<td>JUP-23<\/td>\n<td>110V\/220V\/240V<\/td>\n<td>50Hz\/60Hz<\/td>\n<td>8W<\/td>\n<td>13W<\/td>\n<td>0,6m<\/td>\n<td>800L\/h<\/td>\n<td>1,0kg<\/td>\n<td>95x80x265mm<\/td>\n<\/tr>\n<tr align=\"left\">\n<td>JUP-01<\/td>\n<td>110V\/220V\/240V<\/td>\n<td>50Hz\/60Hz<\/td>\n<td>8W<\/td>\n<td>5W\/7W\/9W<\/td>\n<td>0,6m<\/td>\n<td>800L\/h<\/td>\n<td>1,0kg<\/td>\n<td>95x80x305mm<\/td>\n<\/tr>\n<tr align=\"left\">\n<td>JUP-02<\/td>\n<td>110V\/220V\/240V<\/td>\n<td>50Hz\/60Hz<\/td>\n<td>4W<\/td>\n<td>5W<\/ td><\/p>\n<td>0,4m<\/td>\n<td>500L\/h<\/td>\n<td>0,6kg<\/td>\n<td>95x80x265mm<\/td>\n<\/tr>\n<\/tbody>\n<\/table>\n<p><span style=\"font-size:24px;color:#ff0000\">Detalles de la bomba de ox\u00edgeno para acuario:<\/span><\/p>\n<p><img loading=\"lazy\" decoding=\"async\" alt=\"Bombas de ox\u00edgeno UV para acuario multifunci\u00f3n de alta calidad SUNSUN\" src=\"http:\/\/localhost\/media\/import\/detail\/543497614_207.jpg\" width=\"522\" height=\"800\"><\/p>\n<p><span style=\"font-size:24px;color:#ff0000\"><img loading=\"lazy\" decoding=\"async\" alt=\"Bombas de ox\u00edgeno UV multifunci\u00f3n para acuarios de alta calidad SUNSUN\" src=\"http:\/\/localhost\/media\/import\/detail\/533059278_983.jpg\" width=\"676\" height=\"328\"><\/span><\/p>\n<p><span style=\"font-size:24px;color:#ff0000\"><img loading=\"lazy\" decoding=\"async\" alt=\"Bombas de ox\u00edgeno UV multifunci\u00f3n para acuarios de alta calidad SUNSUN\" src=\"http:\/\/localhost\/media\/import\/detail\/533061100_432.jpg\" width=\"662\" height=\"265\"><\/span><\/p>\n<p><span style=\"font-size:24px;color:#ff0000\"><img loading=\"lazy\" decoding=\"async\" alt=\"Bombas de ox\u00edgeno UV multifunci\u00f3n para acuarios de alta calidad SUNSUN\" src=\"http:\/\/localhost\/media\/import\/detail\/533064521_114.jpg\" width=\"660\" height=\"136\"><\/span><\/p>\n<p><span style=\"font-size:16px;color:#ff0000\"><span style=\"color:#000000\">Bajo ruido Buen rendimiento Bueno I<span style=\"text-decoration:underline\"><span>nsulaci\u00f3n<\/span><\/span> Esterilizaci\u00f3n fuerte<\/span> <\/span><\/p>\n<\/p>\n<p><span style=\"font-size:24px;color:#ff0000\">Acerca de nuestra bomba de ox\u00edgeno para acuarios<\/span><span style=\"font-size:24px;color:#ff0000\">:<\/span><\/p>\n<p><span style=\"font-size:16px\"> 1.<\/span><span style=\"font-size:16px\">Como UV multifuncional Filtro de esterilizaci\u00f3n bomba de ox\u00edgeno para acuario, establece las funciones de ox\u00edgeno, filtrado, bombeo y esterilizaci\u00f3n: elimina eficazmente las sustancias nocivas en el acuario, para proporcionar un buen ambiente de vida para peces y plantas acu\u00e1ticas.<\/span><\/p>\n<\/p>\n<p><span style=\"font-size:16px\">2. Este producto incluye filtro, fuente, esterilizaci\u00f3n, ox\u00edgeno, bombeo y muchas otras funciones en una, especialmente adecuada para estanques peque\u00f1os. y equipos auxiliares para acuarios medianos y grandes, tanto de agua dulce como de mar, de doble uso y con caracter\u00edsticas de f\u00e1cil mantenimiento y durabilidad.<\/span><\/p>\n<p><span> <\/span><\/p>\n<p><span style=\"font-size:24px;color:#ff0000\">Bomba de ox\u00edgeno para acuarios Caracter\u00edstica:<\/span><\/p>\n<\/p>\n<p><span style=\"font-size:16px\">1.La bomba de ox\u00edgeno para acuarios puede proporcionar un buen rendimiento y tambi\u00e9n tiene caracter\u00edsticas de f\u00e1cil limpieza y mantenimiento:<\/span><\/p>\n<\/p>\n<p><span style=\"font-size:16px\">2. El reemplazo de la l\u00e1mpara germicida UV interna es f\u00e1cil, pero debe prestar atenci\u00f3n a cortar la energ\u00eda de la bomba antes del tiempo de limpieza y mantenimiento, para evitar peligros como descargas el\u00e9ctricas e irradiaci\u00f3n ultravioleta.<\/span><\/p>\n<\/p>\n<p> 3<span style=\"font-size:16px\">.Aplicar a <span style=\"font-size:24px;color:#ff0000\">acuarios <\/span><\/span> <\/p>\n<\/p>\n<p> <span style=\"font-size:24px;color:#ff0000\">Otros Bomba ultravioleta con filtro de acuario SUNSUN para su referencia<\/span> <\/p>\n<p> <img loading=\"lazy\" decoding=\"async\" alt=\"Bombas de ox\u00edgeno UV multifunci\u00f3n para acuarios de alta calidad SUNSUN\" src=\"http:\/\/localhost\/media\/import\/detail\/533070323_056.jpg\" width=\"632\" height=\"596\"><\/p>\n<p> <img loading=\"lazy\" decoding=\"async\" alt=\"Bombas de ox\u00edgeno UV multifunci\u00f3n para acuarios de alta calidad SUNSUN\" src=\"http:\/\/localhost\/media\/import\/detail\/533071325_008.jpg\" width=\"627\" height=\"476\"><\/p>\n<p><img loading=\"lazy\" decoding=\"async\" alt=\"Bombas de ox\u00edgeno UV multifunci\u00f3n para acuarios de alta calidad SUNSUN\" src=\"http:\/\/localhost\/media\/import\/detail\/533075597_685.jpg\" width=\"643\" height=\"690\"><\/p>\n<\/p>\n<\/p>\n<div id=\"ali-anchor-AliPostDhMb-8g8hu\" data-section=\"AliPostDhMb-8g8hu\" data-section-title=\"M\u00e1s informaci\u00f3n sobre nuestro\">\n<div id=\"ali-title-AliPostDhMb-8g8hu\" style=\"border-bottom:#ddd 1px solid;padding-bottom:8px;padding-top:8px;padding-left:0px;padding-right:0px\"> <\/div>\n<\/div>\n<div style=\"clear:both\"><strong><span style=\"background-color:#dddddd;color:#333333\"><\/span><\/strong><\/div>\n","protected":false},"excerpt":{"rendered":"<p>Bombas de ox\u00edgeno UV para acuario multifunci\u00f3n de alta calidad SUNSUN JUP-02<\/p>\n","protected":false},"featured_media":5867,"comment_status":"open","ping_status":"closed","template":"","meta":[],"product_brand":[],"product_cat":[1146],"product_tag":[],"class_list":{"0":"post-30055","1":"product","2":"type-product","3":"status-publish","4":"has-post-thumbnail","6":"product_cat-bombas-de-agua-y-cabezales-de-potencia","8":"first","9":"instock","10":"shipping-taxable","11":"purchasable","12":"product-type-simple","13":"add-to-wishlist-after_add_to_cart"},"jetpack_sharing_enabled":true,"_links":{"self":[{"href":"https:\/\/www.reefshops.com\/es\/wp-json\/wp\/v2\/product\/30055","targetHints":{"allow":["GET"]}}],"collection":[{"href":"https:\/\/www.reefshops.com\/es\/wp-json\/wp\/v2\/product"}],"about":[{"href":"https:\/\/www.reefshops.com\/es\/wp-json\/wp\/v2\/types\/product"}],"replies":[{"embeddable":true,"href":"https:\/\/www.reefshops.com\/es\/wp-json\/wp\/v2\/comments?post=30055"}],"wp:featuredmedia":[{"embeddable":true,"href":"https:\/\/www.reefshops.com\/es\/wp-json\/wp\/v2\/media\/5867"}],"wp:attachment":[{"href":"https:\/\/www.reefshops.com\/es\/wp-json\/wp\/v2\/media?parent=30055"}],"wp:term":[{"taxonomy":"product_brand","embeddable":true,"href":"https:\/\/www.reefshops.com\/es\/wp-json\/wp\/v2\/product_brand?post=30055"},{"taxonomy":"product_cat","embeddable":true,"href":"https:\/\/www.reefshops.com\/es\/wp-json\/wp\/v2\/product_cat?post=30055"},{"taxonomy":"product_tag","embeddable":true,"href":"https:\/\/www.reefshops.com\/es\/wp-json\/wp\/v2\/product_tag?post=30055"}],"curies":[{"name":"wp","href":"https:\/\/api.w.org\/{rel}","templated":true}]}}