{"id":30087,"date":"2016-09-25T23:28:39","date_gmt":"2016-09-25T23:28:39","guid":{"rendered":"https:\/\/www.reefshops.com\/product\/sunsun-ctp-5000-eco-30w-5000l-h-sumergible-variacion-de-frecuencia\/"},"modified":"2025-03-16T07:12:16","modified_gmt":"2025-03-16T07:12:16","slug":"sunsun-ctp-5000-eco-30w-5000l-h-sumergible-variacion-de-frecuencia","status":"publish","type":"product","link":"https:\/\/www.reefshops.com\/es\/producto\/sunsun-ctp-5000-eco-30w-5000l-h-sumergible-variacion-de-frecuencia\/","title":{"rendered":"SUNSUN CTP-5000 ECO 30w 5000L\/h Sumergible Variaci\u00f3n de Frecuencia"},"content":{"rendered":"<div style=\"clear:both\"><\/div>\n<div style=\"font-size:13px;font-family:Arial, Helvetica, sans-serif;width:726px;color:#000000\"> <\/div>\n<div style=\"font-size:13px;font-family:Arial, Helvetica, sans-serif;color:#000000\">\n<table class=\"ke-zeroborder\" cellpadding=\"0\" border=\"0\">\n<tbody>\n<tr>\n<td><a href=\"http:\/\/preview.alibaba.com\/product\/1940320417-215139431\/SUNSUN_Newly_ECO_Low_Power_Super_Quiet_Pond_Fountain_Submersible_Water_Pump_CTF_3800.html\" target=\"_blank\"><img loading=\"lazy\" decoding=\"async\" border=\"0\" alt=\"SUNSUN CTP-5000 ECO 30w 5000L\/h Bomba de agua sumergible para fuente con variaci\u00f3n de frecuencia\" src=\"http:\/\/localhost\/media\/import\/detail\/HTB1_QwQGpXXXXXBXpXXq6xXFXXXO.jpg\" width=\"190\" height=\"300\"><\/a><\/td>\n<td> <\/td>\n<td><a href=\"http:\/\/preview.alibaba.com\/product\/60041935615-215139431\/SUNSUN_CTP_5000_ECO_30w_5000L_h_water_pump_home_use.html\" target=\"_blank\"><img loading=\"lazy\" decoding=\"async\" border=\"0\" alt=\"SUNSUN CTP-5000 ECO 30w Bomba de agua sumergible para fuente con variaci\u00f3n de frecuencia de 5000L\/h\" src=\"http:\/\/localhost\/media\/import\/detail\/HTB1pSkIGpXXXXauXpXXq6xXFXXX0.jpg\" width=\"189\" height=\"300\"><\/a><\/td>\n<td><a href=\"http:\/\/preview.alibaba.com\/product\/60011545865-215139431\/SUNSUN_HJ_series_Plastic_Circulation_Mini_Auto_Water_Pump.html\" target=\"_blank\"><img loading=\"lazy\" decoding=\"async\" border=\"0\" alt=\"SUNSUN CTP-5000 ECO 30w 5000L\/h Variaci\u00f3n de frecuencia Fuente de agua sumergible Bomba\" src=\"http:\/\/localhost\/media\/import\/detail\/HTB1T6onGpXXXXb3XVXXq6xXFXXXe.jpg\" width=\"186\" height=\"300\"><\/a><\/td>\n<\/tr>\n<\/tbody>\n<\/table>\n<\/div>\n<div id=\"ali-anchor-AliPostDhMb-x97li\" style=\"padding-top:8px\" data-section-title=\"Descripci\u00f3n del producto\" data-section=\"AliPostDhMb-x97li\">\n<div id=\"ali-title-AliPostDhMb-x97li\" style=\"border-bottom:#ddd 1px solid;padding-bottom:8px;padding-top:8px;padding-left:0px;padding-right:0px\"><span style=\"font-weight:bold;color:#333;padding-bottom:8px;padding-top:8px;padding-left:10px;line-height:12px;padding-right:10px;background-color:#ddd\">Descripci\u00f3n del producto<\/span><\/div>\n<div style=\"padding-bottom:10px;padding-top:10px;padding-left:0px;padding-right:0px\">\n<div style=\"height:42px;width:750px\">\n<div style=\"height:42px;width:25px;float:left;background-color:#00ccff\"> <\/div>\n<div style=\"height:30px;width:720px;float:right;color:#ffffff;padding-bottom:5px;padding-top:5px;padding-left:0px;padding-right:0px;background-color:#0099ff\">\n<div style=\"font-size:24px;border-top:#ffffff 1px solid;height:30px;font-family:Arial;width:720px;border-bottom:#ffffff 1px solid;font-weight:bold;font-style:italic;padding-left:10px;line-height:30px\">Visualizaci\u00f3n del producto<\/div>\n<\/div>\n<\/div>\n<\/div>\n<\/div>\n<p><span style=\"font-size:14pt\"><strong>CARACTER\u00cdSTICAS:<\/strong><\/span><\/p>\n<p><span style=\"font-size:18px\"><span style=\"font-size:12pt;color:#800000\"><strong>01<\/strong><\/span><span style=\"color:#993300\"><span style=\"font-size:14px;font-family:arial,helvetica,sans-serif;color:#000000\"> Integra luz UV-C y bomba de agua en su conjunto, compacto<\/span><\/span><span style=\"color:#993300\"><span style=\"font-size:14px;font-family:arial,helvetica,sans-serif;color:#000000\"> tama\u00f1o y f\u00e1cil instalaci\u00f3n;<\/span><br \/><span style=\"font-size:14px;font-family:arial,helvetica,sans-serif;color:#000000\"><span style=\"color:#800000\"><strong><span style=\"font-size:18px\">02<\/span><\/strong><\/span> Utiliza ahorro de energ\u00eda y silencia agua s\u00faper silenciosa<\/span><span style=\"font-size:14px;font-family:arial,helvetica,sans-serif;color:#000000\"> bomba y luz ultravioleta sumergible;<\/span><br \/><span style=\"font-size:14px;font-family:arial,helvetica,sans-serif;color:#000000\"><span style=\"color:#800000\"><strong><span style=\"font-size:18px\">03<\/span><\/strong><\/span> Este producto es principalmente adecuado para la circulaci\u00f3n de agua del fondo<\/span><span style=\"font-size:14px;font-family:arial,helvetica,sans-serif;color:#000000\"> tanques de filtraci\u00f3n arowana;<\/span><br \/><span style=\"font-size:14px;font-family:arial,helvetica,sans-serif;color:#000000\"><span style=\"font-size:18px;color:#800000\"><strong>04<\/strong><\/span> Para no afectar la salida de la bomba, la luz ultravioleta<\/span><span style=\"font-size:14px;font-family:arial,helvetica,sans-serif;color:#000000\"> se colocar\u00e1 en la entrada;<\/span><br \/><span style=\"font-size:14px;font-family:arial,helvetica,sans-serif;color:#000000\"><span style=\"font-size:18px;color:#800000\"><strong>05<\/strong><\/span> Ajustador de dise\u00f1o especial, que puede ajustar la salida mediante luz ultravioleta<\/span><span style=\"font-size:14px;font-family:arial,helvetica,sans-serif;color:#000000\"> f\u00e1cilmente, para luego asegurar el buen resultado de la clarificaci\u00f3n UV.<\/span><\/span><\/span><\/p>\n<p><span style=\"font-size:16px;font-family:Calibri, 'zapf dingbats'\"><span style=\"line-height:21px\"><span>06<\/span> Esta bomba de agua ecol\u00f3gica se aplica a <em><strong> estanques, rocosos, bourn, tanques de acuario<\/strong> <\/em> y <em><strong> tanques de mariscos<\/strong> <\/em> con reciclaje de agua <\/span><span style=\"line-height:21px\"> equipo compatible.<\/span><\/span><\/p>\n<p><span style=\"font-size:16px;font-family:Calibri, 'zapf dingbats';line-height:21px\"><span style=\"font-size:18px;color:#800000\"><strong>07<\/strong><\/span><em><strong> Succi\u00f3n de bajo nivel<\/strong> <\/em> y<em><strong> bajo nivel de ruido<\/strong><\/em> . \u00a1El flujo de agua se puede ajustar!<\/span><\/p>\n<p><span style=\"font-size:16px;font-family:Calibri, 'zapf dingbats';line-height:21px\"><span style=\"font-size:18px\"><strong><span style=\"color:#800000\">08<\/span><\/strong><\/span> El dise\u00f1o de la cesta de filtro grande hace que<em><strong> el mantenimiento sea mucho mayor m\u00e1s largo<\/strong><\/em> .<\/span><\/p>\n<p><span style=\"font-size:16px;font-family:Calibri, 'zapf dingbats';line-height:21px\"><span style=\"font-size:18px\"><strong><span style=\"color:#800000\">09<\/span><\/strong><\/span> Doble sello de resina y anillo de goma. es<em><strong> m\u00e1s seguro de usar<\/strong><\/em> .<\/span><\/p>\n<p><span style=\"font-size:16px;font-family:Calibri, 'zapf dingbats';line-height:21px\"><span style=\"font-size:18px\"><strong><span style=\"color:#800000\">10<\/span><\/strong><\/span> Eje cer\u00e1mico de alta resistencia y desgaste,<em><strong> larga vida \u00fatil<\/strong><\/em> .<\/span><\/p>\n<p style=\"text-align:left\"><span style=\"font-size:16px;font-family:Calibri, 'zapf dingbats';line-height:21px\"><span style=\"font-size:18px\"><strong><span style=\"color:#800000\">11<\/span><\/strong><\/span> Motor as\u00edncrono est\u00e1ndar de alto rendimiento con nuevo dise\u00f1o y<strong><span style=\"color:#ff0000\"> ahorro de energ\u00eda de hasta un 60 %<\/span><\/strong> que antes.<\/span><\/p>\n<p style=\"text-align:left\">\n<p style=\"text-align:left\"><span style=\"font-size:18px\"><strong><span style=\"color:#993300\"><img decoding=\"async\" alt=\"CTP_01.jpg\" src=\"http:\/\/localhost\/media\/import\/detail\/HTB1pYJHFVXXXXarXFXXq6xXFXXXH.jpg\"><img decoding=\"async\" alt=\"CTP_02.jpg\" src=\"http:\/\/localhost\/media\/import\/detail\/HTB1kyXGFVXXXXcDXpXXq6xXFXXX0.jpg\"><img decoding=\"async\" alt=\"CTP_03.jpg\" src=\"http:\/\/localhost\/media\/import\/detail\/HTB1YYlFFVXXXXb9XVXXq6xXFXXXL.jpg\"><img decoding=\"async\" alt=\"CTP_04.jpg\" src=\"http:\/\/localhost\/media\/import\/detail\/HTB1C8XJFVXXXXaBXpXXq6xXFXXXf.jpg\"><img decoding=\"async\" alt=\"CTP_05.jpg\" src=\"http:\/\/localhost\/media\/import\/detail\/HTB1eopBFVXXXXbBXVXXq6xXFXXXw.jpg\"><a href=\"http:\/\/gzweierma.en.alibaba.com\/productgrouplist-215139685-2\/UV_C_Clarifying.html?isGallery=Y\" target=\"_blank\"><img decoding=\"async\" alt=\"CTP_06.jpg\" src=\"http:\/\/localhost\/media\/import\/detail\/HTB1BC0GFVXXXXXXXVXXq6xXFXXXu.jpg\"><\/a><\/span><\/strong><\/span><\/p>\n<p data-section-blank=\"AliPostDhMb-o9591\"> <img decoding=\"async\" alt=\"001.jpg\" src=\"http:\/\/localhost\/media\/import\/detail\/HTB18sWCGpXXXXcRaXXXq6xXFXXXJ.jpg\"><img decoding=\"async\" alt=\"002.jpg\" src=\"http:\/\/localhost\/media\/import\/detail\/HTB1taR4GpXXXXXfaXXXq6xXFXXXN.jpg\"><img decoding=\"async\" alt=\"003.jpg\" src=\"http:\/\/localhost\/media\/import\/detail\/HTB1t85cGpXXXXX_aXXXq6xXFXXXb.jpg\"><img decoding=\"async\" alt=\"007.jpg\" src=\"http:\/\/localhost\/media\/import\/detail\/HTB1xO2tGpXXXXa3aXXXq6xXFXXXa.jpg\"><\/p>\n<div id=\"ali-anchor-AliPostDhMb-o9591\" style=\"padding-top:8px\" data-section-title=\"Informaci\u00f3n de la empresa\" data-section=\"AliPostDhMb-o9591\">\n<div id=\"ali-title-AliPostDhMb-o9591\" style=\"border-bottom:#ddd 1px solid;padding-bottom:8px;padding-top:8px;padding-left:0px;padding-right:0px\"> <\/div>\n<\/div>\n<div><\/div>\n","protected":false},"excerpt":{"rendered":"<p>SUNSUN CTP-5000 ECO 30w 5000L\/h Sumergible Variaci\u00f3n de Frecuencia<\/p>\n","protected":false},"featured_media":5930,"comment_status":"open","ping_status":"closed","template":"","meta":[],"product_brand":[],"product_cat":[1146],"product_tag":[],"class_list":{"0":"post-30087","1":"product","2":"type-product","3":"status-publish","4":"has-post-thumbnail","6":"product_cat-bombas-de-agua-y-cabezales-de-potencia","8":"first","9":"instock","10":"shipping-taxable","11":"purchasable","12":"product-type-simple","13":"add-to-wishlist-after_add_to_cart"},"jetpack_sharing_enabled":true,"_links":{"self":[{"href":"https:\/\/www.reefshops.com\/es\/wp-json\/wp\/v2\/product\/30087","targetHints":{"allow":["GET"]}}],"collection":[{"href":"https:\/\/www.reefshops.com\/es\/wp-json\/wp\/v2\/product"}],"about":[{"href":"https:\/\/www.reefshops.com\/es\/wp-json\/wp\/v2\/types\/product"}],"replies":[{"embeddable":true,"href":"https:\/\/www.reefshops.com\/es\/wp-json\/wp\/v2\/comments?post=30087"}],"wp:featuredmedia":[{"embeddable":true,"href":"https:\/\/www.reefshops.com\/es\/wp-json\/wp\/v2\/media\/5930"}],"wp:attachment":[{"href":"https:\/\/www.reefshops.com\/es\/wp-json\/wp\/v2\/media?parent=30087"}],"wp:term":[{"taxonomy":"product_brand","embeddable":true,"href":"https:\/\/www.reefshops.com\/es\/wp-json\/wp\/v2\/product_brand?post=30087"},{"taxonomy":"product_cat","embeddable":true,"href":"https:\/\/www.reefshops.com\/es\/wp-json\/wp\/v2\/product_cat?post=30087"},{"taxonomy":"product_tag","embeddable":true,"href":"https:\/\/www.reefshops.com\/es\/wp-json\/wp\/v2\/product_tag?post=30087"}],"curies":[{"name":"wp","href":"https:\/\/api.w.org\/{rel}","templated":true}]}}