{"id":30098,"date":"2016-12-27T16:03:44","date_gmt":"2016-12-27T16:03:44","guid":{"rendered":"https:\/\/www.reefshops.com\/product\/red-devil-skimmer-skimmer-dsl-aerodinamico-diablo-red-devil-dsl-900-serie-aplicable-maximo-900-litros-de-cuerpos-de-agua\/"},"modified":"2025-03-16T07:13:22","modified_gmt":"2025-03-16T07:13:22","slug":"red-devil-skimmer-skimmer-dsl-aerodinamico-diablo-red-devil-dsl-900-serie-aplicable-maximo-900-litros-de-cuerpos-de-agua","status":"publish","type":"product","link":"https:\/\/www.reefshops.com\/es\/producto\/red-devil-skimmer-skimmer-dsl-aerodinamico-diablo-red-devil-dsl-900-serie-aplicable-maximo-900-litros-de-cuerpos-de-agua\/","title":{"rendered":"Red Devil skimmer skimmer DSL aerodin\u00e1mico diablo Red Devil DSL-900 serie aplicable m\u00e1ximo 900 litros de cuerpos de agua"},"content":{"rendered":"<h2>Descripci\u00f3n del producto <\/h2>\n<p><a><img class=\" wp-image-3548=\" alt=\" dsl=\"><\/a><\/p>\n<p>&amp;Nbsp; para <a><img class=\" size-large=\"><\/a><\/p>\n<p>&amp;Nbsp; para <\/p>\n<p><strong>Especificaciones: <\/strong><\/p>\n<div>\n<div>Modelo: DSL-900 <br \/> Tipo de lugar: Integrado <br \/> Especificaciones (di\u00e1metro MM): 150\/510 <br \/> Equipado con bomba de agua: Red Devil SP3 (Red Devil SP3) <\/div>\n<div>Potencia de funcionamiento: 15 W <\/div>\n<div>Capacidad inspiratoria m\u00e1xima: 700 L\/H <br \/> Tanque m\u00e1ximo recomendado (L): 900 <\/div>\n<div>Acuario recomendado: 350-900 L <\/div><\/div>\n<div>Especificaciones del muelle (MM): 240\/200 <\/div>\n<div><a><img class=\" size-large=\"><\/a> <a><img class=\" size-full=\"><\/a><\/p>\n<p><strong>Y la fuente de MARINE SOURCES DEVIL STREAMLINE SKIMMER (DSL) La serie de skimmer aerodin\u00e1mico Red Devil presenta: <\/strong><\/div>\n<div>1 botella de vino tinto del cuerpo aerodin\u00e1mico c\u00f3nico, ultra suave sin costuras, no solo la apariencia de los Estados Unidos, sino que tiene un rendimiento de recolecci\u00f3n de fuselaje de espuma m\u00e1s suave que el tradicional. <\/div>\n<div>2 apariencia impresionante con: serie Red Devil DSL de bomba de tuber\u00eda roja de alta calidad producci\u00f3n de Red Devil Match de la moda m\u00e1s moderna <\/div>\n<div>3 accionamiento de bomba de con\u00edferas de alto rendimiento, configurado espec\u00edficamente para el dise\u00f1o y desarrollo de la bomba de con\u00edferas separadora Devil (capacidad m\u00e1xima de bomba de succi\u00f3n doble de hasta 700 L\/H, consumo de energ\u00eda es de solo 15 W). <\/div>\n<div>4 Para una buena bomba versi\u00f3n optimizada de con\u00edferas, boca de succi\u00f3n venturi, f\u00e1cil extracci\u00f3n del vaso colector, tapones de alcantarillado y alcantarillado, etc. <\/div>\n<div>5 Todas las piezas fabricadas con tecnolog\u00eda l\u00e1ser garantizan eficazmente no solo el grado de mano de obra, sino tambi\u00e9n la capacidad de mantener una calidad estable del producto. <\/div>\n<div><\/div>\n<div><strong>DSL Otro modelo <\/strong><\/div>\n<div><strong><a><img class=\" size-large=\"><\/a><\/p>\n<p><\/strong><\/div>\n<div>\ufffd\ufffd <\/p>\n<\/div>\n<div><strong>Imagen de compensaci\u00f3n real de los productos <\/strong><\/p>\n<\/div>\n<div><a><img class=\" size-large=\"><\/a><\/div><\/div>\n","protected":false},"excerpt":{"rendered":"<p>Red Devil skimmer skimmer DSL aerodin\u00e1mico diablo Red Devil DSL-900 serie aplicable m\u00e1ximo 900 litros de cuerpos de agua<\/p>\n","protected":false},"featured_media":6350,"comment_status":"open","ping_status":"closed","template":"","meta":[],"product_brand":[],"product_cat":[1188],"product_tag":[],"class_list":{"0":"post-30098","1":"product","2":"type-product","3":"status-publish","4":"has-post-thumbnail","6":"product_cat-espumadores-de-proteinas","8":"first","9":"instock","10":"shipping-taxable","11":"purchasable","12":"product-type-simple","13":"add-to-wishlist-after_add_to_cart"},"jetpack_sharing_enabled":true,"_links":{"self":[{"href":"https:\/\/www.reefshops.com\/es\/wp-json\/wp\/v2\/product\/30098","targetHints":{"allow":["GET"]}}],"collection":[{"href":"https:\/\/www.reefshops.com\/es\/wp-json\/wp\/v2\/product"}],"about":[{"href":"https:\/\/www.reefshops.com\/es\/wp-json\/wp\/v2\/types\/product"}],"replies":[{"embeddable":true,"href":"https:\/\/www.reefshops.com\/es\/wp-json\/wp\/v2\/comments?post=30098"}],"wp:featuredmedia":[{"embeddable":true,"href":"https:\/\/www.reefshops.com\/es\/wp-json\/wp\/v2\/media\/6350"}],"wp:attachment":[{"href":"https:\/\/www.reefshops.com\/es\/wp-json\/wp\/v2\/media?parent=30098"}],"wp:term":[{"taxonomy":"product_brand","embeddable":true,"href":"https:\/\/www.reefshops.com\/es\/wp-json\/wp\/v2\/product_brand?post=30098"},{"taxonomy":"product_cat","embeddable":true,"href":"https:\/\/www.reefshops.com\/es\/wp-json\/wp\/v2\/product_cat?post=30098"},{"taxonomy":"product_tag","embeddable":true,"href":"https:\/\/www.reefshops.com\/es\/wp-json\/wp\/v2\/product_tag?post=30098"}],"curies":[{"name":"wp","href":"https:\/\/api.w.org\/{rel}","templated":true}]}}