{"id":30101,"date":"2016-12-27T16:03:45","date_gmt":"2016-12-27T16:03:45","guid":{"rendered":"https:\/\/www.reefshops.com\/product\/accesorios-de-instalacion-del-sistema-de-acuario-acrilico-accesorios-crb-13-soporte-para-extremidades-de-coral-de-13-orificios\/"},"modified":"2025-03-16T07:13:36","modified_gmt":"2025-03-16T07:13:36","slug":"accesorios-de-instalacion-del-sistema-de-acuario-acrilico-accesorios-crb-13-soporte-para-extremidades-de-coral-de-13-orificios","status":"publish","type":"product","link":"https:\/\/www.reefshops.com\/es\/producto\/accesorios-de-instalacion-del-sistema-de-acuario-acrilico-accesorios-crb-13-soporte-para-extremidades-de-coral-de-13-orificios\/","title":{"rendered":"Accesorios de instalaci\u00f3n del sistema de acuario acr\u00edlico Accesorios CRB-13 Soporte para extremidades de coral de 13 orificios"},"content":{"rendered":"<h2>Descripci\u00f3n del producto <\/h2>\n<div><a><img class=\" alignnone=\"><\/a><\/p>\n<p>Instrucciones para realizar pedidos <\/p><\/div>\n<p>Las citas anteriores, como las precio de compra de cero 1-4 buen precio <\/p>\n<p>Como la cotizaci\u00f3n anterior para comprar 5-9 buen precio de compra <\/p>\n<p>Las cotizaciones anteriores, como la compra de m\u00e1s de 10 precios al por mayor <\/p>\n<p>Se buscan agentes regionales, elegibilidad de agente autorizado para obtener precios m\u00e1s favorables que el precio al por mayor. Para m\u00e1s detalles, p\u00f3ngase en contacto con el servicio de atenci\u00f3n al cliente. <\/p>\n<p>&amp;Nbsp; para <\/p>\n<p>PD: productos para ventas directas de f\u00e1brica, pedidos de f\u00e1brica debido a la reciente temporada alta, el ciclo de rotaci\u00f3n de carga es m\u00e1s r\u00e1pido, por lo que no podemos garantizar que cada producto tenga efectivo y existencias. Antes de realizar el pedido, comun\u00edquese con nuestro personal de ventas para confirmar el tiempo de entrega. <\/p>\n<p><p>Manual del producto: <\/p>\n<p><p>Soporte acr\u00edlico especial Living Coral SPS, una variedad de especificaciones\/orificios para elegir, configurar una ventosa fuerte, la ventosa puede girar y apretar la tuerca para lograr una fuerte adsorci\u00f3n que no se cae, material acr\u00edlico avanzado. <\/p>\n<p><p>Modelo: CRB-13 <\/p>\n<p>Especificaciones del producto: (largo\/ancho\/alto): 150\/150\/60 MM &#8211; contiene ventosa <\/p>\n<p>(Largo\/ancho\/alto): 140\/140\/55 MM &#8211; sin ventosa <\/p>\n<p>N\u00famero de orificios del bloque: 13 <\/p>\n<p>Di\u00e1metro del orificio: 13 MM <\/p>\n<p>N\u00famero de ventosas: 2 <\/p>\n<p><p>SPS sin asiento de soporte, si es necesario, adquiera e instale el diagrama de efecto base del SPS a continuaci\u00f3n <\/p>\n<p><p><img><\/p>\n<\/p>\n<\/div>\n","protected":false},"excerpt":{"rendered":"<p>Accesorios de instalaci\u00f3n del sistema de acuario acr\u00edlico Accesorios CRB-13 Soporte para extremidades de coral de 13 orificios<\/p>\n","protected":false},"featured_media":6266,"comment_status":"open","ping_status":"closed","template":"","meta":[],"product_brand":[],"product_cat":[1188],"product_tag":[],"class_list":{"0":"post-30101","1":"product","2":"type-product","3":"status-publish","4":"has-post-thumbnail","6":"product_cat-espumadores-de-proteinas","8":"first","9":"instock","10":"shipping-taxable","11":"purchasable","12":"product-type-simple","13":"add-to-wishlist-after_add_to_cart"},"jetpack_sharing_enabled":true,"_links":{"self":[{"href":"https:\/\/www.reefshops.com\/es\/wp-json\/wp\/v2\/product\/30101","targetHints":{"allow":["GET"]}}],"collection":[{"href":"https:\/\/www.reefshops.com\/es\/wp-json\/wp\/v2\/product"}],"about":[{"href":"https:\/\/www.reefshops.com\/es\/wp-json\/wp\/v2\/types\/product"}],"replies":[{"embeddable":true,"href":"https:\/\/www.reefshops.com\/es\/wp-json\/wp\/v2\/comments?post=30101"}],"wp:featuredmedia":[{"embeddable":true,"href":"https:\/\/www.reefshops.com\/es\/wp-json\/wp\/v2\/media\/6266"}],"wp:attachment":[{"href":"https:\/\/www.reefshops.com\/es\/wp-json\/wp\/v2\/media?parent=30101"}],"wp:term":[{"taxonomy":"product_brand","embeddable":true,"href":"https:\/\/www.reefshops.com\/es\/wp-json\/wp\/v2\/product_brand?post=30101"},{"taxonomy":"product_cat","embeddable":true,"href":"https:\/\/www.reefshops.com\/es\/wp-json\/wp\/v2\/product_cat?post=30101"},{"taxonomy":"product_tag","embeddable":true,"href":"https:\/\/www.reefshops.com\/es\/wp-json\/wp\/v2\/product_tag?post=30101"}],"curies":[{"name":"wp","href":"https:\/\/api.w.org\/{rel}","templated":true}]}}