{"id":30103,"date":"2016-12-27T16:03:43","date_gmt":"2016-12-27T16:03:43","guid":{"rendered":"https:\/\/www.reefshops.com\/product\/practico-acrilico-anexo-fvb-1-control-automatico-de-agua\/"},"modified":"2025-03-16T07:13:12","modified_gmt":"2025-03-16T07:13:12","slug":"practico-acrilico-anexo-fvb-1-control-automatico-de-agua","status":"publish","type":"product","link":"https:\/\/www.reefshops.com\/es\/producto\/practico-acrilico-anexo-fvb-1-control-automatico-de-agua\/","title":{"rendered":"Pr\u00e1ctico acr\u00edlico Anexo FVB-1 control autom\u00e1tico de agua"},"content":{"rendered":"<h2>Descripci\u00f3n del producto <\/h2>\n<p><strong>Y la fuente de reposici\u00f3n autom\u00e1tica y soporte <\/strong><\/p>\n<p>&amp;Nbsp; para <\/p>\n<p><strong><a><img class=\" size-large=\"><\/a><\/p>\n<p><\/strong><\/p>\n<p><strong>Y la fuente de reabastecimiento autom\u00e1tico y soporte <\/strong>Dise\u00f1ado espec\u00edficamente para tanque de agua autom\u00e1tico, que complementa la evaporaci\u00f3n, el nivel del agua se reduce y arranca sin energ\u00eda. <\/p>\n<p>Modelo: FVB-1 <br \/> Caracter\u00edsticas del producto <br \/> Un alto est\u00e1ndar de calidad de material acr\u00edlico fabricado. <br \/> 2 primer modo \u00fanico de dise\u00f1o de suspensi\u00f3n dual, se puede vincular directamente al tanque de peces de acuario com\u00fan y tambi\u00e9n se puede colgar en el tanque con el refuerzo. <strong>(Se retendr\u00e1n los dise\u00f1os patentados y falsificados de los fabricantes) <\/strong><br \/> 3 para vidrio de pared cil\u00edndrica con un espesor de 5 a 18 mm, o para soportes de acuario de 5 a 16 mm de espesor. <br \/> 4 rango de ajuste de altura del nivel de agua 2-15 cm regulaci\u00f3n arbitraria. <br \/> 5 puede acceder directamente a la m\u00e1quina y el agua RO puede sumar el cubo. <\/p>\n<p>Clip de montaje de soporte en el esquema <\/p>\n<p><a><img class=\" size-large=\"><\/a><\/p>\n<p>Pantalla flotante <\/p>\n<p><a><img class=\" size-large=\"><\/a><\/p>\n<p>&amp;Nbsp; para <\/p>\n<\/p><\/div>\n","protected":false},"excerpt":{"rendered":"<p>Pr\u00e1ctico acr\u00edlico Anexo FVB-1 control autom\u00e1tico de agua<\/p>\n","protected":false},"featured_media":6275,"comment_status":"open","ping_status":"closed","template":"","meta":[],"product_brand":[],"product_cat":[1188],"product_tag":[],"class_list":{"0":"post-30103","1":"product","2":"type-product","3":"status-publish","4":"has-post-thumbnail","6":"product_cat-espumadores-de-proteinas","8":"first","9":"instock","10":"shipping-taxable","11":"purchasable","12":"product-type-simple","13":"add-to-wishlist-after_add_to_cart"},"jetpack_sharing_enabled":true,"_links":{"self":[{"href":"https:\/\/www.reefshops.com\/es\/wp-json\/wp\/v2\/product\/30103","targetHints":{"allow":["GET"]}}],"collection":[{"href":"https:\/\/www.reefshops.com\/es\/wp-json\/wp\/v2\/product"}],"about":[{"href":"https:\/\/www.reefshops.com\/es\/wp-json\/wp\/v2\/types\/product"}],"replies":[{"embeddable":true,"href":"https:\/\/www.reefshops.com\/es\/wp-json\/wp\/v2\/comments?post=30103"}],"wp:featuredmedia":[{"embeddable":true,"href":"https:\/\/www.reefshops.com\/es\/wp-json\/wp\/v2\/media\/6275"}],"wp:attachment":[{"href":"https:\/\/www.reefshops.com\/es\/wp-json\/wp\/v2\/media?parent=30103"}],"wp:term":[{"taxonomy":"product_brand","embeddable":true,"href":"https:\/\/www.reefshops.com\/es\/wp-json\/wp\/v2\/product_brand?post=30103"},{"taxonomy":"product_cat","embeddable":true,"href":"https:\/\/www.reefshops.com\/es\/wp-json\/wp\/v2\/product_cat?post=30103"},{"taxonomy":"product_tag","embeddable":true,"href":"https:\/\/www.reefshops.com\/es\/wp-json\/wp\/v2\/product_tag?post=30103"}],"curies":[{"name":"wp","href":"https:\/\/api.w.org\/{rel}","templated":true}]}}