{"id":30121,"date":"2016-12-27T16:03:43","date_gmt":"2016-12-27T16:03:43","guid":{"rendered":"https:\/\/www.reefshops.com\/product\/skimmer-de-cono-red-devil-devil-rdc-serie-rdc-850-red-devil\/"},"modified":"2025-03-16T07:13:17","modified_gmt":"2025-03-16T07:13:17","slug":"skimmer-de-cono-red-devil-devil-rdc-serie-rdc-850-red-devil","status":"publish","type":"product","link":"https:\/\/www.reefshops.com\/es\/producto\/skimmer-de-cono-red-devil-devil-rdc-serie-rdc-850-red-devil\/","title":{"rendered":"Skimmer de cono Red Devil Devil RDC Serie RDC-850 Red Devil"},"content":{"rendered":"<h2>Descripci\u00f3n del producto <\/h2>\n<p><strong>Especificaciones: <\/strong><\/p>\n<div>Modelo: RDC-850 <br \/> Tipo de lugar: Incorporado <br \/> Especificaciones (di\u00e1metro MM): 150\/540 <br \/>Equipado con bomba de agua: Red Devil SP3 (Red Devil SP3) <\/div>\n<div>Potencia operativa: 13W <\/div>\n<div>Capacidad inspiratoria m\u00e1xima: 700L\/H <br \/> Tanque m\u00e1ximo recomendado (L): 850 <\/div>\n<div>Acuario recomendado: 350-850L <\/div>\n<div>Especificaciones del muelle (MM): 240\/170 <\/div>\n<div><a><img class=\" wp-image-3189=\"><\/a><\/div>\n<div><\/div>\n<div>\n<\/div>\n<div><a><img class=\" size-full=\"><\/a><\/div>\n<div><\/div>\n<div><a><img class=\" size-full=\"><\/a><\/p>\n<\/div>\n<div><a><img class=\" size-full=\"><\/a><\/p>\n<p><strong>Y la fuente de FUENTES MARINAS CONO RED DEVIL (RDC) Cono skimmer de bomba Red Devil (nitr\u00f3geno) Caracter\u00edsticas de la gama: <\/strong><\/div>\n<div>Una apariencia impresionante con: MS y la fuente de la versi\u00f3n internacional de la serie RDC de bomba de tuber\u00eda roja de alta calidad Red Devil Match producci\u00f3n desde el sentido de la moda muy moderno <\/div>\n<div>2 unidades de bomba de con\u00edferas de rendimiento ultraalto, configuradas espec\u00edficamente para el dise\u00f1o y desarrollo de la bomba de con\u00edferas separadora del diablo (hasta el volumen inspiratorio m\u00e1ximo: 700 L\/H, el consumo de energ\u00eda es de aproximadamente 13 W). <\/div>\n<div>3 utiliza el popular dise\u00f1o de cuerpo c\u00f3nico internacional y la optimizaci\u00f3n del efecto de burbuja, la materia org\u00e1nica m\u00e1s suavemente en la taza de recolecci\u00f3n. <\/div>\n<div>4 Para una buena bomba versi\u00f3n optimizada de con\u00edferas, boca de succi\u00f3n venturi, f\u00e1cil extracci\u00f3n del vaso colector, tapones de alcantarillado y alcantarillado, etc. <\/div>\n<div>5 Todas las piezas fabricadas con tecnolog\u00eda l\u00e1ser garantizan eficazmente no solo el grado de mano de obra, sino tambi\u00e9n la capacidad de mantener una calidad estable del producto. <\/div>\n<div><\/div>\n<div>Caja de embalaje <\/div>\n<div><a><img class=\" size-full=\"><\/a><\/p>\n<\/div>\n<div>RDC otra serie de modelos de skimmer <\/div>\n<div><a><img class=\" size-full=\"><\/a><\/p>\n<\/div>\n<div><a><img><\/a><\/div>\n<div>General Comparaci\u00f3n <\/p>\n<p><a><img class=\" wp-image-3179=\"><\/a><\/p>\n<\/div>\n<div>RDC-850 est\u00e1 a la izquierda en el medio y DC-250 est\u00e1 a la derecha RDC-900 <\/div>\n<div>La imagen de arriba proviene del mapa del sitio CIPS de exhibici\u00f3n del acuario, agregue una nueva calidad temporal de agua salada <\/div>\n<div><\/div>\n<div><a><img class=\" size-full=\"><\/a><\/p>\n<\/div>\n<div><a><img class=\" size-full=\"><\/a><\/p>\n<\/div>\n<div><a><img class=\" size-full=\"><\/a><\/p>\n<\/div>\n<div><\/div>\n<div><a><img class=\" size-full=\"><\/a><\/div>\n<div><\/div><\/div>\n","protected":false},"excerpt":{"rendered":"<p>Skimmer de cono Red Devil Devil RDC Serie RDC-850 Red Devil<\/p>\n","protected":false},"featured_media":6309,"comment_status":"open","ping_status":"closed","template":"","meta":[],"product_brand":[],"product_cat":[1188],"product_tag":[],"class_list":{"0":"post-30121","1":"product","2":"type-product","3":"status-publish","4":"has-post-thumbnail","6":"product_cat-espumadores-de-proteinas","8":"first","9":"instock","10":"shipping-taxable","11":"purchasable","12":"product-type-simple","13":"add-to-wishlist-after_add_to_cart"},"jetpack_sharing_enabled":true,"_links":{"self":[{"href":"https:\/\/www.reefshops.com\/es\/wp-json\/wp\/v2\/product\/30121","targetHints":{"allow":["GET"]}}],"collection":[{"href":"https:\/\/www.reefshops.com\/es\/wp-json\/wp\/v2\/product"}],"about":[{"href":"https:\/\/www.reefshops.com\/es\/wp-json\/wp\/v2\/types\/product"}],"replies":[{"embeddable":true,"href":"https:\/\/www.reefshops.com\/es\/wp-json\/wp\/v2\/comments?post=30121"}],"wp:featuredmedia":[{"embeddable":true,"href":"https:\/\/www.reefshops.com\/es\/wp-json\/wp\/v2\/media\/6309"}],"wp:attachment":[{"href":"https:\/\/www.reefshops.com\/es\/wp-json\/wp\/v2\/media?parent=30121"}],"wp:term":[{"taxonomy":"product_brand","embeddable":true,"href":"https:\/\/www.reefshops.com\/es\/wp-json\/wp\/v2\/product_brand?post=30121"},{"taxonomy":"product_cat","embeddable":true,"href":"https:\/\/www.reefshops.com\/es\/wp-json\/wp\/v2\/product_cat?post=30121"},{"taxonomy":"product_tag","embeddable":true,"href":"https:\/\/www.reefshops.com\/es\/wp-json\/wp\/v2\/product_tag?post=30121"}],"curies":[{"name":"wp","href":"https:\/\/api.w.org\/{rel}","templated":true}]}}