{"id":30133,"date":"2016-12-27T16:03:36","date_gmt":"2016-12-27T16:03:36","guid":{"rendered":"https:\/\/www.reefshops.com\/product\/accesorio-de-skimmer-valvula-de-ajuste-del-skimmer-de-proteinas-sav-1\/"},"modified":"2025-03-16T07:12:34","modified_gmt":"2025-03-16T07:12:34","slug":"accesorio-de-skimmer-valvula-de-ajuste-del-skimmer-de-proteinas-sav-1","status":"publish","type":"product","link":"https:\/\/www.reefshops.com\/es\/producto\/accesorio-de-skimmer-valvula-de-ajuste-del-skimmer-de-proteinas-sav-1\/","title":{"rendered":"Accesorio de skimmer V\u00e1lvula de ajuste del skimmer de prote\u00ednas SAV-1"},"content":{"rendered":"<h2>Descripci\u00f3n del producto <\/h2>\n<p><p><a><img class=\" size-full=\"><\/a><\/p>\n<p>\n<p>El ajuste de la v\u00e1lvula del skimmer puede ser m\u00e1s efectivo para realizar ajustes finos en la cantidad de entrada del skimmer. <\/p>\n<p><p>Modelo: SAV-1 <br \/> Especificaciones: \uffa6\uffb510MM adecuado para todo tipo de skimmer de prote\u00ednas MS. <\/p>\n<p><p>Instalaci\u00f3n: requiere la fuente original de la manguera de silicona de admisi\u00f3n del skimmer MS sea cortada en dos y unida a los dos extremos del embellecedor de la v\u00e1lvula. <\/p>\n<p>&amp;Nbsp; para <\/p>\n<p><p>Hoja de ruta de instalaci\u00f3n <\/p>\n<p><p><a><img class=\" alignnone=\"><\/a><\/p>\n<\/div>\n","protected":false},"excerpt":{"rendered":"<p>Accesorio de skimmer V\u00e1lvula de ajuste del skimmer de prote\u00ednas SAV-1<\/p>\n","protected":false},"featured_media":6052,"comment_status":"open","ping_status":"closed","template":"","meta":[],"product_brand":[],"product_cat":[1188],"product_tag":[],"class_list":{"0":"post-30133","1":"product","2":"type-product","3":"status-publish","4":"has-post-thumbnail","6":"product_cat-espumadores-de-proteinas","8":"first","9":"instock","10":"shipping-taxable","11":"purchasable","12":"product-type-simple","13":"add-to-wishlist-after_add_to_cart"},"jetpack_sharing_enabled":true,"_links":{"self":[{"href":"https:\/\/www.reefshops.com\/es\/wp-json\/wp\/v2\/product\/30133","targetHints":{"allow":["GET"]}}],"collection":[{"href":"https:\/\/www.reefshops.com\/es\/wp-json\/wp\/v2\/product"}],"about":[{"href":"https:\/\/www.reefshops.com\/es\/wp-json\/wp\/v2\/types\/product"}],"replies":[{"embeddable":true,"href":"https:\/\/www.reefshops.com\/es\/wp-json\/wp\/v2\/comments?post=30133"}],"wp:featuredmedia":[{"embeddable":true,"href":"https:\/\/www.reefshops.com\/es\/wp-json\/wp\/v2\/media\/6052"}],"wp:attachment":[{"href":"https:\/\/www.reefshops.com\/es\/wp-json\/wp\/v2\/media?parent=30133"}],"wp:term":[{"taxonomy":"product_brand","embeddable":true,"href":"https:\/\/www.reefshops.com\/es\/wp-json\/wp\/v2\/product_brand?post=30133"},{"taxonomy":"product_cat","embeddable":true,"href":"https:\/\/www.reefshops.com\/es\/wp-json\/wp\/v2\/product_cat?post=30133"},{"taxonomy":"product_tag","embeddable":true,"href":"https:\/\/www.reefshops.com\/es\/wp-json\/wp\/v2\/product_tag?post=30133"}],"curies":[{"name":"wp","href":"https:\/\/api.w.org\/{rel}","templated":true}]}}