{"id":30136,"date":"2016-12-27T16:03:36","date_gmt":"2016-12-27T16:03:36","guid":{"rendered":"https:\/\/www.reefshops.com\/product\/skimmer-6530-accesorio-de-cepillo-de-aguja-bomba-haley\/"},"modified":"2025-03-16T07:12:35","modified_gmt":"2025-03-16T07:12:35","slug":"skimmer-6530-accesorio-de-cepillo-de-aguja-bomba-haley","status":"publish","type":"product","link":"https:\/\/www.reefshops.com\/es\/producto\/skimmer-6530-accesorio-de-cepillo-de-aguja-bomba-haley\/","title":{"rendered":"Skimmer 6530 accesorio de cepillo de aguja bomba Haley"},"content":{"rendered":"<h2>Descripci\u00f3n del producto <\/h2>\n<div>Par\u00e1metros t\u00e9cnicos: <\/div>\n<div>Modelo: bomba de cepillo de aguja est\u00e1ndar HX-6530 <\/div>\n<div>Potencia nominal de la bomba\/potencia OEM: 50 W <\/div>\n<div>La bomba real transporta suficiente potencia: 23 W (rueda de cepillo de p\u00faas) <\/div>\n<div>Especificaciones de salida: 25 mm <\/div>\n<div>Tipos de bomba: bomba de con\u00edferas\/ skimmer (dispositivo de nitr\u00f3geno) dedicado <\/div>\n<div>Recomendaci\u00f3n de skimmer casero: el di\u00e1metro del cuerpo del tubo del skimmer es de 120 ~ 180 mm <\/div>\n<div><\/div>\n<div><\/div>\n<div><\/div>\n<div><a><img class=\" size-large=\"><\/a><\/p>\n<\/div>\n<div><strong><br \/>Caracter\u00edsticas del producto y descripci\u00f3n: <\/strong><\/div>\n<div><\/div>\n<div>1 bomba de circulaci\u00f3n Haley Haley Pump HX-6530 de con\u00edferas para el cepillo de p\u00faas de soporte, dise\u00f1ada y desarrollada espec\u00edficamente para el skimmer para el skimmer casero, el di\u00e1metro recomendado es de 120 ~ 180 mm. <\/div>\n<div>2 etiquetas de potencia nominal de 50 W para la bomba de circulaci\u00f3n, dise\u00f1adas despu\u00e9s de la instalaci\u00f3n de la rueda de cepillo de agujas de ahorro de energ\u00eda, el consumo de energ\u00eda de funcionamiento real es extremadamente bajo, la potencia medida es de 23 W. <\/div>\n<div>3 est\u00e1 equipado con una boquilla de succi\u00f3n\/boquilla de gas de cable dise\u00f1ada por Venturi, el efecto de succi\u00f3n es m\u00e1s robusto. <\/div>\n<div>4 tambi\u00e9n es adecuado para soportar el MS y la fuente del skimmer del producto. <\/div>\n<div>5, como admitir o reemplazar otras marcas del mismo tipo de bombas, prevalece la figura de la imagen de arriba, porque cada marca tiene m\u00e9todos de conexi\u00f3n. No podemos garantizar que otras marcas tambi\u00e9n sean adecuadas. <\/div>\n<div><\/div>\n<div><img><\/div>\n<p>&amp;Nbsp; para <\/p>\n<\/p><\/div>\n","protected":false},"excerpt":{"rendered":"<p>Skimmer 6530 accesorio de cepillo de aguja bomba Haley<\/p>\n","protected":false},"featured_media":6061,"comment_status":"open","ping_status":"closed","template":"","meta":[],"product_brand":[],"product_cat":[1188],"product_tag":[],"class_list":{"0":"post-30136","1":"product","2":"type-product","3":"status-publish","4":"has-post-thumbnail","6":"product_cat-espumadores-de-proteinas","8":"first","9":"instock","10":"shipping-taxable","11":"purchasable","12":"product-type-simple","13":"add-to-wishlist-after_add_to_cart"},"jetpack_sharing_enabled":true,"_links":{"self":[{"href":"https:\/\/www.reefshops.com\/es\/wp-json\/wp\/v2\/product\/30136","targetHints":{"allow":["GET"]}}],"collection":[{"href":"https:\/\/www.reefshops.com\/es\/wp-json\/wp\/v2\/product"}],"about":[{"href":"https:\/\/www.reefshops.com\/es\/wp-json\/wp\/v2\/types\/product"}],"replies":[{"embeddable":true,"href":"https:\/\/www.reefshops.com\/es\/wp-json\/wp\/v2\/comments?post=30136"}],"wp:featuredmedia":[{"embeddable":true,"href":"https:\/\/www.reefshops.com\/es\/wp-json\/wp\/v2\/media\/6061"}],"wp:attachment":[{"href":"https:\/\/www.reefshops.com\/es\/wp-json\/wp\/v2\/media?parent=30136"}],"wp:term":[{"taxonomy":"product_brand","embeddable":true,"href":"https:\/\/www.reefshops.com\/es\/wp-json\/wp\/v2\/product_brand?post=30136"},{"taxonomy":"product_cat","embeddable":true,"href":"https:\/\/www.reefshops.com\/es\/wp-json\/wp\/v2\/product_cat?post=30136"},{"taxonomy":"product_tag","embeddable":true,"href":"https:\/\/www.reefshops.com\/es\/wp-json\/wp\/v2\/product_tag?post=30136"}],"curies":[{"name":"wp","href":"https:\/\/api.w.org\/{rel}","templated":true}]}}