{"id":30151,"date":"2016-12-27T16:03:48","date_gmt":"2016-12-27T16:03:48","guid":{"rendered":"https:\/\/www.reefshops.com\/product\/la-fuente-del-reactor-biologico-guisantes-nueva-formula-frijoles-np-biologicos-marinos\/"},"modified":"2025-03-16T07:13:51","modified_gmt":"2025-03-16T07:13:51","slug":"la-fuente-del-reactor-biologico-guisantes-nueva-formula-frijoles-np-biologicos-marinos","status":"publish","type":"product","link":"https:\/\/www.reefshops.com\/es\/producto\/la-fuente-del-reactor-biologico-guisantes-nueva-formula-frijoles-np-biologicos-marinos\/","title":{"rendered":"La fuente del reactor biol\u00f3gico Guisantes nueva f\u00f3rmula frijoles NP biol\u00f3gicos marinos"},"content":{"rendered":"<h2>Descripci\u00f3n del producto <\/h2>\n<div><a><img class=\" size-large=\"><\/a><\/p>\n<\/div>\n<div><strong>Y la fuente de MARINE SOURCES versi\u00f3n mejorada de la nueva f\u00f3rmula NP biol\u00f3gica Peas, <\/strong><\/div>\n<div>Modelo: BP-S300 Especificaciones: 300ML <\/div>\n<div>Modelo: BP-S500 Especificaciones: 500ML <\/div>\n<div>Modelo: BP-S1000 Especificaciones: 1000ML <\/div>\n<div><\/div>\n<div><\/div>\n<div>La nueva f\u00f3rmula del producto de pr\u00f3xima generaci\u00f3n presenta <\/div>\n<div><strong>-Part\u00edculas m\u00e1s ligeras y m\u00e1s ligeras, ruedan mejor <\/strong><\/div>\n<div><strong>-Mayor pureza: \u00a1funciona mejor, mayor pureza, desfosforilaci\u00f3n n\u00edtrica, mejores resultados! <\/strong><\/div>\n<div><strong>-F\u00f3rmula mejorada-Efecto m\u00e1s r\u00e1pido, \u00a1formulaci\u00f3n mejorada y efectiva m\u00e1s r\u00e1pido! <\/strong><\/div>\n<div><\/div>\n<div>&amp;Nbsp; para <strong>Cada paquete individual est\u00e1 equipado con una cuchara, una cuchara llena (cuchara plana de part\u00edculas) de aproximadamente 10 ml <\/strong><\/div>\n<div>\n<p><strong>NP <\/strong><strong>Introducci\u00f3n Guisantes biol\u00f3gicos <\/strong><br \/> NP es un organismo biol\u00f3gico NP Guisantes frijoles El biopellet reductor de nitrato y fosfato (excepto fosfatos y nitratos) es un pellet biodegradable, puede mejorar eficazmente la calidad del agua del acuario, las bacterias en el agua se descomponen mediante nitratos y fosfatos, de modo que la calidad de la pecera alcance agua de mar natural de calidad. <\/p>\n<p> <a>&lt;img width=&quot; 900&quot;=&quot; height=&quot; 599&quot;=&quot; class=&quot; size-large=&quot; wp-image-3641=&quot; aligncenter&quot;=&quot; alt=&quot; 100% puro La composici\u00f3n polim\u00e9rica biodescomponible se puede colocar en un filtro de arena o en un cartucho de filtro usado. Estas part\u00edculas pueden formarse mediante el r\u00e1pido crecimiento de bacterias aer\u00f3bicas, que pueden consumir nitratos y fosfatos. Estas bacterias consumen carbono biol\u00f3gico del frijol, mientras que nitr\u00f3geno y f\u00f3sforo provienen de la descomposici\u00f3n de nitratos y fosfatos. Este proceso de conversi\u00f3n es una bacteria biol\u00f3gica de los frijoles que necesitan NO3 y PO4 acumulados y consumidos en el proceso. Adem\u00e1s, con la aparici\u00f3n de la capa anaer\u00f3bica, se mejorar\u00e1 la desnitrificaci\u00f3n y se reducir\u00e1 el NO3. <\/p>\n<p>Con el flujo continuo de agua de mar a trav\u00e9s del reactor, por agentes biol\u00f3gicos, los nitratos y fosfatos contin\u00faan obteniendo ox\u00edgeno fresco y nutrientes. El reactor de nitrato fluye lentamente en un ambiente hip\u00f3xico opuesto, el reactor NP Peas en un ambiente rico en ox\u00edgeno, las bacterias fijadas por nitratos y fosfatos crecen r\u00e1pidamente. La r\u00e1pida formaci\u00f3n de membranas bacterianas cubrir\u00e1 el carbono org\u00e1nico profundo, mediante agitaci\u00f3n, puede eliminar eficazmente la membrana bacteriana y desempe\u00f1ar el papel de fuente de carbono org\u00e1nico profundo. <\/p>\n<p><strong>\u00bfQuiere utilizar frijoles preprocesados \u200b\u200bNP biol\u00f3gicos? <\/strong><br \/> Utilice agua RO o agua de tanque (recomendado). Enjuague r\u00e1pido de guisantes NP, lave los fragmentos de residuos que se forman durante el transporte. Tambi\u00e9n sin ning\u00fan procesamiento adicional. <\/p>\n<p><strong>\u00bfC\u00f3mo se determina el flujo de entrada del reactor? Guisantes NP, introduzca al menos 1500 litros por hora de flujo de agua para lograr el efecto de agitaci\u00f3n. Adem\u00e1s, para lograr el efecto deseado, podemos recomendar la configuraci\u00f3n adecuada de bombas un poco m\u00e1s grandes y agua en el reactor junto con la v\u00e1lvula de control, que puede ajustar de manera flexible el flujo de agua a trav\u00e9s de las condiciones de agitaci\u00f3n de los guisantes. <\/p>\n<p>Recomendamos el uso de fuente marina dise\u00f1ada para reactores biol\u00f3gicos de la serie BRP dise\u00f1ados por Peas. <\/p>\n<p><a><img class=\" size-full=\"><\/a><\/p>\n<p><strong>NP <\/strong><strong>Los guisantes agregan el n\u00famero y el m\u00e9todo <\/strong><br \/> Para evitar que los primeros frijoles biol\u00f3gicos NP agreguen NO3., PO4 causado por el La r\u00e1pida disminuci\u00f3n de los organismos marinos se adapt\u00f3 al enfoque recomendado sucesivamente. <\/p>\n<p>Por ejemplo, la cantidad de agua a\u00f1adida de frijoles biol\u00f3gicos 200L es 200 ~ 400ML: <\/p>\n<p>&amp;Nbsp; para <\/p>\n<table>\n<tbody>\n<tr>\n<td>\n<p>Cuerpo de agua <\/p>\n<\/td>\n<td>\n<p>La primera vez <\/p>\n<\/td>\n<td>\n<p>5 d\u00edas <\/p>\n<\/td>\n<td>\n<p>10 d\u00edas <\/p>\n<\/td>\n<td>\n<p>20 d\u00edas <\/p>\n<\/td>\n<td><\/td>\n<td>\n<p>M\u00e1s tarde <\/p>\n<\/td>\n<\/tr>\n<tr>\n<td>\n<p>200L <\/p>\n<\/p>\n<\/td>\n<td>\n<p>50 ~ 100ml <\/p>\n<\/p>\n<\/td>\n<td>\n<p>50 ~ 100ml <\/p>\n<\/p>\n<\/td>\n<td>\n<p>50 ~ 100ml <\/p>\n<\/p>\n<\/td>\n<td>\n<p>50 ~ 100ml <\/p>\n<\/p>\n<\/td>\n<td><\/td>\n<td>\n<p>Despu\u00e9s de la cantidad agregada sucesivamente se agreg\u00f3 que el consumo de bio-frijoles <\/p>\n<\/td>\n<\/tr>\n<\/tbody>\n<\/table>\n<p><strong>Reemplazar el filtro es cuesti\u00f3n de tiempo <\/strong><br \/> Dado que el filtro es fijado por las bacterias que consumen nutrientes, su vida \u00fatil se basa en el cambio de los niveles de nutrientes del acuario. Aquellos con bajos niveles de nitrato y fosfato en el acuario, filtran una vida significativamente mayor que la de los altos niveles de nutrientes del sistema. En condiciones normales, s\u00f3lo se a\u00f1ade el medio de reacci\u00f3n al tanque. <\/p>\n<p><strong>\u00bfEl efluente del reactor debe pasar por un skimmer? <\/strong><br \/>Lo ideal es que s\u00ed. Si no se eliminan f\u00edsicamente las bacterias que se han fijado, nitratos y fosfatos, la nutrici\u00f3n del acuario de agua salada no se ver\u00e1 realmente reducida. Normalmente, el reactor debe instalarse en la tuber\u00eda de enlace entre la bomba y el skimmer. Si la capacidad de absorci\u00f3n de agua del skimmer bombea agua sobre el reactor se puede conectar a una v\u00e1lvula de tres v\u00edas en la tuber\u00eda, con una v\u00e1lvula que regula el flujo. Incorporada en el sumidero del skimmer, la reacci\u00f3n tambi\u00e9n puede ser la propia bomba de agua del SPIDERS. <\/p>\n<p><strong>\u00bfLa membrana bacteriana en el tanque de exhibici\u00f3n da\u00f1ar\u00e1 los corales? <\/strong><br \/> Cualquier peque\u00f1a cantidad de productos bacterianos que fluyan hacia el tanque de exhibici\u00f3n no da\u00f1ar\u00e1 al coral, se convertir\u00e1 en un coral comestible. La exclusi\u00f3n de una gran cantidad de membranas bacterianas debe considerarse como el modo de salida de la nutrici\u00f3n. <\/p>\n<p><strong>La espuma de huevo no lo s\u00e9, \u00bfpor qu\u00e9? <\/strong><br \/> A veces, basta con utilizar el filtro durante 24-48 horas, la tensi\u00f3n superficial del agua se destruir\u00e1 y la espuma se reducir\u00e1. Mientras tanto, el skimmer sin realizar ning\u00fan ajuste. Una vez que los huevos se realicen ajustes compensatorios cuando la burbuja vuelva a la normalidad, habr\u00e1 un exceso explosivo. <\/p>\n<p><strong>\u00bfTambi\u00e9n necesitamos seguir usando carb\u00f3n vegetal? <\/strong><br \/> S\u00ed, las bacterias no pueden absorber metales pesados, part\u00edculas org\u00e1nicas y toxinas qu\u00edmicas, y estos son los puntos fuertes del carb\u00f3n activado. Utilice carb\u00f3n activado de alta calidad, como RowaCarbon, con NP Peas, pero tambi\u00e9n mejore significativamente la transparencia del agua. <\/p>\n<p><strong>\u00bfTambi\u00e9n es necesario utilizar adsorbente de fosfato? <\/strong><br \/>En la mayor\u00eda de los casos, s\u00ed. El contenido de fosfato de los alimentos suele ser mucho mayor que el de nitratos. NP Peas mientras se consumen fosfatos y nitratos, el proceso se equilibra. Por lo tanto, sigue existiendo la necesidad de Rowaphos como un adsorbente de fosfato de alta calidad para absorber el exceso de fosfato; por supuesto, este proceso supondr\u00eda un mayor ahorro. <\/p>\n<p><strong>\u00bfSe puede reducir adecuadamente el cambio de frecuencia del agua? <\/strong><br \/> No, incluso si los niveles de fosfato y nitrato en el agua son muy bajos, cambiar el agua sigue siendo la mejor manera de complementar los oligoelementos en el agua. <\/p>\n<p><strong>\u00bfEl caudal de agua a trav\u00e9s del reactor es muy importante? <\/strong><br \/>S\u00ed, quieres saber que el filtro de nitrato de azufre NP Peas y entrar en su interior no es lo mismo, es trabajar en condiciones ricas en ox\u00edgeno. NP Guisantes cuando se trabaja en fuertes corrientes condiciones aer\u00f3bicas velocidad de crecimiento bacteriano, fosfatos y nitratos velocidad fija. La agitaci\u00f3n del flujo promueve una nueva fricci\u00f3n mutua entre la superficie del crecimiento bacteriano, promueve un crecimiento m\u00e1s r\u00e1pido de las bacterias. Si no hay suficiente agua formada, la agitaci\u00f3n en el filtro de membrana bacteriana no se puede destruir f\u00e1cilmente, lo que impide que la fuente profunda de carbono org\u00e1nico proporcione energ\u00eda y la tasa de crecimiento bacteriano se debilitar\u00e1 gradualmente. <\/p>\n<p><strong>\u00bfEn cu\u00e1nto tiempo se ven los resultados? <\/strong><br \/>Las bacterias aumentan gradualmente, tardan aproximadamente cuatro semanas en estabilizarse, los nutrientes desaparecen. <\/p>\n<p><strong>Hace cuatro semanas, los niveles de nutrientes del tanque disminuyeron r\u00e1pidamente, \u00bfy ahora se han ralentizado? <\/strong><br \/>Este es un proceso natural. Cuando hay mucha agua libre, nutrientes, las bacterias crecen r\u00e1pidamente, y por tanto reducen el nivel de nutrientes r\u00e1pidamente. Con niveles reducidos de nutrientes, las bacterias capturan nutrientes m\u00e1s f\u00e1cilmente, la tasa de crecimiento disminuye y el efecto de desaceleraci\u00f3n. Bajo esta condici\u00f3n, las bacterias restantes necesitan esperar m\u00e1s aportes de nutrientes, su tasa de crecimiento puede adaptarse r\u00e1pidamente a los cambios en los nutrientes del acuario y buscar el equilibrio. <\/p>\n<p><strong>Us\u00f3 NP algunas semanas, \u00bflos niveles de nutrientes no bajaron? <\/strong><br \/>Si los niveles de fosfato son demasiado bajos (use ROWAPHOS), limitar\u00e1 el progreso del crecimiento de la membrana bacteriana. En este caso, puede probar el siguiente m\u00e9todo. 1: Pausar la absorci\u00f3n de fosfato, lo que provoca un aumento a corto plazo en los niveles de fosfato del cilindro. Este proceso ayuda a los promotores bacterianos. Cuando los niveles de fosfatos y nitratos son m\u00e1s bajos, la adsorci\u00f3n de fosfato comienza nuevamente, la implementaci\u00f3n del mecanismo de doble filtrado. 2: cambiar la tasa de agua acelera los niveles de nitrato de agua de diluci\u00f3n, en este caso los nutrientes bacterianos fijos se pueden dejar para ocuparse de los nutrientes. <\/p>\n<p>Recordatorio: <\/p>\n<p>1 ahorre suficiente agua para impulsar la agitaci\u00f3n biol\u00f3gica de los granos NP, para evitar el gas de sulfuro de hidr\u00f3geno. <\/p>\n<p>2 el uso de ozono o rayos UV afectar\u00e1 las bacterias biol\u00f3gicas suplementarias y prolongar\u00e1 el tiempo de maduraci\u00f3n; en general, agregar un agente de cultivo bacteriano puede aliviar este problema. <\/p>\n<p>3 Antes del uso de guisantes biol\u00f3gicos, como en el caso del contenido de nitratos y fosfatos ha sido muy bajo, con un probador marcado se pueden detectar NO3 complementarios, PO4 de descenso. <\/p>\n<p>El sistema de guisantes 4 NP est\u00e1 funcionando maduro, para mantener el nivel bajo de nutrientes del acuario, en lugar de nutrientes completos, pero tambi\u00e9n para apoyar el aumento de la raci\u00f3n de granos de coral, para que los corales obtengan suficiente alimento. En el caso de que el nivel de nutrientes caiga a un estado muy bajo, se recomienda encarecidamente utilizar una variedad de alimentos para corales para proporcionar energ\u00eda al coral para mantener su estado saludable. <\/p>\n<\/p><\/div>\n<div><\/div><\/div>\n","protected":false},"excerpt":{"rendered":"<p>La fuente del reactor biol\u00f3gico Guisantes nueva f\u00f3rmula frijoles NP biol\u00f3gicos marinos<\/p>\n","protected":false},"featured_media":6504,"comment_status":"open","ping_status":"closed","template":"","meta":[],"product_brand":[],"product_cat":[1188],"product_tag":[],"class_list":{"0":"post-30151","1":"product","2":"type-product","3":"status-publish","4":"has-post-thumbnail","6":"product_cat-espumadores-de-proteinas","8":"first","9":"instock","10":"shipping-taxable","11":"purchasable","12":"product-type-simple","13":"add-to-wishlist-after_add_to_cart"},"jetpack_sharing_enabled":true,"_links":{"self":[{"href":"https:\/\/www.reefshops.com\/es\/wp-json\/wp\/v2\/product\/30151","targetHints":{"allow":["GET"]}}],"collection":[{"href":"https:\/\/www.reefshops.com\/es\/wp-json\/wp\/v2\/product"}],"about":[{"href":"https:\/\/www.reefshops.com\/es\/wp-json\/wp\/v2\/types\/product"}],"replies":[{"embeddable":true,"href":"https:\/\/www.reefshops.com\/es\/wp-json\/wp\/v2\/comments?post=30151"}],"wp:featuredmedia":[{"embeddable":true,"href":"https:\/\/www.reefshops.com\/es\/wp-json\/wp\/v2\/media\/6504"}],"wp:attachment":[{"href":"https:\/\/www.reefshops.com\/es\/wp-json\/wp\/v2\/media?parent=30151"}],"wp:term":[{"taxonomy":"product_brand","embeddable":true,"href":"https:\/\/www.reefshops.com\/es\/wp-json\/wp\/v2\/product_brand?post=30151"},{"taxonomy":"product_cat","embeddable":true,"href":"https:\/\/www.reefshops.com\/es\/wp-json\/wp\/v2\/product_cat?post=30151"},{"taxonomy":"product_tag","embeddable":true,"href":"https:\/\/www.reefshops.com\/es\/wp-json\/wp\/v2\/product_tag?post=30151"}],"curies":[{"name":"wp","href":"https:\/\/api.w.org\/{rel}","templated":true}]}}