{"id":30213,"date":"2016-12-27T16:03:43","date_gmt":"2016-12-27T16:03:43","guid":{"rendered":"https:\/\/www.reefshops.com\/product\/qbox-mini-acuario-acrilico-acuario-acrilico-qb2\/"},"modified":"2025-03-16T07:13:09","modified_gmt":"2025-03-16T07:13:09","slug":"qbox-mini-acuario-acrilico-acuario-acrilico-qb2","status":"publish","type":"product","link":"https:\/\/www.reefshops.com\/es\/producto\/qbox-mini-acuario-acrilico-acuario-acrilico-qb2\/","title":{"rendered":"Qbox Mini Acuario Acr\u00edlico Acuario Acr\u00edlico QB2"},"content":{"rendered":"<h2>Descripci\u00f3n del producto <\/h2>\n<p>&amp;Nbsp; para <\/p>\n<div>\n<div>\n<div class=\" page-offerdetail=\">\n<div>\n<div class=\" segment=\">\n<div>\n<div class=\" main-wrap=\">\n<div class=\" mod=\">\n<div>\n<div>\n<div class=\" detalle-inside=\">\n<div>\n<div>\n<div class=\" regi\u00f3n-custom=\">\n<div class=\" widget-custom=\">\n<div>\n<div class=\" mod-detail-description=\" data-mod-config='{\"showOn\":[\"mod-detail-description\"],\"title\":\"\ufffd\ufffd\u03f8\ufffd\ufffd\u03e2\",\"tabConfig\":{\"trace\":\"tabdetail\",\"showKey\":\"mod-detail-description\"}}'>\n<div class=\" de-description-detail=\">\n<div>\n<p><a><img class=\" size-large=\"><\/a><a><br \/> <\/a><\/p>\n<p>Fuente serie Acrylic Aquarium Sea QBOX que utiliza producci\u00f3n avanzada de material acr\u00edlico importado, no solo la apariencia fina, y el tanque est\u00e1 equipado con accesorios b\u00e1sicos Se requiere equipo diario de piscicultura, como un sistema de filtraci\u00f3n completo. Tanque con luz de clip LED y bomba de circulaci\u00f3n de agua. Especialmente indicado para familias, empresas y otras instalaciones de ocio. <\/p>\n<p>modelo. QB2 <br \/> Especificaciones del acuario: L 220 \/ W 180 \/ H 245 MM (excluyendo la l\u00e1mpara de clip) <br \/> Selecci\u00f3n de color negro \/ blanco <br \/> Potencia de la bomba de soporte: 2,5 W <br \/> Potencia de la l\u00e1mpara LED de clip peque\u00f1a 1,6 W <\/p>\n<p>1 uso de material acr\u00edlico importado, alta transmitancia de luz, que la luz promedio de acuario de vidrio m\u00e1s del 50% <\/p>\n<p>Estilo de dise\u00f1o compacto de 2 tanques, Cuerpo hecho de acr\u00edlico, sin esquinas afiladas, seguro y confiable. <\/p>\n<p>(El peso de la pecera tradicional, la superficie y la parte de uni\u00f3n a la superficie tienen esquinas afiladas, que se lastiman f\u00e1cilmente, especialmente a los ni\u00f1os, y la pecera se rompe f\u00e1cilmente, existe un cierto riesgo) <\/p>\n<p>3 El uso de fondo del acuario tiene un estilo de ladrillo realmente concavado, simple y elegante, adecuado para cualquier estilo de mobiliario. <\/p>\n<p>4 admite un sistema de filtraci\u00f3n y viene con dos tipos de esponjas, peces, etc. que pueden filtrar eficazmente impurezas y excrementos. <\/p>\n<p>Interruptor de 5 toques con luces de clip LED bicolor azul y blanco. <\/p>\n<p>6 viene con una bomba de circulaci\u00f3n de agua de flujo ajustable. <\/p>\n<p>7 dise\u00f1o de ahorro de energ\u00eda, un tanque lleno que contiene bomba de agua y luz LED, el consumo de energ\u00eda es de solo 4,1 W <\/p>\n<p>&amp;Nbsp; para <\/p>\n<p><a><img class=\" size-full=\"><\/a> <a><img class=\" size-full=\"><\/a> <a><img class=\" size-large=\"><\/a> <a><img class=\" size-large=\"><\/a>&amp;Nbsp; para <a><img class=\" size-large=\"><\/a><\/p>\n<\/p><\/div><\/div><\/div><\/div><\/div><\/div><\/div><\/div><\/div><\/div><\/div><\/div><\/div><\/div><\/div><\/div><\/div><\/div><\/div><\/div>\n","protected":false},"excerpt":{"rendered":"<p>Qbox Mini Acuario Acr\u00edlico Acuario Acr\u00edlico QB2<\/p>\n","protected":false},"featured_media":6254,"comment_status":"open","ping_status":"closed","template":"","meta":[],"product_brand":[],"product_cat":[1188],"product_tag":[],"class_list":{"0":"post-30213","1":"product","2":"type-product","3":"status-publish","4":"has-post-thumbnail","6":"product_cat-espumadores-de-proteinas","8":"first","9":"instock","10":"shipping-taxable","11":"purchasable","12":"product-type-simple","13":"add-to-wishlist-after_add_to_cart"},"jetpack_sharing_enabled":true,"_links":{"self":[{"href":"https:\/\/www.reefshops.com\/es\/wp-json\/wp\/v2\/product\/30213","targetHints":{"allow":["GET"]}}],"collection":[{"href":"https:\/\/www.reefshops.com\/es\/wp-json\/wp\/v2\/product"}],"about":[{"href":"https:\/\/www.reefshops.com\/es\/wp-json\/wp\/v2\/types\/product"}],"replies":[{"embeddable":true,"href":"https:\/\/www.reefshops.com\/es\/wp-json\/wp\/v2\/comments?post=30213"}],"wp:featuredmedia":[{"embeddable":true,"href":"https:\/\/www.reefshops.com\/es\/wp-json\/wp\/v2\/media\/6254"}],"wp:attachment":[{"href":"https:\/\/www.reefshops.com\/es\/wp-json\/wp\/v2\/media?parent=30213"}],"wp:term":[{"taxonomy":"product_brand","embeddable":true,"href":"https:\/\/www.reefshops.com\/es\/wp-json\/wp\/v2\/product_brand?post=30213"},{"taxonomy":"product_cat","embeddable":true,"href":"https:\/\/www.reefshops.com\/es\/wp-json\/wp\/v2\/product_cat?post=30213"},{"taxonomy":"product_tag","embeddable":true,"href":"https:\/\/www.reefshops.com\/es\/wp-json\/wp\/v2\/product_tag?post=30213"}],"curies":[{"name":"wp","href":"https:\/\/api.w.org\/{rel}","templated":true}]}}