{"id":30214,"date":"2016-12-27T16:03:43","date_gmt":"2016-12-27T16:03:43","guid":{"rendered":"https:\/\/www.reefshops.com\/product\/practicos-accesorios-acrilicos-soporte-para-manguera-con-orificio-bft-1\/"},"modified":"2025-03-16T07:13:10","modified_gmt":"2025-03-16T07:13:10","slug":"practicos-accesorios-acrilicos-soporte-para-manguera-con-orificio-bft-1","status":"publish","type":"product","link":"https:\/\/www.reefshops.com\/es\/producto\/practicos-accesorios-acrilicos-soporte-para-manguera-con-orificio-bft-1\/","title":{"rendered":"Pr\u00e1cticos accesorios acr\u00edlicos Soporte para manguera con orificio BFT-1"},"content":{"rendered":"<h2>Descripci\u00f3n del producto <\/h2>\n<p><a><img class=\" size-large=\"><\/a><\/p>\n<p><\/p>\n<p>Y la fuente del soporte de manguera tiene las siguientes caracter\u00edsticas <\/p>\n<p>Modelo: BFT-1 <\/p>\n<p>1 material acr\u00edlico de calidad. <br \/> 2 se pueden colgar en el acuario o tanque de filtro, fijando tuber\u00edas y mangueras de agua, y otros relacionados, generalmente se pueden usar cuando el agua cambia, no se preocupe por la manguera apagada. Por lo general, tambi\u00e9n se puede usar para albergar una manguera fija para hacer que el tanque est\u00e9 m\u00e1s organizado y ordenado. se puede fijar con tornillos, pero tambi\u00e9n con un soporte adicional en la pared con tornillos <\/p>\n<p><p>A continuaci\u00f3n se muestra un diagrama de instalaci\u00f3n de la manguera y el soporte de la manguera <\/p>\n<p><p><a><img class=\" size-large=\"><\/a><\/p>\n<p>&amp;Nbsp; para <\/p>\n<\/p><\/div>\n","protected":false},"excerpt":{"rendered":"<p>Pr\u00e1cticos accesorios acr\u00edlicos Soporte para manguera con orificio BFT-1<\/p>\n","protected":false},"featured_media":6260,"comment_status":"open","ping_status":"closed","template":"","meta":[],"product_brand":[],"product_cat":[1188],"product_tag":[],"class_list":{"0":"post-30214","1":"product","2":"type-product","3":"status-publish","4":"has-post-thumbnail","6":"product_cat-espumadores-de-proteinas","8":"first","9":"instock","10":"shipping-taxable","11":"purchasable","12":"product-type-simple","13":"add-to-wishlist-after_add_to_cart"},"jetpack_sharing_enabled":true,"_links":{"self":[{"href":"https:\/\/www.reefshops.com\/es\/wp-json\/wp\/v2\/product\/30214","targetHints":{"allow":["GET"]}}],"collection":[{"href":"https:\/\/www.reefshops.com\/es\/wp-json\/wp\/v2\/product"}],"about":[{"href":"https:\/\/www.reefshops.com\/es\/wp-json\/wp\/v2\/types\/product"}],"replies":[{"embeddable":true,"href":"https:\/\/www.reefshops.com\/es\/wp-json\/wp\/v2\/comments?post=30214"}],"wp:featuredmedia":[{"embeddable":true,"href":"https:\/\/www.reefshops.com\/es\/wp-json\/wp\/v2\/media\/6260"}],"wp:attachment":[{"href":"https:\/\/www.reefshops.com\/es\/wp-json\/wp\/v2\/media?parent=30214"}],"wp:term":[{"taxonomy":"product_brand","embeddable":true,"href":"https:\/\/www.reefshops.com\/es\/wp-json\/wp\/v2\/product_brand?post=30214"},{"taxonomy":"product_cat","embeddable":true,"href":"https:\/\/www.reefshops.com\/es\/wp-json\/wp\/v2\/product_cat?post=30214"},{"taxonomy":"product_tag","embeddable":true,"href":"https:\/\/www.reefshops.com\/es\/wp-json\/wp\/v2\/product_tag?post=30214"}],"curies":[{"name":"wp","href":"https:\/\/api.w.org\/{rel}","templated":true}]}}