{"id":30229,"date":"2016-12-27T16:03:48","date_gmt":"2016-12-27T16:03:48","guid":{"rendered":"https:\/\/www.reefshops.com\/product\/sistema-de-tanque-instalado-accesorio-de-montaje-tubo-de-conexion-soporte-de-valvula-de-flotador-que-admite-el-uso-de-agua\/"},"modified":"2025-03-16T07:13:54","modified_gmt":"2025-03-16T07:13:54","slug":"sistema-de-tanque-instalado-accesorio-de-montaje-tubo-de-conexion-soporte-de-valvula-de-flotador-que-admite-el-uso-de-agua","status":"publish","type":"product","link":"https:\/\/www.reefshops.com\/es\/producto\/sistema-de-tanque-instalado-accesorio-de-montaje-tubo-de-conexion-soporte-de-valvula-de-flotador-que-admite-el-uso-de-agua\/","title":{"rendered":"Sistema de tanque instalado, accesorio de montaje, tubo de conexi\u00f3n, soporte de v\u00e1lvula de flotador que admite el uso de agua"},"content":{"rendered":"<h2>Descripci\u00f3n del producto <\/h2>\n<p>V\u00e1lvula de flotador peque\u00f1a, <\/p>\n<p>V\u00e1lvula de flotador de repuesto para soporte de fuente de agua de mar. <\/p>\n<p>Otros usos <\/p>\n<p>V\u00e1lvula de flotador para bebederos peque\u00f1os de 3\/8 de di\u00e1metro, v\u00e1lvula de flotador en miniatura <\/p>\n<p>Es una mini v\u00e1lvula de flotador, equipo especial para dispensador de agua. <\/p>\n<p>Materiales de grado m\u00e9dico para los productos alimenticios, no t\u00f3xicos e ins\u00edpidos, <strong>No afecta la calidad del agua, se puede utilizar en tuber\u00edas de agua. <\/strong><\/p>\n<p>&amp;Nbsp; para <\/p>\n<p><br class=\"\"><br class=\"\"><\/p>\n<p align=\"\"><img decoding=\"async\" alt=\"\" src=\"\"><br class=\"\">especificaci\u00f3n <\/p>\n<p>&amp;Nbsp; para <\/p>\n<p><a href=\"\"><img decoding=\"async\" width=\"\" height=\"\" class=\"\" alt=\"\" src=\"\"><\/a><\/p>\n<p><br class=\"\"><br class=\"\"><\/p>\n<p align=\"\"><br class=\"\">especificaci\u00f3n <\/p>\n<p align=\"\">\n<\/div>\n<p>\u00ab<\/p>\n","protected":false},"excerpt":{"rendered":"<p>Sistema de tanque instalado, accesorio de montaje, tubo de conexi\u00f3n, soporte de v\u00e1lvula de flotador que admite el uso de agua<\/p>\n","protected":false},"featured_media":6452,"comment_status":"open","ping_status":"closed","template":"","meta":[],"product_brand":[],"product_cat":[1188],"product_tag":[],"class_list":{"0":"post-30229","1":"product","2":"type-product","3":"status-publish","4":"has-post-thumbnail","6":"product_cat-espumadores-de-proteinas","8":"first","9":"instock","10":"shipping-taxable","11":"purchasable","12":"product-type-simple","13":"add-to-wishlist-after_add_to_cart"},"jetpack_sharing_enabled":true,"_links":{"self":[{"href":"https:\/\/www.reefshops.com\/es\/wp-json\/wp\/v2\/product\/30229","targetHints":{"allow":["GET"]}}],"collection":[{"href":"https:\/\/www.reefshops.com\/es\/wp-json\/wp\/v2\/product"}],"about":[{"href":"https:\/\/www.reefshops.com\/es\/wp-json\/wp\/v2\/types\/product"}],"replies":[{"embeddable":true,"href":"https:\/\/www.reefshops.com\/es\/wp-json\/wp\/v2\/comments?post=30229"}],"wp:featuredmedia":[{"embeddable":true,"href":"https:\/\/www.reefshops.com\/es\/wp-json\/wp\/v2\/media\/6452"}],"wp:attachment":[{"href":"https:\/\/www.reefshops.com\/es\/wp-json\/wp\/v2\/media?parent=30229"}],"wp:term":[{"taxonomy":"product_brand","embeddable":true,"href":"https:\/\/www.reefshops.com\/es\/wp-json\/wp\/v2\/product_brand?post=30229"},{"taxonomy":"product_cat","embeddable":true,"href":"https:\/\/www.reefshops.com\/es\/wp-json\/wp\/v2\/product_cat?post=30229"},{"taxonomy":"product_tag","embeddable":true,"href":"https:\/\/www.reefshops.com\/es\/wp-json\/wp\/v2\/product_tag?post=30229"}],"curies":[{"name":"wp","href":"https:\/\/api.w.org\/{rel}","templated":true}]}}