{"id":30231,"date":"2016-12-27T16:03:48","date_gmt":"2016-12-27T16:03:48","guid":{"rendered":"https:\/\/www.reefshops.com\/product\/practicos-cubos-de-llenado-de-acrilico-anexo-wsc4-6\/"},"modified":"2025-03-16T07:13:53","modified_gmt":"2025-03-16T07:13:53","slug":"practicos-cubos-de-llenado-de-acrilico-anexo-wsc4-6","status":"publish","type":"product","link":"https:\/\/www.reefshops.com\/es\/producto\/practicos-cubos-de-llenado-de-acrilico-anexo-wsc4-6\/","title":{"rendered":"Pr\u00e1cticos cubos de llenado de acr\u00edlico Anexo WSC4.6"},"content":{"rendered":"<h2>Descripci\u00f3n del producto <\/h2>\n<p><a><img class=\" size-full=\"><\/a><\/p>\n<p><strong>Fuente mar llenar el cubo <\/strong><\/p>\n<p>Modelo: WSC4.6 <strong><br \/><\/strong>Especificaciones del producto: 190\/190\/280 MM <br \/>Capacidad: 4,6 L <\/p>\n<p>Espesor del tanque aplicable: 13 mm o menos <\/p>\n<p>&amp;Nbsp; Para <\/p>\n<p>Cubos de llenado de fuente de agua de mar para conectar uso WSC4.6, dise\u00f1o simple y elegante, la conexi\u00f3n de agua, se puede agregar peri\u00f3dica y autom\u00e1ticamente a la evaporaci\u00f3n del agua del acuario. El dise\u00f1o \u00fanico del stent se puede colocar directamente en el acuario o en el vidrio del tanque de filtraci\u00f3n de uso estacionario. Material acr\u00edlico de alta calidad. <\/p>\n<p>&amp;Nbsp; para <\/p>\n<p>Montaje de pantalla <\/p>\n<p><a><img class=\" size-full=\"><\/a><\/p>\n<p>&amp;Nbsp; para <\/p>\n<\/p><\/div>\n","protected":false},"excerpt":{"rendered":"<p>Pr\u00e1cticos cubos de llenado de acr\u00edlico Anexo WSC4.6<\/p>\n","protected":false},"featured_media":6462,"comment_status":"open","ping_status":"closed","template":"","meta":[],"product_brand":[],"product_cat":[1188],"product_tag":[],"class_list":{"0":"post-30231","1":"product","2":"type-product","3":"status-publish","4":"has-post-thumbnail","6":"product_cat-espumadores-de-proteinas","8":"first","9":"instock","10":"shipping-taxable","11":"purchasable","12":"product-type-simple","13":"add-to-wishlist-after_add_to_cart"},"jetpack_sharing_enabled":true,"_links":{"self":[{"href":"https:\/\/www.reefshops.com\/es\/wp-json\/wp\/v2\/product\/30231","targetHints":{"allow":["GET"]}}],"collection":[{"href":"https:\/\/www.reefshops.com\/es\/wp-json\/wp\/v2\/product"}],"about":[{"href":"https:\/\/www.reefshops.com\/es\/wp-json\/wp\/v2\/types\/product"}],"replies":[{"embeddable":true,"href":"https:\/\/www.reefshops.com\/es\/wp-json\/wp\/v2\/comments?post=30231"}],"wp:featuredmedia":[{"embeddable":true,"href":"https:\/\/www.reefshops.com\/es\/wp-json\/wp\/v2\/media\/6462"}],"wp:attachment":[{"href":"https:\/\/www.reefshops.com\/es\/wp-json\/wp\/v2\/media?parent=30231"}],"wp:term":[{"taxonomy":"product_brand","embeddable":true,"href":"https:\/\/www.reefshops.com\/es\/wp-json\/wp\/v2\/product_brand?post=30231"},{"taxonomy":"product_cat","embeddable":true,"href":"https:\/\/www.reefshops.com\/es\/wp-json\/wp\/v2\/product_cat?post=30231"},{"taxonomy":"product_tag","embeddable":true,"href":"https:\/\/www.reefshops.com\/es\/wp-json\/wp\/v2\/product_tag?post=30231"}],"curies":[{"name":"wp","href":"https:\/\/api.w.org\/{rel}","templated":true}]}}