{"id":34639,"date":"2014-06-22T10:06:10","date_gmt":"2014-06-22T10:06:10","guid":{"rendered":"https:\/\/www.reefshops.com\/product\/pompe-de-retour-deau-jebao-dc-vitesse-variable-dc12000\/"},"modified":"2025-03-16T08:34:02","modified_gmt":"2025-03-16T08:34:02","slug":"pompe-de-retour-deau-jebao-dc-vitesse-variable-dc12000","status":"publish","type":"product","link":"https:\/\/www.reefshops.com\/fr\/produit\/pompe-de-retour-deau-jebao-dc-vitesse-variable-dc12000\/","title":{"rendered":"POMPE DE RETOUR D&rsquo;EAU JEBAO DC Vitesse variable DC12000"},"content":{"rendered":"<p><span>De tension de 110\u00a0V \u00e0 240\u00a0V, disponible dans le monde entier\u00a0!<\/span><\/p>\n<p><span><span>Contr\u00f4leur DC12000 de 3\u00a0600\u00a0litres \u00e0 12\u00a0000\u00a0litres<\/span><\/span><\/p>\n<p><span>Fonctionnalit\u00e9<\/span><span> <\/span><\/p>\n<ul>\n<li><span>Moteur haute performance avec \u00e9lectronique innovante et \u00e9conomie d&rsquo;\u00e9nergie jusqu&rsquo;\u00e0 50\u00a0% par rapport \u00e0 avant.<\/span><span> <\/span><\/li>\n<li><span>D\u00e9tection \u00e9lectronique IC, protection de mise hors tension automatique en cas d&rsquo;absence d&rsquo;eau<\/span><span> <\/span><\/li>\n<li><span>Protection du moteur si le rotor est bloqu\u00e9<\/span><span> <\/span><\/li>\n<li><span>Fonctionnement ultra silencieux<\/span><span> <\/span><\/li>\n<li><span>Peut fonctionner en eau marine et en eau douce<\/span><span> <\/span><\/li>\n<li><span>Pas de composants en cuivre, s\u00e9curit\u00e9 sur votre r\u00e9servoir\u00a0!<\/span><span> <\/span><\/li>\n<li><span>Avec arbre en c\u00e9ramique r\u00e9sistant \u00e0 l&rsquo;usure, dur\u00e9e de vie plus longue<\/span><span> <\/span><\/li>\n<li><span>Mod\u00e8le d&rsquo;alimentation de 10\u00a0minutes (ou pause pour revenir \u00e0 la normale)<\/span><span> <\/span><\/li>\n<\/ul>\n<p><span> <\/span><\/p>\n<p><span>Sp\u00e9cifications<\/span><\/p>\n<p><span> <\/span><span> <\/span><span> <\/span><span> <\/span><span> <\/span><span> <\/span><span> <\/span><span> <\/span><span> <\/span><span> <\/span><span> <\/span><\/p>\n<table border=\"1\" cellpadding=\"0\">\n<tr>\n<td><span>Mod\u00e8le<\/span><\/td>\n<td><span>Taille (L X L X H)<\/span><\/td>\n<td><span>D\u00e9bit r\u00e9glable<\/span><\/td>\n<td><span>Hauteur maximale<\/span><\/td>\n<td><span>Connecteur de tuyau<\/span><\/td>\n<td><span>Watts<\/span><\/td>\n<\/tr>\n<tr>\n<td><span>DC6000<\/span><\/td>\n<td><span>31 cm x 25 cm x 20 cm<\/span><\/td>\n<td><span>1\u00a0800\u00a0L \u00e0 6\u00a0000\u00a0L<\/span><\/td>\n<td><span>3,6 millions<\/span><\/td>\n<td><span>3 tuyaux pour 20\/25\/32<\/span><\/td>\n<td><span>DC24V 4A 40W<\/span><\/td>\n<\/tr>\n<tr>\n<td><span>DC12000<\/span><\/td>\n<td><span>39 cm x 25 cm x 20 cm<\/span><\/td>\n<td><span>3\u00a0600\u00a0L \u00e0 12\u00a0000\u00a0L<\/span><\/td>\n<td><span>4,8 millions<\/span><\/td>\n<td><span>1 tuyau pour 20\/25\/32\/38\u00a0mm<\/span><\/td>\n<td>\n<p><span>DC24V 5A 85W<\/span><\/p>\n<\/td>\n<\/tr>\n<tr>\n<td><span>DC9000<\/span><\/td>\n<td><span>39 cm x 25 cm x 20 cm<\/span><\/td>\n<td><span>2\u00a0700\u00a0L \u00e0 9\u00a0000\u00a0L<\/span><\/td>\n<td><span>4,3 millions<\/span><\/td>\n<td><span>1 tuyau pour 20\/25\/32\/38\u00a0mm<\/span><\/td>\n<td>\n<p><span>DC24V 5A 70W<\/span><\/p>\n<\/td>\n<\/tr>\n<\/tbody>\n<\/table>\n","protected":false},"excerpt":{"rendered":"<p>la pompe DC, \u00e9conomie d&rsquo;\u00e9nergie, tr\u00e8s silencieuse<\/p>\n","protected":false},"featured_media":89,"comment_status":"open","ping_status":"closed","template":"","meta":[],"product_brand":[],"product_cat":[404],"product_tag":[],"class_list":{"0":"post-34639","1":"product","2":"type-product","3":"status-publish","4":"has-post-thumbnail","6":"product_cat-pompes-a-eau","8":"first","9":"instock","10":"shipping-taxable","11":"purchasable","12":"product-type-simple","13":"add-to-wishlist-after_add_to_cart"},"jetpack_sharing_enabled":true,"_links":{"self":[{"href":"https:\/\/www.reefshops.com\/fr\/wp-json\/wp\/v2\/product\/34639","targetHints":{"allow":["GET"]}}],"collection":[{"href":"https:\/\/www.reefshops.com\/fr\/wp-json\/wp\/v2\/product"}],"about":[{"href":"https:\/\/www.reefshops.com\/fr\/wp-json\/wp\/v2\/types\/product"}],"replies":[{"embeddable":true,"href":"https:\/\/www.reefshops.com\/fr\/wp-json\/wp\/v2\/comments?post=34639"}],"wp:featuredmedia":[{"embeddable":true,"href":"https:\/\/www.reefshops.com\/fr\/wp-json\/wp\/v2\/media\/89"}],"wp:attachment":[{"href":"https:\/\/www.reefshops.com\/fr\/wp-json\/wp\/v2\/media?parent=34639"}],"wp:term":[{"taxonomy":"product_brand","embeddable":true,"href":"https:\/\/www.reefshops.com\/fr\/wp-json\/wp\/v2\/product_brand?post=34639"},{"taxonomy":"product_cat","embeddable":true,"href":"https:\/\/www.reefshops.com\/fr\/wp-json\/wp\/v2\/product_cat?post=34639"},{"taxonomy":"product_tag","embeddable":true,"href":"https:\/\/www.reefshops.com\/fr\/wp-json\/wp\/v2\/product_tag?post=34639"}],"curies":[{"name":"wp","href":"https:\/\/api.w.org\/{rel}","templated":true}]}}