{"id":34656,"date":"2014-06-24T08:58:45","date_gmt":"2014-06-24T08:58:45","guid":{"rendered":"https:\/\/www.reefshops.com\/product\/sunsun-hbl-302-filtre-cascade-220-240-v-pour-reservoir-frais-sel-plantes\/"},"modified":"2025-03-16T08:34:05","modified_gmt":"2025-03-16T08:34:05","slug":"sunsun-hbl-302-filtre-cascade-220-240-v-pour-reservoir-frais-sel-plantes","status":"publish","type":"product","link":"https:\/\/www.reefshops.com\/fr\/produit\/sunsun-hbl-302-filtre-cascade-220-240-v-pour-reservoir-frais-sel-plantes\/","title":{"rendered":"SUNSUN HBL-302 Filtre cascade 220-240 V pour r\u00e9servoir frais\/sel\/plantes"},"content":{"rendered":"<p><span style=\"color: #800000;font-family: 'Arial Unicode MS';font-size: large\">Aquarium SUNSUN Hang On 220-240V Filtre pour r\u00e9servoir frais\/sel\/plantes<\/span><\/p>\n<\/p>\n<ul>\n<li>\n<p align=\"left\"><span style=\"font-family: 'Arial Unicode MS'\">TOUT NOUVEAU<span lang=\"zh-cn\">.<\/span><\/span><\/p>\n<\/li>\n<li>\n<p align=\"left\"><span lang=\"zh-cn\"><span style=\"font-family: 'Arial Unicode MS'\">L&rsquo;entr\u00e9e d&rsquo;eau peut \u00eatre ajust\u00e9e en fonction du niveau d&rsquo;eau dans l&rsquo;aquarium.<\/span><\/span><\/p>\n<\/li>\n<li>\n<p align=\"left\"><span lang=\"zh-cn\"><span style=\"font-family: 'Arial Unicode MS'\">Le d\u00e9bit peut \u00eatre ajust\u00e9 selon vos besoins gr\u00e2ce au commutateur.<\/span><\/span><\/p>\n<\/li>\n<li>\n<p align=\"left\"><span style=\"font-family: 'Arial Unicode MS'\">Excellent <span lang=\"zh-cn\">filtre<\/span> pour r\u00e9servoir de sel ou d&rsquo;eau douce<span lang=\"zh-cn\">, combinant le filtre biochimique.<\/span><\/span><\/p>\n<\/li>\n<li>\n<p align=\"left\"><span lang=\"zh-cn\"><span style=\"font-family: 'Arial Unicode MS'\">Le panneau de charbon actif doit \u00eatre lav\u00e9 \u00e0 intervalles r\u00e9guliers.<\/span><\/span><\/p>\n<\/li>\n<li>\n<p align=\"left\"><span lang=\"zh-cn\"><span style=\"font-family: 'Arial Unicode MS'\">Avec un design raisonn\u00e9, facile et pratique \u00e0 laver.<\/span><\/span><\/p>\n<\/li>\n<li>\n<p align=\"left\"><span lang=\"zh-cn\"><span style=\"font-family: 'Arial Unicode MS'\">Faible bruit de fonctionnement.<\/span><\/span><\/p>\n<\/li>\n<li>\n<p align=\"left\"><span lang=\"zh-cn\"><span style=\"font-family: 'Arial Unicode MS'\">Il est livr\u00e9 avec une pompe.<\/span><\/span><\/p>\n<\/li>\n<\/ul>\n<p align=\"left\"><span>Sp\u00e9cification\u00a0:<\/span><\/p>\n<p align=\"left\"><span>Mod\u00e8le\u00a0:<\/span><\/p>\n<p align=\"left\">\n<p><span style=\"font-size : large\"> <\/span><\/p>\n<p align=\"left\"><span>HBL-302<\/span><\/p>\n<\/p>\n<ul>\n<li>\n<p align=\"left\"><span lang=\"en-us\"><span style=\"font-family: 'Arial Unicode MS'\">Tension\u00a0: 220-240\u00a0V <span style=\"color: #ff0000\">(Ne fonctionne pas aux \u00c9tats-Unis\/Canada 110\/120\u00a0V)<\/span><\/span><\/span><\/p>\n<\/li>\n<li>\n<p align=\"left\"><span lang=\"en-us\"><span style=\"font-family: 'Arial Unicode MS'\">Puissance\u00a0: Puissance 3\u00a0W<\/span><\/span><\/p>\n<\/li>\n<li>\n<p align=\"left\"><span lang=\"en-us\"><span style=\"font-family: 'Arial Unicode MS'\">D\u00e9bit de la pompe\u00a0: 350\u00a0L\/H<\/span><\/span><\/p>\n<\/li>\n<li>\n<p align=\"left\"><span lang=\"en-us\"><span style=\"font-family: 'Arial Unicode MS'\">Longueur du c\u00e2ble\u00a0: ~1,4\u00a0M<\/span><\/span><\/p>\n<\/li>\n<li>\n<p align=\"left\"><span>Taille HBL-302\u00a0: 65X140X115 (L X L X H). <\/span><\/p>\n<\/li>\n<\/ul>\n","protected":false},"excerpt":{"rendered":"<p>petite puissance, effet \u00e9lev\u00e9, nettoyage facile<\/p>\n","protected":false},"featured_media":193,"comment_status":"open","ping_status":"closed","template":"","meta":[],"product_brand":[],"product_cat":[1338],"product_tag":[],"class_list":{"0":"post-34656","1":"product","2":"type-product","3":"status-publish","4":"has-post-thumbnail","6":"product_cat-filtres-pour-aquariums","8":"first","9":"instock","10":"shipping-taxable","11":"purchasable","12":"product-type-simple","13":"add-to-wishlist-after_add_to_cart"},"jetpack_sharing_enabled":true,"_links":{"self":[{"href":"https:\/\/www.reefshops.com\/fr\/wp-json\/wp\/v2\/product\/34656","targetHints":{"allow":["GET"]}}],"collection":[{"href":"https:\/\/www.reefshops.com\/fr\/wp-json\/wp\/v2\/product"}],"about":[{"href":"https:\/\/www.reefshops.com\/fr\/wp-json\/wp\/v2\/types\/product"}],"replies":[{"embeddable":true,"href":"https:\/\/www.reefshops.com\/fr\/wp-json\/wp\/v2\/comments?post=34656"}],"wp:featuredmedia":[{"embeddable":true,"href":"https:\/\/www.reefshops.com\/fr\/wp-json\/wp\/v2\/media\/193"}],"wp:attachment":[{"href":"https:\/\/www.reefshops.com\/fr\/wp-json\/wp\/v2\/media?parent=34656"}],"wp:term":[{"taxonomy":"product_brand","embeddable":true,"href":"https:\/\/www.reefshops.com\/fr\/wp-json\/wp\/v2\/product_brand?post=34656"},{"taxonomy":"product_cat","embeddable":true,"href":"https:\/\/www.reefshops.com\/fr\/wp-json\/wp\/v2\/product_cat?post=34656"},{"taxonomy":"product_tag","embeddable":true,"href":"https:\/\/www.reefshops.com\/fr\/wp-json\/wp\/v2\/product_tag?post=34656"}],"curies":[{"name":"wp","href":"https:\/\/api.w.org\/{rel}","templated":true}]}}