{"id":34691,"date":"2014-06-28T09:57:11","date_gmt":"2014-06-28T09:57:11","guid":{"rendered":"https:\/\/www.reefshops.com\/product\/pompe-a-air-cc-resun-mpq-902\/"},"modified":"2025-03-16T08:34:11","modified_gmt":"2025-03-16T08:34:11","slug":"pompe-a-air-cc-resun-mpq-902","status":"publish","type":"product","link":"https:\/\/www.reefshops.com\/fr\/produit\/pompe-a-air-cc-resun-mpq-902\/","title":{"rendered":"Pompe \u00e0 air CC Resun MPQ-902"},"content":{"rendered":"<p><span style=\"color: #3366ff\">CARACT\u00c9RISTIQUES DU PRODUIT\u00a0:<\/span><br \/><span style=\"color: #3366ff\">1. Faible bruit, \u00e9conomie d&rsquo;\u00e9nergie et respectueux de l&rsquo;environnement sans huile.<\/span><br \/><span style=\"color: #3366ff\">2. Longue dur\u00e9e de vie avec diaphragme r\u00e9sistant au livre, roulement de haute qualit\u00e9 et arbre centrifuge.<\/span><br \/><span>3. Pratique pour obtenir de l&rsquo;air pur d\u00e8s que les batteries de stockage correspondantes sont connect\u00e9es.<\/span><\/p>\n<p><span style=\"color: #3366ff\">AVERTISSEMENTS DE S\u00c9CURIT\u00c9\u00a0:<\/span><br \/><span style=\"color: #3366ff\">1. V\u00e9rifiez que la tension fournie est conforme aux exigences.<\/span><br \/><span>2.Evitez de le mettre dans l&rsquo;eau, de l&rsquo;insoler et de le frapper pour assurer sa vie normale.<\/span><\/p>\n<p><span style=\"color: #3366ff\">CHAMP D&rsquo;APPLICATION\u00a0:<\/span><br \/><span style=\"color: #3366ff\">Utilis\u00e9 pour fournir de l&rsquo;oxyg\u00e8ne aux poissons vivants dans les v\u00e9hicules, les magasins et les restaurants.<\/span><\/p>\n<p><span>PARAM\u00c8TRE TECHNIQUE\u00a0:<\/span><br \/><span style=\"color: #3366ff\">TENSION: 12V<\/span><br \/><span style=\"color: #3366ff\">PUISSANCE: 18W<\/span><br \/><span style=\"color: #3366ff\"> COURANT: 1,2A<\/span><br \/><span style=\"color: #3366ff\">PRESSION\u00a0: 0,060 MPa<\/span><br \/><span style=\"color: #3366ff\">SORTIE\u00a0: 38 L\/min<\/span><br \/><span style=\"color: #3366ff\">DIA.DE SORTIE\u00a0: 10 mm<\/span><br \/><span style=\"color: #3366ff\">SPEC.OF DMDER\u00a0:6<\/span><br \/><span style=\"color: #3366ff\">POIDS\u00a0: 0,53 kg<\/span><br \/><span style=\"color: #3366ff\">DIMENSION\u00a0: 177x98x127mm<\/span><\/p>\n","protected":false},"excerpt":{"rendered":"<p>Pompe \u00e0 air CC Resun MPQ-902<\/p>\n","protected":false},"featured_media":446,"comment_status":"open","ping_status":"closed","template":"","meta":[],"product_brand":[],"product_cat":[1340],"product_tag":[],"class_list":{"0":"post-34691","1":"product","2":"type-product","3":"status-publish","4":"has-post-thumbnail","6":"product_cat-pompes-a-air-pour-aquariums","8":"first","9":"instock","10":"shipping-taxable","11":"purchasable","12":"product-type-simple","13":"add-to-wishlist-after_add_to_cart"},"jetpack_sharing_enabled":true,"_links":{"self":[{"href":"https:\/\/www.reefshops.com\/fr\/wp-json\/wp\/v2\/product\/34691","targetHints":{"allow":["GET"]}}],"collection":[{"href":"https:\/\/www.reefshops.com\/fr\/wp-json\/wp\/v2\/product"}],"about":[{"href":"https:\/\/www.reefshops.com\/fr\/wp-json\/wp\/v2\/types\/product"}],"replies":[{"embeddable":true,"href":"https:\/\/www.reefshops.com\/fr\/wp-json\/wp\/v2\/comments?post=34691"}],"wp:featuredmedia":[{"embeddable":true,"href":"https:\/\/www.reefshops.com\/fr\/wp-json\/wp\/v2\/media\/446"}],"wp:attachment":[{"href":"https:\/\/www.reefshops.com\/fr\/wp-json\/wp\/v2\/media?parent=34691"}],"wp:term":[{"taxonomy":"product_brand","embeddable":true,"href":"https:\/\/www.reefshops.com\/fr\/wp-json\/wp\/v2\/product_brand?post=34691"},{"taxonomy":"product_cat","embeddable":true,"href":"https:\/\/www.reefshops.com\/fr\/wp-json\/wp\/v2\/product_cat?post=34691"},{"taxonomy":"product_tag","embeddable":true,"href":"https:\/\/www.reefshops.com\/fr\/wp-json\/wp\/v2\/product_tag?post=34691"}],"curies":[{"name":"wp","href":"https:\/\/api.w.org\/{rel}","templated":true}]}}