{"id":34723,"date":"2014-08-03T18:21:27","date_gmt":"2014-08-03T18:21:27","guid":{"rendered":"https:\/\/www.reefshops.com\/product\/sunsun-pompe-a-frequence-variable-pompes-submersibles-pour-aquarium-pompe-a-eau-ctp-4800\/"},"modified":"2025-03-16T08:34:21","modified_gmt":"2025-03-16T08:34:21","slug":"sunsun-pompe-a-frequence-variable-pompes-submersibles-pour-aquarium-pompe-a-eau-ctp-4800","status":"publish","type":"product","link":"https:\/\/www.reefshops.com\/fr\/produit\/sunsun-pompe-a-frequence-variable-pompes-submersibles-pour-aquarium-pompe-a-eau-ctp-4800\/","title":{"rendered":"Sunsun \u2013 pompe \u00e0 fr\u00e9quence variable, pompes submersibles pour aquarium, pompe \u00e0 eau CTP-4800"},"content":{"rendered":"<p><img loading=\"lazy\" decoding=\"async\" class=\" size-full wp-image-648\" src=\"http:\/\/localhost\/wp-content\/uploads\/2014\/08\/6.jpg\" alt=\"\" width=\"704\" height=\"377\" srcset=\"https:\/\/www.reefshops.com\/wp-content\/uploads\/2014\/08\/6.jpg 704w, https:\/\/www.reefshops.com\/wp-content\/uploads\/2014\/08\/6-600x321.jpg 600w, https:\/\/www.reefshops.com\/wp-content\/uploads\/2014\/08\/6-300x161.jpg 300w\" sizes=\"auto, (max-width: 704px) 100vw, 704px\" \/><\/p>\n","protected":false},"excerpt":{"rendered":"<p>pompe puissante, utilisation facile<\/p>\n","protected":false},"featured_media":660,"comment_status":"open","ping_status":"closed","template":"","meta":[],"product_brand":[],"product_cat":[404],"product_tag":[],"class_list":{"0":"post-34723","1":"product","2":"type-product","3":"status-publish","4":"has-post-thumbnail","6":"product_cat-pompes-a-eau","8":"first","9":"instock","10":"shipping-taxable","11":"purchasable","12":"product-type-simple","13":"add-to-wishlist-after_add_to_cart"},"jetpack_sharing_enabled":true,"_links":{"self":[{"href":"https:\/\/www.reefshops.com\/fr\/wp-json\/wp\/v2\/product\/34723","targetHints":{"allow":["GET"]}}],"collection":[{"href":"https:\/\/www.reefshops.com\/fr\/wp-json\/wp\/v2\/product"}],"about":[{"href":"https:\/\/www.reefshops.com\/fr\/wp-json\/wp\/v2\/types\/product"}],"replies":[{"embeddable":true,"href":"https:\/\/www.reefshops.com\/fr\/wp-json\/wp\/v2\/comments?post=34723"}],"wp:featuredmedia":[{"embeddable":true,"href":"https:\/\/www.reefshops.com\/fr\/wp-json\/wp\/v2\/media\/660"}],"wp:attachment":[{"href":"https:\/\/www.reefshops.com\/fr\/wp-json\/wp\/v2\/media?parent=34723"}],"wp:term":[{"taxonomy":"product_brand","embeddable":true,"href":"https:\/\/www.reefshops.com\/fr\/wp-json\/wp\/v2\/product_brand?post=34723"},{"taxonomy":"product_cat","embeddable":true,"href":"https:\/\/www.reefshops.com\/fr\/wp-json\/wp\/v2\/product_cat?post=34723"},{"taxonomy":"product_tag","embeddable":true,"href":"https:\/\/www.reefshops.com\/fr\/wp-json\/wp\/v2\/product_tag?post=34723"}],"curies":[{"name":"wp","href":"https:\/\/api.w.org\/{rel}","templated":true}]}}