{"id":34742,"date":"2014-07-09T22:20:23","date_gmt":"2014-07-09T22:20:23","guid":{"rendered":"https:\/\/www.reefshops.com\/product\/jebao-wp-25-wp25-controleur-de-tete-motrice-de-fabricant-de-vagues-daquarium-pour-reservoir-de-recif-de-corail-12-modes-les-plus-recents\/"},"modified":"2025-03-16T08:34:29","modified_gmt":"2025-03-16T08:34:29","slug":"jebao-wp-25-wp25-controleur-de-tete-motrice-de-fabricant-de-vagues-daquarium-pour-reservoir-de-recif-de-corail-12-modes-les-plus-recents","status":"publish","type":"product","link":"https:\/\/www.reefshops.com\/fr\/produit\/jebao-wp-25-wp25-controleur-de-tete-motrice-de-fabricant-de-vagues-daquarium-pour-reservoir-de-recif-de-corail-12-modes-les-plus-recents\/","title":{"rendered":"Jebao WP-25 WP25 contr\u00f4leur de t\u00eate motrice de fabricant de vagues d&rsquo;aquarium pour r\u00e9servoir de r\u00e9cif de corail, 12 modes les plus r\u00e9cents"},"content":{"rendered":"<div><span style=\"font-size: large\"><strong><span style=\"color: #0000ff\">Fonctionnalit\u00e9s<\/span><\/strong><\/span><\/div>\n<ul>\n<li><span style=\"font-size: large\"><strong><span style=\"color: #0000ff\"> Installation et maintenance faciles.<\/span><\/strong><\/span><\/li>\n<li><span style=\"font-size: large\"><strong><span style=\"color: #0000ff\"> Rotation \u00e0 360\u00a0degr\u00e9s sur un support magn\u00e9tique<\/span><\/strong><\/span><\/li>\n<li><span style=\"font-size: large\"><strong><span style=\"color: #0000ff\"> 12 modes de fonctionnement diff\u00e9rents, y compris des modes d&rsquo;impulsion variables pour la g\u00e9n\u00e9ration de vagues et un mode Reef Stream qui g\u00e9n\u00e8re un mod\u00e8le d&rsquo;\u00e9coulement al\u00e9atoire similaire \u00e0 celui trouv\u00e9 sur un r\u00e9cif naturel<\/span><\/strong><\/span><\/li>\n<li><span style=\"font-size: large\"><strong><span style=\"color: #0000ff\"> Capteur nocturne\u00a0: d\u00e9tecte automatiquement lorsque les lumi\u00e8res du r\u00e9servoir s&rsquo;\u00e9teignent et ralentit la pompe.<\/span><\/strong><\/span><\/li>\n<li><span style=\"font-size: large\"><strong><span style=\"color: #0000ff\"> Mode d&rsquo;alimentation \u00e0 une touche\u00a0: ralentit la pompe pendant une p\u00e9riode de 10\u00a0minutes.<\/span><\/strong><\/span><\/li>\n<li><span style=\"font-size: large\"><strong><span style=\"color: #0000ff\"> Haute performance, puissant d\u00e9bit d&rsquo;eau combin\u00e9 \u00e0 une faible consommation d&rsquo;\u00e9nergie.<\/span><\/strong><\/span><\/li>\n<li><span style=\"font-size: large\"><strong><span style=\"color: #0000ff\"> Arbre en c\u00e9ramique pour une longue dur\u00e9e de vie et une grande durabilit\u00e9<\/span><\/strong><\/span><\/li>\n<li><span style=\"font-size: large\"><strong><span style=\"color: #0000ff\"> Syst\u00e8me de contr\u00f4le intelligent pour g\u00e9n\u00e9rer diff\u00e9rents mod\u00e8les de vagues adapt\u00e9s \u00e0 votre r\u00e9servoir.<\/span><\/strong><\/span><\/li>\n<li><span style=\"font-size: large\"><strong><span style=\"color: #0000ff\"> C\u00e2ble extra-long pour un placement facile et confortable, m\u00eame sur des r\u00e9servoirs plus grands.<\/span><\/strong><\/span><\/li>\n<li><span style=\"font-size: large\"><strong><span style=\"color: #0000ff\"> Alimentation basse tension, s\u00fbre et fiable. ? Convient pour l&rsquo;eau douce et l&rsquo;eau sal\u00e9e.<\/span><\/strong><\/span><\/li>\n<\/ul>\n<div><span style=\"font-size: large\"><strong><span style=\"color: #0000ff\">Sp\u00e9cifications<\/span><\/strong><\/span><\/div>\n<ul>\n<li><span style=\"font-size: large\"><strong><span style=\"color: #0000ff\"> Alimentation\u00a0&#8211;\u00a0110\u00a0V \u00e0 240\u00a0V 50\/60\u00a0Hz<\/span><\/strong><\/span><\/li>\n<li><span style=\"font-size: large\"><strong><span style=\"color: #0000ff\"> Puissance\u00a0&#8211;\u00a08\u00a0W \u00e0 20\u00a0W selon le mode<\/span><\/strong><\/span><\/li>\n<li><span style=\"font-size: large\"><strong><span style=\"color: #0000ff\"> Taille &#8211; 8 cm x 6 cm <\/span><\/strong><\/span><\/li>\n<li><span style=\"font-size: large\"><strong><span style=\"color: #0000ff\"> Base magn\u00e9tique<\/span><\/strong><\/span><\/li>\n<\/ul>\n","protected":false},"excerpt":{"rendered":"<p>utilisation facile, fonctionne bien, 12 vitesses r\u00e9glables<\/p>\n","protected":false},"featured_media":839,"comment_status":"open","ping_status":"closed","template":"","meta":[],"product_brand":[],"product_cat":[422],"product_tag":[],"class_list":{"0":"post-34742","1":"product","2":"type-product","3":"status-publish","4":"has-post-thumbnail","6":"product_cat-faiseurs-de-vagues","8":"first","9":"instock","10":"shipping-taxable","11":"purchasable","12":"product-type-simple","13":"add-to-wishlist-after_add_to_cart"},"jetpack_sharing_enabled":true,"_links":{"self":[{"href":"https:\/\/www.reefshops.com\/fr\/wp-json\/wp\/v2\/product\/34742","targetHints":{"allow":["GET"]}}],"collection":[{"href":"https:\/\/www.reefshops.com\/fr\/wp-json\/wp\/v2\/product"}],"about":[{"href":"https:\/\/www.reefshops.com\/fr\/wp-json\/wp\/v2\/types\/product"}],"replies":[{"embeddable":true,"href":"https:\/\/www.reefshops.com\/fr\/wp-json\/wp\/v2\/comments?post=34742"}],"wp:featuredmedia":[{"embeddable":true,"href":"https:\/\/www.reefshops.com\/fr\/wp-json\/wp\/v2\/media\/839"}],"wp:attachment":[{"href":"https:\/\/www.reefshops.com\/fr\/wp-json\/wp\/v2\/media?parent=34742"}],"wp:term":[{"taxonomy":"product_brand","embeddable":true,"href":"https:\/\/www.reefshops.com\/fr\/wp-json\/wp\/v2\/product_brand?post=34742"},{"taxonomy":"product_cat","embeddable":true,"href":"https:\/\/www.reefshops.com\/fr\/wp-json\/wp\/v2\/product_cat?post=34742"},{"taxonomy":"product_tag","embeddable":true,"href":"https:\/\/www.reefshops.com\/fr\/wp-json\/wp\/v2\/product_tag?post=34742"}],"curies":[{"name":"wp","href":"https:\/\/api.w.org\/{rel}","templated":true}]}}